{"id":8443,"date":"2025-07-22T11:09:52","date_gmt":"2025-07-22T09:09:52","guid":{"rendered":"https:\/\/nevask.eu\/?page_id=8443"},"modified":"2026-04-01T08:26:44","modified_gmt":"2026-04-01T06:26:44","slug":"telecomenzi-somfy","status":"publish","type":"page","link":"https:\/\/nevask.eu\/ro\/control-casa-inteligenta\/telecomenzi-somfy\/","title":{"rendered":"Telecomenzi Somfy"},"content":{"rendered":"\n\n\n\n\n\n<div class=\"section narrow white\">\n\t<div class=\"container\">\n\t\t<div class=\"cell\">\n\t\t\t<ul class=\"breadcrumbs\">\n\t\t\t\t<li><a href=\"https:\/\/nevask.eu\/ro\/\">Home<\/a><\/li>\n\n\t\t\t\t\n\t\t\t<\/ul>\n\t\t<\/div>\n\t<\/div>\n<\/div>\n\n\n\n\n\n<div  class=\"section white\">\n\t<div class=\"container\">\n\t\t<div class=\"cell image h420\">\n\n\t\t\t\t\t\t\t<img decoding=\"async\" src=\"https:\/\/nevask.eu\/wp-content\/uploads\/2025\/07\/Somfy-ovladac-Ysia-Patio-io-na-vonkajsie-zaluzie-NEVA-2-scaled.jpg.webp\" alt=\"Dia\u013ekov\u00fd ovl\u00e1da\u010d Somfy Ysia - v antracitovej farbe\">\n\t\t\t\n\t\t<\/div>\n\t<\/div>\n<\/div>\n\n\n\n\n\n<div  class=\"section white\">\n\t<div class=\"container full left\">\n\t\t<div class=\"cell\">\n\t\t\t<h1 class=\"u-align-center u-text u-text-default u-text-1\">Telecomenzi \u0219i comutatoare Somfy<\/h1>\n<p class=\"p1\">Controla\u021bi jaluzelele exterioare \u0219i rulouri simplu \u0219i elegant \u2013 folosind telecomenzi de perete sau telecomenzi care se integreaz\u0103 perfect \u00een interiorul dumneavoastr\u0103.<\/p>\n<p class=\"p1\">Comutator de perete, telecomenzi pentru unul sau mai multe dispozitive, control centralizat sau func\u021bie de temporizare, sau sistem de automatizare a casei.<\/p>\n\t\t<\/div>\n\t<\/div>\n<\/div>\n\n\n\n\n\n<div class=\"section white\">\n\t<div class=\"container\">\n\t\t<div class=\"cell\">\n\t\t\t<hr class=\"separator\">\n\t\t<\/div>\n\t<\/div>\n<\/div>\n\n\n\n\n\n\n\n\n<div  class=\"section white\">\n\t<div class=\"container cols-40p-60p\">\n\n\t\t\n\t\t\t<div class=\"cell center top\">\n\t\t\t\t<img decoding=\"async\" src=\"https:\/\/nevask.eu\/wp-content\/uploads\/2026\/04\/Ysia-black-white-double-picture-946x1024.webp\" alt=\"Ysia patio black white\">\n\t\t\t<\/div>\n\n\t\t\n\n\n\t\t<div class=\"cell\">\n\n\t\t\t<h2 class=\"subheading\">Telecomad\u0103<\/h2>\n<h2 class=\"u-text u-text-default u-text-3\">Somfy Ysia Patio io<\/h2>\n<p class=\"p1\" style=\"text-align: left\">Telecomanda Somfy Ysia Patio io cu 16 canale este ideal\u0103 pentru casele moderne cu mai multe elemente de umbrire \u0219i iluminat, cum ar fi <a href=\"https:\/\/nevask.eu\/ro\/jaluzele-exterioare-neva\/\">jaluzelele exterioare<\/a>, <a href=\"https:\/\/nevask.eu\/ro\/rulouri-screen-neva\/\">rulourile screen<\/a> sau u\u0219ile de garaj.<\/p>\n<p class=\"p1\">Se remarc\u0103 printr-un design minimalist. Este echipat\u0103 cu un ecran color, u\u0219or de citit, \u0219i are un control intuitiv. Datorit\u0103 rezisten\u021bei ridicate, este potrivit\u0103 \u0219i pentru utilizare \u00een exterior. Este disponibil\u0103 \u00een culorile alb \u0219i antracit.<\/p>\n\n\t\t\t\n\t\t<\/div>\n\n\n\n\t\t\n\t<\/div>\n<\/div>\n\n\n\n\n\n<div class=\"section white\">\n\t<div class=\"container\">\n\t\t<div class=\"cell\">\n\t\t\t<hr class=\"separator\">\n\t\t<\/div>\n\t<\/div>\n<\/div>\n\n\n\n\n\n\n\n\n<div  class=\"section white\">\n\t<div class=\"container cols-40p-60p\">\n\n\t\t\n\t\t\t<div class=\"cell center top\">\n\t\t\t\t<img decoding=\"async\" src=\"https:\/\/nevask.eu\/wp-content\/uploads\/2025\/10\/Situo-Variation-5-io-Pure-ovladac.jpg.webp\" alt=\"Dia\u013ekov\u00fd ovl\u00e1da\u010d Situo Variation 5 io Pure pre \u017eal\u00fazie\">\n\t\t\t<\/div>\n\n\t\t\n\n\n\t\t<div class=\"cell\">\n\n\t\t\t<h2><b>Telecomand\u0103 Somfy<br \/>\n<\/b><b>SITUO 5 Variation A\/M io Pure II<\/b><\/h2>\n<p><strong>Situo 5 io Variation<\/strong> este o telecomand\u0103 cu <strong>cinci canale<\/strong>, care permite controlul a p\u00e2n\u0103 la cinci echipamente, precum <a href=\"https:\/\/nevask.eu\/ro\/jaluzele-exterioare-neva\/\">jaluzele exterioare<\/a>, markize, <a href=\"https:\/\/nevask.eu\/ro\/rulouri-screen-neva\/\">rulouri zip screen<\/a> sau corpuri de iluminat dimabile.<\/p>\n<ul>\n<li>Control de baz\u0103 prin butoanele <strong>Sus \/ &#8222;My&#8221; \/ Jos<\/strong><\/li>\n<li><strong>Pozi\u021bie intermediar\u0103<\/strong> \u2013 permite memorarea unei pozi\u021bii favorite a jaluzelei \u0219i <strong>activarea instantanee<\/strong> cu un singur clic pe butonul \u201eMy\u201d<\/li>\n<li>Poate fi folosit\u0103 \u0219i pentru <strong>\u00eenclinarea lamelelor jaluzelelor<\/strong> sau reglarea intensit\u0103\u021bii ilumin\u0103rii<\/li>\n<li>Func\u021bia <strong>Auto\/Manual<\/strong> permite comutarea \u00eentre modul automat \u0219i cel manual<\/li>\n<li><strong>Telecomand\u0103 unidirec\u021bional\u0103<\/strong><\/li>\n<\/ul>\n\n\t\t\t\n\t\t<\/div>\n\n\n\n\t\t\n\t<\/div>\n<\/div>\n\n\n\n\n\n<div class=\"section white\">\n\t<div class=\"container\">\n\t\t<div class=\"cell\">\n\t\t\t<hr class=\"separator\">\n\t\t<\/div>\n\t<\/div>\n<\/div>\n\n\n\n\n\n\n\n\n<div  class=\"section white\">\n\t<div class=\"container cols-40p-60p\">\n\n\t\t\n\t\t\t<div class=\"cell center top\">\n\t\t\t\t<img decoding=\"async\" src=\"https:\/\/nevask.eu\/wp-content\/uploads\/2025\/10\/Amy-1-Modes-io-ovladac-zboku-copy.png.webp\" alt=\"Comutator de perete Somfy Amy 1 Channel Modes io\">\n\t\t\t<\/div>\n\n\t\t\n\n\n\t\t<div class=\"cell\">\n\n\t\t\t<h2>Comutator de perete Somfy<br \/>\nAmy 1 Channel Modes io<\/h2>\n<p>Comutator inteligent de perete, f\u0103r\u0103 fir, pentru controlul unui singur actuator io sau al unui grup de actuatoare.<\/p>\n<p>Permite operarea unei singure jaluzele sau a mai multor jaluzele simultan \u0219i ofer\u0103 comutarea \u00eentre modul rulou \u0219i modul jaluzea.<\/p>\n<p>Senzorul de temperatur\u0103 \u00eencorporat ajusteaz\u0103 automat pozi\u021bia jaluzelelor \u00een func\u021bie de temperatura curent\u0103, <a href=\"https:\/\/nevask.eu\/ro\/control-casa-inteligenta\/control-casa-inteligenta-somfy\/\">prin integrarea \u00een sistemul TaHoma.<\/a><\/p>\n<ul>\n<li>Permite <strong>control local, de grup sau central<\/strong><\/li>\n<li>Butonul <strong>MODE<\/strong> de pe spatele comutatorului schimb\u0103 modul de func\u021bionare (de exemplu <strong>rulou sau jaluzea<\/strong>)<\/li>\n<li>Butonul <strong>\u201eMy\u201d<\/strong> memoreaz\u0103 \u0219i activeaz\u0103 rapid <strong>pozi\u021bia preferat\u0103 a jaluzelelor sau a screenurilor<\/strong><\/li>\n<li><strong>Senzorul de temperatur\u0103 integrat<\/strong> permite <strong>configurarea automat\u0103<\/strong> <strong>a scenariilor avansate<\/strong> \u00een cadrul sistemului <a href=\"https:\/\/nevask.eu\/ro\/control-casa-inteligenta\/control-casa-inteligenta-somfy\/\"><strong>TaHoma<\/strong><\/a>.<\/li>\n<li><strong>Montaj simplu<\/strong>, f\u0103r\u0103 necesitatea unei doze de instala\u021bie sau alimentare electric\u0103<\/li>\n<li>Include <strong>panou de montare<\/strong> pentru montaj pe perete<\/li>\n<li><strong>LED-ul<\/strong> indic\u0103 transmiterea comenzilor \u0219i starea bateriei<\/li>\n<li>Raz\u0103 de ac\u021biune de p\u00e2n\u0103 la 150 m<\/li>\n<li>Pachetul include: modul de control, rama \u0219i bateria<\/li>\n<\/ul>\n\n\t\t\t\n\t\t<\/div>\n\n\n\n\t\t\n\t<\/div>\n<\/div>\n\n\n\n\n\n<div class=\"section white\">\n\t<div class=\"container\">\n\t\t<div class=\"cell\">\n\t\t\t<hr class=\"separator\">\n\t\t<\/div>\n\t<\/div>\n<\/div>\n\n\n\n\n\n\n\n\n<div  class=\"section white\">\n\t<div class=\"container cols-40p-60p\">\n\n\t\t\n\t\t\t<div class=\"cell center top\">\n\t\t\t\t<img decoding=\"async\" src=\"https:\/\/nevask.eu\/wp-content\/uploads\/2025\/10\/Amy-4-Modes-io-ovladac-zboku-copy.png.webp\" alt=\"Comutator de perete Somfy Amy 4 Channel Modes io\">\n\t\t\t<\/div>\n\n\t\t\n\n\n\t\t<div class=\"cell\">\n\n\t\t\t<h2>Comutator de perete Somfy<br \/>\nAmy 4 Channel Modes io<\/h2>\n<p>Comutator de perete f\u0103r\u0103 fir, cu <strong>4 canale<\/strong>, pentru controlul a p\u00e2n\u0103 la 4 actuatoare io, grupuri de actuatoare io sau alte dispozitive io.<\/p>\n<ul>\n<li>Permite <strong>control local, de grup sau central<\/strong><\/li>\n<li>Butonul <strong>MODE<\/strong> de pe spatele comutatorului schimb\u0103 modul de func\u021bionare (de exemplu rulou sau jaluzea)<\/li>\n<li>Butonul <strong>\u201eMy\u201d<\/strong> memoreaz\u0103 \u0219i activeaz\u0103 rapid <strong>pozi\u021bia preferat\u0103 a jaluzelelor sau a screenurilor<\/strong><\/li>\n<li>Cele 4 canale <strong>permit controlul a p\u00e2n\u0103 la 4 jaluzele separat sau grupuri de jaluzele simultan<\/strong>, direct dintr-un singur loc.<\/li>\n<li><strong>Montaj simplu<\/strong>, f\u0103r\u0103 necesitatea unei doze de instala\u021bie sau alimentare electric\u0103<\/li>\n<li>Vine cu suport de montare pe perete<\/li>\n<li><strong>LED-ul<\/strong> indic\u0103 transmiterea comenzilor \u0219i starea bateriei<\/li>\n<li>Pachetul include: modul de control, rama \u0219i bateria<\/li>\n<\/ul>\n\n\t\t\t\n\t\t<\/div>\n\n\n\n\t\t\n\t<\/div>\n<\/div>\n\n\n\n\n\n<div class=\"section white\">\n\t<div class=\"container\">\n\t\t<div class=\"cell\">\n\t\t\t<hr class=\"separator\">\n\t\t<\/div>\n\t<\/div>\n<\/div>\n\n\n\n\n\n\n\n\n<div  class=\"section white\">\n\t<div class=\"container cols-40p-60p\">\n\n\t\t\n\t\t\t<div class=\"cell center top\">\n\t\t\t\t<img decoding=\"async\" src=\"https:\/\/nevask.eu\/wp-content\/uploads\/2025\/10\/Amy-1-A-M-Modes-io-ovladac-zboku-copy.png.webp\" alt=\"Comutator de perete Somfy Amy 1 Channel Auto\/Manual Modes io\">\n\t\t\t<\/div>\n\n\t\t\n\n\n\t\t<div class=\"cell\">\n\n\t\t\t<h2>Comutator de perete Somfy<br \/>\nAmy 1 Channel Auto\/Manual Modes io<\/h2>\n<p>Comutator de perete f\u0103r\u0103 fir, pentru controlul unui singur actuator sau al unui grup de actuatoare, cu posibilitatea de a comuta \u00eentre modul rulou \u0219i modul jaluzea.<\/p>\n<p>Senzorul de temperatur\u0103 integrat ajusteaz\u0103 inteligent pozi\u021bia jaluzelelor \u00een func\u021bie de temperatura curent\u0103 \u2013 tot ce trebuie s\u0103 face\u021bi este s\u0103 configura\u021bi scenariile dorite \u00een sistemul Somfy TaHoma.<\/p>\n<ul>\n<li>Permite <strong>control local, de grup sau central<\/strong><\/li>\n<li>Butonul <strong>MODE<\/strong> de pe spatele comutatorului schimb\u0103 modul de func\u021bionare (de exemplu rulou sau jaluzea)<\/li>\n<li>Butonul <strong>\u201eMy\u201d<\/strong> memoreaz\u0103 \u0219i activeaz\u0103 rapid <strong>pozi\u021bia preferat\u0103 a jaluzelelor sau a screenurilor<\/strong><\/li>\n<li>Comutatorul <strong>Auto\/Manual<\/strong> permite decuplarea de alte dispozitive care \u00eel pot controla automat (de exemplu TaHoma sau senzorul de soare)<\/li>\n<li><strong>Senzorul de temperatur\u0103 \u00eencorporat<\/strong> permite crearea de scenarii avansate de <strong>automatizare<\/strong> \u00een sistemul <strong>TaHoma<\/strong><\/li>\n<li><strong>Montaj simplu<\/strong>, f\u0103r\u0103 necesitatea unei doze de instala\u021bie sau alimentare electric\u0103<\/li>\n<li>Vine cu suport de montare pe perete<\/li>\n<li><strong>LED-ul<\/strong> indic\u0103 transmiterea comenzilor \u0219i starea bateriei<\/li>\n<li>Pachetul include: modul de control, rama \u0219i bateria<\/li>\n<\/ul>\n\n\t\t\t\n\t\t<\/div>\n\n\n\n\t\t\n\t<\/div>\n<\/div>\n\n\n\n\n\n<div class=\"section white\">\n\t<div class=\"container\">\n\t\t<div class=\"cell\">\n\t\t\t<hr class=\"separator\">\n\t\t<\/div>\n\t<\/div>\n<\/div>\n\n\n\n\n\n\n\n\n<div  class=\"section white\">\n\t<div class=\"container cols-60p-40p\">\n\n\t\t\n\n\n\t\t<div class=\"cell\">\n\n\t\t\t<div class=\"subheading\">\n<div class=\"subheading\">\n<div class=\"subheading\">\n<h2 class=\"subheading\">Telecomad\u0103 de grup<\/h2>\n<h2 class=\"u-text u-text-default-lg u-text-default-xl u-text-default-xxl u-text-1\">Somfy Nina Timer<\/h2>\n<p>Nina Timer io este un regulator la distan\u021b\u0103 cu temporazitor integrat, care v\u0103 ofer\u0103 comoditate maxim\u0103 \u0219i siguran\u021b\u0103.<\/p>\n<\/div>\n<\/div>\n<\/div>\n\n\t\t\t\n\t\t<\/div>\n\n\n\n\t\t\n\t\t\t<div class=\"cell center top\">\n\t\t\t\t<img decoding=\"async\" src=\"https:\/\/nevask.eu\/wp-content\/uploads\/2025\/07\/Nina-Timer-io-1024x1024.jpg\" alt=\"\">\n\t\t\t<\/div>\n\n\t\t\n\t<\/div>\n<\/div>\n\n\n\n\n\n<div  class=\"section dark\">\n\t<div class=\"container full left\">\n\t\t<div class=\"cell\">\n\t\t\t<p><img loading=\"lazy\" decoding=\"async\" class=\"alignnone wp-image-2093\" src=\"https:\/\/nevask.eu\/wp-content\/uploads\/2025\/07\/hash-nevapartner_4-300x61.png\" alt=\"hashtag nevapartner - modr\u00e9 na bielom\" width=\"220\" height=\"44\" srcset=\"https:\/\/nevask.eu\/wp-content\/uploads\/2025\/07\/hash-nevapartner_4-300x61.png 300w, https:\/\/nevask.eu\/wp-content\/uploads\/2025\/07\/hash-nevapartner_4.png 689w\" sizes=\"auto, (max-width: 220px) 100vw, 220px\" \/><\/p>\n<p class=\"p-large\" style=\"text-align: left\">Partenerii no\u0219tri din <a href=\"https:\/\/nevask.eu\/ro\/dealeri-neva\/\" rel=\"noopener\">re\u021beaua #nevapartne<\/a>r sunt gata s\u0103 v\u0103 ajute cu alegerea materialului de umbrire \u0219i a componentelor potrivite. Pute\u021bi discuta cu ei solu\u021biile tehnice pentru proiectul dumneavoastr\u0103 sau pute\u021bi solicita, f\u0103r\u0103 nicio obliga\u021bie, o <a href=\"https:\/\/nevask.eu\/ro\/oferta-de-pret\/\" rel=\"noopener\">ofert\u0103 de pre\u021b<\/a>.<\/p>\n\t\t<\/div>\n\t<\/div>\n<\/div>\n","protected":false},"excerpt":{"rendered":"","protected":false},"author":52,"featured_media":0,"parent":8299,"menu_order":0,"comment_status":"closed","ping_status":"closed","template":"","meta":{"_acf_changed":false,"inline_featured_image":false,"footnotes":""},"class_list":["post-8443","page","type-page","status-publish","hentry"],"acf":[],"yoast_head":"<!-- This site is optimized with the Yoast SEO plugin v27.5 - https:\/\/yoast.com\/product\/yoast-seo-wordpress\/ -->\n<title>Sisteme de comand\u0103 Somfy | NEVA<\/title>\n<meta name=\"description\" content=\"Controla\u021bi jaluzelele exterioare \u0219i rulouri simplu \u0219i elegant \u2013 folosind telecomenzi de perete sau telecomenzi care se integreaz\u0103 perfect \u00een interiorul dumneavoastr\u0103.\" \/>\n<meta name=\"robots\" content=\"index, follow, max-snippet:-1, max-image-preview:large, max-video-preview:-1\" \/>\n<link rel=\"canonical\" href=\"https:\/\/nevask.eu\/ro\/control-casa-inteligenta\/telecomenzi-somfy\/\" \/>\n<meta property=\"og:locale\" content=\"ro_RO\" \/>\n<meta property=\"og:type\" content=\"article\" \/>\n<meta property=\"og:title\" content=\"Sisteme de comand\u0103 Somfy | NEVA\" \/>\n<meta property=\"og:description\" content=\"Controla\u021bi jaluzelele exterioare \u0219i rulouri simplu \u0219i elegant \u2013 folosind telecomenzi de perete sau telecomenzi care se integreaz\u0103 perfect \u00een interiorul dumneavoastr\u0103.\" \/>\n<meta property=\"og:url\" content=\"https:\/\/nevask.eu\/ro\/control-casa-inteligenta\/telecomenzi-somfy\/\" \/>\n<meta property=\"og:site_name\" content=\"NEVA\" \/>\n<meta property=\"article:modified_time\" content=\"2026-04-01T06:26:44+00:00\" \/>\n<meta name=\"twitter:card\" content=\"summary_large_image\" \/>\n<meta name=\"twitter:label1\" content=\"Timp estimat pentru citire\" \/>\n\t<meta name=\"twitter:data1\" content=\"6 minute\" \/>\n<!-- \/ Yoast SEO plugin. -->","yoast_head_json":{"title":"Sisteme de comand\u0103 Somfy | NEVA","description":"Controla\u021bi jaluzelele exterioare \u0219i rulouri simplu \u0219i elegant \u2013 folosind telecomenzi de perete sau telecomenzi care se integreaz\u0103 perfect \u00een interiorul dumneavoastr\u0103.","robots":{"index":"index","follow":"follow","max-snippet":"max-snippet:-1","max-image-preview":"max-image-preview:large","max-video-preview":"max-video-preview:-1"},"canonical":"https:\/\/nevask.eu\/ro\/control-casa-inteligenta\/telecomenzi-somfy\/","og_locale":"ro_RO","og_type":"article","og_title":"Sisteme de comand\u0103 Somfy | NEVA","og_description":"Controla\u021bi jaluzelele exterioare \u0219i rulouri simplu \u0219i elegant \u2013 folosind telecomenzi de perete sau telecomenzi care se integreaz\u0103 perfect \u00een interiorul dumneavoastr\u0103.","og_url":"https:\/\/nevask.eu\/ro\/control-casa-inteligenta\/telecomenzi-somfy\/","og_site_name":"NEVA","article_modified_time":"2026-04-01T06:26:44+00:00","twitter_card":"summary_large_image","twitter_misc":{"Timp estimat pentru citire":"6 minute"},"schema":{"@context":"https:\/\/schema.org","@graph":[{"@type":"WebPage","@id":"https:\/\/nevask.eu\/ro\/control-casa-inteligenta\/telecomenzi-somfy\/","url":"https:\/\/nevask.eu\/ro\/control-casa-inteligenta\/telecomenzi-somfy\/","name":"Sisteme de comand\u0103 Somfy | NEVA","isPartOf":{"@id":"https:\/\/nevask.eu\/ro\/#website"},"datePublished":"2025-07-22T09:09:52+00:00","dateModified":"2026-04-01T06:26:44+00:00","description":"Controla\u021bi jaluzelele exterioare \u0219i rulouri simplu \u0219i elegant \u2013 folosind telecomenzi de perete sau telecomenzi care se integreaz\u0103 perfect \u00een interiorul dumneavoastr\u0103.","breadcrumb":{"@id":"https:\/\/nevask.eu\/ro\/control-casa-inteligenta\/telecomenzi-somfy\/#breadcrumb"},"inLanguage":"ro-RO","potentialAction":[{"@type":"ReadAction","target":["https:\/\/nevask.eu\/ro\/control-casa-inteligenta\/telecomenzi-somfy\/"]}]},{"@type":"BreadcrumbList","@id":"https:\/\/nevask.eu\/ro\/control-casa-inteligenta\/telecomenzi-somfy\/#breadcrumb","itemListElement":[{"@type":"ListItem","position":1,"name":"Home","item":"https:\/\/nevask.eu\/ro\/"},{"@type":"ListItem","position":2,"name":"Smart Home","item":"https:\/\/nevask.eu\/ro\/control-casa-inteligenta\/"},{"@type":"ListItem","position":3,"name":"Telecomenzi Somfy"}]},{"@type":"WebSite","@id":"https:\/\/nevask.eu\/ro\/#website","url":"https:\/\/nevask.eu\/ro\/","name":"NEVA","description":"Vonkaj\u0161ie \u017eal\u00fazie a screenov\u00e9 rolety","potentialAction":[{"@type":"SearchAction","target":{"@type":"EntryPoint","urlTemplate":"https:\/\/nevask.eu\/ro\/?s={search_term_string}"},"query-input":{"@type":"PropertyValueSpecification","valueRequired":true,"valueName":"search_term_string"}}],"inLanguage":"ro-RO"}]}},"_links":{"self":[{"href":"https:\/\/nevask.eu\/ro\/wp-json\/wp\/v2\/pages\/8443","targetHints":{"allow":["GET"]}}],"collection":[{"href":"https:\/\/nevask.eu\/ro\/wp-json\/wp\/v2\/pages"}],"about":[{"href":"https:\/\/nevask.eu\/ro\/wp-json\/wp\/v2\/types\/page"}],"author":[{"embeddable":true,"href":"https:\/\/nevask.eu\/ro\/wp-json\/wp\/v2\/users\/52"}],"replies":[{"embeddable":true,"href":"https:\/\/nevask.eu\/ro\/wp-json\/wp\/v2\/comments?post=8443"}],"version-history":[{"count":13,"href":"https:\/\/nevask.eu\/ro\/wp-json\/wp\/v2\/pages\/8443\/revisions"}],"predecessor-version":[{"id":12984,"href":"https:\/\/nevask.eu\/ro\/wp-json\/wp\/v2\/pages\/8443\/revisions\/12984"}],"up":[{"embeddable":true,"href":"https:\/\/nevask.eu\/ro\/wp-json\/wp\/v2\/pages\/8299"}],"wp:attachment":[{"href":"https:\/\/nevask.eu\/ro\/wp-json\/wp\/v2\/media?parent=8443"}],"curies":[{"name":"wp","href":"https:\/\/api.w.org\/{rel}","templated":true}]}}