{"id":8540,"date":"2025-07-04T09:30:59","date_gmt":"2025-07-04T07:30:59","guid":{"rendered":"https:\/\/nevask.eu\/?page_id=8540"},"modified":"2025-09-12T14:56:36","modified_gmt":"2025-09-12T12:56:36","slug":"neva-zip100","status":"publish","type":"page","link":"https:\/\/nevask.eu\/ro\/rulouri-screen-neva\/neva-zip100\/","title":{"rendered":"NEVA ZIP100"},"content":{"rendered":"\n\n\n\n\n\n<div class=\"section narrow white\">\n\t<div class=\"container\">\n\t\t<div class=\"cell\">\n\t\t\t<ul class=\"breadcrumbs\">\n\t\t\t\t<li><a href=\"https:\/\/nevask.eu\/ro\/\">Home<\/a><\/li>\n\n\t\t\t\t\n\t\t\t<\/ul>\n\t\t<\/div>\n\t<\/div>\n<\/div>\n\n\n\n\n\n\n\n\n<div  class=\"section white\">\n\t<div class=\"container cols-60p-40p\">\n\n\t\t\n\n\n\t\t<div class=\"cell\">\n\n\t\t\t<h1>Rulouri screen<br \/>\nNEVA Zipscreen ZIP100<\/h1>\n<p class=\"p-large\">Ruloul textil de exterior, perfect pentru pergole sau pentru montaj discret sub fa\u021bad\u0103.<\/p>\n<p>Datorit\u0103 montajului sub fa\u021bad\u0103 ofer\u0103 un aspect curat \u0219i rafinat, cu toate \u00eembin\u0103rile \u0219i \u0219uruburile ascunse. C\u00e2nd ruloul este ridicat complet, se ascunde perfect \u00een caset\u0103, p\u0103str\u00e2nd un design impecabil.<\/p>\n<p><em>Ruloul screen NEVA ZIP110 se bucur\u0103 de cea mai mare popularitate \u00een r\u00e2ndul clien\u021bilor no\u0219tri.<\/em><\/p>\n<p>Datorit\u0103 sistemului special, \u00eentre\u021binerea ruloului screen este foarte simpl\u0103. Materialul sau motorul pot fi schimbate rapid, f\u0103r\u0103 asambl\u0103ri complicate. \u00cen plus, ruloul detecteaz\u0103 orice obstacol c\u00e2nd e ridicat sau cobor\u00e2t \u0219i se opre\u0219te automat.<\/p>\n<p>.<\/p>\n<p><a href=\"https:\/\/nevask.eu\/ro\/rulouri-screen-neva\/culorile-rulourile-screen\/\"><img loading=\"lazy\" decoding=\"async\" class=\"alignnone wp-image-8218\" style=\"color: #333333;font-family: Georgia, 'Times New Roman', 'Bitstream Charter', Times, serif\" src=\"https:\/\/nevask.eu\/wp-content\/uploads\/2025\/07\/21-farieb-skladom-ro-modre-300x114.png\" alt=\"\" width=\"202\" height=\"77\" srcset=\"https:\/\/nevask.eu\/wp-content\/uploads\/2025\/07\/21-farieb-skladom-ro-modre-300x114.png 300w, https:\/\/nevask.eu\/wp-content\/uploads\/2025\/07\/21-farieb-skladom-ro-modre-1024x391.png 1024w, https:\/\/nevask.eu\/wp-content\/uploads\/2025\/07\/21-farieb-skladom-ro-modre-768x293.png 768w, https:\/\/nevask.eu\/wp-content\/uploads\/2025\/07\/21-farieb-skladom-ro-modre-1536x586.png 1536w, https:\/\/nevask.eu\/wp-content\/uploads\/2025\/07\/21-farieb-skladom-ro-modre.png 1937w\" sizes=\"auto, (max-width: 202px) 100vw, 202px\" \/><\/a><\/p>\n<p>Ruloul screen NEVA Zipscreen ZIP100 vine dotat cu motor <a href=\"https:\/\/nevask.eu\/ro\/control-casa-inteligenta\/control-casa-inteligenta-somfy\/\">Somfy<\/a>.<\/p>\n\n\t\t\t\n\t\t<\/div>\n\n\n\n\t\t\n\t\t\t<div class=\"cell center top\">\n\t\t\t\t<img decoding=\"async\" src=\"https:\/\/nevask.eu\/wp-content\/uploads\/2025\/07\/screenova-roleta-neva-zipscreen-zip100.webp\" alt=\"\">\n\t\t\t<\/div>\n\n\t\t\n\t<\/div>\n<\/div>\n\n\n\n\n\n<div  class=\"section white\">\n\t<div class=\"container product-gallery slider-mobile\">\n\n\t\t\n\t\t\t\n\t\t\t\t<a class=\"cell\" href=\"https:\/\/nevask.eu\/wp-content\/uploads\/2025\/07\/neva-latkove-rolety-zipscreen-zip100-obla-varianta-detail-boxu.png.webp\">\n\t\t\t\t\t<img decoding=\"async\" class=\"ratio-1x1\" src=\"https:\/\/nevask.eu\/wp-content\/uploads\/2025\/07\/neva-latkove-rolety-zipscreen-zip100-obla-varianta-detail-boxu.png.webp\" alt=\"\">\n\t\t\t\t<\/a>\n\n\t\t\t\n\t\t\t\t<a class=\"cell\" href=\"https:\/\/nevask.eu\/wp-content\/uploads\/2025\/07\/neva-latkove-rolety-zipscreen-zip100-hranata-vaianta-detail-boxu.png.webp\">\n\t\t\t\t\t<img decoding=\"async\" class=\"ratio-1x1\" src=\"https:\/\/nevask.eu\/wp-content\/uploads\/2025\/07\/neva-latkove-rolety-zipscreen-zip100-hranata-vaianta-detail-boxu.png.webp\" alt=\"\">\n\t\t\t\t<\/a>\n\n\t\t\t\n\t\t\t\t<a class=\"cell\" href=\"https:\/\/nevask.eu\/wp-content\/uploads\/2025\/07\/neva-latkove-rolety-zipscreen-zip135-detail-spodny-profil-velky-removebg-preview.webp\">\n\t\t\t\t\t<img decoding=\"async\" class=\"ratio-1x1\" src=\"https:\/\/nevask.eu\/wp-content\/uploads\/2025\/07\/neva-latkove-rolety-zipscreen-zip135-detail-spodny-profil-velky-removebg-preview.webp\" alt=\"\">\n\t\t\t\t<\/a>\n\n\t\t\t\n\t\t\t\t<a class=\"cell\" href=\"https:\/\/nevask.eu\/wp-content\/uploads\/2025\/07\/neva-latkove-rolety-zipscreen-zip135-detail-spodny-profil-velky1.webp\">\n\t\t\t\t\t<img decoding=\"async\" class=\"ratio-1x1\" src=\"https:\/\/nevask.eu\/wp-content\/uploads\/2025\/07\/neva-latkove-rolety-zipscreen-zip135-detail-spodny-profil-velky1.webp\" alt=\"\">\n\t\t\t\t<\/a>\n\n\t\t\t\n\t\t\n\t<\/div>\n<\/div>\n\n\n\n\n\n<div  class=\"section dark\">\n\t<div class=\"container full left\">\n\t\t<div class=\"cell\">\n\t\t\t<p><img loading=\"lazy\" decoding=\"async\" class=\"wp-image-8254 alignleft\" src=\"https:\/\/nevask.eu\/wp-content\/uploads\/2025\/07\/zaruka-skusenosti-neva-1.png\" alt=\"\" width=\"251\" height=\"88\" \/><\/p>\n<p class=\"p-large\">\u00cen locul garan\u021biei obi\u0219nuite de doi ani, oferim o garan\u021bie de p\u00e2n\u0103 la 5 ani pentru toate rulourile screen NEVA.<\/p>\n\t\t<\/div>\n\t<\/div>\n<\/div>\n\n\n\n\n\n<div  class=\"section tint\">\n\n\t\n\t\t<div class=\"container intro\">\n\t\t\t<div class=\"cell\">\n\t\t\t\t<h2>Ce ofer\u0103 rulourile screen NEVA?<\/h2>\n\t\t\t<\/div>\n\t\t<\/div>\n\n\t\n\n\n\t\n\t<div class=\"container cols-33p text-blocks\" style=\"\">\n\n\t\t\n\t\t\t\n\t\t\t\t\n\t\t\t\t<div class=\"cell\" style=\"\">\n\n\t\t\t\t\t\n\t\t\t\t\t\t<div class=\"icon-title\">\n\n\t\t\t\t\t\t\t\t\t\t\t\t\t\t\t<img decoding=\"async\" src=\"https:\/\/nevask.eu\/wp-content\/uploads\/2025\/07\/icon-detail-luxusny-vzhlad-latkove-rolety-100x100-c-center.webp\" alt=\"piktogram pevne a odoln\u00e9 - diamant\">\n\t\t\t\t\t\t\t\n\t\t\t\t\t\t\t\t\t\t\t\t\t\t\t<h3 class=\"h5\">Design de calitate<\/h3>\n\t\t\t\t\t\t\t\n\t\t\t\t\t\t<\/div>\n\n\t\t\t\t\t\n\n\n\t\t\t\t\t<p>Plasa de protec\u021bie solar\u0103 Zip100 este un accesoriu elegant \u0219i de calitate pentru pergole, case \u0219i birouri. Acest produs va fi apreciat cu siguran\u021b\u0103 de arhitec\u021bi, designeri \u0219i investitori preten\u021biosi care caut\u0103 produse de calitate superioare.<\/p>\n\n\t\t\t\t<\/div>\n\t\t\t\n\t\t\t\t\n\t\t\t\t<div class=\"cell\" style=\"\">\n\n\t\t\t\t\t\n\t\t\t\t\t\t<div class=\"icon-title\">\n\n\t\t\t\t\t\t\t\t\t\t\t\t\t\t\t<img decoding=\"async\" src=\"https:\/\/nevask.eu\/wp-content\/uploads\/2025\/07\/icon-detail-tichy-chod-latkove-rolety-100x100-c-center-149.webp\" alt=\"piktogram - st\u00ed\u0161enie zvuku\">\n\t\t\t\t\t\t\t\n\t\t\t\t\t\t\t\t\t\t\t\t\t\t\t<h3 class=\"h5\">Durabil \u0219i silen\u021bios<\/h3>\n\t\t\t\t\t\t\t\n\t\t\t\t\t\t<\/div>\n\n\t\t\t\t\t\n\n\n\t\t\t\t\t<p>Datorit\u0103 fix\u0103rii solide \u00een sipca de \u00eenchidere \u0219i \u0219ina de ghidare, plasa de protec\u021bie solar\u0103 poate rezista la v\u00e2nturi de p\u00e2n\u0103 la 80 km\/h \u0219i este, de asemenea, incredibil de silen\u021bioas\u0103 \u00een condi\u021bii de v\u00e2nt.<\/p>\n\n\t\t\t\t<\/div>\n\t\t\t\n\t\t\t\t\n\t\t\t\t<div class=\"cell\" style=\"\">\n\n\t\t\t\t\t\n\t\t\t\t\t\t<div class=\"icon-title\">\n\n\t\t\t\t\t\t\t\t\t\t\t\t\t\t\t<img decoding=\"async\" src=\"https:\/\/nevask.eu\/wp-content\/uploads\/2025\/07\/icon-detail-zatemenie-latkove-rolety-100x100-c-center.webp\" alt=\"piktogram - screenov\u00e1 roleta, zatemnenie\">\n\t\t\t\t\t\t\t\n\t\t\t\t\t\t\t\t\t\t\t\t\t\t\t<h3 class=\"h5\"> Umbrire in func\u021bie de necesita\u021bi<\/h3>\n\t\t\t\t\t\t\t\n\t\t\t\t\t\t<\/div>\n\n\t\t\t\t\t\n\n\n\t\t\t\t\t<p>Plasele de protec\u021bie solare sunt fabricate dintr-una din cele 21 \u021bes\u0103turi &#8211; de la translucide la complet opace. \u00cen acest fel, clientul poate alege cu u\u0219urin\u021b\u0103 \u00een func\u021bie de nevoile sale.<\/p>\n\n\t\t\t\t<\/div>\n\t\t\t\n\t\t\n\t<\/div>\n\n\n\n\t\n\t\t<div class=\"container outro center\">\n\t\t\t<div class=\"cell\">\n\n\t\t\t\t\n\t\t\t\t\t\t\t\t\t<a href=\"https:\/\/nevask.eu\/ro\/oferta-de-pret\/oferta-screen-neva\/\" target=\"\" class=\"button\">Oferta de pre\u021b \u2192<\/a>\n\t\t\t\t\n\t\t\t<\/div>\n\t\t<\/div>\n\n\t\n<\/div>\n\n\n\n\n\n<div  class=\"section white\">\n\t<div class=\"container full left\">\n\t\t<div class=\"cell\">\n\t\t\t<h2>Culorile materialelor pentru rulourile screen<\/h2>\n<p data-start=\"39\" data-end=\"118\">Pute\u021bi alege dintre 21 de materiale standard cu diferite niveluri de opacitate.<\/p>\n<p data-start=\"120\" data-end=\"252\">Pentru culoarea \u0219i textura materialului ales, pute\u021bi selecta orice nuan\u021b\u0103 RAL, \u00een care v\u0103 vom vopsi cutia superioar\u0103 \u0219i accesoriile.<\/p>\n<p data-start=\"254\" data-end=\"354\" data-is-last-node=\"\" data-is-only-node=\"\">Astfel, pute\u021bi asorta cu u\u0219urin\u021b\u0103 noile rulouri screen cu culoarea pergolei, ferestrelor \u0219i fa\u021badei.<\/p>\n\t\t<\/div>\n\t<\/div>\n<\/div>\n\n\n\n\n\n<div  class=\"section white\">\n\t<div class=\"container product-gallery slider-mobile\">\n\n\t\t\n\t\t\t\n\t\t\t\t<a class=\"cell\" href=\"https:\/\/nevask.eu\/wp-content\/uploads\/2025\/07\/92-2048-alu-seda.png.webp\">\n\t\t\t\t\t<img decoding=\"async\" class=\"ratio-1x1\" src=\"https:\/\/nevask.eu\/wp-content\/uploads\/2025\/07\/92-2048-alu-seda.png.webp\" alt=\"\">\n\t\t\t\t<\/a>\n\n\t\t\t\n\t\t\t\t<a class=\"cell\" href=\"https:\/\/nevask.eu\/wp-content\/uploads\/2025\/07\/108118-grey-black-tmavoseda.png.webp\">\n\t\t\t\t\t<img decoding=\"async\" class=\"ratio-1x1\" src=\"https:\/\/nevask.eu\/wp-content\/uploads\/2025\/07\/108118-grey-black-tmavoseda.png.webp\" alt=\"\">\n\t\t\t\t<\/a>\n\n\t\t\t\n\t\t\t\t<a class=\"cell\" href=\"https:\/\/nevask.eu\/wp-content\/uploads\/2025\/07\/108112-grey-sand-tmavo-bezova.png.webp\">\n\t\t\t\t\t<img decoding=\"async\" class=\"ratio-1x1\" src=\"https:\/\/nevask.eu\/wp-content\/uploads\/2025\/07\/108112-grey-sand-tmavo-bezova.png.webp\" alt=\"\">\n\t\t\t\t<\/a>\n\n\t\t\t\n\t\t\t\t<a class=\"cell\" href=\"https:\/\/nevask.eu\/wp-content\/uploads\/2025\/07\/92-2044-white-biela.png.webp\">\n\t\t\t\t\t<img decoding=\"async\" class=\"ratio-1x1\" src=\"https:\/\/nevask.eu\/wp-content\/uploads\/2025\/07\/92-2044-white-biela.png.webp\" alt=\"\">\n\t\t\t\t<\/a>\n\n\t\t\t\n\t\t\n\t<\/div>\n<\/div>\n\n\n\n\n\n<div  class=\"section dark\">\n\t<div class=\"container full left\">\n\t\t<div class=\"cell\">\n\t\t\t<p><img loading=\"lazy\" decoding=\"async\" class=\"alignnone wp-image-2093\" src=\"https:\/\/nevask.eu\/wp-content\/uploads\/2025\/07\/hash-nevapartner_4-300x61.png\" alt=\"hashtag nevapartner - modr\u00e9 na bielom\" width=\"220\" height=\"44\" srcset=\"https:\/\/nevask.eu\/wp-content\/uploads\/2025\/07\/hash-nevapartner_4-300x61.png 300w, https:\/\/nevask.eu\/wp-content\/uploads\/2025\/07\/hash-nevapartner_4.png 689w\" sizes=\"auto, (max-width: 220px) 100vw, 220px\" \/><\/p>\n<p class=\"p-large\"><a href=\"https:\/\/nevask.eu\/ro\/dealeri-neva\/\">Partenerii no\u0219tri comerciali \u0219i de montaj<\/a> v\u0103 vor prezenta cu pl\u0103cere avantajele jaluzelelor exterioare NEVA. Pute\u021bi consulta cu ei solu\u021biile optime pentru proiectul dumneavoastr\u0103 sau pute\u021bi solicita o <a href=\"https:\/\/nevask.eu\/ro\/oferta-de-pret\/\">ofert\u0103 de pre\u021b<\/a> f\u0103r\u0103 obliga\u021bii.<\/p>\n\t\t<\/div>\n\t<\/div>\n<\/div>\n\n\n\n\n\n\n\n\n<div  class=\"section white\">\n\n\t\n\t\t<div class=\"container intro\">\n\t\t\t<div class=\"cell\">\n\t\t\t\t<h2>Specifica\u021bii technice<\/h2>\n\t\t\t<\/div>\n\t\t<\/div>\n\n\t\n\n\n\t<div class=\"container \">\n\n\t\t\n\t\t\t<div class=\"cell\">\n\n\t\t\t\t\n\n\n\t\t\t\t<div class=\"table-wrapper\"><div class=\"table-wrapper\"><table class=\"nowrap alignleft\">\n<tbody>\n<tr>\n<th>L\u0103\u021bimea ruloului<\/th>\n<td>700 \u2013 4000 mm<\/td>\n<\/tr>\n<tr>\n<th>\u00cen\u0103l\u021bimea ruloului<\/th>\n<td>p\u00e2n\u0103 la 3500 mm<\/td>\n<\/tr>\n<tr>\n<th>Mod de ac\u021bionare<\/th>\n<td>Motor<\/td>\n<\/tr>\n<tr>\n<th>Clasa de rezisten\u021b\u0103<br \/>\nla v\u00e2nt<\/th>\n<td>p\u00e2n\u0103 la clasa 6<br data-start=\"19\" data-end=\"22\" \/>(conform EN 13561)<\/td>\n<\/tr>\n<\/tbody>\n<\/table><\/div><\/div>\n\n\t\t\t<\/div>\n\n\t\t\n\t<\/div>\n<\/div>\n\n\n\n\n\n\n\n\n<div  class=\"section white\">\n\n\t\n\t\t<div class=\"container intro\">\n\t\t\t<div class=\"cell\">\n\t\t\t\t<h3>Desen tehnic NEVA ZIP100<\/h3>\n\t\t\t<\/div>\n\t\t<\/div>\n\n\t\n\n\n\t<div class=\"container cols-40p-60p\">\n\n\t\t\n\t\t\t<div class=\"cell\">\n\n\t\t\t\t\n\n\n\t\t\t\t\n\t\t\t\t\t\t\t\t\t\t\t\t\t<img decoding=\"async\" src=\"https:\/\/nevask.eu\/wp-content\/uploads\/2025\/07\/ZIP100-1.png\" alt=\"N\u00e1kres Screenov\u00e1 roleta NEVA ZIP100\">\n\t\t\t\t\t\t\n\t\t\t\t\t\t\n\t\t\t<\/div>\n\n\t\t\n\t\t\t<div class=\"cell\">\n\n\t\t\t\t\n\n\n\t\t\t\t<div class=\"table-wrapper\"><div class=\"table-wrapper\"><table class=\"nowrap\">\n<tbody>\n<tr>\n<th colspan=\"3\">Legend\u0103<\/th>\n<\/tr>\n<tr>\n<td>1<\/td>\n<td>\u00a0\u200b\u200b\u00cen\u0103l\u021bimea carcasei + profil inferior mare (mm)<\/td>\n<td>148 mm<\/td>\n<\/tr>\n<tr>\n<td>2<\/td>\n<td>Profil inferior mare (mm)<\/td>\n<td>55 mm<\/td>\n<\/tr>\n<tr>\n<td>3<\/td>\n<td>\u200b\u200b\u00cen\u0103l\u021bimea carcasei + profil inferior mic (mm)<\/td>\n<td>117 mm<\/td>\n<\/tr>\n<tr>\n<td>4<\/td>\n<td>\u200b\u200bProfil inferior mic (mm)<\/td>\n<td>26 mm<\/td>\n<\/tr>\n<tr>\n<td>5<\/td>\n<td>L\u0103\u021bimea profilului de ghidare (mm)<\/td>\n<td>37 mm<\/td>\n<\/tr>\n<\/tbody>\n<\/table><\/div><\/div>\n\n\t\t\t<\/div>\n\n\t\t\n\t<\/div>\n<\/div>\n\n\n\n\n\n<div class=\"section white\">\n\t<div class=\"container\">\n\t\t<div class=\"cell\">\n\t\t\t<hr class=\"separator\">\n\t\t<\/div>\n\t<\/div>\n<\/div>\n\n\n\n\n\n<div  class=\"section white\">\n\n\t\n\t\t<div class=\"container intro\">\n\t\t\t<div class=\"cell\">\n\t\t\t\t<h2>Realiz\u0103ri selectate cu \u200brulouri screen NEVA<\/h2>\n\t\t\t<\/div>\n\t\t<\/div>\n\n\t\n\n\n\t<div class=\"container\">\n\t\t<div class=\"grid-cols\">\n\n\t\t\t\n\t\t\t\t\n\t\t\t\t\t\n\n\n\t\t\t\t\t\n\t\t\t\t\t\t\n\t\t\t\t\t\t\t\n\t\t\t\t\t\t\t<div class=\"col-4 block bg-image h600 default\" style=\"background-image: url(https:\/\/nevask.eu\/wp-content\/uploads\/2025\/07\/vzorovy-dom-04-scaled.webp)\">\n\n\t\t\t\t\t\t\t\t<div>\n\n\t\t\t\t\t\t\t\t\t\n\t\t\t\t\t\t\t\t\t\n\t\t\t\t\t\t\t\t<\/div>\n\n\t\t\t\t\t\t\t<\/div>\n\n\t\t\t\t\t\t\n\t\t\t\t\t\n\n\n\t\t\t\t\t\n\t\t\t\t\n\t\t\t\t\t\t\t\t\t\t\t<div class=\"grid-rows col-4\">\n\t\t\t\t\t\n\n\n\t\t\t\t\t\n\t\t\t\t\t\t\n\t\t\t\t\t\t\t\n\t\t\t\t\t\t\t<div class=\"row-7 block bg-image default default\" style=\"background-image: url(https:\/\/nevask.eu\/wp-content\/uploads\/2025\/07\/vzorovy-dom-02.webp)\">\n\n\t\t\t\t\t\t\t\t<div>\n\n\t\t\t\t\t\t\t\t\t\n\t\t\t\t\t\t\t\t\t\n\t\t\t\t\t\t\t\t<\/div>\n\n\t\t\t\t\t\t\t<\/div>\n\n\t\t\t\t\t\t\n\t\t\t\t\t\t\t\n\t\t\t\t\t\t\t<div class=\"row-5 block bg-image default default\" style=\"background-image: url(https:\/\/nevask.eu\/wp-content\/uploads\/2025\/07\/nitra-zipscreen-zip-135-05.webp)\">\n\n\t\t\t\t\t\t\t\t<div>\n\n\t\t\t\t\t\t\t\t\t\n\t\t\t\t\t\t\t\t\t\n\t\t\t\t\t\t\t\t<\/div>\n\n\t\t\t\t\t\t\t<\/div>\n\n\t\t\t\t\t\t\n\t\t\t\t\t\n\n\n\t\t\t\t\t\t\t\t\t\t\t<\/div>\n\t\t\t\t\t\n\t\t\t\t\n\t\t\t\t\t\t\t\t\t\t\t<div class=\"grid-rows col-4\">\n\t\t\t\t\t\n\n\n\t\t\t\t\t\n\t\t\t\t\t\t\n\t\t\t\t\t\t\t\n\t\t\t\t\t\t\t<div class=\"row-5 block bg-image default default\" style=\"background-image: url(https:\/\/nevask.eu\/wp-content\/uploads\/2025\/07\/zipscreenova-roleta-zip100-rodinnydom-v-nitrianskych-hrnciarovciach-02.webp)\">\n\n\t\t\t\t\t\t\t\t<div>\n\n\t\t\t\t\t\t\t\t\t\n\t\t\t\t\t\t\t\t\t\n\t\t\t\t\t\t\t\t<\/div>\n\n\t\t\t\t\t\t\t<\/div>\n\n\t\t\t\t\t\t\n\t\t\t\t\t\t\t\n\t\t\t\t\t\t\t<div class=\"row-7 block bg-image default default\" style=\"background-image: url(https:\/\/nevask.eu\/wp-content\/uploads\/2025\/07\/promenada-nitra-04.webp)\">\n\n\t\t\t\t\t\t\t\t<div>\n\n\t\t\t\t\t\t\t\t\t\n\t\t\t\t\t\t\t\t\t\n\t\t\t\t\t\t\t\t<\/div>\n\n\t\t\t\t\t\t\t<\/div>\n\n\t\t\t\t\t\t\n\t\t\t\t\t\n\n\n\t\t\t\t\t\t\t\t\t\t\t<\/div>\n\t\t\t\t\t\n\t\t\t\t\n\t\t\t\n\t\t<\/div>\n\t<\/div>\n\n\n\n\t\n\t\t<div class=\"container outro center\">\n\t\t\t<div class=\"cell\">\n\t\t\t\t<a href=\"https:\/\/nevask.eu\/ro\/referinte-neva\/\" target=\"\" class=\"button\">Mai multe referin\u021be \u2192<\/a>\n\t\t\t<\/div>\n\t\t<\/div>\n\n\t\n<\/div>\n","protected":false},"excerpt":{"rendered":"","protected":false},"author":52,"featured_media":0,"parent":8231,"menu_order":0,"comment_status":"closed","ping_status":"closed","template":"","meta":{"_acf_changed":false,"inline_featured_image":false,"footnotes":""},"class_list":["post-8540","page","type-page","status-publish","hentry"],"acf":[],"yoast_head":"<!-- This site is optimized with the Yoast SEO plugin v27.5 - https:\/\/yoast.com\/product\/yoast-seo-wordpress\/ -->\n<title>Rulouri Screen NEVA Zipscreen ZIP100 | nevask.eu<\/title>\n<meta name=\"description\" content=\"Ruloul Screen NEVA umbre\u0219te perfect casa \u0219i pergola. Alege\u021bi dintre cele 21 de textile cu pre\u021b de baz\u0103, f\u0103r\u0103 costuri suplimentare. Motor Somfy, garan\u021bie 5 ani.\" \/>\n<meta name=\"robots\" content=\"index, follow, max-snippet:-1, max-image-preview:large, max-video-preview:-1\" \/>\n<link rel=\"canonical\" href=\"https:\/\/nevask.eu\/ro\/rulouri-screen-neva\/neva-zip100\/\" \/>\n<meta property=\"og:locale\" content=\"ro_RO\" \/>\n<meta property=\"og:type\" content=\"article\" \/>\n<meta property=\"og:title\" content=\"Rulouri Screen NEVA Zipscreen ZIP100 | nevask.eu\" \/>\n<meta property=\"og:description\" content=\"Ruloul Screen NEVA umbre\u0219te perfect casa \u0219i pergola. Alege\u021bi dintre cele 21 de textile cu pre\u021b de baz\u0103, f\u0103r\u0103 costuri suplimentare. Motor Somfy, garan\u021bie 5 ani.\" \/>\n<meta property=\"og:url\" content=\"https:\/\/nevask.eu\/ro\/rulouri-screen-neva\/neva-zip100\/\" \/>\n<meta property=\"og:site_name\" content=\"NEVA\" \/>\n<meta property=\"article:modified_time\" content=\"2025-09-12T12:56:36+00:00\" \/>\n<meta name=\"twitter:card\" content=\"summary_large_image\" \/>\n<meta name=\"twitter:label1\" content=\"Timp estimat pentru citire\" \/>\n\t<meta name=\"twitter:data1\" content=\"7 minute\" \/>\n<!-- \/ Yoast SEO plugin. -->","yoast_head_json":{"title":"Rulouri Screen NEVA Zipscreen ZIP100 | nevask.eu","description":"Ruloul Screen NEVA umbre\u0219te perfect casa \u0219i pergola. Alege\u021bi dintre cele 21 de textile cu pre\u021b de baz\u0103, f\u0103r\u0103 costuri suplimentare. Motor Somfy, garan\u021bie 5 ani.","robots":{"index":"index","follow":"follow","max-snippet":"max-snippet:-1","max-image-preview":"max-image-preview:large","max-video-preview":"max-video-preview:-1"},"canonical":"https:\/\/nevask.eu\/ro\/rulouri-screen-neva\/neva-zip100\/","og_locale":"ro_RO","og_type":"article","og_title":"Rulouri Screen NEVA Zipscreen ZIP100 | nevask.eu","og_description":"Ruloul Screen NEVA umbre\u0219te perfect casa \u0219i pergola. Alege\u021bi dintre cele 21 de textile cu pre\u021b de baz\u0103, f\u0103r\u0103 costuri suplimentare. Motor Somfy, garan\u021bie 5 ani.","og_url":"https:\/\/nevask.eu\/ro\/rulouri-screen-neva\/neva-zip100\/","og_site_name":"NEVA","article_modified_time":"2025-09-12T12:56:36+00:00","twitter_card":"summary_large_image","twitter_misc":{"Timp estimat pentru citire":"7 minute"},"schema":{"@context":"https:\/\/schema.org","@graph":[{"@type":"WebPage","@id":"https:\/\/nevask.eu\/ro\/rulouri-screen-neva\/neva-zip100\/","url":"https:\/\/nevask.eu\/ro\/rulouri-screen-neva\/neva-zip100\/","name":"Rulouri Screen NEVA Zipscreen ZIP100 | nevask.eu","isPartOf":{"@id":"https:\/\/nevask.eu\/ro\/#website"},"datePublished":"2025-07-04T07:30:59+00:00","dateModified":"2025-09-12T12:56:36+00:00","description":"Ruloul Screen NEVA umbre\u0219te perfect casa \u0219i pergola. Alege\u021bi dintre cele 21 de textile cu pre\u021b de baz\u0103, f\u0103r\u0103 costuri suplimentare. Motor Somfy, garan\u021bie 5 ani.","breadcrumb":{"@id":"https:\/\/nevask.eu\/ro\/rulouri-screen-neva\/neva-zip100\/#breadcrumb"},"inLanguage":"ro-RO","potentialAction":[{"@type":"ReadAction","target":["https:\/\/nevask.eu\/ro\/rulouri-screen-neva\/neva-zip100\/"]}]},{"@type":"BreadcrumbList","@id":"https:\/\/nevask.eu\/ro\/rulouri-screen-neva\/neva-zip100\/#breadcrumb","itemListElement":[{"@type":"ListItem","position":1,"name":"Home","item":"https:\/\/nevask.eu\/ro\/"},{"@type":"ListItem","position":2,"name":"Rulouri Screen NEVA","item":"https:\/\/nevask.eu\/ro\/rulouri-screen-neva\/"},{"@type":"ListItem","position":3,"name":"NEVA ZIP100"}]},{"@type":"WebSite","@id":"https:\/\/nevask.eu\/ro\/#website","url":"https:\/\/nevask.eu\/ro\/","name":"NEVA","description":"Vonkaj\u0161ie \u017eal\u00fazie a screenov\u00e9 rolety","potentialAction":[{"@type":"SearchAction","target":{"@type":"EntryPoint","urlTemplate":"https:\/\/nevask.eu\/ro\/?s={search_term_string}"},"query-input":{"@type":"PropertyValueSpecification","valueRequired":true,"valueName":"search_term_string"}}],"inLanguage":"ro-RO"}]}},"_links":{"self":[{"href":"https:\/\/nevask.eu\/ro\/wp-json\/wp\/v2\/pages\/8540","targetHints":{"allow":["GET"]}}],"collection":[{"href":"https:\/\/nevask.eu\/ro\/wp-json\/wp\/v2\/pages"}],"about":[{"href":"https:\/\/nevask.eu\/ro\/wp-json\/wp\/v2\/types\/page"}],"author":[{"embeddable":true,"href":"https:\/\/nevask.eu\/ro\/wp-json\/wp\/v2\/users\/52"}],"replies":[{"embeddable":true,"href":"https:\/\/nevask.eu\/ro\/wp-json\/wp\/v2\/comments?post=8540"}],"version-history":[{"count":15,"href":"https:\/\/nevask.eu\/ro\/wp-json\/wp\/v2\/pages\/8540\/revisions"}],"predecessor-version":[{"id":10326,"href":"https:\/\/nevask.eu\/ro\/wp-json\/wp\/v2\/pages\/8540\/revisions\/10326"}],"up":[{"embeddable":true,"href":"https:\/\/nevask.eu\/ro\/wp-json\/wp\/v2\/pages\/8231"}],"wp:attachment":[{"href":"https:\/\/nevask.eu\/ro\/wp-json\/wp\/v2\/media?parent=8540"}],"curies":[{"name":"wp","href":"https:\/\/api.w.org\/{rel}","templated":true}]}}