{"id":8551,"date":"2025-07-04T11:02:18","date_gmt":"2025-07-04T09:02:18","guid":{"rendered":"https:\/\/nevask.eu\/?page_id=8551"},"modified":"2025-09-12T14:59:40","modified_gmt":"2025-09-12T12:59:40","slug":"neva-zip110","status":"publish","type":"page","link":"https:\/\/nevask.eu\/ro\/rulouri-screen-neva\/neva-zip110\/","title":{"rendered":"NEVA ZIP110"},"content":{"rendered":"\n\n\n\n\n\n<div class=\"section narrow white\">\n\t<div class=\"container\">\n\t\t<div class=\"cell\">\n\t\t\t<ul class=\"breadcrumbs\">\n\t\t\t\t<li><a href=\"https:\/\/nevask.eu\/ro\/\">Home<\/a><\/li>\n\n\t\t\t\t\n\t\t\t<\/ul>\n\t\t<\/div>\n\t<\/div>\n<\/div>\n\n\n\n\n\n\n\n\n<div  class=\"section white\">\n\t<div class=\"container cols-60p-40p\">\n\n\t\t\n\n\n\t\t<div class=\"cell\">\n\n\t\t\t<h1>Rulouri screen<br \/>\nNEVA Zipscreen ZIP110<\/h1>\n<p class=\"p-large\">Ruloul textil de exterior, perfect pentru pergole sau pentru montaj discret sub fa\u021bad\u0103.<\/p>\n<p style=\"margin-bottom: 0cm;background: white\"><span lang=\"CS\" style=\"font-family: HKGrotesk-Medium;color: #666666\">Datorit\u0103 montajului sub fa\u021bad\u0103 ofer\u0103 un aspect curat \u0219i rafinat, cu toate \u00eembin\u0103rile \u0219i \u0219uruburile ascunse. C\u00e2nd ruloul este ridicat complet, se ascunde perfect \u00een caset\u0103, p\u0103str\u00e2nd un design impecabil.<\/span><\/p>\n<blockquote>\n<p class=\"p1\">Ruloul screen NEVA ZIP110 se bucur\u0103 de cea mai mare popularitate \u00een r\u00e2ndul clien\u021bilor no\u0219tri.<\/p>\n<\/blockquote>\n<p>Datorit\u0103 sistemului special, \u00eentre\u021binerea ruloului screen este foarte simpl\u0103. Materialul sau motorul pot fi schimbate rapid, f\u0103r\u0103 asambl\u0103ri complicate. \u00cen plus, ruloul detecteaz\u0103 orice obstacol c\u00e2nd e ridicat sau cobor\u00e2t \u0219i se opre\u0219te automat.<\/p>\n<p><a href=\"https:\/\/nevask.eu\/ro\/rulouri-screen-neva\/culorile-rulourile-screen\/\"><img loading=\"lazy\" decoding=\"async\" class=\"alignnone wp-image-8218\" style=\"color: #333333;font-family: Georgia, 'Times New Roman', 'Bitstream Charter', Times, serif\" src=\"https:\/\/nevask.eu\/wp-content\/uploads\/2025\/07\/21-farieb-skladom-ro-modre-300x114.png\" alt=\"\" width=\"187\" height=\"71\" srcset=\"https:\/\/nevask.eu\/wp-content\/uploads\/2025\/07\/21-farieb-skladom-ro-modre-300x114.png 300w, https:\/\/nevask.eu\/wp-content\/uploads\/2025\/07\/21-farieb-skladom-ro-modre-1024x391.png 1024w, https:\/\/nevask.eu\/wp-content\/uploads\/2025\/07\/21-farieb-skladom-ro-modre-768x293.png 768w, https:\/\/nevask.eu\/wp-content\/uploads\/2025\/07\/21-farieb-skladom-ro-modre-1536x586.png 1536w, https:\/\/nevask.eu\/wp-content\/uploads\/2025\/07\/21-farieb-skladom-ro-modre.png 1937w\" sizes=\"auto, (max-width: 187px) 100vw, 187px\" \/><\/a><\/p>\n<p>Ruloul screen NEVA Zipscreen ZIP110 vine dotat cu motor <a href=\"https:\/\/nevask.eu\/ro\/control-casa-inteligenta\/control-casa-inteligenta-somfy\/\">Somfy<\/a>.<\/p>\n\n\t\t\t\n\t\t<\/div>\n\n\n\n\t\t\n\t\t\t<div class=\"cell center top\">\n\t\t\t\t<img decoding=\"async\" src=\"https:\/\/nevask.eu\/wp-content\/uploads\/2025\/07\/ZIP110-antracitgrey.webp\" alt=\"\">\n\t\t\t<\/div>\n\n\t\t\n\t<\/div>\n<\/div>\n\n\n\n\n\n<div  class=\"section white\">\n\t<div class=\"container product-gallery slider-mobile\">\n\n\t\t\n\t\t\t\n\t\t\t\t<a class=\"cell\" href=\"https:\/\/nevask.eu\/wp-content\/uploads\/2025\/07\/ZIP110-detail-box.jpg.webp\">\n\t\t\t\t\t<img decoding=\"async\" class=\"ratio-1x1\" src=\"https:\/\/nevask.eu\/wp-content\/uploads\/2025\/07\/ZIP110-detail-box.jpg.webp\" alt=\"\">\n\t\t\t\t<\/a>\n\n\t\t\t\n\t\t\t\t<a class=\"cell\" href=\"https:\/\/nevask.eu\/wp-content\/uploads\/2025\/07\/ZIP110-detail-spodny-profil1.jpg.webp\">\n\t\t\t\t\t<img decoding=\"async\" class=\"ratio-1x1\" src=\"https:\/\/nevask.eu\/wp-content\/uploads\/2025\/07\/ZIP110-detail-spodny-profil1.jpg.webp\" alt=\"\">\n\t\t\t\t<\/a>\n\n\t\t\t\n\t\t\t\t<a class=\"cell\" href=\"https:\/\/nevask.eu\/wp-content\/uploads\/2025\/07\/ZIP110detail-roh-guma.jpg.webp\">\n\t\t\t\t\t<img decoding=\"async\" class=\"ratio-1x1\" src=\"https:\/\/nevask.eu\/wp-content\/uploads\/2025\/07\/ZIP110detail-roh-guma.jpg.webp\" alt=\"\">\n\t\t\t\t<\/a>\n\n\t\t\t\n\t\t\t\t<a class=\"cell\" href=\"https:\/\/nevask.eu\/wp-content\/uploads\/2025\/07\/ZIP110-detail-roh-stetiny.jpg.webp\">\n\t\t\t\t\t<img decoding=\"async\" class=\"ratio-1x1\" src=\"https:\/\/nevask.eu\/wp-content\/uploads\/2025\/07\/ZIP110-detail-roh-stetiny.jpg.webp\" alt=\"\">\n\t\t\t\t<\/a>\n\n\t\t\t\n\t\t\n\t<\/div>\n<\/div>\n\n\n\n\n\n<div  class=\"section dark\">\n\t<div class=\"container full left\">\n\t\t<div class=\"cell\">\n\t\t\t<p class=\"p-large\"><img loading=\"lazy\" decoding=\"async\" class=\"wp-image-8254 alignleft\" src=\"https:\/\/nevask.eu\/wp-content\/uploads\/2025\/07\/zaruka-skusenosti-neva-1.png\" alt=\"\" width=\"254\" height=\"89\" \/><\/p>\n<p class=\"p-large\">\u00cen locul garan\u021biei obi\u0219nuite de doi ani, oferim o garan\u021bie de p\u00e2n\u0103 la 5 ani pentru toate rulourile screen NEVA.<\/p>\n\t\t<\/div>\n\t<\/div>\n<\/div>\n\n\n\n\n\n<div  class=\"section tint\">\n\n\t\n\t\t<div class=\"container intro\">\n\t\t\t<div class=\"cell\">\n\t\t\t\t<h2>Ce ofer\u0103 rulourile screen NEVA?<\/h2>\n\t\t\t<\/div>\n\t\t<\/div>\n\n\t\n\n\n\t\n\t<div class=\"container cols-33p text-blocks\" style=\"\">\n\n\t\t\n\t\t\t\n\t\t\t\t\n\t\t\t\t<div class=\"cell\" style=\"\">\n\n\t\t\t\t\t\n\t\t\t\t\t\t<div class=\"icon-title\">\n\n\t\t\t\t\t\t\t\t\t\t\t\t\t\t\t<img decoding=\"async\" src=\"https:\/\/nevask.eu\/wp-content\/uploads\/2025\/07\/icon-detail-luxusny-vzhlad-latkove-rolety-100x100-c-center.webp\" alt=\"piktogram pevne a odoln\u00e9 - diamant\">\n\t\t\t\t\t\t\t\n\t\t\t\t\t\t\t\t\t\t\t\t\t\t\t<h3 class=\"h5\">Design de calitate<\/h3>\n\t\t\t\t\t\t\t\n\t\t\t\t\t\t<\/div>\n\n\t\t\t\t\t\n\n\n\t\t\t\t\t<p>Plasa de protec\u021bie solar\u0103 Zip110 este un accesoriu elegant \u0219i de calitate pentru pergole, case \u0219i birouri. Acest produs va fi apreciat cu siguran\u021b\u0103 de arhitec\u021bi, designeri \u0219i investitori preten\u021biosi care caut\u0103 produse de calitate superioare.<\/p>\n\n\t\t\t\t<\/div>\n\t\t\t\n\t\t\t\t\n\t\t\t\t<div class=\"cell\" style=\"\">\n\n\t\t\t\t\t\n\t\t\t\t\t\t<div class=\"icon-title\">\n\n\t\t\t\t\t\t\t\t\t\t\t\t\t\t\t<img decoding=\"async\" src=\"https:\/\/nevask.eu\/wp-content\/uploads\/2025\/07\/icon-detail-tichy-chod-latkove-rolety-100x100-c-center-149.webp\" alt=\"piktogram - st\u00ed\u0161enie zvuku\">\n\t\t\t\t\t\t\t\n\t\t\t\t\t\t\t\t\t\t\t\t\t\t\t<h3 class=\"h5\">Durabil \u0219i silen\u021bios<\/h3>\n\t\t\t\t\t\t\t\n\t\t\t\t\t\t<\/div>\n\n\t\t\t\t\t\n\n\n\t\t\t\t\t<p>Datorit\u0103 fix\u0103rii solide \u00een sipca de \u00eenchidere \u0219i \u0219ina de ghidare, plasa de protec\u021bie solar\u0103 poate rezista la v\u00e2nturi de p\u00e2n\u0103 la 80 km\/h \u0219i este, de asemenea, incredibil de silen\u021bioas\u0103 \u00een condi\u021bii de v\u00e2nt.<\/p>\n\n\t\t\t\t<\/div>\n\t\t\t\n\t\t\t\t\n\t\t\t\t<div class=\"cell\" style=\"\">\n\n\t\t\t\t\t\n\t\t\t\t\t\t<div class=\"icon-title\">\n\n\t\t\t\t\t\t\t\t\t\t\t\t\t\t\t<img decoding=\"async\" src=\"https:\/\/nevask.eu\/wp-content\/uploads\/2025\/07\/icon-detail-zatemenie-latkove-rolety-100x100-c-center.webp\" alt=\"piktogram - screenov\u00e1 roleta, zatemnenie\">\n\t\t\t\t\t\t\t\n\t\t\t\t\t\t\t\t\t\t\t\t\t\t\t<h3 class=\"h5\">Umbrire in func\u021bie de necesita\u021bi<\/h3>\n\t\t\t\t\t\t\t\n\t\t\t\t\t\t<\/div>\n\n\t\t\t\t\t\n\n\n\t\t\t\t\t<p>Plasele de protec\u021bie solare sunt fabricate dintr-una din cele 21 \u021bes\u0103turi \u2013 de la translucide la complet opace. \u00cen acest fel, clientul poate alege cu u\u0219urin\u021b\u0103 \u00een func\u021bie de nevoile sale.<\/p>\n\n\t\t\t\t<\/div>\n\t\t\t\n\t\t\n\t<\/div>\n\n\n\n\t\n\t\t<div class=\"container outro center\">\n\t\t\t<div class=\"cell\">\n\n\t\t\t\t\n\t\t\t\t\t\t\t\t\t<a href=\"https:\/\/nevask.eu\/ro\/oferta-de-pret\/oferta-screen-neva\/\" target=\"\" class=\"button\">Oferta de pre\u021b \u2192<\/a>\n\t\t\t\t\n\t\t\t<\/div>\n\t\t<\/div>\n\n\t\n<\/div>\n\n\n\n\n\n<div  class=\"section white\">\n\t<div class=\"container full left\">\n\t\t<div class=\"cell\">\n\t\t\t<h2>Culorile materialelor pentru rulourile screen<\/h2>\n<p data-start=\"0\" data-end=\"80\">Pute\u021bi alege dintre 21 de materiale standard, cu diferite niveluri de opacitate.<\/p>\n<p data-start=\"82\" data-end=\"294\" data-is-last-node=\"\" data-is-only-node=\"\">Cutia superioar\u0103 \u0219i accesoriile vor fi vopsite \u00een orice culoare RAL, \u00een vopsitoria noastr\u0103 cu pulbere, pentru a se potrivi perfect cu nuan\u021ba \u0219i textura materialului ales.<br data-start=\"252\" data-end=\"255\" \/>Exact conform cerin\u021belor dumneavoastr\u0103.<\/p>\n\t\t<\/div>\n\t<\/div>\n<\/div>\n\n\n\n\n\n<div  class=\"section white\">\n\t<div class=\"container product-gallery slider-mobile\">\n\n\t\t\n\t\t\t\n\t\t\t\t<a class=\"cell\" href=\"https:\/\/nevask.eu\/wp-content\/uploads\/2025\/07\/92-2048-alu-seda.png.webp\">\n\t\t\t\t\t<img decoding=\"async\" class=\"ratio-1x1\" src=\"https:\/\/nevask.eu\/wp-content\/uploads\/2025\/07\/92-2048-alu-seda.png.webp\" alt=\"\">\n\t\t\t\t<\/a>\n\n\t\t\t\n\t\t\t\t<a class=\"cell\" href=\"https:\/\/nevask.eu\/wp-content\/uploads\/2025\/07\/108118-grey-black-tmavoseda.png.webp\">\n\t\t\t\t\t<img decoding=\"async\" class=\"ratio-1x1\" src=\"https:\/\/nevask.eu\/wp-content\/uploads\/2025\/07\/108118-grey-black-tmavoseda.png.webp\" alt=\"\">\n\t\t\t\t<\/a>\n\n\t\t\t\n\t\t\t\t<a class=\"cell\" href=\"https:\/\/nevask.eu\/wp-content\/uploads\/2025\/07\/108112-grey-sand-tmavo-bezova.png.webp\">\n\t\t\t\t\t<img decoding=\"async\" class=\"ratio-1x1\" src=\"https:\/\/nevask.eu\/wp-content\/uploads\/2025\/07\/108112-grey-sand-tmavo-bezova.png.webp\" alt=\"\">\n\t\t\t\t<\/a>\n\n\t\t\t\n\t\t\t\t<a class=\"cell\" href=\"https:\/\/nevask.eu\/wp-content\/uploads\/2025\/07\/92-2044-white-biela.png.webp\">\n\t\t\t\t\t<img decoding=\"async\" class=\"ratio-1x1\" src=\"https:\/\/nevask.eu\/wp-content\/uploads\/2025\/07\/92-2044-white-biela.png.webp\" alt=\"\">\n\t\t\t\t<\/a>\n\n\t\t\t\n\t\t\n\t<\/div>\n<\/div>\n\n\n\n\n\n<div  class=\"section dark\">\n\t<div class=\"container full left\">\n\t\t<div class=\"cell\">\n\t\t\t<p><img loading=\"lazy\" decoding=\"async\" class=\"alignnone wp-image-2093\" src=\"https:\/\/nevask.eu\/wp-content\/uploads\/2025\/07\/hash-nevapartner_4.png\" alt=\"hashtag nevapartner - modr\u00e9 na bielom\" width=\"223\" height=\"45\" srcset=\"https:\/\/nevask.eu\/wp-content\/uploads\/2025\/07\/hash-nevapartner_4.png 689w, https:\/\/nevask.eu\/wp-content\/uploads\/2025\/07\/hash-nevapartner_4-300x61.png 300w\" sizes=\"auto, (max-width: 223px) 100vw, 223px\" \/><\/p>\n<p class=\"p-large\"><a href=\"https:\/\/nevask.eu\/ro\/dealeri-neva\/\">Partenerii no\u0219tri comerciali \u0219i de montaj<\/a> v\u0103 vor prezenta cu pl\u0103cere avantajele jaluzelelor exterioare NEVA. Pute\u021bi consulta cu ei solu\u021biile optime pentru proiectul dumneavoastr\u0103 sau pute\u021bi solicita o <a href=\"https:\/\/nevask.eu\/ro\/oferta-de-pret\/\">ofert\u0103 de pre\u021b<\/a> f\u0103r\u0103 obliga\u021bii.<\/p>\n\t\t<\/div>\n\t<\/div>\n<\/div>\n\n\n\n\n\n\n\n\n<div  class=\"section white\">\n\n\t\n\t\t<div class=\"container intro\">\n\t\t\t<div class=\"cell\">\n\t\t\t\t<h2>Specifica\u021bii technice<\/h2>\n\t\t\t<\/div>\n\t\t<\/div>\n\n\t\n\n\n\t<div class=\"container \">\n\n\t\t\n\t\t\t<div class=\"cell\">\n\n\t\t\t\t\n\n\n\t\t\t\t<div class=\"table-wrapper\"><div class=\"table-wrapper\"><table class=\"nowrap\">\n<tbody>\n<tr>\n<th>L\u0103\u021bimea ruloului<\/th>\n<td>700 \u2013 4000 mm<\/td>\n<\/tr>\n<tr>\n<th>\u00cen\u0103l\u021bimea ruloului<\/th>\n<td>p\u00e2n\u0103 la 3500 mm<\/td>\n<\/tr>\n<tr>\n<th>Mod de ac\u021bionare<\/th>\n<td>Motor<\/td>\n<\/tr>\n<tr>\n<th>Clasa de rezisten\u021b\u0103 la v\u00e2nt<\/th>\n<td>a\u017e trieda 6<br \/>\n(EN 13561)<\/td>\n<\/tr>\n<\/tbody>\n<\/table><\/div><\/div>\n\n\t\t\t<\/div>\n\n\t\t\n\t<\/div>\n<\/div>\n\n\n\n\n\n\n\n\n<div  class=\"section white\">\n\n\t\n\t\t<div class=\"container intro\">\n\t\t\t<div class=\"cell\">\n\t\t\t\t<h3>Desen tehnic NEVA ZIP110<\/h3>\n\t\t\t<\/div>\n\t\t<\/div>\n\n\t\n\n\n\t<div class=\"container cols-40p-60p\">\n\n\t\t\n\t\t\t<div class=\"cell\">\n\n\t\t\t\t\n\n\n\t\t\t\t\n\t\t\t\t\t\t\t\t\t\t\t\t\t<img decoding=\"async\" src=\"https:\/\/nevask.eu\/wp-content\/uploads\/2025\/07\/ZIP110-1.png\" alt=\"N\u00e1kres screen NEVA ZIP10\">\n\t\t\t\t\t\t\n\t\t\t\t\t\t\n\t\t\t<\/div>\n\n\t\t\n\t\t\t<div class=\"cell\">\n\n\t\t\t\t\n\n\n\t\t\t\t<div class=\"table-wrapper\"><div class=\"table-wrapper\"><table class=\"nowrap\">\n<tbody>\n<tr>\n<th colspan=\"3\">Legend\u0103<\/th>\n<\/tr>\n<tr>\n<td>1<\/td>\n<td>\u200b\u200b\u00cen\u0103l\u021bimea carcasei<br \/>\n+ profil inferior mare<br \/>\n(mm)<\/td>\n<td>180 mm<\/td>\n<\/tr>\n<tr>\n<td>2<\/td>\n<td>\u00a0\u200bProfil inferior mare<br \/>\n(mm)<\/td>\n<td>56 mm<\/td>\n<\/tr>\n<tr>\n<td>3<\/td>\n<td>L\u0103\u021bimea profilului<br \/>\nde ghidare\u00a0\u00a0(mm)<\/td>\n<td>30 mm<\/td>\n<\/tr>\n<\/tbody>\n<\/table><\/div><\/div>\n\n\t\t\t<\/div>\n\n\t\t\n\t<\/div>\n<\/div>\n\n\n\n\n\n<div class=\"section white\">\n\t<div class=\"container\">\n\t\t<div class=\"cell\">\n\t\t\t<hr class=\"separator\">\n\t\t<\/div>\n\t<\/div>\n<\/div>\n\n\n\n\n\n<div  class=\"section white\">\n\n\t\n\t\t<div class=\"container intro\">\n\t\t\t<div class=\"cell\">\n\t\t\t\t<h2>Realiz\u0103ri selectate cu \u200brulouri screen NEVA<\/h2>\n\t\t\t<\/div>\n\t\t<\/div>\n\n\t\n\n\n\t<div class=\"container\">\n\t\t<div class=\"grid-cols\">\n\n\t\t\t\n\t\t\t\t\n\t\t\t\t\t\n\n\n\t\t\t\t\t\n\t\t\t\t\t\t\n\t\t\t\t\t\t\t\n\t\t\t\t\t\t\t<div class=\"col-4 block bg-image h600 default\" style=\"background-image: url(https:\/\/nevask.eu\/wp-content\/uploads\/2025\/07\/vzorovy-dom-04-scaled.webp)\">\n\n\t\t\t\t\t\t\t\t<div>\n\n\t\t\t\t\t\t\t\t\t\n\t\t\t\t\t\t\t\t\t\n\t\t\t\t\t\t\t\t<\/div>\n\n\t\t\t\t\t\t\t<\/div>\n\n\t\t\t\t\t\t\n\t\t\t\t\t\n\n\n\t\t\t\t\t\n\t\t\t\t\n\t\t\t\t\t\t\t\t\t\t\t<div class=\"grid-rows col-4\">\n\t\t\t\t\t\n\n\n\t\t\t\t\t\n\t\t\t\t\t\t\n\t\t\t\t\t\t\t\n\t\t\t\t\t\t\t<div class=\"row-7 block bg-image default default\" style=\"background-image: url(https:\/\/nevask.eu\/wp-content\/uploads\/2025\/07\/vzorovy-dom-02.webp)\">\n\n\t\t\t\t\t\t\t\t<div>\n\n\t\t\t\t\t\t\t\t\t\n\t\t\t\t\t\t\t\t\t\n\t\t\t\t\t\t\t\t<\/div>\n\n\t\t\t\t\t\t\t<\/div>\n\n\t\t\t\t\t\t\n\t\t\t\t\t\t\t\n\t\t\t\t\t\t\t<div class=\"row-5 block bg-image default default\" style=\"background-image: url(https:\/\/nevask.eu\/wp-content\/uploads\/2025\/07\/nitra-zipscreen-zip-135-05.webp)\">\n\n\t\t\t\t\t\t\t\t<div>\n\n\t\t\t\t\t\t\t\t\t\n\t\t\t\t\t\t\t\t\t\n\t\t\t\t\t\t\t\t<\/div>\n\n\t\t\t\t\t\t\t<\/div>\n\n\t\t\t\t\t\t\n\t\t\t\t\t\n\n\n\t\t\t\t\t\t\t\t\t\t\t<\/div>\n\t\t\t\t\t\n\t\t\t\t\n\t\t\t\t\t\t\t\t\t\t\t<div class=\"grid-rows col-4\">\n\t\t\t\t\t\n\n\n\t\t\t\t\t\n\t\t\t\t\t\t\n\t\t\t\t\t\t\t\n\t\t\t\t\t\t\t<div class=\"row-5 block bg-image default default\" style=\"background-image: url(https:\/\/nevask.eu\/wp-content\/uploads\/2025\/07\/zipscreenova-roleta-zip100-rodinnydom-v-nitrianskych-hrnciarovciach-02.webp)\">\n\n\t\t\t\t\t\t\t\t<div>\n\n\t\t\t\t\t\t\t\t\t\n\t\t\t\t\t\t\t\t\t\n\t\t\t\t\t\t\t\t<\/div>\n\n\t\t\t\t\t\t\t<\/div>\n\n\t\t\t\t\t\t\n\t\t\t\t\t\t\t\n\t\t\t\t\t\t\t<div class=\"row-7 block bg-image default default\" style=\"background-image: url(https:\/\/nevask.eu\/wp-content\/uploads\/2025\/07\/promenada-nitra-04.webp)\">\n\n\t\t\t\t\t\t\t\t<div>\n\n\t\t\t\t\t\t\t\t\t\n\t\t\t\t\t\t\t\t\t\n\t\t\t\t\t\t\t\t<\/div>\n\n\t\t\t\t\t\t\t<\/div>\n\n\t\t\t\t\t\t\n\t\t\t\t\t\n\n\n\t\t\t\t\t\t\t\t\t\t\t<\/div>\n\t\t\t\t\t\n\t\t\t\t\n\t\t\t\n\t\t<\/div>\n\t<\/div>\n\n\n\n\t\n\t\t<div class=\"container outro center\">\n\t\t\t<div class=\"cell\">\n\t\t\t\t<a href=\"https:\/\/nevask.eu\/ro\/referinte-neva\/\" target=\"\" class=\"button\"> Mai multe referin\u021be \u2192<\/a>\n\t\t\t<\/div>\n\t\t<\/div>\n\n\t\n<\/div>\n","protected":false},"excerpt":{"rendered":"","protected":false},"author":52,"featured_media":0,"parent":8231,"menu_order":0,"comment_status":"closed","ping_status":"closed","template":"","meta":{"_acf_changed":false,"inline_featured_image":false,"footnotes":""},"class_list":["post-8551","page","type-page","status-publish","hentry"],"acf":[],"yoast_head":"<!-- This site is optimized with the Yoast SEO plugin v27.5 - https:\/\/yoast.com\/product\/yoast-seo-wordpress\/ -->\n<title>Rulouri Screen NEVA Zipscreen ZIP110 | nevask.eu<\/title>\n<meta name=\"description\" content=\"NEVA Zipscreen ZIP110 este perfect la ferestre, balcoane sau pergole. Alege\u021bi dintre 21 de materiale de baz\u0103 la pre\u021b, rezistente la v\u00e2nt, cu garan\u021bie de 5 ani.\" \/>\n<meta name=\"robots\" content=\"index, follow, max-snippet:-1, max-image-preview:large, max-video-preview:-1\" \/>\n<link rel=\"canonical\" href=\"https:\/\/nevask.eu\/ro\/rulouri-screen-neva\/neva-zip110\/\" \/>\n<meta property=\"og:locale\" content=\"ro_RO\" \/>\n<meta property=\"og:type\" content=\"article\" \/>\n<meta property=\"og:title\" content=\"Rulouri Screen NEVA Zipscreen ZIP110 | nevask.eu\" \/>\n<meta property=\"og:description\" content=\"NEVA Zipscreen ZIP110 este perfect la ferestre, balcoane sau pergole. Alege\u021bi dintre 21 de materiale de baz\u0103 la pre\u021b, rezistente la v\u00e2nt, cu garan\u021bie de 5 ani.\" \/>\n<meta property=\"og:url\" content=\"https:\/\/nevask.eu\/ro\/rulouri-screen-neva\/neva-zip110\/\" \/>\n<meta property=\"og:site_name\" content=\"NEVA\" \/>\n<meta property=\"article:modified_time\" content=\"2025-09-12T12:59:40+00:00\" \/>\n<meta name=\"twitter:card\" content=\"summary_large_image\" \/>\n<meta name=\"twitter:label1\" content=\"Timp estimat pentru citire\" \/>\n\t<meta name=\"twitter:data1\" content=\"7 minute\" \/>\n<!-- \/ Yoast SEO plugin. -->","yoast_head_json":{"title":"Rulouri Screen NEVA Zipscreen ZIP110 | nevask.eu","description":"NEVA Zipscreen ZIP110 este perfect la ferestre, balcoane sau pergole. Alege\u021bi dintre 21 de materiale de baz\u0103 la pre\u021b, rezistente la v\u00e2nt, cu garan\u021bie de 5 ani.","robots":{"index":"index","follow":"follow","max-snippet":"max-snippet:-1","max-image-preview":"max-image-preview:large","max-video-preview":"max-video-preview:-1"},"canonical":"https:\/\/nevask.eu\/ro\/rulouri-screen-neva\/neva-zip110\/","og_locale":"ro_RO","og_type":"article","og_title":"Rulouri Screen NEVA Zipscreen ZIP110 | nevask.eu","og_description":"NEVA Zipscreen ZIP110 este perfect la ferestre, balcoane sau pergole. Alege\u021bi dintre 21 de materiale de baz\u0103 la pre\u021b, rezistente la v\u00e2nt, cu garan\u021bie de 5 ani.","og_url":"https:\/\/nevask.eu\/ro\/rulouri-screen-neva\/neva-zip110\/","og_site_name":"NEVA","article_modified_time":"2025-09-12T12:59:40+00:00","twitter_card":"summary_large_image","twitter_misc":{"Timp estimat pentru citire":"7 minute"},"schema":{"@context":"https:\/\/schema.org","@graph":[{"@type":"WebPage","@id":"https:\/\/nevask.eu\/ro\/rulouri-screen-neva\/neva-zip110\/","url":"https:\/\/nevask.eu\/ro\/rulouri-screen-neva\/neva-zip110\/","name":"Rulouri Screen NEVA Zipscreen ZIP110 | nevask.eu","isPartOf":{"@id":"https:\/\/nevask.eu\/ro\/#website"},"datePublished":"2025-07-04T09:02:18+00:00","dateModified":"2025-09-12T12:59:40+00:00","description":"NEVA Zipscreen ZIP110 este perfect la ferestre, balcoane sau pergole. Alege\u021bi dintre 21 de materiale de baz\u0103 la pre\u021b, rezistente la v\u00e2nt, cu garan\u021bie de 5 ani.","breadcrumb":{"@id":"https:\/\/nevask.eu\/ro\/rulouri-screen-neva\/neva-zip110\/#breadcrumb"},"inLanguage":"ro-RO","potentialAction":[{"@type":"ReadAction","target":["https:\/\/nevask.eu\/ro\/rulouri-screen-neva\/neva-zip110\/"]}]},{"@type":"BreadcrumbList","@id":"https:\/\/nevask.eu\/ro\/rulouri-screen-neva\/neva-zip110\/#breadcrumb","itemListElement":[{"@type":"ListItem","position":1,"name":"Home","item":"https:\/\/nevask.eu\/ro\/"},{"@type":"ListItem","position":2,"name":"Rulouri Screen NEVA","item":"https:\/\/nevask.eu\/ro\/rulouri-screen-neva\/"},{"@type":"ListItem","position":3,"name":"NEVA ZIP110"}]},{"@type":"WebSite","@id":"https:\/\/nevask.eu\/ro\/#website","url":"https:\/\/nevask.eu\/ro\/","name":"NEVA","description":"Vonkaj\u0161ie \u017eal\u00fazie a screenov\u00e9 rolety","potentialAction":[{"@type":"SearchAction","target":{"@type":"EntryPoint","urlTemplate":"https:\/\/nevask.eu\/ro\/?s={search_term_string}"},"query-input":{"@type":"PropertyValueSpecification","valueRequired":true,"valueName":"search_term_string"}}],"inLanguage":"ro-RO"}]}},"_links":{"self":[{"href":"https:\/\/nevask.eu\/ro\/wp-json\/wp\/v2\/pages\/8551","targetHints":{"allow":["GET"]}}],"collection":[{"href":"https:\/\/nevask.eu\/ro\/wp-json\/wp\/v2\/pages"}],"about":[{"href":"https:\/\/nevask.eu\/ro\/wp-json\/wp\/v2\/types\/page"}],"author":[{"embeddable":true,"href":"https:\/\/nevask.eu\/ro\/wp-json\/wp\/v2\/users\/52"}],"replies":[{"embeddable":true,"href":"https:\/\/nevask.eu\/ro\/wp-json\/wp\/v2\/comments?post=8551"}],"version-history":[{"count":8,"href":"https:\/\/nevask.eu\/ro\/wp-json\/wp\/v2\/pages\/8551\/revisions"}],"predecessor-version":[{"id":10328,"href":"https:\/\/nevask.eu\/ro\/wp-json\/wp\/v2\/pages\/8551\/revisions\/10328"}],"up":[{"embeddable":true,"href":"https:\/\/nevask.eu\/ro\/wp-json\/wp\/v2\/pages\/8231"}],"wp:attachment":[{"href":"https:\/\/nevask.eu\/ro\/wp-json\/wp\/v2\/media?parent=8551"}],"curies":[{"name":"wp","href":"https:\/\/api.w.org\/{rel}","templated":true}]}}