{"id":8612,"date":"2025-07-02T11:33:44","date_gmt":"2025-07-02T09:33:44","guid":{"rendered":"https:\/\/nevask.eu\/?page_id=8612"},"modified":"2025-09-12T08:48:30","modified_gmt":"2025-09-12T06:48:30","slug":"jaluzele-exterioare-neva-z70","status":"publish","type":"page","link":"https:\/\/nevask.eu\/ro\/jaluzele-exterioare-neva\/jaluzele-exterioare-neva-z70\/","title":{"rendered":"NEVA Z-70"},"content":{"rendered":"\n\n\n\n\n\n<div class=\"section narrow white\">\n\t<div class=\"container\">\n\t\t<div class=\"cell\">\n\t\t\t<ul class=\"breadcrumbs\">\n\t\t\t\t<li><a href=\"https:\/\/nevask.eu\/ro\/\">Home<\/a><\/li>\n\n\t\t\t\t\n\t\t\t<\/ul>\n\t\t<\/div>\n\t<\/div>\n<\/div>\n\n\n\n\n\n\n\n\n<div  class=\"section white\">\n\t<div class=\"container cols-60p-40p\">\n\n\t\t\n\n\n\t\t<div class=\"cell\">\n\n\t\t\t<h1>Jaluzele exterioare NEVA Z-70<\/h1>\n<p class=\"p-large\">Elegant \u0219i silen\u021bios, acest model cu lamele \u00eenguste asigur\u0103 o protec\u021bie excelent\u0103 \u00eempotriva soarelui.<\/p>\n<p>Lamele moderne \u00een form\u0103 de Z asigur\u0103 o pliere ideal\u0103 a lamelelor. Forma sa se potrive\u0219te perfect cu cl\u0103dirile moderne, iar dimensiunea lamelelor sale o face potrivit\u0103 pentru deschideri de ferestre mai \u00eenguste. Ofer\u0103 o umbrire excelent\u0103 \u0219i este silen\u021bios datorit\u0103 piesei de etan\u0219are din cauciuc.<\/p>\n<p>Toate jaluzelele NEVA\u00ae vin cu o<strong>\u00a0garan\u021bie de 5 ani<\/strong>.<\/p>\n\n\t\t\t\n\t\t<\/div>\n\n\n\n\t\t\n\t<\/div>\n<\/div>\n\n\n\n\n\n<div  class=\"section white\">\n\t<div class=\"container product-gallery slider-mobile\">\n\n\t\t\n\t\t\t\n\t\t\t\t<a class=\"cell\" href=\"https:\/\/nevask.eu\/wp-content\/uploads\/2025\/07\/Detail-lamela-zaluzie-NEVA_Z70.png.webp\">\n\t\t\t\t\t<img decoding=\"async\" class=\"ratio-1x1\" src=\"https:\/\/nevask.eu\/wp-content\/uploads\/2025\/07\/Detail-lamela-zaluzie-NEVA_Z70.png.webp\" alt=\"Detail lamely \u017eal\u00fazie NEVA Z-70\">\n\t\t\t\t<\/a>\n\n\t\t\t\n\t\t\t\t<a class=\"cell\" href=\"https:\/\/nevask.eu\/wp-content\/uploads\/2025\/06\/Z70_-_open.png.webp\">\n\t\t\t\t\t<img decoding=\"async\" class=\"ratio-1x1\" src=\"https:\/\/nevask.eu\/wp-content\/uploads\/2025\/06\/Z70_-_open.png.webp\" alt=\"\u017eal\u00fazia NEVA Z-70 - otvoren\u00e1\">\n\t\t\t\t<\/a>\n\n\t\t\t\n\t\t\t\t<a class=\"cell\" href=\"https:\/\/nevask.eu\/wp-content\/uploads\/2025\/06\/Z70_-_close.png.webp\">\n\t\t\t\t\t<img decoding=\"async\" class=\"ratio-1x1\" src=\"https:\/\/nevask.eu\/wp-content\/uploads\/2025\/06\/Z70_-_close.png.webp\" alt=\"\u017eal\u00fazia NEVA Z-70 zatvoren\u00e1\">\n\t\t\t\t<\/a>\n\n\t\t\t\n\t\t\t\t<a class=\"cell\" href=\"https:\/\/nevask.eu\/wp-content\/uploads\/2025\/06\/Detail_Z70-removebg-preview.png.webp\">\n\t\t\t\t\t<img decoding=\"async\" class=\"ratio-1x1\" src=\"https:\/\/nevask.eu\/wp-content\/uploads\/2025\/06\/Detail_Z70-removebg-preview.png.webp\" alt=\"\">\n\t\t\t\t<\/a>\n\n\t\t\t\n\t\t\n\t<\/div>\n<\/div>\n\n\n\n\n\n\n\n\n<div  class=\"section white\">\n\n\t\n\t\t\t<div class=\"container col-70p-center center\">\n\t\t\t\t<div class=\"cell\">\n\t\t\t\t\t\n\t\t\n\t\t\t\t\t<a href=\"https:\/\/nevask.eu\/ro\/oferta-de-pret\/oferta-jaluzele-neva\/\" target=\"\" class=\"button\">Oferta de pre\u021b \u2192<\/a>\n\t\t\n\t\t\t\t\t\t<\/div>\n\t\t\t<\/div>\n\n\t\t\t\n<\/div>\n\n\n\n\n\n<div  class=\"section white\">\n\t<div class=\"container full left\">\n\t\t<div class=\"cell\">\n\t\t\t<p><a href=\"https:\/\/nevask.eu\/ro\/jaluzele-exterioare-neva\/culori-jaluzele-exterioare\/\"><img loading=\"lazy\" decoding=\"async\" class=\"alignleft wp-image-8221\" src=\"https:\/\/nevask.eu\/wp-content\/uploads\/2025\/07\/Asset-76-300x115.png\" alt=\"\" width=\"212\" height=\"81\" srcset=\"https:\/\/nevask.eu\/wp-content\/uploads\/2025\/07\/Asset-76-300x115.png 300w, https:\/\/nevask.eu\/wp-content\/uploads\/2025\/07\/Asset-76-1024x391.png 1024w, https:\/\/nevask.eu\/wp-content\/uploads\/2025\/07\/Asset-76-768x293.png 768w, https:\/\/nevask.eu\/wp-content\/uploads\/2025\/07\/Asset-76-1536x587.png 1536w, https:\/\/nevask.eu\/wp-content\/uploads\/2025\/07\/Asset-76.png 1937w\" sizes=\"auto, (max-width: 212px) 100vw, 212px\" \/><\/a><\/p>\n<p>Pute\u021bi alege orice nuan\u021b\u0103 din <a href=\"https:\/\/nevask.eu\/ro\/jaluzele-exterioare-neva\/culori-jaluzele-exterioare\/\">culorile standard<\/a>, f\u0103r\u0103 costuri suplimentare, sau orice nuan\u021b\u0103 RAL, la cerere.<\/p>\n<p>&nbsp;<\/p>\n\t\t<\/div>\n\t<\/div>\n<\/div>\n\n\n\n\n\n<div  class=\"section tint\">\n\n\t\n\t\t<div class=\"container intro\">\n\t\t\t<div class=\"cell\">\n\t\t\t\t<h2>Avantajele deosebite ale jaluzelelor exterioare NEVA Z-70<\/h2>\n\t\t\t<\/div>\n\t\t<\/div>\n\n\t\n\n\n\t\n\t<div class=\"container cols-33p text-blocks\" style=\"\">\n\n\t\t\n\t\t\t\n\t\t\t\t\n\t\t\t\t<div class=\"cell\" style=\"\">\n\n\t\t\t\t\t\n\t\t\t\t\t\t<div class=\"icon-title\">\n\n\t\t\t\t\t\t\t\t\t\t\t\t\t\t\t<img decoding=\"async\" src=\"https:\/\/nevask.eu\/wp-content\/uploads\/2025\/07\/icon-detail-atmosfera-latkove-rolety-100x100-c-center.webp\" alt=\"Dokonale zatienia dom\">\n\t\t\t\t\t\t\t\n\t\t\t\t\t\t\t\t\t\t\t\t\t\t\t<h3 class=\"h5\">Se \u00eenchide complet<\/h3>\n\t\t\t\t\t\t\t\n\t\t\t\t\t\t<\/div>\n\n\t\t\t\t\t\n\n\n\t\t\t\t\t<p>Lamele jaluzelei Z-70 se potrivesc cu precizie pentru a crea un aspect elegant care v\u0103 asigur\u0103 umbra dorit\u0103 \u0219i v\u0103 protejeaz\u0103 intimitatea<\/p>\n\n\t\t\t\t<\/div>\n\t\t\t\n\t\t\t\t\n\t\t\t\t<div class=\"cell\" style=\"\">\n\n\t\t\t\t\t\n\t\t\t\t\t\t<div class=\"icon-title\">\n\n\t\t\t\t\t\t\t\t\t\t\t\t\t\t\t<img decoding=\"async\" src=\"https:\/\/nevask.eu\/wp-content\/uploads\/2025\/07\/ikona-neva-elegantny-vzhlad.png.webp\" alt=\"Piktogram Hviezdy - Elegantn\u00fd vzh\u013ead\">\n\t\t\t\t\t\t\t\n\t\t\t\t\t\t\t\t\t\t\t\t\t\t\t<h3 class=\"h5\">Design estetic<\/h3>\n\t\t\t\t\t\t\t\n\t\t\t\t\t\t<\/div>\n\n\t\t\t\t\t\n\n\n\t\t\t\t\t<p>Datorit\u0103 num\u0103rului mai mare de lamele mai \u00eenguste, obloanele Z-70 arat\u0103 mai rafinat \u0219i mai elegant chiar \u0219i la ferestrele mai mici.<\/p>\n\n\t\t\t\t<\/div>\n\t\t\t\n\t\t\t\t\n\t\t\t\t<div class=\"cell\" style=\"\">\n\n\t\t\t\t\t\n\t\t\t\t\t\t<div class=\"icon-title\">\n\n\t\t\t\t\t\t\t\t\t\t\t\t\t\t\t<img decoding=\"async\" src=\"https:\/\/nevask.eu\/wp-content\/uploads\/2025\/07\/ikona-neva-velmi-pevne-a-odolne.png.webp\" alt=\"Piktogram diamant - ve\u013emi pevn\u00e9 a odoln\u00e9\">\n\t\t\t\t\t\t\t\n\t\t\t\t\t\t\t\t\t\t\t\t\t\t\t<h3 class=\"h5\">Durabilitate \u0219i rezisten\u021b\u0103<\/h3>\n\t\t\t\t\t\t\t\n\t\t\t\t\t\t<\/div>\n\n\t\t\t\t\t\n\n\n\t\t\t\t\t<p>Lamelele NEVA Z-70 sunt foarte solide \u0219i beneficiaz\u0103 de o protec\u021bie excelent\u0103 a suprafe\u021bei. Datorit\u0103 acestor caracteristici, jaluzelele rezist\u0103 f\u0103r\u0103 dificultate la v\u00e2nt puternic \u0219i sunt mult mai pu\u021bin predispuse la deteriorare.<\/p>\n\n\t\t\t\t<\/div>\n\t\t\t\n\t\t\n\t<\/div>\n\n\n\n\t\n<\/div>\n\n\n\n\n\n<div  class=\"section white\">\n\t<div class=\"container full left\">\n\t\t<div class=\"cell\">\n\t\t\t<h2>Controlul jaluzelelor NEVA Z-70<\/h2>\n<p>Jaluzelele motorizate NEVA Z-70 pot fi ac\u021bionate cu comutator sau telecomand\u0103.<\/p>\n<p>Le pute\u021bi conecta la sistemul dumneavoastr\u0103 de <a href=\"https:\/\/nevask.eu\/ro\/control-casa-inteligenta\/\">cas\u0103 inteligent\u0103<\/a> \u0219i controla de oriunde, direct de pe telefon.<br \/>\nSenzorii inteligen\u021bi \u0219i programele automate v\u0103 ajut\u0103 s\u0103 economisi\u021bi energie \u00een fiecare zi.<\/p>\n<p>Dac\u0103 prefera\u021bi, ave\u021bi \u0219i varianta manual\u0103 cu manivel\u0103, simpl\u0103 \u0219i fiabil\u0103.<\/p>\n\t\t<\/div>\n\t<\/div>\n<\/div>\n\n\n\n\n\n<div  class=\"section dark\">\n\t<div class=\"container full left\">\n\t\t<div class=\"cell\">\n\t\t\t<p><img loading=\"lazy\" decoding=\"async\" class=\"alignnone wp-image-2093\" src=\"https:\/\/nevask.eu\/wp-content\/uploads\/2025\/07\/hash-nevapartner_4.png\" alt=\"hashtag nevapartner - modr\u00e9 na bielom\" width=\"198\" height=\"40\" srcset=\"https:\/\/nevask.eu\/wp-content\/uploads\/2025\/07\/hash-nevapartner_4.png 689w, https:\/\/nevask.eu\/wp-content\/uploads\/2025\/07\/hash-nevapartner_4-300x61.png 300w\" sizes=\"auto, (max-width: 198px) 100vw, 198px\" \/><\/p>\n<p class=\"p-large\">Dac\u0103 dori\u021bi consultan\u021b\u0103 sau s\u0103 viziona\u021bi mostre \u0219i <a href=\"https:\/\/nevask.eu\/ro\/jaluzele-exterioare-neva\/culori-jaluzele-exterioare\/\">culori reale ale jaluzelelor<\/a>, v\u0103 invit\u0103m s\u0103 programa\u021bi o \u00eent\u00e2lnire cu cel mai apropiat <a href=\"https:\/\/nevask.eu\/ro\/dealeri-neva\/\">reprezentant NEVA<\/a> din zona dumneavoastr\u0103.<\/p>\n\t\t<\/div>\n\t<\/div>\n<\/div>\n\n\n\n\n\n\n\n\n<div  class=\"section white\">\n\n\t\n\t\t<div class=\"container intro\">\n\t\t\t<div class=\"cell\">\n\t\t\t\t<h2>Specifica\u021bii technice NEVA Z-70<\/h2>\n\t\t\t<\/div>\n\t\t<\/div>\n\n\t\n\n\n\t<div class=\"container cols-50p\">\n\n\t\t\n\t\t\t<div class=\"cell\">\n\n\t\t\t\t\t\t\t\t\t<h3>Tipul de ghidare \u2013 \u0219in\u0103 de ghidare<\/h3>\n\t\t\t\t\n\n\n\t\t\t\t<div class=\"table-wrapper\"><div class=\"table-wrapper\"><table class=\"nowrap\">\n<tbody>\n<tr>\n<th>Jaluzea NEVA Z-70<\/th>\n<th>Manivel\u0103<\/th>\n<th>Motor<\/th>\n<\/tr>\n<tr>\n<td>L\u0103\u021bimea jaluzelei (mm)<\/td>\n<td>400 \u2013 5000<\/td>\n<td>600 \u2013 5000<\/td>\n<\/tr>\n<tr>\n<td>\u00cen\u0103l\u021bimea \u200bjaluzelei (mm)<\/td>\n<td>500 \u2013 5000<\/td>\n<td>500 \u2013 5000<\/td>\n<\/tr>\n<tr>\n<td>Suprafa\u021ba maxim\u0103<br \/>\na \u200bjaluzelei (m2)<\/td>\n<td>9<\/td>\n<td>20<\/td>\n<\/tr>\n<tr>\n<td>Clasa de rezisten\u021b\u0103<br \/>\nla v\u00e2nt<\/td>\n<td>p\u00e2n\u0103 la 6,<br \/>\n88 km\/h<\/td>\n<td>p\u00e2n\u0103 la 6,<br \/>\n88 km\/h<\/td>\n<\/tr>\n<\/tbody>\n<\/table><\/div><\/div>\n\n\t\t\t<\/div>\n\n\t\t\n\t\t\t<div class=\"cell\">\n\n\t\t\t\t\t\t\t\t\t<h3>Tipul de ghidare \u2013 cablu<\/h3>\n\t\t\t\t\n\n\n\t\t\t\t<div class=\"table-wrapper\"><div class=\"table-wrapper\"><table class=\"nowrap\">\n<tbody>\n<tr>\n<th>Jaluzea NEVA Z-70<\/th>\n<th>Manivel\u0103<\/th>\n<th>Motor<\/th>\n<\/tr>\n<tr>\n<td>L\u0103\u021bimea jaluzelei<br \/>\n(mm)<\/td>\n<td>400 \u2013 4000<\/td>\n<td>600 \u2013 4000<\/td>\n<\/tr>\n<tr>\n<td>\u00cen\u0103l\u021bimea \u200bjaluzelei<br \/>\n(mm)<\/td>\n<td>500 \u2013 4000<\/td>\n<td>500 \u2013 4000<\/td>\n<\/tr>\n<tr>\n<td>Suprafa\u021ba maxim\u0103<br \/>\na \u200bjaluzelei\u00a0 (m2)<\/td>\n<td>9<\/td>\n<td>16<\/td>\n<\/tr>\n<tr>\n<td>Clasa de rezisten\u021b\u0103<br \/>\nla v\u00e2nt<\/td>\n<td>p\u00e2n\u0103 la 3,<br \/>\n49 km\/h<\/td>\n<td>p\u00e2n\u0103 la 3,<br \/>\n49 km\/h<\/td>\n<\/tr>\n<\/tbody>\n<\/table><\/div><\/div>\n\n\t\t\t<\/div>\n\n\t\t\n\t<\/div>\n<\/div>\n\n\n\n\n\n\n\n\n<div  class=\"section white\">\n\n\t\n\t\t<div class=\"container intro\">\n\t\t\t<div class=\"cell\">\n\t\t\t\t<h2>Desen tehnic NEVA Z-70<\/h2>\n\t\t\t<\/div>\n\t\t<\/div>\n\n\t\n\n\n\t<div class=\"container cols-40p-60p\">\n\n\t\t\n\t\t\t<div class=\"cell\">\n\n\t\t\t\t\n\n\n\t\t\t\t\n\t\t\t\t\t\t\t\t\t\t\t\t\t<img decoding=\"async\" src=\"https:\/\/nevask.eu\/wp-content\/uploads\/2025\/07\/Z70-b-e1752843840876.png\" alt=\"Rez - \u017eal\u00fazia NEVA Z-70\">\n\t\t\t\t\t\t\n\t\t\t\t\t\t\n\t\t\t<\/div>\n\n\t\t\n\t\t\t<div class=\"cell\">\n\n\t\t\t\t\n\n\n\t\t\t\t<div class=\"table-wrapper\"><div class=\"table-wrapper\"><table class=\"nowrap\">\n<tbody>\n<tr>\n<th colspan=\"3\">Legend\u0103<\/th>\n<\/tr>\n<tr>\n<td>1<\/td>\n<td>Spa\u021biu interior<br \/>\npentru jaluzea (mm)<\/td>\n<td>130<br \/>\n(recomandat)<\/td>\n<\/tr>\n<tr>\n<td>2<\/td>\n<td>\u00cen\u0103l\u021bimea coletului<br \/>\n(mm)<\/td>\n<td>200 \u2013 460<\/td>\n<\/tr>\n<tr>\n<td>3<\/td>\n<td>\u200b\u00cen\u0103l\u021bimea total\u0103<br \/>\na jaluzelei (mm)<\/td>\n<td>500 \u2013 5000<\/td>\n<\/tr>\n<\/tbody>\n<\/table><\/div><\/div>\n\n\t\t\t<\/div>\n\n\t\t\n\t<\/div>\n<\/div>\n\n\n\n\n\n\n\n\n<div  class=\"section tint\">\n\t<div class=\"container cols-50p\">\n\n\t\t\n\t\t\t<div class=\"cell center vcenter\">\n\t\t\t\t<img decoding=\"async\" src=\"https:\/\/nevask.eu\/wp-content\/uploads\/2025\/07\/Zaluzie-NEVA-priznany-kastlik_zadny-plech-WMm_stvorec-1024x1024.jpg\" alt=\"\u017dal\u00fazie NEVA s vidite\u013en\u00fdm kastl\u00edkom\">\n\t\t\t<\/div>\n\n\t\t\n\n\n\t\t<div class=\"cell\">\n\n\t\t\t<h2 data-start=\"79\" data-end=\"159\">Carcas\u0103 vizibil\u0103 sau montaj \u00eencastrat sub tencuial\u0103?<\/h2>\n<p class=\"p-large\" data-start=\"79\" data-end=\"159\">A\u021bi ales jaluzelele exterioare NEVA Z-70 \u0219i v\u0103 g\u00e2ndi\u021bi care metod\u0103 de montaj vi se potrive\u0219te cel mai bine?<\/p>\n<p data-start=\"161\" data-end=\"372\">V-am preg\u0103tit 9 exemple vizuale cu cele mai populare moduri de montaj a jaluzelelor exterioare, ca s\u0103 v\u0103 fie mai u\u0219or s\u0103 alege\u021bi solu\u021bia potrivit\u0103 pentru proiectul dumneavoastr\u0103.<\/p>\n\n\t\t\t\t\t\t\t<a href=\"https:\/\/nevask.eu\/ro\/jaluzele-exterioare-neva\/metode-de-instalare-a-jaluzelelor-exterioare\/\" target=\"\" class=\"button\">Modalit\u0103\u021bi de montaj pentru jaluzelele exterioare \u2192<\/a>\n\t\t\t\n\t\t<\/div>\n\n\n\n\t\t\n\t<\/div>\n<\/div>\n\n\n\n\n\n<div  class=\"section white\">\n\n\t\n\t\t<div class=\"container intro\">\n\t\t\t<div class=\"cell\">\n\t\t\t\t<h2>Realizari alese cu jaluzele exterioare NEVA Z-90<\/h2>\n\t\t\t<\/div>\n\t\t<\/div>\n\n\t\n\n\n\t<div class=\"container\">\n\t\t<div class=\"grid-cols\">\n\n\t\t\t\n\t\t\t\t\n\t\t\t\t\t\n\n\n\t\t\t\t\t\n\t\t\t\t\t\t\n\t\t\t\t\t\t\t\n\t\t\t\t\t\t\t<div class=\"col-4 block bg-image h600 default\" style=\"background-image: url(https:\/\/nevask.eu\/wp-content\/uploads\/2025\/06\/vonkajsie-zaluzie-z90-rodinna-vila-nad-mestom-08.webp)\">\n\n\t\t\t\t\t\t\t\t<div>\n\n\t\t\t\t\t\t\t\t\t\n\t\t\t\t\t\t\t\t\t\n\t\t\t\t\t\t\t\t<\/div>\n\n\t\t\t\t\t\t\t<\/div>\n\n\t\t\t\t\t\t\n\t\t\t\t\t\n\n\n\t\t\t\t\t\n\t\t\t\t\n\t\t\t\t\t\t\t\t\t\t\t<div class=\"grid-rows col-4\">\n\t\t\t\t\t\n\n\n\t\t\t\t\t\n\t\t\t\t\t\t\n\t\t\t\t\t\t\t\n\t\t\t\t\t\t\t<div class=\"row-7 block bg-image default default\" style=\"background-image: url(https:\/\/nevask.eu\/wp-content\/uploads\/2025\/06\/NEVA-KolibaGardens-SK-Z90-7016-07-1920x0-c-center-scaled.webp)\">\n\n\t\t\t\t\t\t\t\t<div>\n\n\t\t\t\t\t\t\t\t\t\n\t\t\t\t\t\t\t\t\t\n\t\t\t\t\t\t\t\t<\/div>\n\n\t\t\t\t\t\t\t<\/div>\n\n\t\t\t\t\t\t\n\t\t\t\t\t\t\t\n\t\t\t\t\t\t\t<div class=\"row-5 block bg-image default default\" style=\"background-image: url(https:\/\/nevask.eu\/wp-content\/uploads\/2025\/06\/vonkajsie-zaluzie-z90-malzenice-03.webp)\">\n\n\t\t\t\t\t\t\t\t<div>\n\n\t\t\t\t\t\t\t\t\t\n\t\t\t\t\t\t\t\t\t\n\t\t\t\t\t\t\t\t<\/div>\n\n\t\t\t\t\t\t\t<\/div>\n\n\t\t\t\t\t\t\n\t\t\t\t\t\n\n\n\t\t\t\t\t\t\t\t\t\t\t<\/div>\n\t\t\t\t\t\n\t\t\t\t\n\t\t\t\t\t\t\t\t\t\t\t<div class=\"grid-rows col-4\">\n\t\t\t\t\t\n\n\n\t\t\t\t\t\n\t\t\t\t\t\t\n\t\t\t\t\t\t\t\n\t\t\t\t\t\t\t<div class=\"row-5 block bg-image default default\" style=\"background-image: url(https:\/\/nevask.eu\/wp-content\/uploads\/2025\/06\/vonkajsie-zaluzie-z90-rodinny-dom-s-drevenym-oblozenim-04.webp)\">\n\n\t\t\t\t\t\t\t\t<div>\n\n\t\t\t\t\t\t\t\t\t\n\t\t\t\t\t\t\t\t\t\n\t\t\t\t\t\t\t\t<\/div>\n\n\t\t\t\t\t\t\t<\/div>\n\n\t\t\t\t\t\t\n\t\t\t\t\t\t\t\n\t\t\t\t\t\t\t<div class=\"row-7 block bg-image default default\" style=\"background-image: url(https:\/\/nevask.eu\/wp-content\/uploads\/2025\/06\/vonkajsie-zaluzie-z90-vila-v-budapesti-01.webp)\">\n\n\t\t\t\t\t\t\t\t<div>\n\n\t\t\t\t\t\t\t\t\t\n\t\t\t\t\t\t\t\t\t\n\t\t\t\t\t\t\t\t<\/div>\n\n\t\t\t\t\t\t\t<\/div>\n\n\t\t\t\t\t\t\n\t\t\t\t\t\n\n\n\t\t\t\t\t\t\t\t\t\t\t<\/div>\n\t\t\t\t\t\n\t\t\t\t\n\t\t\t\n\t\t<\/div>\n\t<\/div>\n\n\n\n\t\n\t\t<div class=\"container outro center\">\n\t\t\t<div class=\"cell\">\n\t\t\t\t<a href=\"https:\/\/nevask.eu\/ro\/referinte-neva\/\" target=\"\" class=\"button\">Mai multe referin\u021be \u2192<\/a>\n\t\t\t<\/div>\n\t\t<\/div>\n\n\t\n<\/div>\n","protected":false},"excerpt":{"rendered":"","protected":false},"author":52,"featured_media":0,"parent":8214,"menu_order":0,"comment_status":"closed","ping_status":"closed","template":"","meta":{"_acf_changed":false,"inline_featured_image":false,"footnotes":""},"class_list":["post-8612","page","type-page","status-publish","hentry"],"acf":[],"yoast_head":"<!-- This site is optimized with the Yoast SEO plugin v27.5 - https:\/\/yoast.com\/product\/yoast-seo-wordpress\/ -->\n<title>Jaluzele exterioare NEVA Z-70 | nevask.eu<\/title>\n<meta name=\"description\" content=\"Jaluzele exterioare foarte silen\u021bioase \u0219i elegante. Sunt excelente pentru umbrirea ferestrelor mai mici sau ferestrelor \u00eenguste \u0219i \u00eenalte, au lamele mai \u00eenguste\" \/>\n<meta name=\"robots\" content=\"index, follow, max-snippet:-1, max-image-preview:large, max-video-preview:-1\" \/>\n<link rel=\"canonical\" href=\"https:\/\/nevask.eu\/ro\/jaluzele-exterioare-neva\/jaluzele-exterioare-neva-z70\/\" \/>\n<meta property=\"og:locale\" content=\"ro_RO\" \/>\n<meta property=\"og:type\" content=\"article\" \/>\n<meta property=\"og:title\" content=\"Jaluzele exterioare NEVA Z-70 | nevask.eu\" \/>\n<meta property=\"og:description\" content=\"Jaluzele exterioare foarte silen\u021bioase \u0219i elegante. Sunt excelente pentru umbrirea ferestrelor mai mici sau ferestrelor \u00eenguste \u0219i \u00eenalte, au lamele mai \u00eenguste\" \/>\n<meta property=\"og:url\" content=\"https:\/\/nevask.eu\/ro\/jaluzele-exterioare-neva\/jaluzele-exterioare-neva-z70\/\" \/>\n<meta property=\"og:site_name\" content=\"NEVA\" \/>\n<meta property=\"article:modified_time\" content=\"2025-09-12T06:48:30+00:00\" \/>\n<meta name=\"twitter:card\" content=\"summary_large_image\" \/>\n<meta name=\"twitter:label1\" content=\"Timp estimat pentru citire\" \/>\n\t<meta name=\"twitter:data1\" content=\"6 minute\" \/>\n<!-- \/ Yoast SEO plugin. -->","yoast_head_json":{"title":"Jaluzele exterioare NEVA Z-70 | nevask.eu","description":"Jaluzele exterioare foarte silen\u021bioase \u0219i elegante. Sunt excelente pentru umbrirea ferestrelor mai mici sau ferestrelor \u00eenguste \u0219i \u00eenalte, au lamele mai \u00eenguste","robots":{"index":"index","follow":"follow","max-snippet":"max-snippet:-1","max-image-preview":"max-image-preview:large","max-video-preview":"max-video-preview:-1"},"canonical":"https:\/\/nevask.eu\/ro\/jaluzele-exterioare-neva\/jaluzele-exterioare-neva-z70\/","og_locale":"ro_RO","og_type":"article","og_title":"Jaluzele exterioare NEVA Z-70 | nevask.eu","og_description":"Jaluzele exterioare foarte silen\u021bioase \u0219i elegante. Sunt excelente pentru umbrirea ferestrelor mai mici sau ferestrelor \u00eenguste \u0219i \u00eenalte, au lamele mai \u00eenguste","og_url":"https:\/\/nevask.eu\/ro\/jaluzele-exterioare-neva\/jaluzele-exterioare-neva-z70\/","og_site_name":"NEVA","article_modified_time":"2025-09-12T06:48:30+00:00","twitter_card":"summary_large_image","twitter_misc":{"Timp estimat pentru citire":"6 minute"},"schema":{"@context":"https:\/\/schema.org","@graph":[{"@type":"WebPage","@id":"https:\/\/nevask.eu\/ro\/jaluzele-exterioare-neva\/jaluzele-exterioare-neva-z70\/","url":"https:\/\/nevask.eu\/ro\/jaluzele-exterioare-neva\/jaluzele-exterioare-neva-z70\/","name":"Jaluzele exterioare NEVA Z-70 | nevask.eu","isPartOf":{"@id":"https:\/\/nevask.eu\/ro\/#website"},"datePublished":"2025-07-02T09:33:44+00:00","dateModified":"2025-09-12T06:48:30+00:00","description":"Jaluzele exterioare foarte silen\u021bioase \u0219i elegante. Sunt excelente pentru umbrirea ferestrelor mai mici sau ferestrelor \u00eenguste \u0219i \u00eenalte, au lamele mai \u00eenguste","breadcrumb":{"@id":"https:\/\/nevask.eu\/ro\/jaluzele-exterioare-neva\/jaluzele-exterioare-neva-z70\/#breadcrumb"},"inLanguage":"ro-RO","potentialAction":[{"@type":"ReadAction","target":["https:\/\/nevask.eu\/ro\/jaluzele-exterioare-neva\/jaluzele-exterioare-neva-z70\/"]}]},{"@type":"BreadcrumbList","@id":"https:\/\/nevask.eu\/ro\/jaluzele-exterioare-neva\/jaluzele-exterioare-neva-z70\/#breadcrumb","itemListElement":[{"@type":"ListItem","position":1,"name":"Home","item":"https:\/\/nevask.eu\/ro\/"},{"@type":"ListItem","position":2,"name":"Jaluzele exterioare NEVA","item":"https:\/\/nevask.eu\/ro\/jaluzele-exterioare-neva\/"},{"@type":"ListItem","position":3,"name":"NEVA Z-70"}]},{"@type":"WebSite","@id":"https:\/\/nevask.eu\/ro\/#website","url":"https:\/\/nevask.eu\/ro\/","name":"NEVA","description":"Vonkaj\u0161ie \u017eal\u00fazie a screenov\u00e9 rolety","potentialAction":[{"@type":"SearchAction","target":{"@type":"EntryPoint","urlTemplate":"https:\/\/nevask.eu\/ro\/?s={search_term_string}"},"query-input":{"@type":"PropertyValueSpecification","valueRequired":true,"valueName":"search_term_string"}}],"inLanguage":"ro-RO"}]}},"_links":{"self":[{"href":"https:\/\/nevask.eu\/ro\/wp-json\/wp\/v2\/pages\/8612","targetHints":{"allow":["GET"]}}],"collection":[{"href":"https:\/\/nevask.eu\/ro\/wp-json\/wp\/v2\/pages"}],"about":[{"href":"https:\/\/nevask.eu\/ro\/wp-json\/wp\/v2\/types\/page"}],"author":[{"embeddable":true,"href":"https:\/\/nevask.eu\/ro\/wp-json\/wp\/v2\/users\/52"}],"replies":[{"embeddable":true,"href":"https:\/\/nevask.eu\/ro\/wp-json\/wp\/v2\/comments?post=8612"}],"version-history":[{"count":8,"href":"https:\/\/nevask.eu\/ro\/wp-json\/wp\/v2\/pages\/8612\/revisions"}],"predecessor-version":[{"id":10229,"href":"https:\/\/nevask.eu\/ro\/wp-json\/wp\/v2\/pages\/8612\/revisions\/10229"}],"up":[{"embeddable":true,"href":"https:\/\/nevask.eu\/ro\/wp-json\/wp\/v2\/pages\/8214"}],"wp:attachment":[{"href":"https:\/\/nevask.eu\/ro\/wp-json\/wp\/v2\/media?parent=8612"}],"curies":[{"name":"wp","href":"https:\/\/api.w.org\/{rel}","templated":true}]}}