{"id":8617,"date":"2025-07-02T13:29:55","date_gmt":"2025-07-02T11:29:55","guid":{"rendered":"https:\/\/nevask.eu\/?page_id=8617"},"modified":"2025-09-12T08:58:18","modified_gmt":"2025-09-12T06:58:18","slug":"jaluzele-exterioare-neva-s90","status":"publish","type":"page","link":"https:\/\/nevask.eu\/ro\/jaluzele-exterioare-neva\/jaluzele-exterioare-neva-s90\/","title":{"rendered":"NEVA S-90"},"content":{"rendered":"\n\n\n\n\n\n<div class=\"section narrow white\">\n\t<div class=\"container\">\n\t\t<div class=\"cell\">\n\t\t\t<ul class=\"breadcrumbs\">\n\t\t\t\t<li><a href=\"https:\/\/nevask.eu\/ro\/\">Home<\/a><\/li>\n\n\t\t\t\t\n\t\t\t<\/ul>\n\t\t<\/div>\n\t<\/div>\n<\/div>\n\n\n\n\n\n\n\n\n<div  class=\"section white\">\n\t<div class=\"container cols-60p-40p\">\n\n\t\t\n\n\n\t\t<div class=\"cell\">\n\n\t\t\t<h1>Jaluzele exterioare NEVA S-90<\/h1>\n<p class=\"p-large\">Jaluzelele exterioare NEVA S-90, cu lamele \u00een form\u0103 de \u201eS\u201c, sunt cele mai solide \u0219i durabile din \u00eentreaga noastr\u0103 gam\u0103.<\/p>\n<p>Cel mai robust tip de lamel\u0103, forma sa curbat\u0103 se potrive\u0219te perfect cu cl\u0103dirile moderne \u0219i poate fi combinat\u0103 chiar \u0219i cu obloanele rulante. Umbrire excelent\u0103 \u0219i func\u021bionare silen\u021bioas\u0103 datorit\u0103 cauciucului de etan\u0219are.<\/p>\n<p>Toate jaluzelele NEVA\u00ae vin cu o<strong>\u00a0garan\u021bie de 5 ani<\/strong>.<\/p>\n\n\t\t\t\n\t\t<\/div>\n\n\n\n\t\t\n\t<\/div>\n<\/div>\n\n\n\n\n\n<div  class=\"section white\">\n\t<div class=\"container product-gallery slider-mobile\">\n\n\t\t\n\t\t\t\n\t\t\t\t<a class=\"cell\" href=\"https:\/\/nevask.eu\/wp-content\/uploads\/2025\/07\/Detail-lamely-zaluzie-NEVA-S-90.png.webp\">\n\t\t\t\t\t<img decoding=\"async\" class=\"ratio-1x1\" src=\"https:\/\/nevask.eu\/wp-content\/uploads\/2025\/07\/Detail-lamely-zaluzie-NEVA-S-90.png.webp\" alt=\"Detail lamely \"S\" \u017eal\u00fazie NEVA S-90\">\n\t\t\t\t<\/a>\n\n\t\t\t\n\t\t\t\t<a class=\"cell\" href=\"https:\/\/nevask.eu\/wp-content\/uploads\/2025\/07\/S90_-_open.png.webp\">\n\t\t\t\t\t<img decoding=\"async\" class=\"ratio-1x1\" src=\"https:\/\/nevask.eu\/wp-content\/uploads\/2025\/07\/S90_-_open.png.webp\" alt=\"\u017dal\u00fazia S-90 s vodiacimi profilmi - otvoren\u00e1\">\n\t\t\t\t<\/a>\n\n\t\t\t\n\t\t\t\t<a class=\"cell\" href=\"https:\/\/nevask.eu\/wp-content\/uploads\/2025\/07\/S90_-_close.png.webp\">\n\t\t\t\t\t<img decoding=\"async\" class=\"ratio-1x1\" src=\"https:\/\/nevask.eu\/wp-content\/uploads\/2025\/07\/S90_-_close.png.webp\" alt=\"\u017dal\u00fazia S-90 s vodiacimi profilmi - zatvoren\u00e1\">\n\t\t\t\t<\/a>\n\n\t\t\t\n\t\t\t\t<a class=\"cell\" href=\"https:\/\/nevask.eu\/wp-content\/uploads\/2025\/07\/Detail_S90.png.webp\">\n\t\t\t\t\t<img decoding=\"async\" class=\"ratio-1x1\" src=\"https:\/\/nevask.eu\/wp-content\/uploads\/2025\/07\/Detail_S90.png.webp\" alt=\"detail na spodn\u00fa \u010das\u0165 \u017eal\u00fazi\u00ed NEVA S-90 s kovov\u00fdm kol\u00edkom\">\n\t\t\t\t<\/a>\n\n\t\t\t\n\t\t\n\t<\/div>\n<\/div>\n\n\n\n\n\n\n\n\n<div  class=\"section white\">\n\n\t\n\t\t\t<div class=\"container col-70p-center center\">\n\t\t\t\t<div class=\"cell\">\n\t\t\t\t\t\n\t\t\n\t\t\t\t\t<a href=\"https:\/\/nevask.eu\/ro\/oferta-de-pret\/oferta-jaluzele-neva\/\" target=\"\" class=\"button\">Oferta de pre\u021b \u2192<\/a>\n\t\t\n\t\t\t\t\t\t<\/div>\n\t\t\t<\/div>\n\n\t\t\t\n<\/div>\n\n\n\n\n\n<div  class=\"section white\">\n\t<div class=\"container full left\">\n\t\t<div class=\"cell\">\n\t\t\t<p><a href=\"https:\/\/nevask.eu\/ro\/jaluzele-exterioare-neva\/culori-jaluzele-exterioare\/\"><img loading=\"lazy\" decoding=\"async\" class=\"alignleft wp-image-8221\" src=\"https:\/\/nevask.eu\/wp-content\/uploads\/2025\/07\/Asset-76-300x115.png\" alt=\"\" width=\"219\" height=\"84\" srcset=\"https:\/\/nevask.eu\/wp-content\/uploads\/2025\/07\/Asset-76-300x115.png 300w, https:\/\/nevask.eu\/wp-content\/uploads\/2025\/07\/Asset-76-1024x391.png 1024w, https:\/\/nevask.eu\/wp-content\/uploads\/2025\/07\/Asset-76-768x293.png 768w, https:\/\/nevask.eu\/wp-content\/uploads\/2025\/07\/Asset-76-1536x587.png 1536w, https:\/\/nevask.eu\/wp-content\/uploads\/2025\/07\/Asset-76.png 1937w\" sizes=\"auto, (max-width: 219px) 100vw, 219px\" \/><\/a>Alege\u021bi dintr-o palet\u0103 variat\u0103 de <a href=\"https:\/\/nevask.eu\/ro\/jaluzele-exterioare-neva\/culori-jaluzele-exterioare\/\">22 de culori standard<\/a>, disponibile f\u0103r\u0103 costuri suplimentare.<\/p>\n<p>Jaluzelele NEVA S-90 pot fi ac\u021bionate manual cu manivel\u0103 sau comod, cu comutator ori telecomand\u0103 la distan\u021b\u0103.<br \/>\nIar dac\u0103 le integra\u021bi \u00een <a href=\"https:\/\/nevask.eu\/ro\/control-casa-inteligenta\/\">casa inteligent\u0103<\/a>, le pute\u021bi controla direct de pe telefon sau programa func\u021bionarea automat\u0103 pentru deschidere \u0219i \u00eenchidere.<\/p>\n\t\t<\/div>\n\t<\/div>\n<\/div>\n\n\n\n\n\n<div  class=\"section dark\">\n\t<div class=\"container full left\">\n\t\t<div class=\"cell\">\n\t\t\t<p><img loading=\"lazy\" decoding=\"async\" class=\"alignnone wp-image-2093\" src=\"https:\/\/nevask.eu\/wp-content\/uploads\/2025\/07\/hash-nevapartner_4.png\" alt=\"hashtag nevapartner - modr\u00e9 na bielom\" width=\"223\" height=\"45\" srcset=\"https:\/\/nevask.eu\/wp-content\/uploads\/2025\/07\/hash-nevapartner_4.png 689w, https:\/\/nevask.eu\/wp-content\/uploads\/2025\/07\/hash-nevapartner_4-300x61.png 300w\" sizes=\"auto, (max-width: 223px) 100vw, 223px\" \/><\/p>\n<p class=\"p-large\">Dac\u0103 dori\u021bi consultan\u021b\u0103 sau s\u0103 viziona\u021bi mostre \u0219i culori reale ale jaluzelelor, v\u0103 invit\u0103m s\u0103 programa\u021bi o \u00eent\u00e2lnire cu cel mai apropiat <a href=\"https:\/\/nevask.eu\/ro\/dealeri-neva\/\">reprezentant NEVA<\/a> din zona dumneavoastr\u0103.<\/p>\n\t\t<\/div>\n\t<\/div>\n<\/div>\n\n\n\n\n\n<div  class=\"section tint\">\n\n\t\n\t\t<div class=\"container intro\">\n\t\t\t<div class=\"cell\">\n\t\t\t\t<h2>Avantajele deosebite ale jaluzelelor exterioare NEVA S-90<\/h2>\n\t\t\t<\/div>\n\t\t<\/div>\n\n\t\n\n\n\t\n\t<div class=\"container cols-33p text-blocks\" style=\"\">\n\n\t\t\n\t\t\t\n\t\t\t\t\n\t\t\t\t<div class=\"cell\" style=\"\">\n\n\t\t\t\t\t\n\t\t\t\t\t\t<div class=\"icon-title\">\n\n\t\t\t\t\t\t\t\t\t\t\t\t\t\t\t<img decoding=\"async\" src=\"https:\/\/nevask.eu\/wp-content\/uploads\/2025\/07\/icon-detail-atmosfera-latkove-rolety-100x100-c-center.webp\" alt=\"Dokonale zatienia dom\">\n\t\t\t\t\t\t\t\n\t\t\t\t\t\t\t\t\t\t\t\t\t\t\t<h3 class=\"h5\">Se \u00eenchide complet<\/h3>\n\t\t\t\t\t\t\t\n\t\t\t\t\t\t<\/div>\n\n\t\t\t\t\t\n\n\n\t\t\t\t\t<p>Lamele \u200bjaluzelei NEVA S-90 se potrivesc cu precizie pentru a crea un aspect elegant care v\u0103 asigur\u0103 umbra dorit\u0103 \u0219i v\u0103 protejeaz\u0103 intimitatea<\/p>\n\n\t\t\t\t<\/div>\n\t\t\t\n\t\t\t\t\n\t\t\t\t<div class=\"cell\" style=\"\">\n\n\t\t\t\t\t\n\t\t\t\t\t\t<div class=\"icon-title\">\n\n\t\t\t\t\t\t\t\t\t\t\t\t\t\t\t<img decoding=\"async\" src=\"https:\/\/nevask.eu\/wp-content\/uploads\/2025\/07\/636600-afb48f00.png.webp\" alt=\"piktogram - diamant\">\n\t\t\t\t\t\t\t\n\t\t\t\t\t\t\t\t\t\t\t\t\t\t\t<h3 class=\"h5\">Durabilitate \u0219i rezisten\u021b\u0103<\/h3>\n\t\t\t\t\t\t\t\n\t\t\t\t\t\t<\/div>\n\n\t\t\t\t\t\n\n\n\t\t\t\t\t<p>Lamelele NEVA S-90 sunt foarte solide \u0219i beneficiaz\u0103 de o protec\u021bie excelent\u0103 a suprafe\u021bei. Datorit\u0103 acestor caracteristici, jaluzelele rezist\u0103 f\u0103r\u0103 dificultate la v\u00e2nt puternic \u0219i sunt mult mai pu\u021bin predispuse la deteriorare.<\/p>\n\n\t\t\t\t<\/div>\n\t\t\t\n\t\t\t\t\n\t\t\t\t<div class=\"cell\" style=\"\">\n\n\t\t\t\t\t\n\t\t\t\t\t\t<div class=\"icon-title\">\n\n\t\t\t\t\t\t\t\t\t\t\t\t\t\t\t<img decoding=\"async\" src=\"https:\/\/nevask.eu\/wp-content\/uploads\/2025\/07\/3073269-7a81f9be.png.webp\" alt=\"piktogram - slnko za oknom\">\n\t\t\t\t\t\t\t\n\t\t\t\t\t\t\t\t\t\t\t\t\t\t\t<h3 class=\"h5\">Seam\u0103n\u0103 cu sistemele de rolete<\/h3>\n\t\t\t\t\t\t\t\n\t\t\t\t\t\t<\/div>\n\n\t\t\t\t\t\n\n\n\t\t\t\t\t<p>Cel mai robust tip de lamele, forma sa curbat\u0103 se potrive\u0219te perfect cu cl\u0103dirile moderne \u0219i poate fi combinat\u0103 chiar \u0219i cu obloanele rulante.<\/p>\n\n\t\t\t\t<\/div>\n\t\t\t\n\t\t\n\t<\/div>\n\n\n\n\t\n\t\t<div class=\"container outro center\">\n\t\t\t<div class=\"cell\">\n\n\t\t\t\t\n\t\t\t\t\t\t\t\t\t<a href=\"https:\/\/nevask.eu\/ro\/jaluzele-exterioare-neva\/#avantajele\" target=\"\" class=\"button\">Alte avantaje ale jaluzelelor NEVA \u2192<\/a>\n\t\t\t\t\n\t\t\t<\/div>\n\t\t<\/div>\n\n\t\n<\/div>\n\n\n\n\n\n\n\n\n<div  class=\"section white\">\n\n\t\n\t\t<div class=\"container intro\">\n\t\t\t<div class=\"cell\">\n\t\t\t\t<h2>Specifica\u021bii technice NEVA S-90<\/h2>\n\t\t\t<\/div>\n\t\t<\/div>\n\n\t\n\n\n\t<div class=\"container \">\n\n\t\t\n\t\t\t<div class=\"cell\">\n\n\t\t\t\t\n\n\n\t\t\t\t<div class=\"table-wrapper\"><div class=\"table-wrapper\"><table class=\"nowrap\">\n<tbody>\n<tr>\n<th>Jaluzea NEVA S-90<\/th>\n<th>Manivel\u0103<\/th>\n<th>Motor<\/th>\n<\/tr>\n<tr>\n<td>L\u0103\u021bimea jaluzelei<br \/>\n(mm)<\/td>\n<td>400 \u2013 5000<\/td>\n<td>600 \u2013 5000<\/td>\n<\/tr>\n<tr>\n<td>\u00cen\u0103l\u021bimea \u200bjaluzelei<br \/>\n(mm)<\/td>\n<td>500 \u2013 5000<\/td>\n<td>500 \u2013 5000<\/td>\n<\/tr>\n<tr>\n<td>Suprafa\u021ba maxim\u0103<br \/>\na \u200bjaluzelei\u00a0 (m2)<\/td>\n<td>9<\/td>\n<td>20<\/td>\n<\/tr>\n<tr>\n<td>Clasa de rezisten\u021b\u0103<br \/>\nla v\u00e2nt<\/td>\n<td>p\u00e2n\u0103 la 6,<br \/>\n88 km\/h<\/td>\n<td>p\u00e2n\u0103 la 6,<br \/>\n88 km\/h<\/td>\n<\/tr>\n<\/tbody>\n<\/table><\/div><\/div>\n\n\t\t\t<\/div>\n\n\t\t\n\t<\/div>\n<\/div>\n\n\n\n\n\n\n\n\n<div  class=\"section white\">\n\n\t\n\t\t<div class=\"container intro\">\n\t\t\t<div class=\"cell\">\n\t\t\t\t<h3>Desen tehnic NEVA S-90<\/h3>\n\t\t\t<\/div>\n\t\t<\/div>\n\n\t\n\n\n\t<div class=\"container cols-40p-60p\">\n\n\t\t\n\t\t\t<div class=\"cell\">\n\n\t\t\t\t\n\n\n\t\t\t\t\n\t\t\t\t\t\t\t\t\t\t\t\t\t<img decoding=\"async\" src=\"https:\/\/nevask.eu\/wp-content\/uploads\/2025\/07\/S90-b-e1753109573681.png\" alt=\"Rez - \u017eal\u00fazie NEVA S-90\">\n\t\t\t\t\t\t\n\t\t\t\t\t\t\n\t\t\t<\/div>\n\n\t\t\n\t\t\t<div class=\"cell\">\n\n\t\t\t\t\n\n\n\t\t\t\t<div class=\"table-wrapper\"><div class=\"table-wrapper\"><table class=\"nowrap\">\n<tbody>\n<tr>\n<th colspan=\"3\">Legend\u0103<\/th>\n<\/tr>\n<tr>\n<td>1<\/td>\n<td>\u200bSpa\u021biu interior<br \/>\npentru jaluzea<br \/>\n(mm)<\/td>\n<td>130<br \/>\n(recomandat)<\/td>\n<\/tr>\n<tr>\n<td>2<\/td>\n<td>\u00cen\u0103l\u021bimea coletului<br \/>\n(mm)<\/td>\n<td>180 \u2013 360<\/td>\n<\/tr>\n<tr>\n<td>3<\/td>\n<td>\u200b\u00cen\u0103l\u021bimea total\u0103<br \/>\na jaluzelei (mm)<\/td>\n<td>500 \u2013 5000<\/td>\n<\/tr>\n<\/tbody>\n<\/table><\/div><\/div>\n<p>&nbsp;<\/p>\n\n\t\t\t<\/div>\n\n\t\t\n\t<\/div>\n<\/div>\n\n\n\n\n\n\n\n\n<div  class=\"section white\">\n\n\t\n\t\t\t<div class=\"container col-70p-center center\">\n\t\t\t\t<div class=\"cell\">\n\t\t\t\t\t\n\t\t\n\t\t\t\t\t<a href=\"https:\/\/nevask.eu\/ro\/oferta-de-pret\/oferta-jaluzele-neva\/\" target=\"\" class=\"button\">Oferta de pre\u021b \u2192<\/a>\n\t\t\n\t\t\t\t\t\t<\/div>\n\t\t\t<\/div>\n\n\t\t\t\n<\/div>\n\n\n\n\n\n<div class=\"section white\">\n\t<div class=\"container\">\n\t\t<div class=\"cell\">\n\t\t\t<hr class=\"separator\">\n\t\t<\/div>\n\t<\/div>\n<\/div>\n\n\n\n\n\n<div  class=\"section white\">\n\n\t\n\t\t<div class=\"container intro\">\n\t\t\t<div class=\"cell\">\n\t\t\t\t<h2>Realizari alese cu jaluzele exterioare NEVA S-90<\/h2>\n\t\t\t<\/div>\n\t\t<\/div>\n\n\t\n\n\n\t<div class=\"container\">\n\t\t<div class=\"grid-cols\">\n\n\t\t\t\n\t\t\t\t\n\t\t\t\t\t\n\n\n\t\t\t\t\t\n\t\t\t\t\t\t\n\t\t\t\t\t\t\t\n\t\t\t\t\t\t\t<div class=\"col-4 block bg-image h600 default\" style=\"background-image: url(https:\/\/nevask.eu\/wp-content\/uploads\/2025\/07\/vonkajsie-zaluzie-s90-parovske-haje-02.webp)\">\n\n\t\t\t\t\t\t\t\t<div>\n\n\t\t\t\t\t\t\t\t\t\n\t\t\t\t\t\t\t\t\t\n\t\t\t\t\t\t\t\t<\/div>\n\n\t\t\t\t\t\t\t<\/div>\n\n\t\t\t\t\t\t\n\t\t\t\t\t\n\n\n\t\t\t\t\t\n\t\t\t\t\n\t\t\t\t\t\t\t\t\t\t\t<div class=\"grid-rows col-4\">\n\t\t\t\t\t\n\n\n\t\t\t\t\t\n\t\t\t\t\t\t\n\t\t\t\t\t\t\t\n\t\t\t\t\t\t\t<div class=\"row-7 block bg-image default default\" style=\"background-image: url(https:\/\/nevask.eu\/wp-content\/uploads\/2025\/07\/konstrukcny-zazrak-na-dome-s-jazerom-03.webp)\">\n\n\t\t\t\t\t\t\t\t<div>\n\n\t\t\t\t\t\t\t\t\t\n\t\t\t\t\t\t\t\t\t\n\t\t\t\t\t\t\t\t<\/div>\n\n\t\t\t\t\t\t\t<\/div>\n\n\t\t\t\t\t\t\n\t\t\t\t\t\t\t\n\t\t\t\t\t\t\t<div class=\"row-5 block bg-image default default\" style=\"background-image: url(https:\/\/nevask.eu\/wp-content\/uploads\/2025\/07\/vonkajsie-zaluzie-s90-parovske-haje-01.webp)\">\n\n\t\t\t\t\t\t\t\t<div>\n\n\t\t\t\t\t\t\t\t\t\n\t\t\t\t\t\t\t\t\t\n\t\t\t\t\t\t\t\t<\/div>\n\n\t\t\t\t\t\t\t<\/div>\n\n\t\t\t\t\t\t\n\t\t\t\t\t\n\n\n\t\t\t\t\t\t\t\t\t\t\t<\/div>\n\t\t\t\t\t\n\t\t\t\t\n\t\t\t\t\t\t\t\t\t\t\t<div class=\"grid-rows col-4\">\n\t\t\t\t\t\n\n\n\t\t\t\t\t\n\t\t\t\t\t\t\n\t\t\t\t\t\t\t\n\t\t\t\t\t\t\t<div class=\"row-5 block bg-image default default\" style=\"background-image: url(https:\/\/nevask.eu\/wp-content\/uploads\/2025\/07\/vonkajsie-zaluzie-s90-parovske-haje-10.webp)\">\n\n\t\t\t\t\t\t\t\t<div>\n\n\t\t\t\t\t\t\t\t\t\n\t\t\t\t\t\t\t\t\t\n\t\t\t\t\t\t\t\t<\/div>\n\n\t\t\t\t\t\t\t<\/div>\n\n\t\t\t\t\t\t\n\t\t\t\t\t\t\t\n\t\t\t\t\t\t\t<div class=\"row-7 block bg-image default default\" style=\"background-image: url(https:\/\/nevask.eu\/wp-content\/uploads\/2025\/07\/konstrukcny-zazrak-na-dome-s-jazerom-04.webp)\">\n\n\t\t\t\t\t\t\t\t<div>\n\n\t\t\t\t\t\t\t\t\t\n\t\t\t\t\t\t\t\t\t\n\t\t\t\t\t\t\t\t<\/div>\n\n\t\t\t\t\t\t\t<\/div>\n\n\t\t\t\t\t\t\n\t\t\t\t\t\n\n\n\t\t\t\t\t\t\t\t\t\t\t<\/div>\n\t\t\t\t\t\n\t\t\t\t\n\t\t\t\n\t\t<\/div>\n\t<\/div>\n\n\n\n\t\n\t\t<div class=\"container outro center\">\n\t\t\t<div class=\"cell\">\n\t\t\t\t<a href=\"https:\/\/nevask.eu\/ro\/referinte-neva\/\" target=\"\" class=\"button\">Mai multe referin\u021be \u2192<\/a>\n\t\t\t<\/div>\n\t\t<\/div>\n\n\t\n<\/div>\n","protected":false},"excerpt":{"rendered":"","protected":false},"author":52,"featured_media":0,"parent":8214,"menu_order":0,"comment_status":"closed","ping_status":"closed","template":"","meta":{"_acf_changed":false,"inline_featured_image":false,"footnotes":""},"class_list":["post-8617","page","type-page","status-publish","hentry"],"acf":[],"yoast_head":"<!-- This site is optimized with the Yoast SEO plugin v27.5 - https:\/\/yoast.com\/product\/yoast-seo-wordpress\/ -->\n<title>Jaluzele exterioare NEVA S-90 | nevask.eu<\/title>\n<meta name=\"description\" content=\"Lamele jaluzelelor exterioare NEVA S-90 se potrivesc \u00eentre ele \u00een a\u0219a fel \u00eenc\u00e2t umbresc perfect \u00eentreaga \u00eenc\u0103pere. Ca aspect, amintesc de obloane.\" \/>\n<meta name=\"robots\" content=\"index, follow, max-snippet:-1, max-image-preview:large, max-video-preview:-1\" \/>\n<link rel=\"canonical\" href=\"https:\/\/nevask.eu\/ro\/jaluzele-exterioare-neva\/jaluzele-exterioare-neva-s90\/\" \/>\n<meta property=\"og:locale\" content=\"ro_RO\" \/>\n<meta property=\"og:type\" content=\"article\" \/>\n<meta property=\"og:title\" content=\"Jaluzele exterioare NEVA S-90 | nevask.eu\" \/>\n<meta property=\"og:description\" content=\"Lamele jaluzelelor exterioare NEVA S-90 se potrivesc \u00eentre ele \u00een a\u0219a fel \u00eenc\u00e2t umbresc perfect \u00eentreaga \u00eenc\u0103pere. Ca aspect, amintesc de obloane.\" \/>\n<meta property=\"og:url\" content=\"https:\/\/nevask.eu\/ro\/jaluzele-exterioare-neva\/jaluzele-exterioare-neva-s90\/\" \/>\n<meta property=\"og:site_name\" content=\"NEVA\" \/>\n<meta property=\"article:modified_time\" content=\"2025-09-12T06:58:18+00:00\" \/>\n<meta name=\"twitter:card\" content=\"summary_large_image\" \/>\n<meta name=\"twitter:label1\" content=\"Timp estimat pentru citire\" \/>\n\t<meta name=\"twitter:data1\" content=\"5 minute\" \/>\n<!-- \/ Yoast SEO plugin. -->","yoast_head_json":{"title":"Jaluzele exterioare NEVA S-90 | nevask.eu","description":"Lamele jaluzelelor exterioare NEVA S-90 se potrivesc \u00eentre ele \u00een a\u0219a fel \u00eenc\u00e2t umbresc perfect \u00eentreaga \u00eenc\u0103pere. Ca aspect, amintesc de obloane.","robots":{"index":"index","follow":"follow","max-snippet":"max-snippet:-1","max-image-preview":"max-image-preview:large","max-video-preview":"max-video-preview:-1"},"canonical":"https:\/\/nevask.eu\/ro\/jaluzele-exterioare-neva\/jaluzele-exterioare-neva-s90\/","og_locale":"ro_RO","og_type":"article","og_title":"Jaluzele exterioare NEVA S-90 | nevask.eu","og_description":"Lamele jaluzelelor exterioare NEVA S-90 se potrivesc \u00eentre ele \u00een a\u0219a fel \u00eenc\u00e2t umbresc perfect \u00eentreaga \u00eenc\u0103pere. Ca aspect, amintesc de obloane.","og_url":"https:\/\/nevask.eu\/ro\/jaluzele-exterioare-neva\/jaluzele-exterioare-neva-s90\/","og_site_name":"NEVA","article_modified_time":"2025-09-12T06:58:18+00:00","twitter_card":"summary_large_image","twitter_misc":{"Timp estimat pentru citire":"5 minute"},"schema":{"@context":"https:\/\/schema.org","@graph":[{"@type":"WebPage","@id":"https:\/\/nevask.eu\/ro\/jaluzele-exterioare-neva\/jaluzele-exterioare-neva-s90\/","url":"https:\/\/nevask.eu\/ro\/jaluzele-exterioare-neva\/jaluzele-exterioare-neva-s90\/","name":"Jaluzele exterioare NEVA S-90 | nevask.eu","isPartOf":{"@id":"https:\/\/nevask.eu\/ro\/#website"},"datePublished":"2025-07-02T11:29:55+00:00","dateModified":"2025-09-12T06:58:18+00:00","description":"Lamele jaluzelelor exterioare NEVA S-90 se potrivesc \u00eentre ele \u00een a\u0219a fel \u00eenc\u00e2t umbresc perfect \u00eentreaga \u00eenc\u0103pere. Ca aspect, amintesc de obloane.","breadcrumb":{"@id":"https:\/\/nevask.eu\/ro\/jaluzele-exterioare-neva\/jaluzele-exterioare-neva-s90\/#breadcrumb"},"inLanguage":"ro-RO","potentialAction":[{"@type":"ReadAction","target":["https:\/\/nevask.eu\/ro\/jaluzele-exterioare-neva\/jaluzele-exterioare-neva-s90\/"]}]},{"@type":"BreadcrumbList","@id":"https:\/\/nevask.eu\/ro\/jaluzele-exterioare-neva\/jaluzele-exterioare-neva-s90\/#breadcrumb","itemListElement":[{"@type":"ListItem","position":1,"name":"Home","item":"https:\/\/nevask.eu\/ro\/"},{"@type":"ListItem","position":2,"name":"Jaluzele exterioare NEVA","item":"https:\/\/nevask.eu\/ro\/jaluzele-exterioare-neva\/"},{"@type":"ListItem","position":3,"name":"NEVA S-90"}]},{"@type":"WebSite","@id":"https:\/\/nevask.eu\/ro\/#website","url":"https:\/\/nevask.eu\/ro\/","name":"NEVA","description":"Vonkaj\u0161ie \u017eal\u00fazie a screenov\u00e9 rolety","potentialAction":[{"@type":"SearchAction","target":{"@type":"EntryPoint","urlTemplate":"https:\/\/nevask.eu\/ro\/?s={search_term_string}"},"query-input":{"@type":"PropertyValueSpecification","valueRequired":true,"valueName":"search_term_string"}}],"inLanguage":"ro-RO"}]}},"_links":{"self":[{"href":"https:\/\/nevask.eu\/ro\/wp-json\/wp\/v2\/pages\/8617","targetHints":{"allow":["GET"]}}],"collection":[{"href":"https:\/\/nevask.eu\/ro\/wp-json\/wp\/v2\/pages"}],"about":[{"href":"https:\/\/nevask.eu\/ro\/wp-json\/wp\/v2\/types\/page"}],"author":[{"embeddable":true,"href":"https:\/\/nevask.eu\/ro\/wp-json\/wp\/v2\/users\/52"}],"replies":[{"embeddable":true,"href":"https:\/\/nevask.eu\/ro\/wp-json\/wp\/v2\/comments?post=8617"}],"version-history":[{"count":8,"href":"https:\/\/nevask.eu\/ro\/wp-json\/wp\/v2\/pages\/8617\/revisions"}],"predecessor-version":[{"id":10230,"href":"https:\/\/nevask.eu\/ro\/wp-json\/wp\/v2\/pages\/8617\/revisions\/10230"}],"up":[{"embeddable":true,"href":"https:\/\/nevask.eu\/ro\/wp-json\/wp\/v2\/pages\/8214"}],"wp:attachment":[{"href":"https:\/\/nevask.eu\/ro\/wp-json\/wp\/v2\/media?parent=8617"}],"curies":[{"name":"wp","href":"https:\/\/api.w.org\/{rel}","templated":true}]}}