{"id":8629,"date":"2025-07-03T16:13:35","date_gmt":"2025-07-03T14:13:35","guid":{"rendered":"https:\/\/nevask.eu\/?page_id=8629"},"modified":"2026-03-16T10:40:07","modified_gmt":"2026-03-16T09:40:07","slug":"jaluzele-exterioare-neva-f80","status":"publish","type":"page","link":"https:\/\/nevask.eu\/ro\/jaluzele-exterioare-neva\/jaluzele-exterioare-neva-f80\/","title":{"rendered":"NEVA F-80"},"content":{"rendered":"\n\n\n\n\n\n<div class=\"section narrow white\">\n\t<div class=\"container\">\n\t\t<div class=\"cell\">\n\t\t\t<ul class=\"breadcrumbs\">\n\t\t\t\t<li><a href=\"https:\/\/nevask.eu\/ro\/\">Home<\/a><\/li>\n\n\t\t\t\t\n\t\t\t<\/ul>\n\t\t<\/div>\n\t<\/div>\n<\/div>\n\n\n\n\n\n\n\n\n<div  class=\"section white\">\n\t<div class=\"container cols-60p-40p\">\n\n\t\t\n\n\n\t\t<div class=\"cell\">\n\n\t\t\t<h1>Jaluzele exterioare NEVA F-80<\/h1>\n<p class=\"u-align-justify u-text u-text-2 p-large\">Jaluzele exterioare cu lamele plate \u0219i un pachet compact, care nu afecteaz\u0103 \u00een\u0103l\u021bimea util\u0103 a ferestrei.<\/p>\n<p class=\"u-align-justify u-text u-text-3\">\u00a0Datorit\u0103 lamelelor plate \u0219i a \u00eenclin\u0103rii pe dou\u0103 fe\u021be, acestea ocup\u0103 pu\u021bin spa\u021biu atunci c\u00e2nd sunt ridicate, ceea ce duce la popularitatealui pentru umbrirea at\u00e2t a locuin\u021belor familiale, c\u00e2t \u0219i a cl\u0103dirilor de birouri.<\/p>\n<p><img loading=\"lazy\" decoding=\"async\" class=\"alignnone wp-image-8630 \" src=\"https:\/\/nevask.eu\/wp-content\/uploads\/2025\/08\/5-farieb-bez-priplatku-modre-300x115.png\" alt=\"\" width=\"214\" height=\"82\" srcset=\"https:\/\/nevask.eu\/wp-content\/uploads\/2025\/08\/5-farieb-bez-priplatku-modre-300x115.png 300w, https:\/\/nevask.eu\/wp-content\/uploads\/2025\/08\/5-farieb-bez-priplatku-modre-1024x391.png 1024w, https:\/\/nevask.eu\/wp-content\/uploads\/2025\/08\/5-farieb-bez-priplatku-modre-768x293.png 768w, https:\/\/nevask.eu\/wp-content\/uploads\/2025\/08\/5-farieb-bez-priplatku-modre-1536x587.png 1536w, https:\/\/nevask.eu\/wp-content\/uploads\/2025\/08\/5-farieb-bez-priplatku-modre.png 1937w\" sizes=\"auto, (max-width: 214px) 100vw, 214px\" \/><\/p>\n<p>Toate jaluzelele NEVA\u00ae vin cu o<strong>\u00a0garan\u021bie de 5 ani<\/strong>.<\/p>\n\n\t\t\t\n\t\t<\/div>\n\n\n\n\t\t\n\t<\/div>\n<\/div>\n\n\n\n\n\n<div  class=\"section white\">\n\t<div class=\"container product-gallery slider-mobile\">\n\n\t\t\n\t\t\t\n\t\t\t\t<a class=\"cell\" href=\"https:\/\/nevask.eu\/wp-content\/uploads\/2025\/07\/Detail-lamela-zaluzie-NEVA_F80.png.webp\">\n\t\t\t\t\t<img decoding=\"async\" class=\"ratio-1x1\" src=\"https:\/\/nevask.eu\/wp-content\/uploads\/2025\/07\/Detail-lamela-zaluzie-NEVA_F80.png.webp\" alt=\"Detail na lamelu \u017eal\u00fazie NEVA F-80\">\n\t\t\t\t<\/a>\n\n\t\t\t\n\t\t\t\t<a class=\"cell\" href=\"https:\/\/nevask.eu\/wp-content\/uploads\/2025\/07\/F80_-_open_.png.webp\">\n\t\t\t\t\t<img decoding=\"async\" class=\"ratio-1x1\" src=\"https:\/\/nevask.eu\/wp-content\/uploads\/2025\/07\/F80_-_open_.png.webp\" alt=\"\u017dal\u00fazie NEVA F-80 na lank\u00e1ch\">\n\t\t\t\t<\/a>\n\n\t\t\t\n\t\t\t\t<a class=\"cell\" href=\"https:\/\/nevask.eu\/wp-content\/uploads\/2025\/07\/Detail_F80.png.webp\">\n\t\t\t\t\t<img decoding=\"async\" class=\"ratio-1x1\" src=\"https:\/\/nevask.eu\/wp-content\/uploads\/2025\/07\/Detail_F80.png.webp\" alt=\"Detail na vonkaj\u0161ie \u017eal\u00fazie NEVA F-80\">\n\t\t\t\t<\/a>\n\n\t\t\t\n\t\t\t\t<a class=\"cell\" href=\"https:\/\/nevask.eu\/wp-content\/uploads\/2025\/07\/C80-open.jpg.webp\">\n\t\t\t\t\t<img decoding=\"async\" class=\"ratio-1x1\" src=\"https:\/\/nevask.eu\/wp-content\/uploads\/2025\/07\/C80-open-1024x1024.jpg\" alt=\"\u017dal\u00fazie v tvare C s vodiacimi li\u0161tami\">\n\t\t\t\t<\/a>\n\n\t\t\t\n\t\t\n\t<\/div>\n<\/div>\n\n\n\n\n\n<div  class=\"section tint\">\n\n\t\n\t\t<div class=\"container intro\">\n\t\t\t<div class=\"cell\">\n\t\t\t\t<h2>Avantajele deosebite ale jaluzelelor exterioare NEVA F-80<\/h2>\n\t\t\t<\/div>\n\t\t<\/div>\n\n\t\n\n\n\t\n\t<div class=\"container cols-33p text-blocks\" style=\"\">\n\n\t\t\n\t\t\t\n\t\t\t\t\n\t\t\t\t<div class=\"cell\" style=\"\">\n\n\t\t\t\t\t\n\t\t\t\t\t\t<div class=\"icon-title\">\n\n\t\t\t\t\t\t\t\t\t\t\t\t\t\t\t<img decoding=\"async\" src=\"https:\/\/nevask.eu\/wp-content\/uploads\/2025\/07\/icon-detail-sklopite-je-na-obe-strany-100x100-c-center.webp\" alt=\"piktogram - recykl\u00e1cia\">\n\t\t\t\t\t\t\t\n\t\t\t\t\t\t\t\t\t\t\t\t\t\t\t<h3 class=\"h5\">Rabatabil pe ambele p\u0103r\u021bi<\/h3>\n\t\t\t\t\t\t\t\n\t\t\t\t\t\t<\/div>\n\n\t\t\t\t\t\n\n\n\t\t\t\t\t<p>Dac\u0103 sunte\u021bi \u00een c\u0103utarea unui sistem de jaluzele universal, forma F este cea mai bun\u0103 alegere. Datorit\u0103 op\u021biunii sale de \u00eenclinare, acesta ofer\u0103 o gam\u0103 larg\u0103 de op\u021biuni de umbrire \u0219i las\u0103 s\u0103 p\u0103trund\u0103 \u00een \u00eenc\u0103pere cantitatea ideal\u0103 de lumin\u0103.<\/p>\n\n\t\t\t\t<\/div>\n\t\t\t\n\t\t\t\t\n\t\t\t\t<div class=\"cell\" style=\"\">\n\n\t\t\t\t\t\n\t\t\t\t\t\t<div class=\"icon-title\">\n\n\t\t\t\t\t\t\t\t\t\t\t\t\t\t\t<img decoding=\"async\" src=\"https:\/\/nevask.eu\/wp-content\/uploads\/2025\/07\/icon-detail-setri-prostor-100x100-c-center.webp\" alt=\"piktogram - vytiahnut\u00e9 \u017eal\u00fazie\">\n\t\t\t\t\t\t\t\n\t\t\t\t\t\t\t\t\t\t\t\t\t\t\t<h3 class=\"h5\">Economise\u0219te spa\u021biu<\/h3>\n\t\t\t\t\t\t\t\n\t\t\t\t\t\t<\/div>\n\n\t\t\t\t\t\n\n\n\t\t\t\t\t<p>Datorit\u0103 designului plat al lamelelor, dimensiunile pachetului rulat sunt mai favorabile \u0219i, prin urmare, necesit\u0103 mai pu\u021bin spa\u021biu dec\u00e2t \u00een cazul lamelelor cu flan\u0219e.<\/p>\n\n\t\t\t\t<\/div>\n\t\t\t\n\t\t\t\t\n\t\t\t\t<div class=\"cell\" style=\"\">\n\n\t\t\t\t\t\n\t\t\t\t\t\t<div class=\"icon-title\">\n\n\t\t\t\t\t\t\t\t\t\t\t\t\t\t\t<img decoding=\"async\" src=\"https:\/\/nevask.eu\/wp-content\/uploads\/2025\/07\/icon-detail-variabilni-reseni-100x100-c-center-232.webp\" alt=\"piktogram - mrakodrapy\">\n\t\t\t\t\t\t\t\n\t\t\t\t\t\t\t\t\t\t\t\t\t\t\t<h3 class=\"h5\">Solu\u021bie versatil\u0103<\/h3>\n\t\t\t\t\t\t\t\n\t\t\t\t\t\t<\/div>\n\n\t\t\t\t\t\n\n\n\t\t\t\t\t<p>O solu\u021bie versatil\u0103. Jaluzele NEVA F-80 reprezint\u0103 o solu\u021bie popular\u0103 de umbrire exterioar\u0103 nu numai pentru gospod\u0103rii, ci \u0219i pentru cl\u0103diri de birouri.<\/p>\n\n\t\t\t\t<\/div>\n\t\t\t\n\t\t\n\t<\/div>\n\n\n\n\t\n\t\t<div class=\"container outro center\">\n\t\t\t<div class=\"cell\">\n\n\t\t\t\t\n\t\t\t\t\t\t\t\t\t<a href=\"https:\/\/nevask.eu\/ro\/oferta-de-pret\/oferta-jaluzele-neva\/\" target=\"\" class=\"button\">Oferta de pre\u021b \u2192<\/a>\n\t\t\t\t\n\t\t\t<\/div>\n\t\t<\/div>\n\n\t\n<\/div>\n\n\n\n\n\n<div  class=\"section dark\">\n\t<div class=\"container full left\">\n\t\t<div class=\"cell\">\n\t\t\t<p><img loading=\"lazy\" decoding=\"async\" class=\"alignnone wp-image-2093\" src=\"https:\/\/nevask.eu\/wp-content\/uploads\/2025\/07\/hash-nevapartner_4.png\" alt=\"hashtag nevapartner - modr\u00e9 na bielom\" width=\"258\" height=\"52\" srcset=\"https:\/\/nevask.eu\/wp-content\/uploads\/2025\/07\/hash-nevapartner_4.png 689w, https:\/\/nevask.eu\/wp-content\/uploads\/2025\/07\/hash-nevapartner_4-300x61.png 300w\" sizes=\"auto, (max-width: 258px) 100vw, 258px\" \/><\/p>\n<p class=\"p-large\"><a href=\"https:\/\/nevask.eu\/ro\/dealeri-neva\/\">Partenerii no\u0219tri comerciali \u0219i de montaj<\/a> v\u0103 vor prezenta cu pl\u0103cere avantajele jaluzelelor exterioare NEVA. Pute\u021bi consulta cu ei solu\u021biile optime pentru proiectul dumneavoastr\u0103 sau pute\u021bi solicita o <a href=\"https:\/\/nevask.eu\/ro\/oferta-de-pret\/\">ofert\u0103 de pre\u021b<\/a> f\u0103r\u0103 obliga\u021bii.<\/p>\n\t\t<\/div>\n\t<\/div>\n<\/div>\n\n\n\n\n\n<div id=\"farby-F80\" class=\"section white\">\n\n\t\n\t\t<div class=\"container intro\">\n\t\t\t<div class=\"cell\">\n\t\t\t\t<h2>Culorile jaluzelelor din aluminiu NEVA F-80<\/h2>\n<p>Pentru acest tip de jaluzele, oferim \u00een varianta <strong>standard 5 culori<\/strong> incluse \u00een pre\u021b.<\/p>\n\t\t\t<\/div>\n\t\t<\/div>\n\n\t\n\n\n\t\n\t\t<div class=\"container\">\n\t\t\t<div class=\"cell\">\n\n\t\t\t\t\n\t\t\t\t\t\n\n\n\t\t\t\t\t\n\t\t\t\t\t\t<div class=\"colors-grid\">\n\n\t\t\t\t\t\t\t\n\t\t\t\t\t\t\t\t<div class=\"color\">\n\n\t\t\t\t\t\t\t\t\t\t\t\t\t\t\t\t\t\t\t<a href=\"https:\/\/nevask.eu\/wp-content\/uploads\/2025\/06\/140H-strieborna.png.webp\" title=\"140 H Argintiu\">\n\t\t\t\t\t\t\t\t\t\t\t<img decoding=\"async\" src=\"https:\/\/nevask.eu\/wp-content\/uploads\/2025\/06\/140H-strieborna.png.webp\" alt=\"Farba Strieborn\u00e1 140 hladk\u00e1\">\n\t\t\t\t\t\t\t\t\t\t<\/a>\n\t\t\t\t\t\t\t\t\t\n\t\t\t\t\t\t\t\t\t\t\t\t\t\t\t\t\t\t\t<p><strong>140 H<\/strong><br>Argintiu<\/p>\n\t\t\t\t\t\t\t\t\t\n\t\t\t\t\t\t\t\t<\/div>\n\n\t\t\t\t\t\t\t\n\t\t\t\t\t\t\t\t<div class=\"color\">\n\n\t\t\t\t\t\t\t\t\t\t\t\t\t\t\t\t\t\t\t<a href=\"https:\/\/nevask.eu\/wp-content\/uploads\/2025\/06\/FarbaNEVA010-Snehovobiela.png.webp\" title=\"010 H Alb\">\n\t\t\t\t\t\t\t\t\t\t\t<img decoding=\"async\" src=\"https:\/\/nevask.eu\/wp-content\/uploads\/2025\/06\/FarbaNEVA010-Snehovobiela.png.webp\" alt=\"\">\n\t\t\t\t\t\t\t\t\t\t<\/a>\n\t\t\t\t\t\t\t\t\t\n\t\t\t\t\t\t\t\t\t\t\t\t\t\t\t\t\t\t\t<p><strong>010 H<\/strong><br>Alb<\/p>\n\t\t\t\t\t\t\t\t\t\n\t\t\t\t\t\t\t\t<\/div>\n\n\t\t\t\t\t\t\t\n\t\t\t\t\t\t\t\t<div class=\"color\">\n\n\t\t\t\t\t\t\t\t\t\t\t\t\t\t\t\t\t\t\t<a href=\"https:\/\/nevask.eu\/wp-content\/uploads\/2025\/07\/Farba-NEVA-716-H-Antracitova-siva-hladka.png.webp\" title=\"716 H Gri antracit\">\n\t\t\t\t\t\t\t\t\t\t\t<img decoding=\"async\" src=\"https:\/\/nevask.eu\/wp-content\/uploads\/2025\/07\/Farba-NEVA-716-H-Antracitova-siva-hladka.png.webp\" alt=\"Farba NEVA 716 H - Antracitova\u0301 siva\u0301 hladka\u0301\">\n\t\t\t\t\t\t\t\t\t\t<\/a>\n\t\t\t\t\t\t\t\t\t\n\t\t\t\t\t\t\t\t\t\t\t\t\t\t\t\t\t\t\t<p><strong>716 H<\/strong><br>Gri antracit<\/p>\n\t\t\t\t\t\t\t\t\t\n\t\t\t\t\t\t\t\t<\/div>\n\n\t\t\t\t\t\t\t\n\t\t\t\t\t\t\t\t<div class=\"color\">\n\n\t\t\t\t\t\t\t\t\t\t\t\t\t\t\t\t\t\t\t<a href=\"https:\/\/nevask.eu\/wp-content\/uploads\/2025\/07\/Farba-NEVA-907H-Siva-metalicka-hladka.png.webp\" title=\"907 H Gri-argintiu \">\n\t\t\t\t\t\t\t\t\t\t\t<img decoding=\"async\" src=\"https:\/\/nevask.eu\/wp-content\/uploads\/2025\/07\/Farba-NEVA-907H-Siva-metalicka-hladka.png.webp\" alt=\"Farba NEVA 907 Siva\u0301 metalicka\u0301\">\n\t\t\t\t\t\t\t\t\t\t<\/a>\n\t\t\t\t\t\t\t\t\t\n\t\t\t\t\t\t\t\t\t\t\t\t\t\t\t\t\t\t\t<p><strong>907 H<\/strong><br>Gri-argintiu <\/p>\n\t\t\t\t\t\t\t\t\t\n\t\t\t\t\t\t\t\t<\/div>\n\n\t\t\t\t\t\t\t\n\t\t\t\t\t\t\t\t<div class=\"color\">\n\n\t\t\t\t\t\t\t\t\t\t\t\t\t\t\t\t\t\t\t<a href=\"https:\/\/nevask.eu\/wp-content\/uploads\/2025\/07\/Farba-NEVA-908H-Grafitova-siva-hladka.png.webp\" title=\"908 H Bronz \u00eenchis \">\n\t\t\t\t\t\t\t\t\t\t\t<img decoding=\"async\" src=\"https:\/\/nevask.eu\/wp-content\/uploads\/2025\/07\/Farba-NEVA-908H-Grafitova-siva-hladka.png.webp\" alt=\"Farba NEVA 908H - Grafitova\u0301 siva\u0301 hladka\u0301\">\n\t\t\t\t\t\t\t\t\t\t<\/a>\n\t\t\t\t\t\t\t\t\t\n\t\t\t\t\t\t\t\t\t\t\t\t\t\t\t\t\t\t\t<p><strong>908 H<\/strong><br>Bronz \u00eenchis <\/p>\n\t\t\t\t\t\t\t\t\t\n\t\t\t\t\t\t\t\t<\/div>\n\n\t\t\t\t\t\t\t\n\t\t\t\t\t\t<\/div>\n\n\t\t\t\t\t\n\t\t\t\t\n\t\t\t<\/div>\n\t\t<\/div>\n\n\t\n<\/div>\n\n\n\n\n\n<div  class=\"section tint\">\n\t<div class=\"container full left\">\n\t\t<div class=\"cell\">\n\t\t\t<p>Lamelele pentru jaluzelele NEVA F-80 sunt p\u0103strate \u00een stoc, \u00een mod standard, doar \u00een cele 5 culori cu finisaj neted.<\/p>\n<p>Dac\u0103 \u00een proiect ave\u021bi o alt\u0103 culoare specificat\u0103, nu e nicio problem\u0103. Putem produce jaluzelele exterioare \u00een orice nuan\u021b\u0103 RAL, contra unui cost suplimentar.<\/p>\n\t\t<\/div>\n\t<\/div>\n<\/div>\n\n\n\n\n\n\n\n\n<div  class=\"section white\">\n\n\t\n\t\t<div class=\"container intro\">\n\t\t\t<div class=\"cell\">\n\t\t\t\t<h2>Specifica\u021bii technice NEVA F-80<\/h2>\n\t\t\t<\/div>\n\t\t<\/div>\n\n\t\n\n\n\t<div class=\"container cols-50p\">\n\n\t\t\n\t\t\t<div class=\"cell\">\n\n\t\t\t\t\t\t\t\t\t<h3>Tipul de ghidare \u2013 \u0219in\u0103 de ghidare<\/h3>\n\t\t\t\t\n\n\n\t\t\t\t<div class=\"table-wrapper\"><div class=\"table-wrapper\"><table class=\"nowrap\">\n<tbody>\n<tr>\n<th>Jaluzea NEVA F-80<\/th>\n<th>Manivel\u0103<\/th>\n<th>Motor<\/th>\n<\/tr>\n<tr>\n<td>L\u0103\u021bimea jaluzelei<br \/>\n(mm)<\/td>\n<td>400 \u2013 4000<\/td>\n<td>600 \u2013 4000<\/td>\n<\/tr>\n<tr>\n<td>\u00cen\u0103l\u021bimea \u200bjaluzelei<br \/>\n(mm)<\/td>\n<td>500 \u2013 4000<\/td>\n<td>500 \u2013 4000<\/td>\n<\/tr>\n<tr>\n<td>Suprafa\u021ba maxim\u0103<br \/>\na \u200bjaluzelei\u00a0 (m2)<\/td>\n<td>9<\/td>\n<td>16<\/td>\n<\/tr>\n<tr>\n<td>Clasa de rezisten\u021b\u0103<br \/>\nla v\u00e2nt<\/td>\n<td>p\u00e2n\u0103 la 4,<br \/>\n61 km\/h<\/td>\n<td>p\u00e2n\u0103 la 4,<br \/>\n61 km\/h<\/td>\n<\/tr>\n<\/tbody>\n<\/table><\/div><\/div>\n\n\t\t\t<\/div>\n\n\t\t\n\t\t\t<div class=\"cell\">\n\n\t\t\t\t\t\t\t\t\t<h3>Tipul de ghidare \u2013 cablu<\/h3>\n\t\t\t\t\n\n\n\t\t\t\t<div class=\"table-wrapper\"><div class=\"table-wrapper\"><table class=\"nowrap\">\n<tbody>\n<tr>\n<th>Jaluzea NEVA F-80<\/th>\n<th>Manivel\u0103<\/th>\n<th>Motor<\/th>\n<\/tr>\n<tr>\n<td>L\u0103\u021bimea jaluzelei<br \/>\n(mm)<\/td>\n<td>400 \u2013 4000<\/td>\n<td>600 \u2013 4000<\/td>\n<\/tr>\n<tr>\n<td>\u00cen\u0103l\u021bimea \u200bjaluzelei<br \/>\n(mm)<\/td>\n<td>500 \u2013 4000<\/td>\n<td>500 \u2013 4000<\/td>\n<\/tr>\n<tr>\n<td>Suprafa\u021ba maxim\u0103<br \/>\na \u200bjaluzelei\u00a0 (m2)<\/td>\n<td>9<\/td>\n<td>16<\/td>\n<\/tr>\n<tr>\n<td>Clasa de rezisten\u021b\u0103<br \/>\nla v\u00e2nt<\/td>\n<td>p\u00e2n\u0103 la 2,<br \/>\n38 km\/h<\/td>\n<td>p\u00e2n\u0103 la 2,<br \/>\n38 km\/h<\/td>\n<\/tr>\n<\/tbody>\n<\/table><\/div><\/div>\n\n\t\t\t<\/div>\n\n\t\t\n\t<\/div>\n<\/div>\n\n\n\n\n\n<div class=\"section white\">\n\t<div class=\"container\">\n\t\t<div class=\"cell\">\n\t\t\t<hr class=\"separator\">\n\t\t<\/div>\n\t<\/div>\n<\/div>\n\n\n\n\n\n\n\n\n<div  class=\"section white\">\n\n\t\n\t\t<div class=\"container intro\">\n\t\t\t<div class=\"cell\">\n\t\t\t\t<h2>Desen tehnic NEVA F-80<\/h2>\n\t\t\t<\/div>\n\t\t<\/div>\n\n\t\n\n\n\t<div class=\"container cols-40p-60p\">\n\n\t\t\n\t\t\t<div class=\"cell\">\n\n\t\t\t\t\n\n\n\t\t\t\t\n\t\t\t\t\t\t\t\t\t\t\t\t\t<img decoding=\"async\" src=\"https:\/\/nevask.eu\/wp-content\/uploads\/2025\/07\/Rez_zaluzie-NEVA-F80-e1752746958533.png\" alt=\"Technick\u00fd rez \u017eal\u00fazi\u00ed NEVA F-80\">\n\t\t\t\t\t\t\n\t\t\t\t\t\t\n\t\t\t<\/div>\n\n\t\t\n\t\t\t<div class=\"cell\">\n\n\t\t\t\t\n\n\n\t\t\t\t<p>&nbsp;<\/p>\n<div class=\"table-wrapper\"><div class=\"table-wrapper\"><table class=\"nowrap\">\n<tbody>\n<tr>\n<th colspan=\"3\">Legend\u0103<\/th>\n<\/tr>\n<tr>\n<td>1<\/td>\n<td>Spa\u021biu interior<br \/>\npentru jaluzea<br \/>\n(mm))<\/td>\n<td>130<br \/>\n(recomandat)<\/td>\n<\/tr>\n<tr>\n<td>2<\/td>\n<td>\u00cen\u0103l\u021bimea coletului<br \/>\n(mm)<\/td>\n<td>150 \u2013 260<\/td>\n<\/tr>\n<tr>\n<td>3<\/td>\n<td>\u200b\u00cen\u0103l\u021bimea total\u0103<br \/>\na jaluzelei<br \/>\n(mm)<\/td>\n<td>500 \u2013 4000<\/td>\n<\/tr>\n<\/tbody>\n<\/table><\/div><\/div>\n\n\t\t\t<\/div>\n\n\t\t\n\t<\/div>\n<\/div>\n\n\n\n\n\n<div class=\"section white\">\n\t<div class=\"container\">\n\t\t<div class=\"cell\">\n\t\t\t<hr class=\"separator\">\n\t\t<\/div>\n\t<\/div>\n<\/div>\n\n\n\n\n\n\n\n\n<div  class=\"section white\">\n\n\t\n\t\t\t<div class=\"container cols-70p-30p\">\n\t\t\t\t<div class=\"cell dark\">\n\t\t\t\t\t\n\t\t<p>Jaluzelele pot fi montate fie \u00eencastrate \u00een fa\u021bad\u0103, sub placa vizibil\u0103 de acoperire, sau direct pe fa\u021bad\u0103.<\/p>\n<p>V\u0103 invit\u0103m s\u0103 vede\u021bi cele 9 exemple ilustrative \u0219i s\u0103 alege\u021bi solu\u021bia ideal\u0103 pentru dumneavoastr\u0103.<\/p>\n\n\t\t\t\t\t<a href=\"https:\/\/nevask.eu\/ro\/jaluzele-exterioare-neva\/metode-de-instalare-a-jaluzelelor-exterioare\/\" target=\"\" class=\"button\">Modalit\u0103\u021bi de montaj pentru jaluzelele exterioare \u2192<\/a>\n\t\t\n\t\t\t\t\t\t<\/div>\n\n\t\t\t\t<div class=\"cell p-small\">\n\t\t\t\t\t\t\t\t\t<\/div>\n\t\t\t<\/div>\n\n\t\t\t\n<\/div>\n\n\n\n\n\n<div  class=\"section white\">\n\n\t\n\t\t<div class=\"container intro\">\n\t\t\t<div class=\"cell\">\n\t\t\t\t<h2>Realizari alese cu jaluzele exterioare NEVA F-80<\/h2>\n\t\t\t<\/div>\n\t\t<\/div>\n\n\t\n\n\n\t<div class=\"container\">\n\t\t<div class=\"grid-cols\">\n\n\t\t\t\n\t\t\t\t\n\t\t\t\t\t\n\n\n\t\t\t\t\t\n\t\t\t\t\t\t\n\t\t\t\t\t\t\t\n\t\t\t\t\t\t\t<div class=\"col-4 block bg-image h600 default\" style=\"background-image: url(https:\/\/nevask.eu\/wp-content\/uploads\/2025\/07\/NEVA-Vilapark-Tabulovy-vrch-8-1920x0-c-center.webp)\">\n\n\t\t\t\t\t\t\t\t<div>\n\n\t\t\t\t\t\t\t\t\t\n\t\t\t\t\t\t\t\t\t\n\t\t\t\t\t\t\t\t<\/div>\n\n\t\t\t\t\t\t\t<\/div>\n\n\t\t\t\t\t\t\n\t\t\t\t\t\n\n\n\t\t\t\t\t\n\t\t\t\t\n\t\t\t\t\t\t\t\t\t\t\t<div class=\"grid-rows col-4\">\n\t\t\t\t\t\n\n\n\t\t\t\t\t\n\t\t\t\t\t\t\n\t\t\t\t\t\t\t\n\t\t\t\t\t\t\t<div class=\"row-7 block bg-image default default\" style=\"background-image: url(https:\/\/nevask.eu\/wp-content\/uploads\/2025\/07\/NEVA-Vilapark-Tabulovy-vrch-14-scaled-1920x0-c-center-scaled.webp)\">\n\n\t\t\t\t\t\t\t\t<div>\n\n\t\t\t\t\t\t\t\t\t\n\t\t\t\t\t\t\t\t\t\n\t\t\t\t\t\t\t\t<\/div>\n\n\t\t\t\t\t\t\t<\/div>\n\n\t\t\t\t\t\t\n\t\t\t\t\t\t\t\n\t\t\t\t\t\t\t<div class=\"row-5 block bg-image default default\" style=\"background-image: url(https:\/\/nevask.eu\/wp-content\/uploads\/2025\/07\/NEVA-Vilapark-Tabulovy-vrch-10-1920x0-c-center.webp)\">\n\n\t\t\t\t\t\t\t\t<div>\n\n\t\t\t\t\t\t\t\t\t\n\t\t\t\t\t\t\t\t\t\n\t\t\t\t\t\t\t\t<\/div>\n\n\t\t\t\t\t\t\t<\/div>\n\n\t\t\t\t\t\t\n\t\t\t\t\t\n\n\n\t\t\t\t\t\t\t\t\t\t\t<\/div>\n\t\t\t\t\t\n\t\t\t\t\n\t\t\t\t\t\t\t\t\t\t\t<div class=\"grid-rows col-4\">\n\t\t\t\t\t\n\n\n\t\t\t\t\t\n\t\t\t\t\t\t\n\t\t\t\t\t\t\t\n\t\t\t\t\t\t\t<div class=\"row-5 block bg-image default default\" style=\"background-image: url(https:\/\/nevask.eu\/wp-content\/uploads\/2025\/07\/NEVA-Vilapark-Tabulovy-vrch-6-1920x0-c-center.webp)\">\n\n\t\t\t\t\t\t\t\t<div>\n\n\t\t\t\t\t\t\t\t\t\n\t\t\t\t\t\t\t\t\t\n\t\t\t\t\t\t\t\t<\/div>\n\n\t\t\t\t\t\t\t<\/div>\n\n\t\t\t\t\t\t\n\t\t\t\t\t\t\t\n\t\t\t\t\t\t\t<div class=\"row-7 block bg-image default default\" style=\"background-image: url(https:\/\/nevask.eu\/wp-content\/uploads\/2025\/07\/NEVA-Vilapark-Tabulovy-vrch-11-1920x0-c-center.webp)\">\n\n\t\t\t\t\t\t\t\t<div>\n\n\t\t\t\t\t\t\t\t\t\n\t\t\t\t\t\t\t\t\t\n\t\t\t\t\t\t\t\t<\/div>\n\n\t\t\t\t\t\t\t<\/div>\n\n\t\t\t\t\t\t\n\t\t\t\t\t\n\n\n\t\t\t\t\t\t\t\t\t\t\t<\/div>\n\t\t\t\t\t\n\t\t\t\t\n\t\t\t\n\t\t<\/div>\n\t<\/div>\n\n\n\n\t\n\t\t<div class=\"container outro center\">\n\t\t\t<div class=\"cell\">\n\t\t\t\t<a href=\"https:\/\/nevask.eu\/ro\/referinte-neva\/\" target=\"\" class=\"button\">Mai multe referin\u021be \u2192<\/a>\n\t\t\t<\/div>\n\t\t<\/div>\n\n\t\n<\/div>\n","protected":false},"excerpt":{"rendered":"","protected":false},"author":52,"featured_media":0,"parent":8214,"menu_order":0,"comment_status":"closed","ping_status":"closed","template":"","meta":{"_acf_changed":false,"inline_featured_image":false,"footnotes":""},"class_list":["post-8629","page","type-page","status-publish","hentry"],"acf":[],"yoast_head":"<!-- This site is optimized with the Yoast SEO plugin v27.4 - https:\/\/yoast.com\/product\/yoast-seo-wordpress\/ -->\n<title>Jaluzele exterioare NEVA F-80 | nevask.eu<\/title>\n<meta name=\"description\" content=\"Jaluzelele exterioare NEVA F-80 sunt foarte populare at\u00e2t la \u200b\u200bcase, c\u00e2t \u0219i la birouri, cu un pachet de lamele joase ce pot fi \u00eenclinate \u00een ambele direc\u021bii.\" \/>\n<meta name=\"robots\" content=\"index, follow, max-snippet:-1, max-image-preview:large, max-video-preview:-1\" \/>\n<link rel=\"canonical\" href=\"https:\/\/nevask.eu\/ro\/jaluzele-exterioare-neva\/jaluzele-exterioare-neva-f80\/\" \/>\n<meta property=\"og:locale\" content=\"ro_RO\" \/>\n<meta property=\"og:type\" content=\"article\" \/>\n<meta property=\"og:title\" content=\"Jaluzele exterioare NEVA F-80 | nevask.eu\" \/>\n<meta property=\"og:description\" content=\"Jaluzelele exterioare NEVA F-80 sunt foarte populare at\u00e2t la \u200b\u200bcase, c\u00e2t \u0219i la birouri, cu un pachet de lamele joase ce pot fi \u00eenclinate \u00een ambele direc\u021bii.\" \/>\n<meta property=\"og:url\" content=\"https:\/\/nevask.eu\/ro\/jaluzele-exterioare-neva\/jaluzele-exterioare-neva-f80\/\" \/>\n<meta property=\"og:site_name\" content=\"NEVA\" \/>\n<meta property=\"article:modified_time\" content=\"2026-03-16T09:40:07+00:00\" \/>\n<meta name=\"twitter:card\" content=\"summary_large_image\" \/>\n<meta name=\"twitter:label1\" content=\"Timp estimat pentru citire\" \/>\n\t<meta name=\"twitter:data1\" content=\"7 minute\" \/>\n<!-- \/ Yoast SEO plugin. -->","yoast_head_json":{"title":"Jaluzele exterioare NEVA F-80 | nevask.eu","description":"Jaluzelele exterioare NEVA F-80 sunt foarte populare at\u00e2t la \u200b\u200bcase, c\u00e2t \u0219i la birouri, cu un pachet de lamele joase ce pot fi \u00eenclinate \u00een ambele direc\u021bii.","robots":{"index":"index","follow":"follow","max-snippet":"max-snippet:-1","max-image-preview":"max-image-preview:large","max-video-preview":"max-video-preview:-1"},"canonical":"https:\/\/nevask.eu\/ro\/jaluzele-exterioare-neva\/jaluzele-exterioare-neva-f80\/","og_locale":"ro_RO","og_type":"article","og_title":"Jaluzele exterioare NEVA F-80 | nevask.eu","og_description":"Jaluzelele exterioare NEVA F-80 sunt foarte populare at\u00e2t la \u200b\u200bcase, c\u00e2t \u0219i la birouri, cu un pachet de lamele joase ce pot fi \u00eenclinate \u00een ambele direc\u021bii.","og_url":"https:\/\/nevask.eu\/ro\/jaluzele-exterioare-neva\/jaluzele-exterioare-neva-f80\/","og_site_name":"NEVA","article_modified_time":"2026-03-16T09:40:07+00:00","twitter_card":"summary_large_image","twitter_misc":{"Timp estimat pentru citire":"7 minute"},"schema":{"@context":"https:\/\/schema.org","@graph":[{"@type":"WebPage","@id":"https:\/\/nevask.eu\/ro\/jaluzele-exterioare-neva\/jaluzele-exterioare-neva-f80\/","url":"https:\/\/nevask.eu\/ro\/jaluzele-exterioare-neva\/jaluzele-exterioare-neva-f80\/","name":"Jaluzele exterioare NEVA F-80 | nevask.eu","isPartOf":{"@id":"https:\/\/nevask.eu\/ro\/#website"},"datePublished":"2025-07-03T14:13:35+00:00","dateModified":"2026-03-16T09:40:07+00:00","description":"Jaluzelele exterioare NEVA F-80 sunt foarte populare at\u00e2t la \u200b\u200bcase, c\u00e2t \u0219i la birouri, cu un pachet de lamele joase ce pot fi \u00eenclinate \u00een ambele direc\u021bii.","breadcrumb":{"@id":"https:\/\/nevask.eu\/ro\/jaluzele-exterioare-neva\/jaluzele-exterioare-neva-f80\/#breadcrumb"},"inLanguage":"ro-RO","potentialAction":[{"@type":"ReadAction","target":["https:\/\/nevask.eu\/ro\/jaluzele-exterioare-neva\/jaluzele-exterioare-neva-f80\/"]}]},{"@type":"BreadcrumbList","@id":"https:\/\/nevask.eu\/ro\/jaluzele-exterioare-neva\/jaluzele-exterioare-neva-f80\/#breadcrumb","itemListElement":[{"@type":"ListItem","position":1,"name":"Home","item":"https:\/\/nevask.eu\/ro\/"},{"@type":"ListItem","position":2,"name":"Jaluzele exterioare NEVA","item":"https:\/\/nevask.eu\/ro\/jaluzele-exterioare-neva\/"},{"@type":"ListItem","position":3,"name":"NEVA F-80"}]},{"@type":"WebSite","@id":"https:\/\/nevask.eu\/ro\/#website","url":"https:\/\/nevask.eu\/ro\/","name":"NEVA","description":"Vonkaj\u0161ie \u017eal\u00fazie a screenov\u00e9 rolety","potentialAction":[{"@type":"SearchAction","target":{"@type":"EntryPoint","urlTemplate":"https:\/\/nevask.eu\/ro\/?s={search_term_string}"},"query-input":{"@type":"PropertyValueSpecification","valueRequired":true,"valueName":"search_term_string"}}],"inLanguage":"ro-RO"}]}},"_links":{"self":[{"href":"https:\/\/nevask.eu\/ro\/wp-json\/wp\/v2\/pages\/8629","targetHints":{"allow":["GET"]}}],"collection":[{"href":"https:\/\/nevask.eu\/ro\/wp-json\/wp\/v2\/pages"}],"about":[{"href":"https:\/\/nevask.eu\/ro\/wp-json\/wp\/v2\/types\/page"}],"author":[{"embeddable":true,"href":"https:\/\/nevask.eu\/ro\/wp-json\/wp\/v2\/users\/52"}],"replies":[{"embeddable":true,"href":"https:\/\/nevask.eu\/ro\/wp-json\/wp\/v2\/comments?post=8629"}],"version-history":[{"count":8,"href":"https:\/\/nevask.eu\/ro\/wp-json\/wp\/v2\/pages\/8629\/revisions"}],"predecessor-version":[{"id":12916,"href":"https:\/\/nevask.eu\/ro\/wp-json\/wp\/v2\/pages\/8629\/revisions\/12916"}],"up":[{"embeddable":true,"href":"https:\/\/nevask.eu\/ro\/wp-json\/wp\/v2\/pages\/8214"}],"wp:attachment":[{"href":"https:\/\/nevask.eu\/ro\/wp-json\/wp\/v2\/media?parent=8629"}],"curies":[{"name":"wp","href":"https:\/\/api.w.org\/{rel}","templated":true}]}}