{"id":8651,"date":"2025-07-29T08:44:19","date_gmt":"2025-07-29T06:44:19","guid":{"rendered":"https:\/\/nevask.eu\/?page_id=8651"},"modified":"2025-09-08T15:58:15","modified_gmt":"2025-09-08T13:58:15","slug":"placi-de-acoperire-console","status":"publish","type":"page","link":"https:\/\/nevask.eu\/ro\/jaluzele-exterioare-neva\/placi-de-acoperire-console\/","title":{"rendered":"Pl\u0103ci de acoperire \u0219i console"},"content":{"rendered":"\n\n\n\n\n\n<div class=\"section narrow white\">\n\t<div class=\"container\">\n\t\t<div class=\"cell\">\n\t\t\t<ul class=\"breadcrumbs\">\n\t\t\t\t<li><a href=\"https:\/\/nevask.eu\/ro\/\">Home<\/a><\/li>\n\n\t\t\t\t\n\t\t\t<\/ul>\n\t\t<\/div>\n\t<\/div>\n<\/div>\n\n\n\n\n\n\n\n\n<div  class=\"section white\">\n\t<div class=\"container cols-50p\">\n\n\t\t\n\n\n\t\t<div class=\"cell\">\n\n\t\t\t<h1>Pl\u0103ci de acoperire \u0219i console pentru jaluzelele exterioare NEVA<\/h1>\n<p class=\"p1 p-large\">Pl\u0103cile de acoperire pentru <a href=\"https:\/\/nevask.eu\/ro\/jaluzele-exterioare-neva\/\">jaluzelele exterioare<\/a> sunt fabricate din aluminiu cu grosimea de 1,5 sau 2 mm, av\u00e2nd o lungime maxim\u0103 de 4 metri.<\/p>\n<p class=\"p1\">La cerere, acestea pot fi vopsite \u00een orice culoare din paletarul RAL, \u00een propria noastr\u0103 vopsitorie cu pulbere \u00een c\u00e2mp electrostatic.<\/p>\n<p class=\"p1\">Pl\u0103cile de acoperire pot fi finisate \u00een aceea\u0219i culoare ca \u0219i jaluzelele, pentru un aspect armonios, sau pot fi vopsite \u00eentr-o nuan\u021b\u0103 contrastant\u0103, care s\u0103 eviden\u021bieze.<\/p>\n<p>Mai jos sunt prezentate cele mai utilizate tipuri de pl\u0103ci de acoperire \u0219i console din portofoliul nostru extins.<\/p>\n\n\t\t\t\n\t\t<\/div>\n\n\n\n\t\t\n\t\t\t<div class=\"cell center top\">\n\t\t\t\t<img decoding=\"async\" src=\"https:\/\/nevask.eu\/wp-content\/uploads\/2025\/07\/Krycie-plechy-vo-farbe-zaluzii-1024x1024.jpg\" alt=\"Krycie plechy fas\u00e1dnych \u017eal\u00fazii\">\n\t\t\t<\/div>\n\n\t\t\n\t<\/div>\n<\/div>\n\n\n\n\n\n<div  class=\"section white\">\n\t<div class=\"container full left\">\n\t\t<div class=\"cell\">\n\t\t\t<h2>Tipuri de pl\u0103ci de acoperire<\/h2>\n<p>Printre cele mai utilizate pl\u0103ci de acoperire se num\u0103r\u0103:<\/p>\n\t\t<\/div>\n\t<\/div>\n<\/div>\n\n\n\n\n\n<div  class=\"section white\">\n\n\t\n\n\n\t\n\t\t\t\t<div class=\"container products cols-50p white\">\n\n\t\t\t\t\t\n\t\t\t\t\t\t<div class=\"cell\">\n\t\t\t\t\t\t\t\n\n\n\t\t\t\t\t\t\t<div class=\"product-text\">\n\n\t\t\t\t\t\t\t\t<h4>Placa de acoperire tip 1<\/h4>\n\n\t\t\t\t\t\t\t\t\n\t\t\t\t\t\t\t<\/div>\n\n\n\n\t\t\t\t\t\t\t\n\t\t\t\t\t\t\t\t<div class=\"product-images product-images-r\">\n\n\t\t\t\t\t\t\t\t\t\t\t\t\t\t\t\t\t\t\t<img decoding=\"async\" class=\"ratio-1x1\" src=\"https:\/\/nevask.eu\/wp-content\/uploads\/2025\/07\/Kryci-plech-typ-1.jpg.webp\" alt=\"Kryc\u00ed plech typ 1 pre \u017eal\u00fazie NEVA\">\n\t\t\t\t\t\t\t\t\t\n\t\t\t\t\t\t\t\t<\/div>\n\n\t\t\t\t\t\t\t\n\t\t\t\t\t\t<\/div>\n\t\t\t\t\t\n\t\t\t\t\t\t<div class=\"cell\">\n\t\t\t\t\t\t\t\n\n\n\t\t\t\t\t\t\t<div class=\"product-text\">\n\n\t\t\t\t\t\t\t\t<h4>Placa de acoperire tip 1L<\/h4>\n\n\t\t\t\t\t\t\t\t\n\t\t\t\t\t\t\t<\/div>\n\n\n\n\t\t\t\t\t\t\t\n\t\t\t\t\t\t\t\t<div class=\"product-images product-images-r\">\n\n\t\t\t\t\t\t\t\t\t\t\t\t\t\t\t\t\t\t\t<img decoding=\"async\" class=\"ratio-1x1\" src=\"https:\/\/nevask.eu\/wp-content\/uploads\/2025\/07\/Kryci-plech-typ-1L.jpg.webp\" alt=\"Kryc\u00ed plech typ 1L pre vonkaj\u0161ie \u017eal\u00fazie NEVA\">\n\t\t\t\t\t\t\t\t\t\n\t\t\t\t\t\t\t\t<\/div>\n\n\t\t\t\t\t\t\t\n\t\t\t\t\t\t<\/div>\n\t\t\t\t\t\n\t\t\t\t\t\t<div class=\"cell\">\n\t\t\t\t\t\t\t\n\n\n\t\t\t\t\t\t\t<div class=\"product-text\">\n\n\t\t\t\t\t\t\t\t<h4>Placa de acoperire tip Z<\/h4>\n\n\t\t\t\t\t\t\t\t\n\t\t\t\t\t\t\t<\/div>\n\n\n\n\t\t\t\t\t\t\t\n\t\t\t\t\t\t\t\t<div class=\"product-images product-images-r\">\n\n\t\t\t\t\t\t\t\t\t\t\t\t\t\t\t\t\t\t\t<img decoding=\"async\" class=\"ratio-1x1\" src=\"https:\/\/nevask.eu\/wp-content\/uploads\/2025\/07\/kryci-plech-typ-Z.jpg.webp\" alt=\"Kryc\u00ed plech typ Z pre \u017eal\u00fazie NEVA\">\n\t\t\t\t\t\t\t\t\t\n\t\t\t\t\t\t\t\t<\/div>\n\n\t\t\t\t\t\t\t\n\t\t\t\t\t\t<\/div>\n\t\t\t\t\t\n\t\t\t\t\t\t<div class=\"cell\">\n\t\t\t\t\t\t\t\n\n\n\t\t\t\t\t\t\t<div class=\"product-text\">\n\n\t\t\t\t\t\t\t\t<h4>Placa de acoperire tip 3<\/h4>\n\n\t\t\t\t\t\t\t\t\n\t\t\t\t\t\t\t<\/div>\n\n\n\n\t\t\t\t\t\t\t\n\t\t\t\t\t\t\t\t<div class=\"product-images product-images-r\">\n\n\t\t\t\t\t\t\t\t\t\t\t\t\t\t\t\t\t\t\t<img decoding=\"async\" class=\"ratio-1x1\" src=\"https:\/\/nevask.eu\/wp-content\/uploads\/2025\/07\/kryci-plech-typ-3.jpg.webp\" alt=\"Kryc\u00ed plech typ 3 pre \u017eal\u00fazie NEVA\">\n\t\t\t\t\t\t\t\t\t\n\t\t\t\t\t\t\t\t<\/div>\n\n\t\t\t\t\t\t\t\n\t\t\t\t\t\t<\/div>\n\t\t\t\t\t\n\t\t\t\t\t\t<div class=\"cell\">\n\t\t\t\t\t\t\t\n\n\n\t\t\t\t\t\t\t<div class=\"product-text\">\n\n\t\t\t\t\t\t\t\t<h4>Placa de acoperire tip 31<\/h4>\n\n\t\t\t\t\t\t\t\t\n\t\t\t\t\t\t\t<\/div>\n\n\n\n\t\t\t\t\t\t\t\n\t\t\t\t\t\t\t\t<div class=\"product-images product-images-r\">\n\n\t\t\t\t\t\t\t\t\t\t\t\t\t\t\t\t\t\t\t<img decoding=\"async\" class=\"ratio-1x1\" src=\"https:\/\/nevask.eu\/wp-content\/uploads\/2025\/07\/kryci-plech-typ-31.jpg.webp\" alt=\"Kryc\u00ed plech typ 31 pre \u017eal\u00fazie NEVA\">\n\t\t\t\t\t\t\t\t\t\n\t\t\t\t\t\t\t\t<\/div>\n\n\t\t\t\t\t\t\t\n\t\t\t\t\t\t<\/div>\n\t\t\t\t\t\n\t\t\t\t\t\t<div class=\"cell\">\n\t\t\t\t\t\t\t\n\n\n\t\t\t\t\t\t\t<div class=\"product-text\">\n\n\t\t\t\t\t\t\t\t<h4>Placa de acoperire tip 33<\/h4>\n\n\t\t\t\t\t\t\t\t\n\t\t\t\t\t\t\t<\/div>\n\n\n\n\t\t\t\t\t\t\t\n\t\t\t\t\t\t\t\t<div class=\"product-images product-images-r\">\n\n\t\t\t\t\t\t\t\t\t\t\t\t\t\t\t\t\t\t\t<img decoding=\"async\" class=\"ratio-1x1\" src=\"https:\/\/nevask.eu\/wp-content\/uploads\/2025\/07\/kryci-plech-typ-33.jpg.webp\" alt=\"Kryc\u00ed plech typ 33 pre \u017eal\u00fazie NEVA\">\n\t\t\t\t\t\t\t\t\t\n\t\t\t\t\t\t\t\t<\/div>\n\n\t\t\t\t\t\t\t\n\t\t\t\t\t\t<\/div>\n\t\t\t\t\t\n\t\t\t\t<\/div>\n\n\t\t\t\t\n<\/div>\n\n\n\n\n\n<div  class=\"section white\">\n\t<div class=\"container full left\">\n\t\t<div class=\"cell\">\n\t\t\t<h2>Lateralele pl\u0103cilor de acoperire<\/h2>\n<p>Cele mai utilizate laterale ale pl\u0103cilor de acoperire sunt:<\/p>\n\t\t<\/div>\n\t<\/div>\n<\/div>\n\n\n\n\n\n<div  class=\"section white\">\n\n\t\n\n\n\t\n\t\t\t\t<div class=\"container products cols-50p white\">\n\n\t\t\t\t\t\n\t\t\t\t\t\t<div class=\"cell\">\n\t\t\t\t\t\t\t\n\n\n\t\t\t\t\t\t\t<div class=\"product-text\">\n\n\t\t\t\t\t\t\t\t<h4>Laterala tip 1<\/h4>\n\n\t\t\t\t\t\t\t\t\n\t\t\t\t\t\t\t<\/div>\n\n\n\n\t\t\t\t\t\t\t\n\t\t\t\t\t\t\t\t<div class=\"product-images product-images-r\">\n\n\t\t\t\t\t\t\t\t\t\t\t\t\t\t\t\t\t\t\t<img decoding=\"async\" class=\"ratio-1x1\" src=\"https:\/\/nevask.eu\/wp-content\/uploads\/2025\/07\/bok-typ-1.jpg.webp\" alt=\"Bok krycieho plechu typ 1\">\n\t\t\t\t\t\t\t\t\t\n\t\t\t\t\t\t\t\t<\/div>\n\n\t\t\t\t\t\t\t\n\t\t\t\t\t\t<\/div>\n\t\t\t\t\t\n\t\t\t\t\t\t<div class=\"cell\">\n\t\t\t\t\t\t\t\n\n\n\t\t\t\t\t\t\t<div class=\"product-text\">\n\n\t\t\t\t\t\t\t\t<h4>Laterala tip 3<\/h4>\n\n\t\t\t\t\t\t\t\t\n\t\t\t\t\t\t\t<\/div>\n\n\n\n\t\t\t\t\t\t\t\n\t\t\t\t\t\t\t\t<div class=\"product-images product-images-r\">\n\n\t\t\t\t\t\t\t\t\t\t\t\t\t\t\t\t\t\t\t<img decoding=\"async\" class=\"ratio-1x1\" src=\"https:\/\/nevask.eu\/wp-content\/uploads\/2025\/07\/bok-tap-3.jpg.webp\" alt=\"Bok krycieho plechu typ 3\">\n\t\t\t\t\t\t\t\t\t\n\t\t\t\t\t\t\t\t<\/div>\n\n\t\t\t\t\t\t\t\n\t\t\t\t\t\t<\/div>\n\t\t\t\t\t\n\t\t\t\t<\/div>\n\n\t\t\t\t\n<\/div>\n\n\n\n\n\n<div  class=\"section white\">\n\t<div class=\"container full left\">\n\t\t<div class=\"cell\">\n\t\t\t<h2>Console pentru profilul superior<\/h2>\n<div>Cele mai frecvent utilizate console pentru profilul superior sunt:<\/div>\n\t\t<\/div>\n\t<\/div>\n<\/div>\n\n\n\n\n\n<div  class=\"section white\">\n\n\t\n\n\n\t\n\t\t\t\t<div class=\"container products cols-50p white\">\n\n\t\t\t\t\t\n\t\t\t\t\t\t<div class=\"cell\">\n\t\t\t\t\t\t\t\n\n\n\t\t\t\t\t\t\t<div class=\"product-text\">\n\n\t\t\t\t\t\t\t\t<h4>Consola R1<\/h4>\n\n\t\t\t\t\t\t\t\t\n\t\t\t\t\t\t\t<\/div>\n\n\n\n\t\t\t\t\t\t\t\n\t\t\t\t\t\t\t\t<div class=\"product-images product-images-r\">\n\n\t\t\t\t\t\t\t\t\t\t\t\t\t\t\t\t\t\t\t<img decoding=\"async\" class=\"ratio-1x1\" src=\"https:\/\/nevask.eu\/wp-content\/uploads\/2025\/07\/Drziak-R1.jpg.webp\" alt=\"Dr\u017eiak R1 - dr\u017eiak horn\u00e9ho profilu \u017eal\u00fazie NEVA\">\n\t\t\t\t\t\t\t\t\t\n\t\t\t\t\t\t\t\t<\/div>\n\n\t\t\t\t\t\t\t\n\t\t\t\t\t\t<\/div>\n\t\t\t\t\t\n\t\t\t\t\t\t<div class=\"cell\">\n\t\t\t\t\t\t\t\n\n\n\t\t\t\t\t\t\t<div class=\"product-text\">\n\n\t\t\t\t\t\t\t\t<h4>Consola nr. 3<\/h4>\n\n\t\t\t\t\t\t\t\t\n\t\t\t\t\t\t\t<\/div>\n\n\n\n\t\t\t\t\t\t\t\n\t\t\t\t\t\t\t\t<div class=\"product-images product-images-r\">\n\n\t\t\t\t\t\t\t\t\t\t\t\t\t\t\t\t\t\t\t<img decoding=\"async\" class=\"ratio-1x1\" src=\"https:\/\/nevask.eu\/wp-content\/uploads\/2025\/07\/drziak-c-3-1024x1024.jpg\" alt=\"Dr\u017eiak \u010d. 3 horn\u00e9ho profilu \u017eal\u00fazie NEVA\">\n\t\t\t\t\t\t\t\t\t\n\t\t\t\t\t\t\t\t<\/div>\n\n\t\t\t\t\t\t\t\n\t\t\t\t\t\t<\/div>\n\t\t\t\t\t\n\t\t\t\t\t\t<div class=\"cell\">\n\t\t\t\t\t\t\t\n\n\n\t\t\t\t\t\t\t<div class=\"product-text\">\n\n\t\t\t\t\t\t\t\t<h4>Consola nr. 5<\/h4>\n\n\t\t\t\t\t\t\t\t\n\t\t\t\t\t\t\t<\/div>\n\n\n\n\t\t\t\t\t\t\t\n\t\t\t\t\t\t\t\t<div class=\"product-images product-images-r\">\n\n\t\t\t\t\t\t\t\t\t\t\t\t\t\t\t\t\t\t\t<img decoding=\"async\" class=\"ratio-1x1\" src=\"https:\/\/nevask.eu\/wp-content\/uploads\/2025\/07\/Drziak-c5-1024x1024.jpg\" alt=\"Dr\u017eiak \u010d. 5 horn\u00e9ho profilu \u017eal\u00fazi\u00ed NEVA\">\n\t\t\t\t\t\t\t\t\t\n\t\t\t\t\t\t\t\t<\/div>\n\n\t\t\t\t\t\t\t\n\t\t\t\t\t\t<\/div>\n\t\t\t\t\t\n\t\t\t\t\t\t<div class=\"cell\">\n\t\t\t\t\t\t\t\n\n\n\t\t\t\t\t\t\t<div class=\"product-text\">\n\n\t\t\t\t\t\t\t\t<h4>Consola nr. 33<\/h4>\n\n\t\t\t\t\t\t\t\t\n\t\t\t\t\t\t\t<\/div>\n\n\n\n\t\t\t\t\t\t\t\n\t\t\t\t\t\t\t\t<div class=\"product-images product-images-r\">\n\n\t\t\t\t\t\t\t\t\t\t\t\t\t\t\t\t\t\t\t<img decoding=\"async\" class=\"ratio-1x1\" src=\"https:\/\/nevask.eu\/wp-content\/uploads\/2025\/07\/drziak-c-33-drziak-horneho-profilu-1024x1024.jpg\" alt=\"Dr\u017eiak \u010d.33 horn\u00e9ho profilu \u017eal\u00fazi\u00ed NEVA\">\n\t\t\t\t\t\t\t\t\t\n\t\t\t\t\t\t\t\t<\/div>\n\n\t\t\t\t\t\t\t\n\t\t\t\t\t\t<\/div>\n\t\t\t\t\t\n\t\t\t\t<\/div>\n\n\t\t\t\t\n<\/div>\n\n\n\n\n\n<div  class=\"section white\">\n\t<div class=\"container full left\">\n\t\t<div class=\"cell\">\n\t\t\t<h2>Tipuri selectate de \u0219ine de ghidare:<\/h2>\n\t\t<\/div>\n\t<\/div>\n<\/div>\n\n\n\n\n\n<div  class=\"section white\">\n\n\t\n\n\n\t\n\t\t\t\t<div class=\"container products cols-50p white\">\n\n\t\t\t\t\t\n\t\t\t\t\t\t<div class=\"cell\">\n\t\t\t\t\t\t\t\n\n\n\t\t\t\t\t\t\t<div class=\"product-text\">\n\n\t\t\t\t\t\t\t\t<h4>\u0218ina de ghidare Tip S<\/h4>\n\n\t\t\t\t\t\t\t\t\n\t\t\t\t\t\t\t<\/div>\n\n\n\n\t\t\t\t\t\t\t\n\t\t\t\t\t\t\t\t<div class=\"product-images product-images-r\">\n\n\t\t\t\t\t\t\t\t\t\t\t\t\t\t\t\t\t\t\t<img decoding=\"async\" class=\"ratio-1x1\" src=\"https:\/\/nevask.eu\/wp-content\/uploads\/2025\/07\/Vodiaci-profil-typ-S.jpg.webp\" alt=\"Vodiaci profil typ S  \">\n\t\t\t\t\t\t\t\t\t\n\t\t\t\t\t\t\t\t<\/div>\n\n\t\t\t\t\t\t\t\n\t\t\t\t\t\t<\/div>\n\t\t\t\t\t\n\t\t\t\t\t\t<div class=\"cell\">\n\t\t\t\t\t\t\t\n\n\n\t\t\t\t\t\t\t<div class=\"product-text\">\n\n\t\t\t\t\t\t\t\t<h4>\u0218ina de ghidare Tip SDV2<\/h4>\n\n\t\t\t\t\t\t\t\t\n\t\t\t\t\t\t\t<\/div>\n\n\n\n\t\t\t\t\t\t\t\n\t\t\t\t\t\t\t\t<div class=\"product-images product-images-r\">\n\n\t\t\t\t\t\t\t\t\t\t\t\t\t\t\t\t\t\t\t<img decoding=\"async\" class=\"ratio-1x1\" src=\"https:\/\/nevask.eu\/wp-content\/uploads\/2025\/07\/vodiaci-profil-typ-SDV2.jpg.webp\" alt=\"vodiaci profil typ SDV2\">\n\t\t\t\t\t\t\t\t\t\n\t\t\t\t\t\t\t\t<\/div>\n\n\t\t\t\t\t\t\t\n\t\t\t\t\t\t<\/div>\n\t\t\t\t\t\n\t\t\t\t\t\t<div class=\"cell\">\n\t\t\t\t\t\t\t\n\n\n\t\t\t\t\t\t\t<div class=\"product-text\">\n\n\t\t\t\t\t\t\t\t<h4>\u0218ina de ghidare Tip Z<\/h4>\n\n\t\t\t\t\t\t\t\t\n\t\t\t\t\t\t\t<\/div>\n\n\n\n\t\t\t\t\t\t\t\n\t\t\t\t\t\t\t\t<div class=\"product-images product-images-r\">\n\n\t\t\t\t\t\t\t\t\t\t\t\t\t\t\t\t\t\t\t<img decoding=\"async\" class=\"ratio-1x1\" src=\"https:\/\/nevask.eu\/wp-content\/uploads\/2025\/07\/Zapusteny-hlinikovy-vodiaci-profil-typ-Z.jpg.webp\" alt=\"zapusten\u00fd hlin\u00edkov\u00fd vodiaci profil typ Z\">\n\t\t\t\t\t\t\t\t\t\n\t\t\t\t\t\t\t\t<\/div>\n\n\t\t\t\t\t\t\t\n\t\t\t\t\t\t<\/div>\n\t\t\t\t\t\n\t\t\t\t\t\t<div class=\"cell\">\n\t\t\t\t\t\t\t\n\n\n\t\t\t\t\t\t\t<div class=\"product-text\">\n\n\t\t\t\t\t\t\t\t<h4>\u0218ina de ghidare Tip HDV<\/h4>\n\n\t\t\t\t\t\t\t\t\n\t\t\t\t\t\t\t<\/div>\n\n\n\n\t\t\t\t\t\t\t\n\t\t\t\t\t\t\t\t<div class=\"product-images product-images-r\">\n\n\t\t\t\t\t\t\t\t\t\t\t\t\t\t\t\t\t\t\t<img decoding=\"async\" class=\"ratio-1x1\" src=\"https:\/\/nevask.eu\/wp-content\/uploads\/2025\/07\/Vodiaci-profil-typ-HDV.jpg.webp\" alt=\"Vodiaci profil typ HDV\">\n\t\t\t\t\t\t\t\t\t\n\t\t\t\t\t\t\t\t<\/div>\n\n\t\t\t\t\t\t\t\n\t\t\t\t\t\t<\/div>\n\t\t\t\t\t\n\t\t\t\t<\/div>\n\n\t\t\t\t\n<\/div>\n\n\n\n\n\n<div  class=\"section white\">\n\t<div class=\"container full left\">\n\t\t<div class=\"cell\">\n\t\t\t<h2>Tipuri selectate de console pentru \u0219inele de ghidare:<\/h2>\n\t\t<\/div>\n\t<\/div>\n<\/div>\n\n\n\n\n\n<div  class=\"section white\">\n\n\t\n\n\n\t\n\t\t\t\t<div class=\"container products cols-50p white\">\n\n\t\t\t\t\t\n\t\t\t\t\t\t<div class=\"cell\">\n\t\t\t\t\t\t\t\n\n\n\t\t\t\t\t\t\t<div class=\"product-text\">\n\n\t\t\t\t\t\t\t\t<h4>Consol\u0103 standard<\/h4>\n\n\t\t\t\t\t\t\t\t\n\t\t\t\t\t\t\t<\/div>\n\n\n\n\t\t\t\t\t\t\t\n\t\t\t\t\t\t\t\t<div class=\"product-images product-images-r\">\n\n\t\t\t\t\t\t\t\t\t\t\t\t\t\t\t\t\t\t\t<img decoding=\"async\" class=\"ratio-1x1\" src=\"https:\/\/nevask.eu\/wp-content\/uploads\/2025\/07\/Standardny-drziak-copy-1024x1024.jpg\" alt=\"\u0160tandardn\u00fd dr\u017eiak vodiacich profilov\">\n\t\t\t\t\t\t\t\t\t\n\t\t\t\t\t\t\t\t<\/div>\n\n\t\t\t\t\t\t\t\n\t\t\t\t\t\t<\/div>\n\t\t\t\t\t\n\t\t\t\t\t\t<div class=\"cell\">\n\t\t\t\t\t\t\t\n\n\n\t\t\t\t\t\t\t<div class=\"product-text\">\n\n\t\t\t\t\t\t\t\t<h4>Consol\u0103 telescopic\u0103<\/h4>\n\n\t\t\t\t\t\t\t\t\n\t\t\t\t\t\t\t<\/div>\n\n\n\n\t\t\t\t\t\t\t\n\t\t\t\t\t\t\t\t<div class=\"product-images product-images-r\">\n\n\t\t\t\t\t\t\t\t\t\t\t\t\t\t\t\t\t\t\t<img decoding=\"async\" class=\"ratio-1x1\" src=\"https:\/\/nevask.eu\/wp-content\/uploads\/2025\/07\/Teleskopicky-drziak-vodiacich-profilov-1-1024x1024.jpg\" alt=\"Teleskopick\u00fd dr\u017eiak vodiacich profilov\">\n\t\t\t\t\t\t\t\t\t\n\t\t\t\t\t\t\t\t<\/div>\n\n\t\t\t\t\t\t\t\n\t\t\t\t\t\t<\/div>\n\t\t\t\t\t\n\t\t\t\t\t\t<div class=\"cell\">\n\t\t\t\t\t\t\t\n\n\n\t\t\t\t\t\t\t<div class=\"product-text\">\n\n\t\t\t\t\t\t\t\t<h4>Consol\u0103 unghiular\u0103 \u2013 col\u021b exterior<\/h4>\n\n\t\t\t\t\t\t\t\t\n\t\t\t\t\t\t\t<\/div>\n\n\n\n\t\t\t\t\t\t\t\n\t\t\t\t\t\t\t\t<div class=\"product-images product-images-r\">\n\n\t\t\t\t\t\t\t\t\t\t\t\t\t\t\t\t\t\t\t<img decoding=\"async\" class=\"ratio-1x1\" src=\"https:\/\/nevask.eu\/wp-content\/uploads\/2025\/07\/Rohovy-drziak-Vonkajsi-roh.jpg.webp\" alt=\"Rohov\u00fd dr\u017eiak vodiacich profilov - pre Vonkaj\u0161\u00ed roh\">\n\t\t\t\t\t\t\t\t\t\n\t\t\t\t\t\t\t\t<\/div>\n\n\t\t\t\t\t\t\t\n\t\t\t\t\t\t<\/div>\n\t\t\t\t\t\n\t\t\t\t\t\t<div class=\"cell\">\n\t\t\t\t\t\t\t\n\n\n\t\t\t\t\t\t\t<div class=\"product-text\">\n\n\t\t\t\t\t\t\t\t<h4>Consol\u0103 unghiular\u0103 \u2013 col\u021b interior<\/h4>\n\n\t\t\t\t\t\t\t\t\n\t\t\t\t\t\t\t<\/div>\n\n\n\n\t\t\t\t\t\t\t\n\t\t\t\t\t\t\t\t<div class=\"product-images product-images-r\">\n\n\t\t\t\t\t\t\t\t\t\t\t\t\t\t\t\t\t\t\t<img decoding=\"async\" class=\"ratio-1x1\" src=\"https:\/\/nevask.eu\/wp-content\/uploads\/2025\/07\/Rohovy-drziak-Vnutorny-roh.jpg.webp\" alt=\"Rohov\u00fd dr\u017eiak vodiacich profilov - pre Vn\u00fatorn\u00fd roh\">\n\t\t\t\t\t\t\t\t\t\n\t\t\t\t\t\t\t\t<\/div>\n\n\t\t\t\t\t\t\t\n\t\t\t\t\t\t<\/div>\n\t\t\t\t\t\n\t\t\t\t<\/div>\n\n\t\t\t\t\n<\/div>\n\n\n\n\n\n<div  class=\"section dark\">\n\t<div class=\"container full left\">\n\t\t<div class=\"cell\">\n\t\t\t<p><img loading=\"lazy\" decoding=\"async\" class=\"alignnone wp-image-2093\" src=\"https:\/\/nevask.eu\/wp-content\/uploads\/2025\/07\/hash-nevapartner_4.png\" alt=\"hashtag nevapartner - modr\u00e9 na bielom\" width=\"223\" height=\"45\" srcset=\"https:\/\/nevask.eu\/wp-content\/uploads\/2025\/07\/hash-nevapartner_4.png 689w, https:\/\/nevask.eu\/wp-content\/uploads\/2025\/07\/hash-nevapartner_4-300x61.png 300w\" sizes=\"auto, (max-width: 223px) 100vw, 223px\" \/><\/p>\n<p class=\"p-large\"><a href=\"https:\/\/nevask.eu\/ro\/dealeri-neva\/\">Partenerii no\u0219tri comerciali \u0219i de montaj<\/a> v\u0103 vor prezenta cu pl\u0103cere avantajele jaluzelelor exterioare NEVA. Pute\u021bi consulta cu ei solu\u021biile optime pentru proiectul dumneavoastr\u0103 sau pute\u021bi solicita o <a href=\"https:\/\/nevask.eu\/ro\/oferta-de-pret\/oferta-jaluzele-neva\/\">ofert\u0103 de pre\u021b<\/a> f\u0103r\u0103 obliga\u021bii.<\/p>\n\t\t<\/div>\n\t<\/div>\n<\/div>\n","protected":false},"excerpt":{"rendered":"","protected":false},"author":52,"featured_media":0,"parent":8214,"menu_order":0,"comment_status":"closed","ping_status":"closed","template":"","meta":{"_acf_changed":false,"inline_featured_image":false,"footnotes":""},"class_list":["post-8651","page","type-page","status-publish","hentry"],"acf":[],"yoast_head":"<!-- This site is optimized with the Yoast SEO plugin v27.4 - https:\/\/yoast.com\/product\/yoast-seo-wordpress\/ -->\n<title>Plac\u0103 acoperire \u0219i suport pentru jaluzele exterioare | nevask.eu<\/title>\n<meta name=\"description\" content=\"Pl\u0103cile de acoperire ale jaluzelelor exterioare sunt realizate din aluminiu. La cerere, le putem vopsi \u00een orice culoare din scara de culori RAL.\" \/>\n<meta name=\"robots\" content=\"index, follow, max-snippet:-1, max-image-preview:large, max-video-preview:-1\" \/>\n<link rel=\"canonical\" href=\"https:\/\/nevask.eu\/ro\/jaluzele-exterioare-neva\/placi-de-acoperire-console\/\" \/>\n<meta property=\"og:locale\" content=\"ro_RO\" \/>\n<meta property=\"og:type\" content=\"article\" \/>\n<meta property=\"og:title\" content=\"Plac\u0103 acoperire \u0219i suport pentru jaluzele exterioare | nevask.eu\" \/>\n<meta property=\"og:description\" content=\"Pl\u0103cile de acoperire ale jaluzelelor exterioare sunt realizate din aluminiu. La cerere, le putem vopsi \u00een orice culoare din scara de culori RAL.\" \/>\n<meta property=\"og:url\" content=\"https:\/\/nevask.eu\/ro\/jaluzele-exterioare-neva\/placi-de-acoperire-console\/\" \/>\n<meta property=\"og:site_name\" content=\"NEVA\" \/>\n<meta property=\"article:modified_time\" content=\"2025-09-08T13:58:15+00:00\" \/>\n<meta name=\"twitter:card\" content=\"summary_large_image\" \/>\n<meta name=\"twitter:label1\" content=\"Timp estimat pentru citire\" \/>\n\t<meta name=\"twitter:data1\" content=\"6 minute\" \/>\n<!-- \/ Yoast SEO plugin. -->","yoast_head_json":{"title":"Plac\u0103 acoperire \u0219i suport pentru jaluzele exterioare | nevask.eu","description":"Pl\u0103cile de acoperire ale jaluzelelor exterioare sunt realizate din aluminiu. La cerere, le putem vopsi \u00een orice culoare din scara de culori RAL.","robots":{"index":"index","follow":"follow","max-snippet":"max-snippet:-1","max-image-preview":"max-image-preview:large","max-video-preview":"max-video-preview:-1"},"canonical":"https:\/\/nevask.eu\/ro\/jaluzele-exterioare-neva\/placi-de-acoperire-console\/","og_locale":"ro_RO","og_type":"article","og_title":"Plac\u0103 acoperire \u0219i suport pentru jaluzele exterioare | nevask.eu","og_description":"Pl\u0103cile de acoperire ale jaluzelelor exterioare sunt realizate din aluminiu. La cerere, le putem vopsi \u00een orice culoare din scara de culori RAL.","og_url":"https:\/\/nevask.eu\/ro\/jaluzele-exterioare-neva\/placi-de-acoperire-console\/","og_site_name":"NEVA","article_modified_time":"2025-09-08T13:58:15+00:00","twitter_card":"summary_large_image","twitter_misc":{"Timp estimat pentru citire":"6 minute"},"schema":{"@context":"https:\/\/schema.org","@graph":[{"@type":"WebPage","@id":"https:\/\/nevask.eu\/ro\/jaluzele-exterioare-neva\/placi-de-acoperire-console\/","url":"https:\/\/nevask.eu\/ro\/jaluzele-exterioare-neva\/placi-de-acoperire-console\/","name":"Plac\u0103 acoperire \u0219i suport pentru jaluzele exterioare | nevask.eu","isPartOf":{"@id":"https:\/\/nevask.eu\/ro\/#website"},"datePublished":"2025-07-29T06:44:19+00:00","dateModified":"2025-09-08T13:58:15+00:00","description":"Pl\u0103cile de acoperire ale jaluzelelor exterioare sunt realizate din aluminiu. La cerere, le putem vopsi \u00een orice culoare din scara de culori RAL.","breadcrumb":{"@id":"https:\/\/nevask.eu\/ro\/jaluzele-exterioare-neva\/placi-de-acoperire-console\/#breadcrumb"},"inLanguage":"ro-RO","potentialAction":[{"@type":"ReadAction","target":["https:\/\/nevask.eu\/ro\/jaluzele-exterioare-neva\/placi-de-acoperire-console\/"]}]},{"@type":"BreadcrumbList","@id":"https:\/\/nevask.eu\/ro\/jaluzele-exterioare-neva\/placi-de-acoperire-console\/#breadcrumb","itemListElement":[{"@type":"ListItem","position":1,"name":"Home","item":"https:\/\/nevask.eu\/ro\/"},{"@type":"ListItem","position":2,"name":"Jaluzele exterioare NEVA","item":"https:\/\/nevask.eu\/ro\/jaluzele-exterioare-neva\/"},{"@type":"ListItem","position":3,"name":"Pl\u0103ci de acoperire \u0219i console"}]},{"@type":"WebSite","@id":"https:\/\/nevask.eu\/ro\/#website","url":"https:\/\/nevask.eu\/ro\/","name":"NEVA","description":"Vonkaj\u0161ie \u017eal\u00fazie a screenov\u00e9 rolety","potentialAction":[{"@type":"SearchAction","target":{"@type":"EntryPoint","urlTemplate":"https:\/\/nevask.eu\/ro\/?s={search_term_string}"},"query-input":{"@type":"PropertyValueSpecification","valueRequired":true,"valueName":"search_term_string"}}],"inLanguage":"ro-RO"}]}},"_links":{"self":[{"href":"https:\/\/nevask.eu\/ro\/wp-json\/wp\/v2\/pages\/8651","targetHints":{"allow":["GET"]}}],"collection":[{"href":"https:\/\/nevask.eu\/ro\/wp-json\/wp\/v2\/pages"}],"about":[{"href":"https:\/\/nevask.eu\/ro\/wp-json\/wp\/v2\/types\/page"}],"author":[{"embeddable":true,"href":"https:\/\/nevask.eu\/ro\/wp-json\/wp\/v2\/users\/52"}],"replies":[{"embeddable":true,"href":"https:\/\/nevask.eu\/ro\/wp-json\/wp\/v2\/comments?post=8651"}],"version-history":[{"count":3,"href":"https:\/\/nevask.eu\/ro\/wp-json\/wp\/v2\/pages\/8651\/revisions"}],"predecessor-version":[{"id":10073,"href":"https:\/\/nevask.eu\/ro\/wp-json\/wp\/v2\/pages\/8651\/revisions\/10073"}],"up":[{"embeddable":true,"href":"https:\/\/nevask.eu\/ro\/wp-json\/wp\/v2\/pages\/8214"}],"wp:attachment":[{"href":"https:\/\/nevask.eu\/ro\/wp-json\/wp\/v2\/media?parent=8651"}],"curies":[{"name":"wp","href":"https:\/\/api.w.org\/{rel}","templated":true}]}}