{"id":8657,"date":"2025-07-22T12:08:00","date_gmt":"2025-07-22T10:08:00","guid":{"rendered":"https:\/\/nevask.eu\/?page_id=8657"},"modified":"2026-01-07T12:45:59","modified_gmt":"2026-01-07T11:45:59","slug":"motoare-somfy","status":"publish","type":"page","link":"https:\/\/nevask.eu\/ro\/control-casa-inteligenta\/motoare-somfy\/","title":{"rendered":"Motoare Somfy"},"content":{"rendered":"\n\n\n\n\n\n<div class=\"section narrow white\">\n\t<div class=\"container\">\n\t\t<div class=\"cell\">\n\t\t\t<ul class=\"breadcrumbs\">\n\t\t\t\t<li><a href=\"https:\/\/nevask.eu\/ro\/\">Home<\/a><\/li>\n\n\t\t\t\t\n\t\t\t<\/ul>\n\t\t<\/div>\n\t<\/div>\n<\/div>\n\n\n\n\n\n<div  class=\"section white\">\n\t<div class=\"container\">\n\t\t<div class=\"cell image h420\">\n\n\t\t\t\t\t\t\t<img decoding=\"async\" src=\"https:\/\/nevask.eu\/wp-content\/uploads\/2025\/07\/Somfy_motor_J4S_io_Protect-copy.jpg.webp\" alt=\"Tich\u00fd motor Somfy J4S io Protect pre \u017eal\u00fazie\">\n\t\t\t\n\t\t<\/div>\n\t<\/div>\n<\/div>\n\n\n\n\n\n\n\n\n<div  class=\"section white\">\n\t<div class=\"container cols-80p-20p\">\n\n\t\t\n\n\n\t\t<div class=\"cell\">\n\n\t\t\t<h1 class=\"u-align-left u-text u-text-1\">Motoare Somfy<br \/>\npentru jaluzele \u0219i rulouri screen<\/h1>\n<p class=\"p1\">Motoarele Somfy sunt compatibile cu sistemul de control TaHoma\u00ae, permi\u021b\u00e2nd integrarea <a href=\"https:\/\/nevask.eu\/ro\/jaluzele-exterioare-neva\/\">jaluzelelor exterioare<\/a> sau <a href=\"https:\/\/nevask.eu\/ro\/rulouri-screen-neva\/\">rulourilor screen NEVA\u00ae<\/a> \u00eentr-o cas\u0103 inteligent\u0103.<\/p>\n<p class=\"p1\">Prin conectarea la senzori de temperatur\u0103 sau lumin\u0103 solar\u0103, pozi\u021bia jaluzelelor se adapteaz\u0103 automat \u00een func\u021bie de condi\u021biile meteo actuale. Pentru fiecare camer\u0103 pute\u021bi seta programe orare diferite, \u00een func\u021bie de rutina zilnic\u0103.<\/p>\n<p class=\"p1\">Astfel, v\u0103 pute\u021bi spori considerabil confortul \u0219i gestiona foarte eficient consumul de energie electric\u0103.<\/p>\n\n\t\t\t\n\t\t<\/div>\n\n\n\n\t\t\n\t<\/div>\n<\/div>\n\n\n\n\n\n<div  class=\"section white\">\n\t<div class=\"container full left\">\n\t\t<div class=\"cell\">\n\t\t\t<h2 class=\"u-text u-text-default-lg u-text-default-md u-text-default-xl u-text-default-xxl u-text-1\">Cele mai v\u00e2ndute motoare Somfy pentru jaluzele \u0219i rulouri screen<\/h2>\n<ul class=\"u-text u-text-default u-text-2\">\n<li>\u00a0J4 WT\u00a0\u2013 motor de baz\u0103 \u0219i universal cu cablu,<\/li>\n<li>\u00a0J4 WT\u00a0Protect \u2013 motorul universal cu func\u021bii protectoare,<\/li>\n<li>\u00a0J4 io Protect\u00a0\u2013 motor inteligent, cu func\u021bii de protec\u021bie \u0219i receptor integrat io-homecontrol, pentru o cas\u0103 automatizat\u0103 (cel mai des v\u00e2ndut motor)<\/li>\n<li>\n<p class=\"u-text u-text-default u-text-3\">J4S io Protect -func\u021bionare mai silen\u021bioas\u0103 a jaluzelelor, \u00eenclinare mai lin\u0103 a lamelelor \u0219i fiabilitate mai mare.<\/p>\n<\/li>\n<\/ul>\n\t\t<\/div>\n\t<\/div>\n<\/div>\n\n\n\n\n\n\n\n\n<div  class=\"section white\">\n\t<div class=\"container cols-50p\">\n\n\t\t\n\n\n\t\t<div class=\"cell\">\n\n\t\t\t<h3 class=\"u-text u-text-default u-text-palette-2-base u-text-2\">Motor Somfy J4S io Protect<\/h3>\n<p>P\u00e2n\u0103 acum, la pornirea sau oprirea mi\u0219c\u0103rii jaluzelelor se auzea un clic caracteristic al fr\u00e2nei. Asta poate fi deranjant mai ales la geamurile de la dormitor sau la camera copiilor.<\/p>\n<p>Noul motor J4S a eliminat acest sunet deranjant, \u015fi este cu 5 dB mai selen\u0163ios ca motoarele folosite de p\u00e2n\u0103 acum.<\/p>\n\n\t\t\t\n\t\t<\/div>\n\n\n\n\t\t\n\t\t\t<div class=\"cell center vcenter\">\n\t\t\t\t<img decoding=\"async\" src=\"https:\/\/nevask.eu\/wp-content\/uploads\/2025\/07\/J4SioProtect-logo01-1024x647.png\" alt=\"\">\n\t\t\t<\/div>\n\n\t\t\n\t<\/div>\n<\/div>\n\n\n\n\n\n<div  class=\"section dark\">\n\t<div class=\"container full left\">\n\t\t<div class=\"cell\">\n\t\t\t<p><img loading=\"lazy\" decoding=\"async\" class=\"alignnone wp-image-2093\" src=\"https:\/\/nevask.eu\/wp-content\/uploads\/2025\/07\/hash-nevapartner_4-300x61.png\" alt=\"hashtag nevapartner - modr\u00e9 na bielom\" width=\"220\" height=\"44\" srcset=\"https:\/\/nevask.eu\/wp-content\/uploads\/2025\/07\/hash-nevapartner_4-300x61.png 300w, https:\/\/nevask.eu\/wp-content\/uploads\/2025\/07\/hash-nevapartner_4.png 689w\" sizes=\"auto, (max-width: 220px) 100vw, 220px\" \/><\/p>\n<p class=\"p-large\" style=\"text-align: left\"><a class=\"\" href=\"https:\/\/nevask.eu\/ro\/dealeri-neva\/\">Partenerii no\u0219tri comerciali \u0219i de montaj<\/a>\u00a0v\u0103 vor prezenta cu pl\u0103cere avantajele jaluzelelor exterioare NEVA. Pute\u021bi consulta cu ei solu\u021biile optime pentru proiectul dumneavoastr\u0103 sau pute\u021bi solicita o\u00a0<a class=\"\" href=\"https:\/\/nevask.eu\/ro\/oferta-de-pret\/\">ofert\u0103 de pre\u021b<\/a>\u00a0f\u0103r\u0103 obliga\u021bii.<\/p>\n\t\t<\/div>\n\t<\/div>\n<\/div>\n","protected":false},"excerpt":{"rendered":"","protected":false},"author":52,"featured_media":0,"parent":8299,"menu_order":0,"comment_status":"closed","ping_status":"closed","template":"","meta":{"_acf_changed":false,"inline_featured_image":false,"footnotes":""},"class_list":["post-8657","page","type-page","status-publish","hentry"],"acf":[],"yoast_head":"<!-- This site is optimized with the Yoast SEO plugin v27.5 - https:\/\/yoast.com\/product\/yoast-seo-wordpress\/ -->\n<title>Motoare de la Somfy pentru jaluzele exterioare \u0219i rulouri screen | NEVA<\/title>\n<meta name=\"description\" content=\"Jaluzelele exterioare \u0219i rulourile screen automatizate cu motoare de la Somfy v\u0103 ofer\u0103 economie de energie, siguran\u021b\u0103 sporit\u0103 \u0219i confort maxim.\" \/>\n<meta name=\"robots\" content=\"index, follow, max-snippet:-1, max-image-preview:large, max-video-preview:-1\" \/>\n<link rel=\"canonical\" href=\"https:\/\/nevask.eu\/ro\/control-casa-inteligenta\/motoare-somfy\/\" \/>\n<meta property=\"og:locale\" content=\"ro_RO\" \/>\n<meta property=\"og:type\" content=\"article\" \/>\n<meta property=\"og:title\" content=\"Motoare de la Somfy pentru jaluzele exterioare \u0219i rulouri screen | NEVA\" \/>\n<meta property=\"og:description\" content=\"Jaluzelele exterioare \u0219i rulourile screen automatizate cu motoare de la Somfy v\u0103 ofer\u0103 economie de energie, siguran\u021b\u0103 sporit\u0103 \u0219i confort maxim.\" \/>\n<meta property=\"og:url\" content=\"https:\/\/nevask.eu\/ro\/control-casa-inteligenta\/motoare-somfy\/\" \/>\n<meta property=\"og:site_name\" content=\"NEVA\" \/>\n<meta property=\"article:modified_time\" content=\"2026-01-07T11:45:59+00:00\" \/>\n<meta name=\"twitter:card\" content=\"summary_large_image\" \/>\n<meta name=\"twitter:label1\" content=\"Timp estimat pentru citire\" \/>\n\t<meta name=\"twitter:data1\" content=\"2 minute\" \/>\n<!-- \/ Yoast SEO plugin. -->","yoast_head_json":{"title":"Motoare de la Somfy pentru jaluzele exterioare \u0219i rulouri screen | NEVA","description":"Jaluzelele exterioare \u0219i rulourile screen automatizate cu motoare de la Somfy v\u0103 ofer\u0103 economie de energie, siguran\u021b\u0103 sporit\u0103 \u0219i confort maxim.","robots":{"index":"index","follow":"follow","max-snippet":"max-snippet:-1","max-image-preview":"max-image-preview:large","max-video-preview":"max-video-preview:-1"},"canonical":"https:\/\/nevask.eu\/ro\/control-casa-inteligenta\/motoare-somfy\/","og_locale":"ro_RO","og_type":"article","og_title":"Motoare de la Somfy pentru jaluzele exterioare \u0219i rulouri screen | NEVA","og_description":"Jaluzelele exterioare \u0219i rulourile screen automatizate cu motoare de la Somfy v\u0103 ofer\u0103 economie de energie, siguran\u021b\u0103 sporit\u0103 \u0219i confort maxim.","og_url":"https:\/\/nevask.eu\/ro\/control-casa-inteligenta\/motoare-somfy\/","og_site_name":"NEVA","article_modified_time":"2026-01-07T11:45:59+00:00","twitter_card":"summary_large_image","twitter_misc":{"Timp estimat pentru citire":"2 minute"},"schema":{"@context":"https:\/\/schema.org","@graph":[{"@type":"WebPage","@id":"https:\/\/nevask.eu\/ro\/control-casa-inteligenta\/motoare-somfy\/","url":"https:\/\/nevask.eu\/ro\/control-casa-inteligenta\/motoare-somfy\/","name":"Motoare de la Somfy pentru jaluzele exterioare \u0219i rulouri screen | NEVA","isPartOf":{"@id":"https:\/\/nevask.eu\/ro\/#website"},"datePublished":"2025-07-22T10:08:00+00:00","dateModified":"2026-01-07T11:45:59+00:00","description":"Jaluzelele exterioare \u0219i rulourile screen automatizate cu motoare de la Somfy v\u0103 ofer\u0103 economie de energie, siguran\u021b\u0103 sporit\u0103 \u0219i confort maxim.","breadcrumb":{"@id":"https:\/\/nevask.eu\/ro\/control-casa-inteligenta\/motoare-somfy\/#breadcrumb"},"inLanguage":"ro-RO","potentialAction":[{"@type":"ReadAction","target":["https:\/\/nevask.eu\/ro\/control-casa-inteligenta\/motoare-somfy\/"]}]},{"@type":"BreadcrumbList","@id":"https:\/\/nevask.eu\/ro\/control-casa-inteligenta\/motoare-somfy\/#breadcrumb","itemListElement":[{"@type":"ListItem","position":1,"name":"Home","item":"https:\/\/nevask.eu\/ro\/"},{"@type":"ListItem","position":2,"name":"Smart Home","item":"https:\/\/nevask.eu\/ro\/control-casa-inteligenta\/"},{"@type":"ListItem","position":3,"name":"Motoare Somfy"}]},{"@type":"WebSite","@id":"https:\/\/nevask.eu\/ro\/#website","url":"https:\/\/nevask.eu\/ro\/","name":"NEVA","description":"Vonkaj\u0161ie \u017eal\u00fazie a screenov\u00e9 rolety","potentialAction":[{"@type":"SearchAction","target":{"@type":"EntryPoint","urlTemplate":"https:\/\/nevask.eu\/ro\/?s={search_term_string}"},"query-input":{"@type":"PropertyValueSpecification","valueRequired":true,"valueName":"search_term_string"}}],"inLanguage":"ro-RO"}]}},"_links":{"self":[{"href":"https:\/\/nevask.eu\/ro\/wp-json\/wp\/v2\/pages\/8657","targetHints":{"allow":["GET"]}}],"collection":[{"href":"https:\/\/nevask.eu\/ro\/wp-json\/wp\/v2\/pages"}],"about":[{"href":"https:\/\/nevask.eu\/ro\/wp-json\/wp\/v2\/types\/page"}],"author":[{"embeddable":true,"href":"https:\/\/nevask.eu\/ro\/wp-json\/wp\/v2\/users\/52"}],"replies":[{"embeddable":true,"href":"https:\/\/nevask.eu\/ro\/wp-json\/wp\/v2\/comments?post=8657"}],"version-history":[{"count":4,"href":"https:\/\/nevask.eu\/ro\/wp-json\/wp\/v2\/pages\/8657\/revisions"}],"predecessor-version":[{"id":11837,"href":"https:\/\/nevask.eu\/ro\/wp-json\/wp\/v2\/pages\/8657\/revisions\/11837"}],"up":[{"embeddable":true,"href":"https:\/\/nevask.eu\/ro\/wp-json\/wp\/v2\/pages\/8299"}],"wp:attachment":[{"href":"https:\/\/nevask.eu\/ro\/wp-json\/wp\/v2\/media?parent=8657"}],"curies":[{"name":"wp","href":"https:\/\/api.w.org\/{rel}","templated":true}]}}