{"id":8659,"date":"2025-07-25T14:33:15","date_gmt":"2025-07-25T12:33:15","guid":{"rendered":"https:\/\/nevask.eu\/?page_id=8659"},"modified":"2025-09-12T08:08:15","modified_gmt":"2025-09-12T06:08:15","slug":"placile-iso-panel","status":"publish","type":"page","link":"https:\/\/nevask.eu\/ro\/jaluzele-exterioare-neva\/placile-iso-panel\/","title":{"rendered":"Pl\u0103cile ISO-PANEL"},"content":{"rendered":"\n\n\n\n\n\n<div class=\"section narrow white\">\n\t<div class=\"container\">\n\t\t<div class=\"cell\">\n\t\t\t<ul class=\"breadcrumbs\">\n\t\t\t\t<li><a href=\"https:\/\/nevask.eu\/ro\/\">Home<\/a><\/li>\n\n\t\t\t\t\n\t\t\t<\/ul>\n\t\t<\/div>\n\t<\/div>\n<\/div>\n\n\n\n\n\n\n\n\n<div  class=\"section white\">\n\t<div class=\"container cols-50p\">\n\n\t\t\n\n\n\t\t<div class=\"cell\">\n\n\t\t\t<h1 class=\"p1\">Pl\u0103cile ISO-PANEL<\/h1>\n<p class=\"p-large\">Pl\u0103cile vin \u00een completarea carcaselor <a href=\"https:\/\/nevask.eu\/ro\/jaluzele-exterioare-neva\/caseta-iso-kastl\/\">ISO-KASTL<\/a> pentru \u00eencorporarea \u0219inelor de ghidare \u00een cadrul ferestrei.<\/p>\n<section id=\"sec-ce8b\" class=\"u-clearfix u-section-2\">\n<div class=\"u-clearfix u-sheet u-sheet-1\">\n<p class=\"u-align-justify u-text u-text-4\">ISO-PANEL este fabricat din granule de PET reciclate \u0219i, pe l\u00e2ng\u0103 propriet\u0103\u021bile sale excelente de izolare termic\u0103, este u\u0219or de reciclat la r\u00e2ndul lui. ISO-PANEL are, printre altele, o rezisten\u021b\u0103 ridicat\u0103 la compresiune, la umiditate, la temperaturi ridicate \u0219i rezisten\u021b\u0103 chimic\u0103.<\/p>\n<p class=\"u-align-justify u-text u-text-4\">Acesta dep\u0103\u0219e\u0219te Purenit \u0219i XPS \u00een ceea ce prive\u0219te propriet\u0103\u021bile sale. Unul dintre marile avantaje ale ISO-PANEL este manipularea u\u0219oar\u0103 a materialului. \u00eel pute\u021bi prelucra cu u\u0219urin\u021b\u0103 la fa\u021ba locului cu un cu\u021bit de concasare \u0219i pute\u021bi arunca de\u0219eurile \u00eentr-un co\u0219 de gunoi pentru de\u0219euri de plastic galben.<\/p>\n<\/div>\n<\/section>\n<section id=\"sec-83b1\" class=\"u-clearfix u-custom-color-2 u-section-3\">\n<div class=\"u-clearfix u-sheet u-valign-middle u-sheet-1\"><\/div>\n<\/section>\n\n\t\t\t\n\t\t<\/div>\n\n\n\n\t\t\n\t\t\t<div class=\"cell center top\">\n\t\t\t\t<img decoding=\"async\" src=\"https:\/\/nevask.eu\/wp-content\/uploads\/2025\/07\/ISO-PANEL-dosky_detail_m-copy-1-1024x410.jpg\" alt=\"ISO-PANEL dosky - detail\">\n\t\t\t<\/div>\n\n\t\t\n\t<\/div>\n<\/div>\n\n\n\n\n\n<div  class=\"section tint\">\n\n\t\n\t\t<div class=\"container intro\">\n\t\t\t<div class=\"cell\">\n\t\t\t\t<h2>Avantajele atractive ale pl\u0103cile ISO-PANEL<\/h2>\n\t\t\t<\/div>\n\t\t<\/div>\n\n\t\n\n\n\t\n\t<div class=\"container cols-33p text-blocks\" style=\"\">\n\n\t\t\n\t\t\t\n\t\t\t\t\n\t\t\t\t<div class=\"cell\" style=\"\">\n\n\t\t\t\t\t\n\t\t\t\t\t\t<div class=\"icon-title\">\n\n\t\t\t\t\t\t\t\t\t\t\t\t\t\t\t<img decoding=\"async\" src=\"https:\/\/nevask.eu\/wp-content\/uploads\/2025\/07\/ikona-neva-rychla-montaz.png.webp\" alt=\"piktogram \u010das\">\n\t\t\t\t\t\t\t\n\t\t\t\t\t\t\t\t\t\t\t\t\t\t\t<h3 class=\"h5\">Montare rapid\u0103<\/h3>\n\t\t\t\t\t\t\t\n\t\t\t\t\t\t<\/div>\n\n\t\t\t\t\t\n\n\n\t\t\t\t\t<p>Este rapid de instalat \u0219i accelereaz\u0103 semnificativ instalarea jaluziilor. Se potrive\u0219te f\u0103r\u0103 probleme cu toate materialele de construc\u021bie.<\/p>\n\n\t\t\t\t<\/div>\n\t\t\t\n\t\t\t\t\n\t\t\t\t<div class=\"cell\" style=\"\">\n\n\t\t\t\t\t\n\t\t\t\t\t\t<div class=\"icon-title\">\n\n\t\t\t\t\t\t\t\t\t\t\t\t\t\t\t<img decoding=\"async\" src=\"https:\/\/nevask.eu\/wp-content\/uploads\/2025\/07\/icon-dostanete-zaruku-navic-1-100x100-c-center.webp\" alt=\"palec hore\">\n\t\t\t\t\t\t\t\n\t\t\t\t\t\t\t\t\t\t\t\t\t\t\t<h3 class=\"h5\">Rezisten\u021b\u0103 deosebit\u0103<\/h3>\n\t\t\t\t\t\t\t\n\t\t\t\t\t\t<\/div>\n\n\t\t\t\t\t\n\n\n\t\t\t\t\t<p>Carcasa este rezistent\u0103 la ap\u0103 \u0219i la volum. Este proiectat\u0103 pentru a preveni pun\u021bile termice \u0219i pentru a asigura o izola\u021bie termic\u0103 ridicat\u0103.<\/p>\n\n\t\t\t\t<\/div>\n\t\t\t\n\t\t\t\t\n\t\t\t\t<div class=\"cell\" style=\"\">\n\n\t\t\t\t\t\n\t\t\t\t\t\t<div class=\"icon-title\">\n\n\t\t\t\t\t\t\t\t\t\t\t\t\t\t\t<img decoding=\"async\" src=\"https:\/\/nevask.eu\/wp-content\/uploads\/2025\/07\/620863-9e60d7b9.png.webp\" alt=\"Piktogram Ekol\u00f3gia\">\n\t\t\t\t\t\t\t\n\t\t\t\t\t\t\t\t\t\t\t\t\t\t\t<h3 class=\"h5\">Solu\u021bie ecologic\u0103<\/h3>\n\t\t\t\t\t\t\t\n\t\t\t\t\t\t<\/div>\n\n\t\t\t\t\t\n\n\n\t\t\t\t\t<p class=\"p1\">Panourile sunt fabricate din granulat PET reciclat. Materialul r\u0103mas este reciclabil \u00een mod repetat \u0219i este prietenos cu mediul \u00eenconjur\u0103tor.<\/p>\n\n\t\t\t\t<\/div>\n\t\t\t\n\t\t\n\t<\/div>\n\n\n\n\t\n\t\t<div class=\"container outro center\">\n\t\t\t<div class=\"cell\">\n\n\t\t\t\t\n\t\t\t\t\t\t\t\t\t<a href=\"https:\/\/nevask.eu\/ro\/oferta-de-pret\/oferta-jaluzele-neva\/\" target=\"\" class=\"button\">Oferta de pre\u021b \u2192<\/a>\n\t\t\t\t\n\t\t\t<\/div>\n\t\t<\/div>\n\n\t\n<\/div>\n\n\n\n\n\n\n\n\n<div  class=\"section white\">\n\n\t\n\t\t<div class=\"container intro\">\n\t\t\t<div class=\"cell\">\n\t\t\t\t<h2>Specifica\u021bii technice ISO-PANEL<\/h2>\n\t\t\t<\/div>\n\t\t<\/div>\n\n\t\n\n\n\t<div class=\"container cols-40p-60p\">\n\n\t\t\n\t\t\t<div class=\"cell\">\n\n\t\t\t\t\n\n\n\t\t\t\t\n\t\t\t\t\t\t\t\t\t\t\t\t\t<img decoding=\"async\" src=\"https:\/\/nevask.eu\/wp-content\/uploads\/2025\/07\/ISO-PANEL-b-e1753449942642.png\" alt=\"ISO-PANEL rez s k\u00f3tami\">\n\t\t\t\t\t\t\n\t\t\t\t\t\t\n\t\t\t<\/div>\n\n\t\t\n\t\t\t<div class=\"cell\">\n\n\t\t\t\t\n\n\n\t\t\t\t<div class=\"table-wrapper\"><div class=\"table-wrapper\"><table class=\"nowrap\">\n<tbody>\n<tr>\n<th colspan=\"3\">Legend\u0103<\/th>\n<\/tr>\n<tr>\n<td>1<\/td>\n<td>\n<p class=\"p1\">L\u0103\u021bimea maxim\u0103 (mm)<\/p>\n<\/td>\n<td>350<\/td>\n<\/tr>\n<tr>\n<td>2<\/td>\n<td>\n<p class=\"p1\">\u00cen\u0103l\u021bimea panoului (mm)<\/p>\n<\/td>\n<td>30 + 5<\/td>\n<\/tr>\n<tr>\n<td>3<\/td>\n<td>\n<p class=\"p1\">Lungimea maxim\u0103 (mm)<\/p>\n<\/td>\n<td>5000<\/td>\n<\/tr>\n<\/tbody>\n<\/table><\/div><\/div>\n<p>&nbsp;<\/p>\n<p class=\"p1\">Amplasarea axei carcasei poate fi \u00een centrul panoului sau conform cerin\u021belor.<\/p>\n<p class=\"p1\">Exist\u0103 posibilitatea t\u0103ierii la un unghi de 4\u00b0 pentru o racordare optim\u0103 cu glafurile.<\/p>\n\n\t\t\t<\/div>\n\n\t\t\n\t<\/div>\n<\/div>\n\n\n\n\n\n\n\n\n<div  class=\"section tint\">\n\t<div class=\"container cols-50p\">\n\n\t\t\n\t\t\t<div class=\"cell center vcenter\">\n\t\t\t\t<img decoding=\"async\" src=\"https:\/\/nevask.eu\/wp-content\/uploads\/2025\/07\/Zaluzie-NEVA-Z-90_ISO-KASTL-WMm-717x1024.jpg\" alt=\"Mont\u00e1\u017e \u017eal\u00fazi\u00ed pod omietku s ISO-KASTL so zateplen\u00edm\">\n\t\t\t<\/div>\n\n\t\t\n\n\n\t\t<div class=\"cell\">\n\n\t\t\t<h3>Exemplu de montaj al jaluzelelor folosind pl\u0103cile ISO-PANEL<\/h3>\n<p class=\"p1\">Jaluzele exterioare NEVA Z-90 \u00een caseta \u00eencastrat\u0103 termoizolant\u0103 NEVA ISO-KASTL, cu \u0219inele ghidaj incorporate \u00een carcasele din panourile ISO-PANEL.<\/p>\n\n\t\t\t\t\t\t\t<a href=\"https:\/\/nevask.eu\/ro\/jaluzele-exterioare-neva\/metode-de-instalare-a-jaluzelelor-exterioare\/\" target=\"\" class=\"button\">Modalit\u0103\u021bi de montaj pentru jaluzelele exterioare \u2192<\/a>\n\t\t\t\n\t\t<\/div>\n\n\n\n\t\t\n\t<\/div>\n<\/div>\n\n\n\n\n\n<div  class=\"section dark\">\n\t<div class=\"container full left\">\n\t\t<div class=\"cell\">\n\t\t\t<p><img loading=\"lazy\" decoding=\"async\" class=\"alignnone wp-image-2093\" src=\"https:\/\/nevask.eu\/wp-content\/uploads\/2025\/07\/hash-nevapartner_4.png\" alt=\"hashtag nevapartner - modr\u00e9 na bielom\" width=\"223\" height=\"45\" srcset=\"https:\/\/nevask.eu\/wp-content\/uploads\/2025\/07\/hash-nevapartner_4.png 689w, https:\/\/nevask.eu\/wp-content\/uploads\/2025\/07\/hash-nevapartner_4-300x61.png 300w\" sizes=\"auto, (max-width: 223px) 100vw, 223px\" \/><\/p>\n<p class=\"p-large\"><a href=\"https:\/\/nevask.eu\/ro\/dealeri-neva\/\">Partenerii no\u0219tri comerciali \u0219i de montaj<\/a> v\u0103 vor prezenta cu pl\u0103cere avantajele jaluzelelor exterioare NEVA. Pute\u021bi consulta cu ei solu\u021biile optime pentru proiectul dumneavoastr\u0103 sau pute\u021bi solicita o <a href=\"https:\/\/nevask.eu\/ro\/oferta-de-pret\/\">ofert\u0103 de pre\u021b<\/a> f\u0103r\u0103 obliga\u021bii.<\/p>\n\t\t<\/div>\n\t<\/div>\n<\/div>\n","protected":false},"excerpt":{"rendered":"","protected":false},"author":52,"featured_media":0,"parent":8214,"menu_order":0,"comment_status":"closed","ping_status":"closed","template":"","meta":{"_acf_changed":false,"inline_featured_image":false,"footnotes":""},"class_list":["post-8659","page","type-page","status-publish","hentry"],"acf":[],"yoast_head":"<!-- This site is optimized with the Yoast SEO plugin v27.5 - https:\/\/yoast.com\/product\/yoast-seo-wordpress\/ -->\n<title>Pl\u0103ci ISO-PANEL pentru jaluzele exterioare NEVA | nevask.eu<\/title>\n<meta name=\"description\" content=\"Pl\u0103cile ISO PANEL completeaz\u0103 cadrul tencuibil ISO-KASTL pentru \u00eencorporarea profilelor de ghidare ascunse \u00een fa\u021bad\u0103.\" \/>\n<meta name=\"robots\" content=\"index, follow, max-snippet:-1, max-image-preview:large, max-video-preview:-1\" \/>\n<link rel=\"canonical\" href=\"https:\/\/nevask.eu\/ro\/jaluzele-exterioare-neva\/placile-iso-panel\/\" \/>\n<meta property=\"og:locale\" content=\"ro_RO\" \/>\n<meta property=\"og:type\" content=\"article\" \/>\n<meta property=\"og:title\" content=\"Pl\u0103ci ISO-PANEL pentru jaluzele exterioare NEVA | nevask.eu\" \/>\n<meta property=\"og:description\" content=\"Pl\u0103cile ISO PANEL completeaz\u0103 cadrul tencuibil ISO-KASTL pentru \u00eencorporarea profilelor de ghidare ascunse \u00een fa\u021bad\u0103.\" \/>\n<meta property=\"og:url\" content=\"https:\/\/nevask.eu\/ro\/jaluzele-exterioare-neva\/placile-iso-panel\/\" \/>\n<meta property=\"og:site_name\" content=\"NEVA\" \/>\n<meta property=\"article:modified_time\" content=\"2025-09-12T06:08:15+00:00\" \/>\n<meta name=\"twitter:card\" content=\"summary_large_image\" \/>\n<meta name=\"twitter:label1\" content=\"Timp estimat pentru citire\" \/>\n\t<meta name=\"twitter:data1\" content=\"4 minute\" \/>\n<!-- \/ Yoast SEO plugin. -->","yoast_head_json":{"title":"Pl\u0103ci ISO-PANEL pentru jaluzele exterioare NEVA | nevask.eu","description":"Pl\u0103cile ISO PANEL completeaz\u0103 cadrul tencuibil ISO-KASTL pentru \u00eencorporarea profilelor de ghidare ascunse \u00een fa\u021bad\u0103.","robots":{"index":"index","follow":"follow","max-snippet":"max-snippet:-1","max-image-preview":"max-image-preview:large","max-video-preview":"max-video-preview:-1"},"canonical":"https:\/\/nevask.eu\/ro\/jaluzele-exterioare-neva\/placile-iso-panel\/","og_locale":"ro_RO","og_type":"article","og_title":"Pl\u0103ci ISO-PANEL pentru jaluzele exterioare NEVA | nevask.eu","og_description":"Pl\u0103cile ISO PANEL completeaz\u0103 cadrul tencuibil ISO-KASTL pentru \u00eencorporarea profilelor de ghidare ascunse \u00een fa\u021bad\u0103.","og_url":"https:\/\/nevask.eu\/ro\/jaluzele-exterioare-neva\/placile-iso-panel\/","og_site_name":"NEVA","article_modified_time":"2025-09-12T06:08:15+00:00","twitter_card":"summary_large_image","twitter_misc":{"Timp estimat pentru citire":"4 minute"},"schema":{"@context":"https:\/\/schema.org","@graph":[{"@type":"WebPage","@id":"https:\/\/nevask.eu\/ro\/jaluzele-exterioare-neva\/placile-iso-panel\/","url":"https:\/\/nevask.eu\/ro\/jaluzele-exterioare-neva\/placile-iso-panel\/","name":"Pl\u0103ci ISO-PANEL pentru jaluzele exterioare NEVA | nevask.eu","isPartOf":{"@id":"https:\/\/nevask.eu\/ro\/#website"},"datePublished":"2025-07-25T12:33:15+00:00","dateModified":"2025-09-12T06:08:15+00:00","description":"Pl\u0103cile ISO PANEL completeaz\u0103 cadrul tencuibil ISO-KASTL pentru \u00eencorporarea profilelor de ghidare ascunse \u00een fa\u021bad\u0103.","breadcrumb":{"@id":"https:\/\/nevask.eu\/ro\/jaluzele-exterioare-neva\/placile-iso-panel\/#breadcrumb"},"inLanguage":"ro-RO","potentialAction":[{"@type":"ReadAction","target":["https:\/\/nevask.eu\/ro\/jaluzele-exterioare-neva\/placile-iso-panel\/"]}]},{"@type":"BreadcrumbList","@id":"https:\/\/nevask.eu\/ro\/jaluzele-exterioare-neva\/placile-iso-panel\/#breadcrumb","itemListElement":[{"@type":"ListItem","position":1,"name":"Home","item":"https:\/\/nevask.eu\/ro\/"},{"@type":"ListItem","position":2,"name":"Jaluzele exterioare NEVA","item":"https:\/\/nevask.eu\/ro\/jaluzele-exterioare-neva\/"},{"@type":"ListItem","position":3,"name":"Pl\u0103cile ISO-PANEL"}]},{"@type":"WebSite","@id":"https:\/\/nevask.eu\/ro\/#website","url":"https:\/\/nevask.eu\/ro\/","name":"NEVA","description":"Vonkaj\u0161ie \u017eal\u00fazie a screenov\u00e9 rolety","potentialAction":[{"@type":"SearchAction","target":{"@type":"EntryPoint","urlTemplate":"https:\/\/nevask.eu\/ro\/?s={search_term_string}"},"query-input":{"@type":"PropertyValueSpecification","valueRequired":true,"valueName":"search_term_string"}}],"inLanguage":"ro-RO"}]}},"_links":{"self":[{"href":"https:\/\/nevask.eu\/ro\/wp-json\/wp\/v2\/pages\/8659","targetHints":{"allow":["GET"]}}],"collection":[{"href":"https:\/\/nevask.eu\/ro\/wp-json\/wp\/v2\/pages"}],"about":[{"href":"https:\/\/nevask.eu\/ro\/wp-json\/wp\/v2\/types\/page"}],"author":[{"embeddable":true,"href":"https:\/\/nevask.eu\/ro\/wp-json\/wp\/v2\/users\/52"}],"replies":[{"embeddable":true,"href":"https:\/\/nevask.eu\/ro\/wp-json\/wp\/v2\/comments?post=8659"}],"version-history":[{"count":5,"href":"https:\/\/nevask.eu\/ro\/wp-json\/wp\/v2\/pages\/8659\/revisions"}],"predecessor-version":[{"id":10222,"href":"https:\/\/nevask.eu\/ro\/wp-json\/wp\/v2\/pages\/8659\/revisions\/10222"}],"up":[{"embeddable":true,"href":"https:\/\/nevask.eu\/ro\/wp-json\/wp\/v2\/pages\/8214"}],"wp:attachment":[{"href":"https:\/\/nevask.eu\/ro\/wp-json\/wp\/v2\/media?parent=8659"}],"curies":[{"name":"wp","href":"https:\/\/api.w.org\/{rel}","templated":true}]}}