{"id":8663,"date":"2025-07-10T14:43:39","date_gmt":"2025-07-10T12:43:39","guid":{"rendered":"https:\/\/nevask.eu\/?page_id=8663"},"modified":"2025-09-08T16:26:07","modified_gmt":"2025-09-08T14:26:07","slug":"jaluzele-fatada-neva","status":"publish","type":"page","link":"https:\/\/nevask.eu\/ro\/jaluzele-exterioare-neva\/jaluzele-fatada-neva\/","title":{"rendered":"Jaluzele de fa\u021bad\u0103"},"content":{"rendered":"\n\n\n\n\n\n<div class=\"section narrow white\">\n\t<div class=\"container\">\n\t\t<div class=\"cell\">\n\t\t\t<ul class=\"breadcrumbs\">\n\t\t\t\t<li><a href=\"https:\/\/nevask.eu\/ro\/\">Home<\/a><\/li>\n\n\t\t\t\t\n\t\t\t<\/ul>\n\t\t<\/div>\n\t<\/div>\n<\/div>\n\n\n\n\n\n<div  class=\"section white\">\n\t<div class=\"container\">\n\t\t<div class=\"cell image h420\">\n\n\t\t\t\t\t\t\t<img decoding=\"async\" src=\"https:\/\/nevask.eu\/wp-content\/uploads\/2025\/07\/Fasadny-zaluziovy-system-NEVA-Lasram-hala-scaled.jpg.webp\" alt=\"Fas\u00e1dny \u017eal\u00faziov\u00fd syst\u00e9m - referencia Hala Lasram \">\n\t\t\t\n\t\t<\/div>\n\t<\/div>\n<\/div>\n\n\n\n\n\n\n\n\n<div  class=\"section white\">\n\t<div class=\"container cols-80p-20p\">\n\n\t\t\n\n\n\t\t<div class=\"cell\">\n\n\t\t\t<h1 class=\"u-text u-text-default-lg u-text-default-md u-text-default-xl u-text-default-xxl u-text-1\">Jaluzele de fa\u021bad\u0103 NEVA<\/h1>\n<p class=\"p-large\">Dac\u0103 dori\u021bi s\u0103 instala\u021bi <a href=\"https:\/\/nevask.eu\/ro\/jaluzele-exterioare-neva\/\">jaluzele exterioare<\/a> pe o fa\u021bad\u0103 finisat\u0103, obloanele de fa\u021bad\u0103 sunt solu\u021bia tehnic\u0103 ideal\u0103.<\/p>\n<p>Acestea sunt furnizate cu o carcas\u0103 autoportant\u0103 \u0219i profile de ghidare robuste. Este suficient ca montatorii s\u0103 fixeze \u200bjaluzeaua\u00a0pe perete cu ajutorul unor suporturi speciale pe profilele de ghidare.<\/p>\n<p>Jaluzele\u00a0de fa\u021bad\u0103 sunt fabricate \u00een varianta unghiular\u0103.<br \/>\nPrin faptul c\u0103 ies din relieful fa\u021badei ca o proiec\u021bie frontal\u0103, \u200bjaluzele\u00a0de fa\u021bad\u0103 accentueaz\u0103 fa\u021bada cl\u0103dirii, \u00eembun\u0103t\u0103\u021besc estetica exteriorului \u0219i previn formarea pun\u021bilor termice.<\/p>\n\n\t\t\t\n\t\t<\/div>\n\n\n\n\t\t\n\t<\/div>\n<\/div>\n\n\n\n\n\n<div  class=\"section white\">\n\t<div class=\"container product-gallery slider-mobile\">\n\n\t\t\n\t\t\t\n\t\t\t\t<a class=\"cell\" href=\"https:\/\/nevask.eu\/wp-content\/uploads\/2025\/07\/Render-NEVA-Z-90-fasadny-system-WM_stvorec-copy.jpg.webp\">\n\t\t\t\t\t<img decoding=\"async\" class=\"ratio-1x1\" src=\"https:\/\/nevask.eu\/wp-content\/uploads\/2025\/07\/Render-NEVA-Z-90-fasadny-system-WM_stvorec-copy-1024x1024.jpg\" alt=\"Jaluzele de fa\u021bad\u0103 NEVA\">\n\t\t\t\t<\/a>\n\n\t\t\t\n\t\t\t\t<a class=\"cell\" href=\"https:\/\/nevask.eu\/wp-content\/uploads\/2025\/07\/neva-fasadni-system-hranata-varianta-1-removebg-preview.png.webp\">\n\t\t\t\t\t<img decoding=\"async\" class=\"ratio-1x1\" src=\"https:\/\/nevask.eu\/wp-content\/uploads\/2025\/07\/neva-fasadni-system-hranata-varianta-1-removebg-preview.png.webp\" alt=\"\">\n\t\t\t\t<\/a>\n\n\t\t\t\n\t\t\t\t<a class=\"cell\" href=\"https:\/\/nevask.eu\/wp-content\/uploads\/2025\/07\/neva-fasadni-system-hranata-varianta-3.jpg.webp\">\n\t\t\t\t\t<img decoding=\"async\" class=\"ratio-1x1\" src=\"https:\/\/nevask.eu\/wp-content\/uploads\/2025\/07\/neva-fasadni-system-hranata-varianta-3.jpg.webp\" alt=\"\">\n\t\t\t\t<\/a>\n\n\t\t\t\n\t\t\t\t<a class=\"cell\" href=\"https:\/\/nevask.eu\/wp-content\/uploads\/2025\/07\/neva-fasadni-system-hranata-varianta-4.jpg.webp\">\n\t\t\t\t\t<img decoding=\"async\" class=\"ratio-1x1\" src=\"https:\/\/nevask.eu\/wp-content\/uploads\/2025\/07\/neva-fasadni-system-hranata-varianta-4.jpg.webp\" alt=\"\">\n\t\t\t\t<\/a>\n\n\t\t\t\n\t\t\n\t<\/div>\n<\/div>\n\n\n\n\n\n<div  class=\"section tint\">\n\t<div class=\"container full left\">\n\t\t<div class=\"cell\">\n\t\t\t<p class=\"p1\">\u00cen sistemul de fa\u021bad\u0103 pot fi utilizate doar jaluzele electrice cu motor.<\/p>\n<p class=\"p1\">Pe l\u00e2ng\u0103 controlul confortabil cu telecomanda, pute\u021bi ob\u021bine un confort \u0219i mai ridicat.<\/p>\n<p class=\"p1\">Este suficient s\u0103 conecta\u021bi jaluzelele la <a href=\"https:\/\/nevask.eu\/ro\/control-casa-inteligenta\/\">casa inteligent\u0103<\/a> \u0219i s\u0103 folosi\u021bi senzorii \u0219i detectorii care reac\u021bioneaz\u0103 la soare \u0219i v\u00e2nt.<\/p>\n\t\t<\/div>\n\t<\/div>\n<\/div>\n\n\n\n\n\n<div  class=\"section white\">\n\n\t\n\t\t<div class=\"container intro\">\n\t\t\t<div class=\"cell\">\n\t\t\t\t<h2>Avantajele deosebite ale jaluzele de fa\u021bad\u0103 NEVA<\/h2>\n\t\t\t<\/div>\n\t\t<\/div>\n\n\t\n\n\n\t\n\t<div class=\"container cols-33p text-blocks\" style=\"\">\n\n\t\t\n\t\t\t\n\t\t\t\t\n\t\t\t\t<div class=\"cell\" style=\"\">\n\n\t\t\t\t\t\n\t\t\t\t\t\t<div class=\"icon-title\">\n\n\t\t\t\t\t\t\t\t\t\t\t\t\t\t\t<img decoding=\"async\" src=\"https:\/\/nevask.eu\/wp-content\/uploads\/2025\/07\/ikona-neva-rychla-montaz.png.webp\" alt=\"piktogram \u010das\">\n\t\t\t\t\t\t\t\n\t\t\t\t\t\t\t\t\t\t\t\t\t\t\t<h3 class=\"h5\">Montare rapid\u0103<\/h3>\n\t\t\t\t\t\t\t\n\t\t\t\t\t\t<\/div>\n\n\t\t\t\t\t\n\n\n\t\t\t\t\t<p>Sistemul autoportant economise\u0219te timp \u0219i costuri de instalare. Deoarece este o singur\u0103 unitate cu \u200bcarcas\u0103, nu trebuie asamblat pe \u0219antier \u0219i poate fi fixat imediat.<\/p>\n\n\t\t\t\t<\/div>\n\t\t\t\n\t\t\t\t\n\t\t\t\t<div class=\"cell\" style=\"\">\n\n\t\t\t\t\t\n\t\t\t\t\t\t<div class=\"icon-title\">\n\n\t\t\t\t\t\t\t\t\t\t\t\t\t\t\t<img decoding=\"async\" src=\"https:\/\/nevask.eu\/wp-content\/uploads\/2025\/07\/ikona-neva-univerzalne-riesenie.png.webp\" alt=\"piktogram smart rie\u0161enie univerz\u00e1lne\">\n\t\t\t\t\t\t\t\n\t\t\t\t\t\t\t\t\t\t\t\t\t\t\t<h3 class=\"h5\">Solu\u021bii universale<\/h3>\n\t\t\t\t\t\t\t\n\t\t\t\t\t\t<\/div>\n\n\t\t\t\t\t\n\n\n\t\t\t\t\t<p>Solu\u021bii universale aplicabile pentru aproape toate tipurile de \u200bjaluzele.<\/p>\n\n\t\t\t\t<\/div>\n\t\t\t\n\t\t\t\t\n\t\t\t\t<div class=\"cell\" style=\"\">\n\n\t\t\t\t\t\n\t\t\t\t\t\t<div class=\"icon-title\">\n\n\t\t\t\t\t\t\t\t\t\t\t\t\t\t\t<img decoding=\"async\" src=\"https:\/\/nevask.eu\/wp-content\/uploads\/2025\/07\/ikona-neva-stylovy-architektonicky-prvok-1.png.webp\" alt=\"piktogram architektonick\u00fd \u0161t\u00fdl\">\n\t\t\t\t\t\t\t\n\t\t\t\t\t\t\t\t\t\t\t\t\t\t\t<h3 class=\"h5\">Curiozitate arhitecturl\u0103<\/h3>\n\t\t\t\t\t\t\t\n\t\t\t\t\t\t<\/div>\n\n\t\t\t\t\t\n\n\n\t\t\t\t\t<p>Ambele variante ofer\u0103 posibilit\u0103\u021bi interesante pentru arhitec\u021bi.<\/p>\n\n\t\t\t\t<\/div>\n\t\t\t\n\t\t\n\t<\/div>\n\n\n\n\t\n\t\t<div class=\"container outro center\">\n\t\t\t<div class=\"cell\">\n\n\t\t\t\t\n\t\t\t\t\t\t\t\t\t<a href=\"https:\/\/nevask.eu\/ro\/oferta-de-pret\/oferta-jaluzele-neva\/\" target=\"\" class=\"button\">Oferta de pre\u021b \u2192<\/a>\n\t\t\t\t\n\t\t\t<\/div>\n\t\t<\/div>\n\n\t\n<\/div>\n\n\n\n\n\n\n\n\n<div  class=\"section white\">\n\n\t\n\t\t<div class=\"container intro\">\n\t\t\t<div class=\"cell\">\n\t\t\t\t<h2>Specifica\u021bii technice jaluzele de fa\u021bad\u0103 NEVA<\/h2>\n\t\t\t<\/div>\n\t\t<\/div>\n\n\t\n\n\n\t<div class=\"container cols-40p-60p\">\n\n\t\t\n\t\t\t<div class=\"cell\">\n\n\t\t\t\t\n\n\n\t\t\t\t\n\t\t\t\t\t\t\t\t\t\t\t\t\t<img decoding=\"async\" src=\"https:\/\/nevask.eu\/wp-content\/uploads\/2025\/07\/Fasadny-system-NEVA-schema-rez-e1752581201127.png\" alt=\"Fas\u00e1dny syst\u00e9m NEVA - rez k\u00f3ty\">\n\t\t\t\t\t\t\n\t\t\t\t\t\t\n\t\t\t<\/div>\n\n\t\t\n\t\t\t<div class=\"cell\">\n\n\t\t\t\t\n\n\n\t\t\t\t<div class=\"table-wrapper\"><div class=\"table-wrapper\"><table class=\"nowrap\">\n<tbody>\n<tr>\n<th colspan=\"3\">Legend\u0103<\/th>\n<\/tr>\n<tr>\n<td>1<\/td>\n<td>L\u0103\u021bimea jaluziei (mm)<\/td>\n<td>500-4000<\/td>\n<\/tr>\n<tr>\n<td>2<\/td>\n<td>\u200b\u00cen\u0103l\u021bime cu carcas\u0103 (mm)<\/td>\n<td>230 (310)<\/td>\n<\/tr>\n<tr>\n<td>3<\/td>\n<td>\u00a0L\u0103\u021bime cu carcas\u0103\u00a0 (mm)<\/td>\n<td>170<\/td>\n<\/tr>\n<tr>\n<td>4<\/td>\n<td>Distan\u021ba de la fa\u021bad\u0103 (mm)<\/td>\n<td>cca 20<\/td>\n<\/tr>\n<\/tbody>\n<\/table><\/div><\/div>\n<p>&nbsp;<\/p>\n<div class=\"table-wrapper\"><div class=\"table-wrapper\"><table class=\"nowrap\">\n<tbody>\n<tr>\n<th>Jaluzele de fa\u021bad\u0103 NEVA<\/th>\n<th>Motor<\/th>\n<\/tr>\n<tr>\n<td>L\u0103\u021bime \u200bjaluzea\u00a0(mm)<\/td>\n<td>600 \u2013 3950<\/td>\n<\/tr>\n<tr>\n<td>\u00cen\u0103l\u021bime \u200bjaluzea\u00a0(mm)<\/td>\n<td>500 \u2013 4000<\/td>\n<\/tr>\n<tr>\n<td>Suprafa\u021ba maxim\u0103 a \u200bjaluzelei\u00a0(m2)<\/td>\n<td>11<\/td>\n<\/tr>\n<\/tbody>\n<\/table><\/div><\/div>\n\n\t\t\t<\/div>\n\n\t\t\n\t<\/div>\n<\/div>\n\n\n\n\n\n<div class=\"section white\">\n\t<div class=\"container\">\n\t\t<div class=\"cell\">\n\t\t\t<hr class=\"separator\">\n\t\t<\/div>\n\t<\/div>\n<\/div>\n\n\n\n\n\n\n\n\n<div  class=\"section dark\">\n\n\t\n\t\t\t<div class=\"container col-70p-center center\">\n\t\t\t\t<div class=\"cell\">\n\t\t\t\t\t\n\t\t\n\t\t\t\t\t<a href=\"https:\/\/nevask.eu\/ro\/jaluzele-exterioare-neva\/metode-de-instalare-a-jaluzelelor-exterioare\/\" target=\"\" class=\"button\">Modalit\u0103\u021bi de montaj pentru jaluzelele exterioare \u2192<\/a>\n\t\t\n\t\t\t\t\t\t<\/div>\n\t\t\t<\/div>\n\n\t\t\t\n<\/div>\n","protected":false},"excerpt":{"rendered":"","protected":false},"author":52,"featured_media":0,"parent":8214,"menu_order":0,"comment_status":"closed","ping_status":"closed","template":"","meta":{"_acf_changed":false,"inline_featured_image":false,"footnotes":""},"class_list":["post-8663","page","type-page","status-publish","hentry"],"acf":[],"yoast_head":"<!-- This site is optimized with the Yoast SEO plugin v27.5 - https:\/\/yoast.com\/product\/yoast-seo-wordpress\/ -->\n<title>Sisteme de fa\u021bad\u0103 - Jaluzele de fa\u021bad\u0103 NEVA | nevask.eu<\/title>\n<meta name=\"description\" content=\"Sistemul de fa\u021bad\u0103, solu\u021bie ideal\u0103 pt. instalarea jaluzelelor exterioare pe fa\u021bad\u0103 finisat\u0103. Se instaleaz\u0103 folosind suporturi speciale pentru profile de ghidare\" \/>\n<meta name=\"robots\" content=\"index, follow, max-snippet:-1, max-image-preview:large, max-video-preview:-1\" \/>\n<link rel=\"canonical\" href=\"https:\/\/nevask.eu\/ro\/jaluzele-exterioare-neva\/jaluzele-fatada-neva\/\" \/>\n<meta property=\"og:locale\" content=\"ro_RO\" \/>\n<meta property=\"og:type\" content=\"article\" \/>\n<meta property=\"og:title\" content=\"Sisteme de fa\u021bad\u0103 - Jaluzele de fa\u021bad\u0103 NEVA | nevask.eu\" \/>\n<meta property=\"og:description\" content=\"Sistemul de fa\u021bad\u0103, solu\u021bie ideal\u0103 pt. instalarea jaluzelelor exterioare pe fa\u021bad\u0103 finisat\u0103. Se instaleaz\u0103 folosind suporturi speciale pentru profile de ghidare\" \/>\n<meta property=\"og:url\" content=\"https:\/\/nevask.eu\/ro\/jaluzele-exterioare-neva\/jaluzele-fatada-neva\/\" \/>\n<meta property=\"og:site_name\" content=\"NEVA\" \/>\n<meta property=\"article:modified_time\" content=\"2025-09-08T14:26:07+00:00\" \/>\n<meta name=\"twitter:card\" content=\"summary_large_image\" \/>\n<meta name=\"twitter:label1\" content=\"Timp estimat pentru citire\" \/>\n\t<meta name=\"twitter:data1\" content=\"4 minute\" \/>\n<!-- \/ Yoast SEO plugin. -->","yoast_head_json":{"title":"Sisteme de fa\u021bad\u0103 - Jaluzele de fa\u021bad\u0103 NEVA | nevask.eu","description":"Sistemul de fa\u021bad\u0103, solu\u021bie ideal\u0103 pt. instalarea jaluzelelor exterioare pe fa\u021bad\u0103 finisat\u0103. Se instaleaz\u0103 folosind suporturi speciale pentru profile de ghidare","robots":{"index":"index","follow":"follow","max-snippet":"max-snippet:-1","max-image-preview":"max-image-preview:large","max-video-preview":"max-video-preview:-1"},"canonical":"https:\/\/nevask.eu\/ro\/jaluzele-exterioare-neva\/jaluzele-fatada-neva\/","og_locale":"ro_RO","og_type":"article","og_title":"Sisteme de fa\u021bad\u0103 - Jaluzele de fa\u021bad\u0103 NEVA | nevask.eu","og_description":"Sistemul de fa\u021bad\u0103, solu\u021bie ideal\u0103 pt. instalarea jaluzelelor exterioare pe fa\u021bad\u0103 finisat\u0103. Se instaleaz\u0103 folosind suporturi speciale pentru profile de ghidare","og_url":"https:\/\/nevask.eu\/ro\/jaluzele-exterioare-neva\/jaluzele-fatada-neva\/","og_site_name":"NEVA","article_modified_time":"2025-09-08T14:26:07+00:00","twitter_card":"summary_large_image","twitter_misc":{"Timp estimat pentru citire":"4 minute"},"schema":{"@context":"https:\/\/schema.org","@graph":[{"@type":"WebPage","@id":"https:\/\/nevask.eu\/ro\/jaluzele-exterioare-neva\/jaluzele-fatada-neva\/","url":"https:\/\/nevask.eu\/ro\/jaluzele-exterioare-neva\/jaluzele-fatada-neva\/","name":"Sisteme de fa\u021bad\u0103 - Jaluzele de fa\u021bad\u0103 NEVA | nevask.eu","isPartOf":{"@id":"https:\/\/nevask.eu\/ro\/#website"},"datePublished":"2025-07-10T12:43:39+00:00","dateModified":"2025-09-08T14:26:07+00:00","description":"Sistemul de fa\u021bad\u0103, solu\u021bie ideal\u0103 pt. instalarea jaluzelelor exterioare pe fa\u021bad\u0103 finisat\u0103. Se instaleaz\u0103 folosind suporturi speciale pentru profile de ghidare","breadcrumb":{"@id":"https:\/\/nevask.eu\/ro\/jaluzele-exterioare-neva\/jaluzele-fatada-neva\/#breadcrumb"},"inLanguage":"ro-RO","potentialAction":[{"@type":"ReadAction","target":["https:\/\/nevask.eu\/ro\/jaluzele-exterioare-neva\/jaluzele-fatada-neva\/"]}]},{"@type":"BreadcrumbList","@id":"https:\/\/nevask.eu\/ro\/jaluzele-exterioare-neva\/jaluzele-fatada-neva\/#breadcrumb","itemListElement":[{"@type":"ListItem","position":1,"name":"Home","item":"https:\/\/nevask.eu\/ro\/"},{"@type":"ListItem","position":2,"name":"Jaluzele exterioare NEVA","item":"https:\/\/nevask.eu\/ro\/jaluzele-exterioare-neva\/"},{"@type":"ListItem","position":3,"name":"Jaluzele de fa\u021bad\u0103"}]},{"@type":"WebSite","@id":"https:\/\/nevask.eu\/ro\/#website","url":"https:\/\/nevask.eu\/ro\/","name":"NEVA","description":"Vonkaj\u0161ie \u017eal\u00fazie a screenov\u00e9 rolety","potentialAction":[{"@type":"SearchAction","target":{"@type":"EntryPoint","urlTemplate":"https:\/\/nevask.eu\/ro\/?s={search_term_string}"},"query-input":{"@type":"PropertyValueSpecification","valueRequired":true,"valueName":"search_term_string"}}],"inLanguage":"ro-RO"}]}},"_links":{"self":[{"href":"https:\/\/nevask.eu\/ro\/wp-json\/wp\/v2\/pages\/8663","targetHints":{"allow":["GET"]}}],"collection":[{"href":"https:\/\/nevask.eu\/ro\/wp-json\/wp\/v2\/pages"}],"about":[{"href":"https:\/\/nevask.eu\/ro\/wp-json\/wp\/v2\/types\/page"}],"author":[{"embeddable":true,"href":"https:\/\/nevask.eu\/ro\/wp-json\/wp\/v2\/users\/52"}],"replies":[{"embeddable":true,"href":"https:\/\/nevask.eu\/ro\/wp-json\/wp\/v2\/comments?post=8663"}],"version-history":[{"count":4,"href":"https:\/\/nevask.eu\/ro\/wp-json\/wp\/v2\/pages\/8663\/revisions"}],"predecessor-version":[{"id":10088,"href":"https:\/\/nevask.eu\/ro\/wp-json\/wp\/v2\/pages\/8663\/revisions\/10088"}],"up":[{"embeddable":true,"href":"https:\/\/nevask.eu\/ro\/wp-json\/wp\/v2\/pages\/8214"}],"wp:attachment":[{"href":"https:\/\/nevask.eu\/ro\/wp-json\/wp\/v2\/media?parent=8663"}],"curies":[{"name":"wp","href":"https:\/\/api.w.org\/{rel}","templated":true}]}}