{"id":8665,"date":"2025-07-08T08:54:55","date_gmt":"2025-07-08T06:54:55","guid":{"rendered":"https:\/\/nevask.eu\/?page_id=8665"},"modified":"2025-09-12T09:59:02","modified_gmt":"2025-09-12T07:59:02","slug":"motoare-geiger","status":"publish","type":"page","link":"https:\/\/nevask.eu\/ro\/control-casa-inteligenta\/motoare-geiger\/","title":{"rendered":"Motoare Geiger"},"content":{"rendered":"\n\n\n\n\n\n<div class=\"section narrow white\">\n\t<div class=\"container\">\n\t\t<div class=\"cell\">\n\t\t\t<ul class=\"breadcrumbs\">\n\t\t\t\t<li><a href=\"https:\/\/nevask.eu\/ro\/\">Home<\/a><\/li>\n\n\t\t\t\t\n\t\t\t<\/ul>\n\t\t<\/div>\n\t<\/div>\n<\/div>\n\n\n\n\n\n<div  class=\"section full-image\">\n\t<div class=\"container\">\n\t\t<div class=\"cell image h420\">\n\n\t\t\t\t\t\t\t<img decoding=\"async\" src=\"https:\/\/nevask.eu\/wp-content\/uploads\/2025\/07\/csm_BANNER_AIR-Familie_d0e892663d.jpg.webp\" alt=\"\">\n\t\t\t\n\t\t<\/div>\n\t<\/div>\n<\/div>\n\n\n\n\n\n\n\n\n<div  class=\"section white\">\n\t<div class=\"container cols-80p-20p\">\n\n\t\t\n\n\n\t\t<div class=\"cell\">\n\n\t\t\t<h1 class=\"u-align-left u-text u-text-1\">GEIGER<br \/>\nMotoare fiabile pentru ac\u021bionarea jaluzelelor exterioare \u0219i rulourilor screen<\/h1>\n<h5><span style=\"color: #808080\">Produsele GEIGER sunt solu\u021bia ideal\u0103 pentru controlul jaluzelelor exterioare, rulourilor screen, marchizelor, pergolelor \u0219i altor sisteme de umbrire. Motoarele GEIGER pot fi integrate cu u\u0219urin\u021b\u0103 \u00een sisteme de control externe, cum ar fi, de exemplu, Loxone.<\/span><\/h5>\n<h2 class=\"u-text u-text-1\"><\/h2>\n<h3><img loading=\"lazy\" decoding=\"async\" class=\"size-medium wp-image-3585 alignleft\" src=\"https:\/\/nevask.eu\/wp-content\/uploads\/2025\/07\/Geiger_Logo_Claim_1C_blau_EN-300x142.png\" alt=\"\" width=\"300\" height=\"142\" srcset=\"https:\/\/nevask.eu\/wp-content\/uploads\/2025\/07\/Geiger_Logo_Claim_1C_blau_EN-300x142.png 300w, https:\/\/nevask.eu\/wp-content\/uploads\/2025\/07\/Geiger_Logo_Claim_1C_blau_EN.png 750w\" sizes=\"auto, (max-width: 300px) 100vw, 300px\" \/>Componente fiabile \u0219i testate<\/h3>\n<p>Fiecare motor GEIGER este conceput cu accent pe siguran\u021b\u0103, instalare u\u0219oar\u0103 \u0219i reglarea optim\u0103 a cuplului.<\/p>\n<p>A\u0219adar, dac\u0103 pentru <a href=\"https:\/\/nevask.eu\/ro\/jaluzele-exterioare-neva\/\">jaluzelele exterioare<\/a> \u00a0sau <a href=\"https:\/\/nevask.eu\/ro\/rulouri-screen-neva\/\">rulourile screen<\/a> dori\u021bi motoare fiabile \u0219i durabile, cu motoarele GEIGER ve\u021bi fi pe deplin mul\u021bumi\u021bi. De asemenea, acestea se remarc\u0103 prin nivelul redus de zgomot \u0219i eficien\u021ba energetic\u0103.<br \/>\nMotoarele Geiger ofer\u0103 dou\u0103 viteze \u0219i oprire de cap\u0103t mecanic\u0103 sau electronic\u0103.<\/p>\n\n\t\t\t\n\t\t<\/div>\n\n\n\n\t\t\n\t<\/div>\n<\/div>\n\n\n\n\n\n\n\n\n<div  class=\"section white\">\n\t<div class=\"container cols-50p\">\n\n\t\t\n\t\t\t<div class=\"cell center vcenter\">\n\t\t\t\t<img decoding=\"async\" src=\"https:\/\/nevask.eu\/wp-content\/uploads\/2025\/07\/GJ56_ME-005.webp\" alt=\"\">\n\t\t\t<\/div>\n\n\t\t\n\n\n\t\t<div class=\"cell\">\n\n\t\t\t<h3 class=\"u-text u-text-default u-text-palette-2-base u-text-1\">Motorul pentru jaluzele GJ56 cu oprire de cap\u0103t mecanic\u0103<\/h3>\n<p class=\"u-text u-text-2\">Motorul GJ56 permite reglarea sigur\u0103 a pozi\u021biilor finale prin intermediul butoanelor integrate. Datorit\u0103 intervalului de reglare a comutatorului de cap\u0103t de p\u00e2n\u0103 la 80 de rota\u021bii, este ideal pentru diverse tipuri de instala\u021bii.<\/p>\n<ul class=\"u-text u-text-3\">\n<li>compatibil cu toate tipurile standard de \u0219ine, f\u0103r\u0103 a necesita unelte.<\/li>\n<li>Op\u021biuni flexibile de performan\u021b\u0103 \u2013 disponibil \u00een variante cu cuplu de 3, 6, 10, 16 \u0219i 20 Nm.<\/li>\n<li>Cablu de conexiune practic \u2013 sistem de conectare rapid\u0103, care permite o instalare u\u0219oar\u0103.<\/li>\n<\/ul>\n<p class=\"u-text u-text-4\">Le comand\u0103 sunt disponibile \u0219i alte modele: GJ5606 DuoDrive, GJ56.. T90, GJ5610v1 (motor de 100 V) \u0219i GJ56.. SILENT.<\/p>\n\n\t\t\t\n\t\t<\/div>\n\n\n\n\t\t\n\t<\/div>\n<\/div>\n\n\n\n\n\n<div class=\"section white\">\n\t<div class=\"container\">\n\t\t<div class=\"cell\">\n\t\t\t<hr class=\"separator\">\n\t\t<\/div>\n\t<\/div>\n<\/div>\n\n\n\n\n\n\n\n\n<div  class=\"section white\">\n\t<div class=\"container cols-50p\">\n\n\t\t\n\n\n\t\t<div class=\"cell\">\n\n\t\t\t<h3 class=\"u-text u-text-palette-2-base u-text-1\">Motorul GJ56..AIR pentru jaluzele, cu oprire de cap\u0103t electronic\u0103<\/h3>\n<p class=\"u-text u-text-2\">Motorul GJ56..AIR pentru jaluzele, cu oprire de cap\u0103t electronic\u0103<\/p>\n<p>Acest motor este ideal pentru jaluzelele exterioare \u0219i ofer\u0103 o serie de func\u021bii avansate:<\/p>\n<ul class=\"u-text u-text-3\">\n<li>Func\u021bionare silen\u021bioas\u0103 \u2013 garanteaz\u0103 un func\u021bionare lin\u0103 \u0219i f\u0103r\u0103 zgomot.<\/li>\n<li>Protec\u021bie pentru lamele \u2013 sistem de oprire automat\u0103 \u00een cazul unui obstacol sau \u00een caz de \u00eenghe\u021b.<\/li>\n<li>Control dinamic al cuplului \u2013 valori ajustabile de 6, 10 \u0219i 20 Nm.<\/li>\n<li>Feedback op\u021bional \u2013 motorul poate transmite informa\u021bii despre starea curent\u0103 dup\u0103 5, 20 sau 50 de cicluri.<\/li>\n<\/ul>\n<section id=\"carousel_d321\" class=\"u-align-center u-clearfix u-container-align-center u-section-7\">\n<div class=\"u-clearfix u-sheet u-valign-middle u-sheet-1\">\n<div class=\"data-layout-selected u-clearfix u-expanded-width u-gutter-10 u-layout-wrap u-layout-wrap-1\">\n<div class=\"u-layout\">\n<div class=\"u-layout-row\">\n<div class=\"u-align-left u-container-align-left u-container-style u-layout-cell u-size-26 u-layout-cell-2\">\n<div class=\"u-container-layout u-valign-bottom-lg u-valign-bottom-md u-valign-bottom-sm u-valign-bottom-xl u-valign-bottom-xs u-container-layout-2\">\n<p class=\"u-text u-text-4\">De asemenea, sunt disponibile \u0219i alte modele la comand\u0103: GJ56.. E06, GJ56.. E07 SMI.<\/p>\n<\/div>\n<\/div>\n<\/div>\n<\/div>\n<\/div>\n<\/div>\n<\/section>\n<p>&nbsp;<\/p>\n\n\t\t\t\n\t\t<\/div>\n\n\n\n\t\t\n\t\t\t<div class=\"cell center vcenter\">\n\t\t\t\t<img decoding=\"async\" src=\"https:\/\/nevask.eu\/wp-content\/uploads\/2025\/07\/GJ56_001-removebg-preview.webp\" alt=\"\">\n\t\t\t<\/div>\n\n\t\t\n\t<\/div>\n<\/div>\n\n\n\n\n\n<div  class=\"section dark\">\n\t<div class=\"container full left\">\n\t\t<div class=\"cell\">\n\t\t\t<p><img loading=\"lazy\" decoding=\"async\" class=\"alignnone wp-image-2093\" src=\"https:\/\/nevask.eu\/wp-content\/uploads\/2025\/07\/hash-nevapartner_4-300x61.png\" alt=\"hashtag nevapartner - modr\u00e9 na bielom\" width=\"220\" height=\"44\" srcset=\"https:\/\/nevask.eu\/wp-content\/uploads\/2025\/07\/hash-nevapartner_4-300x61.png 300w, https:\/\/nevask.eu\/wp-content\/uploads\/2025\/07\/hash-nevapartner_4.png 689w\" sizes=\"auto, (max-width: 220px) 100vw, 220px\" \/><\/p>\n<p class=\"p-large\" style=\"text-align: left\"><a href=\"https:\/\/nevask.eu\/ro\/dealeri-neva\/\">Partenerii no\u0219tri comerciali \u0219i de montaj<\/a> v\u0103 vor prezenta cu pl\u0103cere avantajele jaluzelelor exterioare NEVA. Pute\u021bi consulta cu ei solu\u021biile optime pentru proiectul dumneavoastr\u0103 sau pute\u021bi solicita o <a href=\"https:\/\/nevask.eu\/ro\/oferta-de-pret\/\">ofert\u0103 de pre\u021b<\/a> f\u0103r\u0103 obliga\u021bii.<\/p>\n\t\t<\/div>\n\t<\/div>\n<\/div>\n\n\n\n\n\n<div class=\"section white\">\n\t<div class=\"container\">\n\t\t<div class=\"cell\">\n\t\t\t<hr class=\"separator\">\n\t\t<\/div>\n\t<\/div>\n<\/div>\n","protected":false},"excerpt":{"rendered":"","protected":false},"author":52,"featured_media":0,"parent":8299,"menu_order":0,"comment_status":"closed","ping_status":"closed","template":"","meta":{"_acf_changed":false,"inline_featured_image":false,"footnotes":""},"class_list":["post-8665","page","type-page","status-publish","hentry"],"acf":[],"yoast_head":"<!-- This site is optimized with the Yoast SEO plugin v27.5 - https:\/\/yoast.com\/product\/yoast-seo-wordpress\/ -->\n<title>Motoare Geiger pentru jaluzele exterioare \u0219i rulouri screen | NEVA<\/title>\n<meta name=\"description\" content=\"Produsele GEIGER sunt solu\u021bia ideal\u0103 pentru controlul jaluzelelor exterioare \u0219i al sistemelor de rulouri\" \/>\n<meta name=\"robots\" content=\"index, follow, max-snippet:-1, max-image-preview:large, max-video-preview:-1\" \/>\n<link rel=\"canonical\" href=\"https:\/\/nevask.eu\/ro\/control-casa-inteligenta\/motoare-geiger\/\" \/>\n<meta property=\"og:locale\" content=\"ro_RO\" \/>\n<meta property=\"og:type\" content=\"article\" \/>\n<meta property=\"og:title\" content=\"Motoare Geiger pentru jaluzele exterioare \u0219i rulouri screen | NEVA\" \/>\n<meta property=\"og:description\" content=\"Produsele GEIGER sunt solu\u021bia ideal\u0103 pentru controlul jaluzelelor exterioare \u0219i al sistemelor de rulouri\" \/>\n<meta property=\"og:url\" content=\"https:\/\/nevask.eu\/ro\/control-casa-inteligenta\/motoare-geiger\/\" \/>\n<meta property=\"og:site_name\" content=\"NEVA\" \/>\n<meta property=\"article:modified_time\" content=\"2025-09-12T07:59:02+00:00\" \/>\n<meta name=\"twitter:card\" content=\"summary_large_image\" \/>\n<meta name=\"twitter:label1\" content=\"Timp estimat pentru citire\" \/>\n\t<meta name=\"twitter:data1\" content=\"3 minute\" \/>\n<!-- \/ Yoast SEO plugin. -->","yoast_head_json":{"title":"Motoare Geiger pentru jaluzele exterioare \u0219i rulouri screen | NEVA","description":"Produsele GEIGER sunt solu\u021bia ideal\u0103 pentru controlul jaluzelelor exterioare \u0219i al sistemelor de rulouri","robots":{"index":"index","follow":"follow","max-snippet":"max-snippet:-1","max-image-preview":"max-image-preview:large","max-video-preview":"max-video-preview:-1"},"canonical":"https:\/\/nevask.eu\/ro\/control-casa-inteligenta\/motoare-geiger\/","og_locale":"ro_RO","og_type":"article","og_title":"Motoare Geiger pentru jaluzele exterioare \u0219i rulouri screen | NEVA","og_description":"Produsele GEIGER sunt solu\u021bia ideal\u0103 pentru controlul jaluzelelor exterioare \u0219i al sistemelor de rulouri","og_url":"https:\/\/nevask.eu\/ro\/control-casa-inteligenta\/motoare-geiger\/","og_site_name":"NEVA","article_modified_time":"2025-09-12T07:59:02+00:00","twitter_card":"summary_large_image","twitter_misc":{"Timp estimat pentru citire":"3 minute"},"schema":{"@context":"https:\/\/schema.org","@graph":[{"@type":"WebPage","@id":"https:\/\/nevask.eu\/ro\/control-casa-inteligenta\/motoare-geiger\/","url":"https:\/\/nevask.eu\/ro\/control-casa-inteligenta\/motoare-geiger\/","name":"Motoare Geiger pentru jaluzele exterioare \u0219i rulouri screen | NEVA","isPartOf":{"@id":"https:\/\/nevask.eu\/ro\/#website"},"datePublished":"2025-07-08T06:54:55+00:00","dateModified":"2025-09-12T07:59:02+00:00","description":"Produsele GEIGER sunt solu\u021bia ideal\u0103 pentru controlul jaluzelelor exterioare \u0219i al sistemelor de rulouri","breadcrumb":{"@id":"https:\/\/nevask.eu\/ro\/control-casa-inteligenta\/motoare-geiger\/#breadcrumb"},"inLanguage":"ro-RO","potentialAction":[{"@type":"ReadAction","target":["https:\/\/nevask.eu\/ro\/control-casa-inteligenta\/motoare-geiger\/"]}]},{"@type":"BreadcrumbList","@id":"https:\/\/nevask.eu\/ro\/control-casa-inteligenta\/motoare-geiger\/#breadcrumb","itemListElement":[{"@type":"ListItem","position":1,"name":"Home","item":"https:\/\/nevask.eu\/ro\/"},{"@type":"ListItem","position":2,"name":"Smart Home","item":"https:\/\/nevask.eu\/ro\/control-casa-inteligenta\/"},{"@type":"ListItem","position":3,"name":"Motoare Geiger"}]},{"@type":"WebSite","@id":"https:\/\/nevask.eu\/ro\/#website","url":"https:\/\/nevask.eu\/ro\/","name":"NEVA","description":"Vonkaj\u0161ie \u017eal\u00fazie a screenov\u00e9 rolety","potentialAction":[{"@type":"SearchAction","target":{"@type":"EntryPoint","urlTemplate":"https:\/\/nevask.eu\/ro\/?s={search_term_string}"},"query-input":{"@type":"PropertyValueSpecification","valueRequired":true,"valueName":"search_term_string"}}],"inLanguage":"ro-RO"}]}},"_links":{"self":[{"href":"https:\/\/nevask.eu\/ro\/wp-json\/wp\/v2\/pages\/8665","targetHints":{"allow":["GET"]}}],"collection":[{"href":"https:\/\/nevask.eu\/ro\/wp-json\/wp\/v2\/pages"}],"about":[{"href":"https:\/\/nevask.eu\/ro\/wp-json\/wp\/v2\/types\/page"}],"author":[{"embeddable":true,"href":"https:\/\/nevask.eu\/ro\/wp-json\/wp\/v2\/users\/52"}],"replies":[{"embeddable":true,"href":"https:\/\/nevask.eu\/ro\/wp-json\/wp\/v2\/comments?post=8665"}],"version-history":[{"count":3,"href":"https:\/\/nevask.eu\/ro\/wp-json\/wp\/v2\/pages\/8665\/revisions"}],"predecessor-version":[{"id":10320,"href":"https:\/\/nevask.eu\/ro\/wp-json\/wp\/v2\/pages\/8665\/revisions\/10320"}],"up":[{"embeddable":true,"href":"https:\/\/nevask.eu\/ro\/wp-json\/wp\/v2\/pages\/8299"}],"wp:attachment":[{"href":"https:\/\/nevask.eu\/ro\/wp-json\/wp\/v2\/media?parent=8665"}],"curies":[{"name":"wp","href":"https:\/\/api.w.org\/{rel}","templated":true}]}}