{"id":9003,"date":"2025-07-10T13:08:08","date_gmt":"2025-07-10T11:08:08","guid":{"rendered":"https:\/\/nevask.eu\/?page_id=9003"},"modified":"2025-09-17T08:01:52","modified_gmt":"2025-09-17T06:01:52","slug":"sistem-autoportant-stf","status":"publish","type":"page","link":"https:\/\/nevask.eu\/ro\/jaluzele-exterioare-neva\/sisteme-autoportante\/sistem-autoportant-stf\/","title":{"rendered":"NEVA STF"},"content":{"rendered":"\n\n\n\n\n\n<div class=\"section narrow white\">\n\t<div class=\"container\">\n\t\t<div class=\"cell\">\n\t\t\t<ul class=\"breadcrumbs\">\n\t\t\t\t<li><a href=\"https:\/\/nevask.eu\/ro\/\">Home<\/a><\/li>\n\n\t\t\t\t\n\t\t\t<\/ul>\n\t\t<\/div>\n\t<\/div>\n<\/div>\n\n\n\n\n\n\n\n\n<div  class=\"section white\">\n\t<div class=\"container cols-80p-20p\">\n\n\t\t\n\n\n\t\t<div class=\"cell\">\n\n\t\t\t<h1 class=\"u-text u-text-default-lg u-text-default-md u-text-default-xl u-text-default-xxl u-text-1\"><span class=\"s2\">Sistem<\/span> <span class=\"s2\">autoportant<\/span> <span class=\"s2\">NEVA STF<\/span><\/h1>\n<p class=\"p-large\"><span class=\"s4\">Cu<\/span> <span class=\"s4\">ajutorul<\/span> <span class=\"s4\">sistemului<\/span><span class=\"s4\"> STF, <\/span><a href=\"https:\/\/nevask.eu\/ro\/jaluzele-exterioare-neva\/\"><span class=\"s5\">jaluzelele<\/span> <span class=\"s5\">exterioare<\/span><\/a> <span class=\"s4\">se <\/span><span class=\"s4\">monteaz\u0103<\/span><span class=\"s4\"> rapid <\/span><span class=\"s4\">\u0219i<\/span> <span class=\"s4\">eficient<\/span><span class=\"s4\">. <\/span><span class=\"s4\">Fiind<\/span> <span class=\"s4\">preasamblat<\/span><span class=\"s4\"> din <\/span><span class=\"s4\">fabric\u0103<\/span><span class=\"s4\">, <\/span><span class=\"s4\">sistemul<\/span> <span class=\"s4\">trebuie<\/span> <span class=\"s4\">doar<\/span><span class=\"s4\">despachetat<\/span> <span class=\"s4\">\u0219i<\/span> <span class=\"s4\">instalat<\/span><span class=\"s4\">.<\/span><\/p>\n<p class=\"s8\"><span class=\"s7\">Acest<\/span> <span class=\"s7\">sistem<\/span> <span class=\"s7\">robust <\/span><span class=\"s7\">poate<\/span> <span class=\"s7\">fi<\/span> <span class=\"s7\">instalat<\/span> <span class=\"s7\">\u00een<\/span> <span class=\"s7\">orice<\/span> <span class=\"s7\">etap\u0103<\/span><span class=\"s7\"> a <\/span><span class=\"s7\">construc\u021biei<\/span><span class=\"s7\">. <\/span><span class=\"s7\">\u00cen<\/span><span class=\"s7\"> plus, <\/span><span class=\"s7\">poate<\/span> <span class=\"s7\">fi<\/span><span class=\"s7\">echipat<\/span> <span class=\"s7\">cu<\/span><span class=\"s7\"> o <\/span><span class=\"s7\">plas\u0103<\/span><span class=\"s7\"> de <\/span><span class=\"s7\">insecte<\/span> <span class=\"s7\">rulabil\u0103<\/span><span class=\"s7\">, <\/span><span class=\"s7\">integrat\u0103<\/span> <span class=\"s7\">discret<\/span> <span class=\"s7\">\u00een<\/span> <span class=\"s7\">ansamblu<\/span><span class=\"s7\">.<\/span><\/p>\n<p class=\"s8\">\u2022 <strong>Modelul STF1<\/strong> are profile de ghidare vizibile \u0219i este recomandat \u00een special <strong>pentru montajul ulterior<\/strong>, \u00een deschiderea existent\u0103 a construc\u021biei.<br \/>\n\u2022 <strong>Modelul STF2<\/strong> este conceput pentru montaj <strong>\u00eencorporat<\/strong> \u00een tencuial\u0103, astfel \u00eenc\u00e2t toate elementele de fixare r\u0103m\u00e2n complet ascunse.<\/p>\n<p class=\"s8\">Poate fi montat cu plac\u0103 de acoperire, f\u0103r\u0103 plac\u0103 sau cu caset\u0103 ISO-KASTL \u00eencorporat\u0103 \u00een tencuial\u0103.<\/p>\n\n\t\t\t\n\t\t<\/div>\n\n\n\n\t\t\n\t<\/div>\n<\/div>\n\n\n\n\n\n<div  class=\"section white\">\n\t<div class=\"container product-gallery slider-mobile\">\n\n\t\t\n\t\t\t\n\t\t\t\t<a class=\"cell\" href=\"https:\/\/nevask.eu\/wp-content\/uploads\/2025\/07\/samonosny-system-neva-stf1-02.webp\">\n\t\t\t\t\t<img decoding=\"async\" class=\"ratio-1x1\" src=\"https:\/\/nevask.eu\/wp-content\/uploads\/2025\/07\/samonosny-system-neva-stf1-02.webp\" alt=\"\">\n\t\t\t\t<\/a>\n\n\t\t\t\n\t\t\t\t<a class=\"cell\" href=\"https:\/\/nevask.eu\/wp-content\/uploads\/2025\/07\/samonosny-system-neva-stf1-01.webp\">\n\t\t\t\t\t<img decoding=\"async\" class=\"ratio-1x1\" src=\"https:\/\/nevask.eu\/wp-content\/uploads\/2025\/07\/samonosny-system-neva-stf1-01.webp\" alt=\"Samonosn\u00fd syst\u00e9m NEVA STF1\">\n\t\t\t\t<\/a>\n\n\t\t\t\n\t\t\t\t<a class=\"cell\" href=\"https:\/\/nevask.eu\/wp-content\/uploads\/2025\/07\/samonosny-system-neva-stf1-03.webp\">\n\t\t\t\t\t<img decoding=\"async\" class=\"ratio-1x1\" src=\"https:\/\/nevask.eu\/wp-content\/uploads\/2025\/07\/samonosny-system-neva-stf1-03.webp\" alt=\"\">\n\t\t\t\t<\/a>\n\n\t\t\t\n\t\t\t\t<a class=\"cell\" href=\"https:\/\/nevask.eu\/wp-content\/uploads\/2025\/07\/samonosny-system-neva-stf1-04.webp\">\n\t\t\t\t\t<img decoding=\"async\" class=\"ratio-1x1\" src=\"https:\/\/nevask.eu\/wp-content\/uploads\/2025\/07\/samonosny-system-neva-stf1-04.webp\" alt=\"\">\n\t\t\t\t<\/a>\n\n\t\t\t\n\t\t\n\t<\/div>\n<\/div>\n\n\n\n\n\n<div class=\"section white\">\n\t<div class=\"container\">\n\t\t<div class=\"cell\">\n\t\t\t<hr class=\"separator\">\n\t\t<\/div>\n\t<\/div>\n<\/div>\n\n\n\n\n\n<div  class=\"section white\">\n\n\t\n\t\t<div class=\"container intro\">\n\t\t\t<div class=\"cell\">\n\t\t\t\t<h2>Avantajele sistemului autoportant STF<\/h2>\n\t\t\t<\/div>\n\t\t<\/div>\n\n\t\n\n\n\t\n\t<div class=\"container cols-50p text-blocks\" style=\"\">\n\n\t\t\n\t\t\t\n\t\t\t\t\n\t\t\t\t<div class=\"cell\" style=\"\">\n\n\t\t\t\t\t\n\t\t\t\t\t\t<div class=\"icon-title\">\n\n\t\t\t\t\t\t\t\t\t\t\t\t\t\t\t<img decoding=\"async\" src=\"https:\/\/nevask.eu\/wp-content\/uploads\/2025\/07\/66163-fb0876ab-e1752145793790.png\" alt=\"piktogram - \u010das, term\u00edny\">\n\t\t\t\t\t\t\t\n\t\t\t\t\t\t\t\t\t\t\t\t\t\t\t<h3 class=\"h5\">Montaj rapid<\/h3>\n\t\t\t\t\t\t\t\n\t\t\t\t\t\t<\/div>\n\n\t\t\t\t\t\n\n\n\t\t\t\t\t<p><span class=\"s7\">Sistemul<\/span> <span class=\"s7\">autoportant<\/span> <span class=\"s7\">v\u0103<\/span> <span class=\"s7\">economise\u0219te<\/span> <span class=\"s7\">timp<\/span> <span class=\"s7\">\u0219i<\/span><span class=\"s7\"> bani la <\/span><span class=\"s7\">montaj<\/span><span class=\"s7\">, <\/span><span class=\"s7\">fiind<\/span> <span class=\"s7\">un<\/span> <span class=\"s7\">ansamblu <\/span><span class=\"s7\">integrat<\/span> <span class=\"s7\">cu<\/span> <span class=\"s7\">jaluzeaua<\/span><span class=\"s7\">, <\/span><span class=\"s7\">pe<\/span><span class=\"s7\"> care <\/span><span class=\"s7\">instalatorii<\/span> <span class=\"s7\">\u00eel<\/span><span class=\"s7\"> pot fixa direct <\/span><span class=\"s7\">pe<\/span> <span class=\"s7\">\u0219antier<\/span><span class=\"s7\">, <\/span><span class=\"s7\">f\u0103r\u0103<\/span> <span class=\"s7\">asamblare <\/span><span class=\"s7\">prealabil\u0103<\/span><span class=\"s7\">.<\/span><\/p>\n\n\t\t\t\t<\/div>\n\t\t\t\n\t\t\t\t\n\t\t\t\t<div class=\"cell\" style=\"\">\n\n\t\t\t\t\t\n\t\t\t\t\t\t<div class=\"icon-title\">\n\n\t\t\t\t\t\t\t\t\t\t\t\t\t\t\t<img decoding=\"async\" src=\"https:\/\/nevask.eu\/wp-content\/uploads\/2025\/07\/icon-detail-setri-prostor-100x100-c-center.webp\" alt=\"piktogram - vytiahnut\u00e9 \u017eal\u00fazie\">\n\t\t\t\t\t\t\t\n\t\t\t\t\t\t\t\t\t\t\t\t\t\t\t<h3 class=\"h5\">Montaj direct \u00een fabrica de ferestre<\/h3>\n\t\t\t\t\t\t\t\n\t\t\t\t\t\t<\/div>\n\n\t\t\t\t\t\n\n\n\t\t\t\t\t<p class=\"s19\"><span class=\"s7\">Produc\u0103torii<\/span><span class=\"s7\"> de <\/span><span class=\"s7\">ferestre<\/span><span class=\"s7\"> pot <\/span><span class=\"s7\">integra<\/span> <span class=\"s7\">acest<\/span> <span class=\"s7\">sistem<\/span><span class=\"s7\"> de <\/span><span class=\"s7\">jaluzele<\/span><span class=\"s7\"> direct <\/span><span class=\"s7\">pe<\/span> <span class=\"s7\">fereastr\u0103<\/span><span class=\"s7\">, <\/span><span class=\"s7\">\u00eenc\u0103<\/span><span class=\"s7\">din <\/span><span class=\"s7\">fabric\u0103<\/span><span class=\"s7\">. <\/span><span class=\"s7\">Ulterior<\/span><span class=\"s7\">, <\/span><span class=\"s7\">montajul<\/span> <span class=\"s7\">\u00een<\/span> <span class=\"s7\">golul<\/span> <span class=\"s7\">construc\u021biei<\/span><span class=\"s7\"> se face <\/span><span class=\"s7\">dintr-un<\/span> <span class=\"s7\">singur<\/span><span class=\"s7\"> pas<\/span><\/p>\n\n\t\t\t\t<\/div>\n\t\t\t\n\t\t\n\t<\/div>\n\n\n\n\t\n\t\t<div class=\"container outro center\">\n\t\t\t<div class=\"cell\">\n\n\t\t\t\t\n\t\t\t\t\t\t\t\t\t<a href=\"https:\/\/nevask.eu\/ro\/oferta-de-pret\/oferta-jaluzele-neva\/\" target=\"\" class=\"button\">Oferta de pre\u021b \u2192<\/a>\n\t\t\t\t\n\t\t\t<\/div>\n\t\t<\/div>\n\n\t\n<\/div>\n\n\n\n\n\n<div  class=\"section dark\">\n\t<div class=\"container full left\">\n\t\t<div class=\"cell\">\n\t\t\t<p><img loading=\"lazy\" decoding=\"async\" class=\"alignnone wp-image-2093\" src=\"https:\/\/nevask.eu\/wp-content\/uploads\/2025\/07\/hash-nevapartner_4-300x61.png\" alt=\"hashtag nevapartner - modr\u00e9 na bielom\" width=\"198\" height=\"40\" srcset=\"https:\/\/nevask.eu\/wp-content\/uploads\/2025\/07\/hash-nevapartner_4-300x61.png 300w, https:\/\/nevask.eu\/wp-content\/uploads\/2025\/07\/hash-nevapartner_4.png 689w\" sizes=\"auto, (max-width: 198px) 100vw, 198px\" \/><\/p>\n<p class=\"p-large\"><a href=\"https:\/\/nevask.eu\/ro\/dealeri-neva\/\">Partenerii no\u0219tri comerciali \u0219i de montaj<\/a>\u00a0v\u0103 vor prezenta cu pl\u0103cere avantajele jaluzelelor exterioare NEVA. Pute\u021bi consulta cu ei solu\u021biile optime pentru proiectul dumneavoastr\u0103 sau pute\u021bi solicita o\u00a0<a href=\"https:\/\/nevask.eu\/ro\/oferta-de-pret\/\">ofert\u0103 de pre\u021b<\/a>\u00a0f\u0103r\u0103 obliga\u021bii.<\/p>\n\t\t<\/div>\n\t<\/div>\n<\/div>\n\n\n\n\n\n\n\n\n<div  class=\"section white\">\n\n\t\n\t\t<div class=\"container intro\">\n\t\t\t<div class=\"cell\">\n\t\t\t\t<h3>Specifica\u021bii technice STF1<\/h3>\n\t\t\t<\/div>\n\t\t<\/div>\n\n\t\n\n\n\t<div class=\"container cols-40p-60p\">\n\n\t\t\n\t\t\t<div class=\"cell\">\n\n\t\t\t\t\n\n\n\t\t\t\t\n\t\t\t\t\t\t\t\t\t\t\t\t\t<img decoding=\"async\" src=\"https:\/\/nevask.eu\/wp-content\/uploads\/2025\/07\/STF-1-priznany-variant-b-e1753086562277.png\" alt=\"STF 1 - priznan\u00fd samonosn\u00fd \u017eal\u00faziov\u00fd syst\u00e9m\">\n\t\t\t\t\t\t\n\t\t\t\t\t\t\n\t\t\t<\/div>\n\n\t\t\n\t\t\t<div class=\"cell\">\n\n\t\t\t\t\n\n\n\t\t\t\t<p>&nbsp;<\/p>\n<div class=\"table-wrapper\"><div class=\"table-wrapper\"><table class=\"nowrap\">\n<tbody>\n<tr>\n<th>STF1 f\u0103r\u0103 fixare ulterioar\u0103<\/th>\n<th>Motor<\/th>\n<\/tr>\n<tr>\n<td>L\u0103\u021bimea jaluzelei (mm)<\/td>\n<td>600 \u2013 2300<\/td>\n<\/tr>\n<tr>\n<td>\u00cen\u0103l\u021bimea jaluzelei (mm)<\/td>\n<td>500 \u2013 3500<\/td>\n<\/tr>\n<tr>\n<td>Suprafa\u021ba maxim\u0103<br \/>\na jaluzelei (m2)<\/td>\n<td>8<\/td>\n<\/tr>\n<\/tbody>\n<\/table><\/div><\/div>\n<p>&nbsp;<\/p>\n<div class=\"table-wrapper\"><div class=\"table-wrapper\"><table class=\"nowrap\">\n<tbody>\n<tr>\n<th colspan=\"3\">Legend\u0103<\/th>\n<\/tr>\n<tr>\n<td>1<\/td>\n<td>\u200b\u00cen\u0103l\u021bimea pl\u0103cii<br \/>\nde acoperire (mm)<\/td>\n<td>conform jaluzelei<\/td>\n<\/tr>\n<tr>\n<td>2<\/td>\n<td>\u00cen\u0103l\u021bimea total\u0103<br \/>\na jaluzelei (mm)<\/td>\n<td>500 \u2013 3500<\/td>\n<\/tr>\n<\/tbody>\n<\/table><\/div><\/div>\n\n\t\t\t<\/div>\n\n\t\t\n\t<\/div>\n<\/div>\n\n\n\n\n\n\n\n\n<div  class=\"section white\">\n\n\t\n\t\t<div class=\"container intro\">\n\t\t\t<div class=\"cell\">\n\t\t\t\t<h3>Specifica\u021bii technice STF2<\/h3>\n\t\t\t<\/div>\n\t\t<\/div>\n\n\t\n\n\n\t<div class=\"container cols-40p-60p\">\n\n\t\t\n\t\t\t<div class=\"cell\">\n\n\t\t\t\t\n\n\n\t\t\t\t\n\t\t\t\t\t\t\t\t\t\t\t\t\t<img decoding=\"async\" src=\"https:\/\/nevask.eu\/wp-content\/uploads\/2025\/07\/STF-2-podomietkovy-variant-b-e1753086528237.png.webp\" alt=\"STF 2 - podomietkovy\u0301 samonosn\u00fd syst\u00e9m\">\n\t\t\t\t\t\t\n\t\t\t\t\t\t\n\t\t\t<\/div>\n\n\t\t\n\t\t\t<div class=\"cell\">\n\n\t\t\t\t\n\n\n\t\t\t\t<p>&nbsp;<\/p>\n<div class=\"table-wrapper\"><div class=\"table-wrapper\"><table class=\"nowrap\">\n<tbody>\n<tr>\n<th>STF2 f\u0103r\u0103 fixare ulterioar\u0103<\/th>\n<th>Motor<\/th>\n<\/tr>\n<tr>\n<td>L\u0103\u021bimea jaluzelei (mm)<\/td>\n<td>600 \u2013 2300<\/td>\n<\/tr>\n<tr>\n<td>\u00cen\u0103l\u021bimea jaluzelei (mm)<\/td>\n<td>500 \u2013 3500<\/td>\n<\/tr>\n<tr>\n<td>Suprafa\u021ba maxim\u0103 a jaluzelei (m2)<\/td>\n<td>8<\/td>\n<\/tr>\n<\/tbody>\n<\/table><\/div><\/div>\n<p>&nbsp;<\/p>\n<div class=\"table-wrapper\"><div class=\"table-wrapper\"><table class=\"nowrap\">\n<tbody>\n<tr>\n<th colspan=\"3\">Legenda k n\u00e1kresu<\/th>\n<\/tr>\n<tr>\n<td>1<\/td>\n<td>\u200b\u00cen\u0103l\u021bimea pl\u0103cii de acoperire (mm)<\/td>\n<td>conform jaluzelei<\/td>\n<\/tr>\n<tr>\n<td>2<\/td>\n<td>\u00cen\u0103l\u021bimea total\u0103 a jaluzelei (mm)<\/td>\n<td>500 \u2013 3500<\/td>\n<\/tr>\n<\/tbody>\n<\/table><\/div><\/div>\n\n\t\t\t<\/div>\n\n\t\t\n\t<\/div>\n<\/div>\n\n\n\n\n\n<div class=\"section white\">\n\t<div class=\"container\">\n\t\t<div class=\"cell\">\n\t\t\t<hr class=\"separator\">\n\t\t<\/div>\n\t<\/div>\n<\/div>\n","protected":false},"excerpt":{"rendered":"","protected":false},"author":52,"featured_media":0,"parent":8999,"menu_order":0,"comment_status":"closed","ping_status":"closed","template":"","meta":{"_acf_changed":false,"inline_featured_image":false,"footnotes":""},"class_list":["post-9003","page","type-page","status-publish","hentry"],"acf":[],"yoast_head":"<!-- This site is optimized with the Yoast SEO plugin v27.5 - https:\/\/yoast.com\/product\/yoast-seo-wordpress\/ -->\n<title>Sistem autoportant STF pentru montajul eficient al jaluzelelor | NEVA<\/title>\n<meta name=\"description\" content=\"Sistemul autoportant STF permite instalarea rapid\u0103 \u0219i eficient\u0103 a jaluzelelor exterioare \u00een orice stadiu de construc\u021bie. Solu\u021bie mai robust\u0103 dec\u00e2t sistemul STL.\" \/>\n<meta name=\"robots\" content=\"index, follow, max-snippet:-1, max-image-preview:large, max-video-preview:-1\" \/>\n<link rel=\"canonical\" href=\"https:\/\/nevask.eu\/ro\/jaluzele-exterioare-neva\/sisteme-autoportante\/sistem-autoportant-stf\/\" \/>\n<meta property=\"og:locale\" content=\"ro_RO\" \/>\n<meta property=\"og:type\" content=\"article\" \/>\n<meta property=\"og:title\" content=\"Sistem autoportant STF pentru montajul eficient al jaluzelelor | NEVA\" \/>\n<meta property=\"og:description\" content=\"Sistemul autoportant STF permite instalarea rapid\u0103 \u0219i eficient\u0103 a jaluzelelor exterioare \u00een orice stadiu de construc\u021bie. Solu\u021bie mai robust\u0103 dec\u00e2t sistemul STL.\" \/>\n<meta property=\"og:url\" content=\"https:\/\/nevask.eu\/ro\/jaluzele-exterioare-neva\/sisteme-autoportante\/sistem-autoportant-stf\/\" \/>\n<meta property=\"og:site_name\" content=\"NEVA\" \/>\n<meta property=\"article:modified_time\" content=\"2025-09-17T06:01:52+00:00\" \/>\n<meta name=\"twitter:card\" content=\"summary_large_image\" \/>\n<meta name=\"twitter:label1\" content=\"Timp estimat pentru citire\" \/>\n\t<meta name=\"twitter:data1\" content=\"4 minute\" \/>\n<!-- \/ Yoast SEO plugin. -->","yoast_head_json":{"title":"Sistem autoportant STF pentru montajul eficient al jaluzelelor | NEVA","description":"Sistemul autoportant STF permite instalarea rapid\u0103 \u0219i eficient\u0103 a jaluzelelor exterioare \u00een orice stadiu de construc\u021bie. Solu\u021bie mai robust\u0103 dec\u00e2t sistemul STL.","robots":{"index":"index","follow":"follow","max-snippet":"max-snippet:-1","max-image-preview":"max-image-preview:large","max-video-preview":"max-video-preview:-1"},"canonical":"https:\/\/nevask.eu\/ro\/jaluzele-exterioare-neva\/sisteme-autoportante\/sistem-autoportant-stf\/","og_locale":"ro_RO","og_type":"article","og_title":"Sistem autoportant STF pentru montajul eficient al jaluzelelor | NEVA","og_description":"Sistemul autoportant STF permite instalarea rapid\u0103 \u0219i eficient\u0103 a jaluzelelor exterioare \u00een orice stadiu de construc\u021bie. Solu\u021bie mai robust\u0103 dec\u00e2t sistemul STL.","og_url":"https:\/\/nevask.eu\/ro\/jaluzele-exterioare-neva\/sisteme-autoportante\/sistem-autoportant-stf\/","og_site_name":"NEVA","article_modified_time":"2025-09-17T06:01:52+00:00","twitter_card":"summary_large_image","twitter_misc":{"Timp estimat pentru citire":"4 minute"},"schema":{"@context":"https:\/\/schema.org","@graph":[{"@type":"WebPage","@id":"https:\/\/nevask.eu\/ro\/jaluzele-exterioare-neva\/sisteme-autoportante\/sistem-autoportant-stf\/","url":"https:\/\/nevask.eu\/ro\/jaluzele-exterioare-neva\/sisteme-autoportante\/sistem-autoportant-stf\/","name":"Sistem autoportant STF pentru montajul eficient al jaluzelelor | NEVA","isPartOf":{"@id":"https:\/\/nevask.eu\/ro\/#website"},"datePublished":"2025-07-10T11:08:08+00:00","dateModified":"2025-09-17T06:01:52+00:00","description":"Sistemul autoportant STF permite instalarea rapid\u0103 \u0219i eficient\u0103 a jaluzelelor exterioare \u00een orice stadiu de construc\u021bie. Solu\u021bie mai robust\u0103 dec\u00e2t sistemul STL.","breadcrumb":{"@id":"https:\/\/nevask.eu\/ro\/jaluzele-exterioare-neva\/sisteme-autoportante\/sistem-autoportant-stf\/#breadcrumb"},"inLanguage":"ro-RO","potentialAction":[{"@type":"ReadAction","target":["https:\/\/nevask.eu\/ro\/jaluzele-exterioare-neva\/sisteme-autoportante\/sistem-autoportant-stf\/"]}]},{"@type":"BreadcrumbList","@id":"https:\/\/nevask.eu\/ro\/jaluzele-exterioare-neva\/sisteme-autoportante\/sistem-autoportant-stf\/#breadcrumb","itemListElement":[{"@type":"ListItem","position":1,"name":"Home","item":"https:\/\/nevask.eu\/ro\/"},{"@type":"ListItem","position":2,"name":"Jaluzele exterioare NEVA","item":"https:\/\/nevask.eu\/ro\/jaluzele-exterioare-neva\/"},{"@type":"ListItem","position":3,"name":"Sisteme autoportante","item":"https:\/\/nevask.eu\/ro\/jaluzele-exterioare-neva\/sisteme-autoportante\/"},{"@type":"ListItem","position":4,"name":"NEVA STF"}]},{"@type":"WebSite","@id":"https:\/\/nevask.eu\/ro\/#website","url":"https:\/\/nevask.eu\/ro\/","name":"NEVA","description":"Vonkaj\u0161ie \u017eal\u00fazie a screenov\u00e9 rolety","potentialAction":[{"@type":"SearchAction","target":{"@type":"EntryPoint","urlTemplate":"https:\/\/nevask.eu\/ro\/?s={search_term_string}"},"query-input":{"@type":"PropertyValueSpecification","valueRequired":true,"valueName":"search_term_string"}}],"inLanguage":"ro-RO"}]}},"_links":{"self":[{"href":"https:\/\/nevask.eu\/ro\/wp-json\/wp\/v2\/pages\/9003","targetHints":{"allow":["GET"]}}],"collection":[{"href":"https:\/\/nevask.eu\/ro\/wp-json\/wp\/v2\/pages"}],"about":[{"href":"https:\/\/nevask.eu\/ro\/wp-json\/wp\/v2\/types\/page"}],"author":[{"embeddable":true,"href":"https:\/\/nevask.eu\/ro\/wp-json\/wp\/v2\/users\/52"}],"replies":[{"embeddable":true,"href":"https:\/\/nevask.eu\/ro\/wp-json\/wp\/v2\/comments?post=9003"}],"version-history":[{"count":6,"href":"https:\/\/nevask.eu\/ro\/wp-json\/wp\/v2\/pages\/9003\/revisions"}],"predecessor-version":[{"id":10777,"href":"https:\/\/nevask.eu\/ro\/wp-json\/wp\/v2\/pages\/9003\/revisions\/10777"}],"up":[{"embeddable":true,"href":"https:\/\/nevask.eu\/ro\/wp-json\/wp\/v2\/pages\/8999"}],"wp:attachment":[{"href":"https:\/\/nevask.eu\/ro\/wp-json\/wp\/v2\/media?parent=9003"}],"curies":[{"name":"wp","href":"https:\/\/api.w.org\/{rel}","templated":true}]}}