{"id":9088,"date":"2025-07-10T09:47:07","date_gmt":"2025-07-10T07:47:07","guid":{"rendered":"https:\/\/nevask.eu\/?page_id=9088"},"modified":"2025-09-08T20:08:45","modified_gmt":"2025-09-08T18:08:45","slug":"metode-de-instalare-a-jaluzelelor-exterioare","status":"publish","type":"page","link":"https:\/\/nevask.eu\/ro\/jaluzele-exterioare-neva\/metode-de-instalare-a-jaluzelelor-exterioare\/","title":{"rendered":"Modalit\u0103\u021bi de montaj pentru jaluzelele exterioare"},"content":{"rendered":"\n\n\n\n\n\n<div class=\"section narrow white\">\n\t<div class=\"container\">\n\t\t<div class=\"cell\">\n\t\t\t<ul class=\"breadcrumbs\">\n\t\t\t\t<li><a href=\"https:\/\/nevask.eu\/ro\/\">Home<\/a><\/li>\n\n\t\t\t\t\n\t\t\t<\/ul>\n\t\t<\/div>\n\t<\/div>\n<\/div>\n\n\n\n\n\n<div  class=\"section white\">\n\t<div class=\"container full left\">\n\t\t<div class=\"cell\">\n\t\t\t<h1>Modalit\u0103\u021bi de montaj pentru jaluzelele exterioare<\/h1>\n<p>A\u021bi optat pentru <a href=\"https:\/\/nevask.eu\/ro\/jaluzele-exterioare-neva\/\">jaluzelele exterioare<\/a>, dar nu sunte\u021bi sigur cum se monteaz\u0103 corect?<\/p>\n<p>Modul de instalare a jaluzelelor exterioare nu influen\u021beaz\u0103 doar aspectul fa\u021badei, ci \u0219i eficien\u021ba umbririi \u0219i cantitatea de lumin\u0103 care p\u0103trunde \u00een interior.<br \/>\nCu ajutorul imaginilor sugestive, ve\u021bi putea alege rapid \u0219i u\u0219or solu\u021bia de montaj ideal\u0103 pentru casa sau apartamentul dumneavoastr\u0103.<\/p>\n\t\t<\/div>\n\t<\/div>\n<\/div>\n\n\n\n\n\n<div  class=\"section white\">\n\n\t\n\n\n\t\n\t<div class=\"container cols-33p text-blocks\" style=\"\">\n\n\t\t\n\t\t\t\n\t\t\t\t\n\t\t\t\t<div class=\"cell\" style=\"\">\n\n\t\t\t\t\t\n\n\n\t\t\t\t\t<h3>Montaj pe cadrul ferestrei \u2013<br \/>\nf\u0103r\u0103 plac\u0103 posterioar\u0103<\/h3>\n<p>Montaj vizibil al jaluzelei, realizat f\u0103r\u0103 plac\u0103 posterioar\u0103.<\/p>\n<p><img loading=\"lazy\" decoding=\"async\" class=\"alignnone wp-image-4799\" src=\"https:\/\/nevask.eu\/wp-content\/uploads\/2025\/07\/Zaluzie-NEVA-Z-90_priznany-kastlik-WMm-717x1024.jpg\" alt=\"Mont\u00e1\u017e \u017eal\u00fazi\u00ed na r\u00e1m okna - bez zadn\u00e9ho plechu\" width=\"400\" height=\"571\" srcset=\"https:\/\/nevask.eu\/wp-content\/uploads\/2025\/07\/Zaluzie-NEVA-Z-90_priznany-kastlik-WMm-717x1024.jpg.webp 717w, https:\/\/nevask.eu\/wp-content\/uploads\/2025\/07\/Zaluzie-NEVA-Z-90_priznany-kastlik-WMm-210x300.jpg.webp 210w, https:\/\/nevask.eu\/wp-content\/uploads\/2025\/07\/Zaluzie-NEVA-Z-90_priznany-kastlik-WMm-768x1097.jpg.webp 768w, https:\/\/nevask.eu\/wp-content\/uploads\/2025\/07\/Zaluzie-NEVA-Z-90_priznany-kastlik-WMm-1075x1536.jpg.webp 1075w, https:\/\/nevask.eu\/wp-content\/uploads\/2025\/07\/Zaluzie-NEVA-Z-90_priznany-kastlik-WMm-1434x2048.jpg.webp 1434w, https:\/\/nevask.eu\/wp-content\/uploads\/2025\/07\/Zaluzie-NEVA-Z-90_priznany-kastlik-WMm-scaled.jpg.webp 1792w\" sizes=\"auto, (max-width: 400px) 100vw, 400px\" \/><\/p>\n<p>&nbsp;<\/p>\n\n\t\t\t\t<\/div>\n\t\t\t\n\t\t\t\t\n\t\t\t\t<div class=\"cell\" style=\"\">\n\n\t\t\t\t\t\n\n\n\t\t\t\t\t<h3>Montaj pe cadrul ferestrei \u2013<br \/>\ncu plac\u0103 posterioar\u0103<\/h3>\n<p>Montaj vizibil al jaluzelei, realizat cu plac\u0103 posterioar\u0103.<\/p>\n<p><img loading=\"lazy\" decoding=\"async\" class=\"alignnone wp-image-4802\" src=\"https:\/\/nevask.eu\/wp-content\/uploads\/2025\/07\/Zaluzie-NEVA-Z-90_priznany-kastlik_zadny-plech-WMm-717x1024.jpg\" alt=\"Mont\u00e1\u017e \u017eal\u00fazi\u00ed na r\u00e1m okna - so zadn\u00fdm plechom\" width=\"400\" height=\"571\" srcset=\"https:\/\/nevask.eu\/wp-content\/uploads\/2025\/07\/Zaluzie-NEVA-Z-90_priznany-kastlik_zadny-plech-WMm-717x1024.jpg.webp 717w, https:\/\/nevask.eu\/wp-content\/uploads\/2025\/07\/Zaluzie-NEVA-Z-90_priznany-kastlik_zadny-plech-WMm-210x300.jpg.webp 210w, https:\/\/nevask.eu\/wp-content\/uploads\/2025\/07\/Zaluzie-NEVA-Z-90_priznany-kastlik_zadny-plech-WMm-768x1097.jpg.webp 768w, https:\/\/nevask.eu\/wp-content\/uploads\/2025\/07\/Zaluzie-NEVA-Z-90_priznany-kastlik_zadny-plech-WMm-1075x1536.jpg.webp 1075w, https:\/\/nevask.eu\/wp-content\/uploads\/2025\/07\/Zaluzie-NEVA-Z-90_priznany-kastlik_zadny-plech-WMm-1434x2048.jpg.webp 1434w, https:\/\/nevask.eu\/wp-content\/uploads\/2025\/07\/Zaluzie-NEVA-Z-90_priznany-kastlik_zadny-plech-WMm-scaled.jpg.webp 1792w\" sizes=\"auto, (max-width: 400px) 100vw, 400px\" \/><\/p>\n<p>&nbsp;<\/p>\n\n\t\t\t\t<\/div>\n\t\t\t\n\t\t\t\t\n\t\t\t\t<div class=\"cell\" style=\"\">\n\n\t\t\t\t\t\n\n\n\t\t\t\t\t<h3>Montaj pe cadrul ferestrei \u2013<br \/>\nsistem autoportant STF1<\/h3>\n<p>Sistem autoportant <a href=\"https:\/\/nevask.eu\/ro\/jaluzele-exterioare-neva\/sisteme-autoportante\/sistem-autoportant-stf\/\">NEVA STF1<\/a>.<\/p>\n<p><img loading=\"lazy\" decoding=\"async\" class=\"alignnone wp-image-4808\" src=\"https:\/\/nevask.eu\/wp-content\/uploads\/2025\/07\/Zaluzie-NEVA-Z-90_samonosne-STF1-na-ram-okna-WMm-717x1024.jpg\" alt=\"Mont\u00e1\u017e \u017eal\u00fazi\u00ed na r\u00e1m okna - samonosn\u00fd syst\u00e9m STF1 \" width=\"400\" height=\"571\" srcset=\"https:\/\/nevask.eu\/wp-content\/uploads\/2025\/07\/Zaluzie-NEVA-Z-90_samonosne-STF1-na-ram-okna-WMm-717x1024.jpg.webp 717w, https:\/\/nevask.eu\/wp-content\/uploads\/2025\/07\/Zaluzie-NEVA-Z-90_samonosne-STF1-na-ram-okna-WMm-210x300.jpg.webp 210w, https:\/\/nevask.eu\/wp-content\/uploads\/2025\/07\/Zaluzie-NEVA-Z-90_samonosne-STF1-na-ram-okna-WMm-768x1097.jpg.webp 768w, https:\/\/nevask.eu\/wp-content\/uploads\/2025\/07\/Zaluzie-NEVA-Z-90_samonosne-STF1-na-ram-okna-WMm-1075x1536.jpg.webp 1075w, https:\/\/nevask.eu\/wp-content\/uploads\/2025\/07\/Zaluzie-NEVA-Z-90_samonosne-STF1-na-ram-okna-WMm-1434x2048.jpg.webp 1434w, https:\/\/nevask.eu\/wp-content\/uploads\/2025\/07\/Zaluzie-NEVA-Z-90_samonosne-STF1-na-ram-okna-WMm-scaled.jpg.webp 1792w\" sizes=\"auto, (max-width: 400px) 100vw, 400px\" \/><\/p>\n\n\t\t\t\t<\/div>\n\t\t\t\n\t\t\t\t\n\t\t\t\t<div class=\"cell\" style=\"\">\n\n\t\t\t\t\t\n\n\n\t\t\t\t\t<h3>Montaj pe fa\u021bad\u0103 \u2013<br \/>\nsistem autoportant STF1<\/h3>\n<p>Sistem autoportant <a href=\"https:\/\/nevask.eu\/ro\/jaluzele-exterioare-neva\/sisteme-autoportante\/sistem-autoportant-stf\/\">NEVA STF1<\/a>.<\/p>\n<p><img loading=\"lazy\" decoding=\"async\" class=\"alignnone wp-image-4805\" src=\"https:\/\/nevask.eu\/wp-content\/uploads\/2025\/07\/Zaluzie-NEVA-Z-90_samonosne-STF1-na-fasadu-WMm-717x1024.jpg\" alt=\"Mont\u00e1\u017e \u017eal\u00fazi\u00ed na fas\u00e1du - NEVA STF1\" width=\"400\" height=\"571\" srcset=\"https:\/\/nevask.eu\/wp-content\/uploads\/2025\/07\/Zaluzie-NEVA-Z-90_samonosne-STF1-na-fasadu-WMm-717x1024.jpg.webp 717w, https:\/\/nevask.eu\/wp-content\/uploads\/2025\/07\/Zaluzie-NEVA-Z-90_samonosne-STF1-na-fasadu-WMm-210x300.jpg.webp 210w, https:\/\/nevask.eu\/wp-content\/uploads\/2025\/07\/Zaluzie-NEVA-Z-90_samonosne-STF1-na-fasadu-WMm-768x1097.jpg.webp 768w, https:\/\/nevask.eu\/wp-content\/uploads\/2025\/07\/Zaluzie-NEVA-Z-90_samonosne-STF1-na-fasadu-WMm-1075x1536.jpg.webp 1075w, https:\/\/nevask.eu\/wp-content\/uploads\/2025\/07\/Zaluzie-NEVA-Z-90_samonosne-STF1-na-fasadu-WMm-1434x2048.jpg.webp 1434w, https:\/\/nevask.eu\/wp-content\/uploads\/2025\/07\/Zaluzie-NEVA-Z-90_samonosne-STF1-na-fasadu-WMm-scaled.jpg.webp 1792w\" sizes=\"auto, (max-width: 400px) 100vw, 400px\" \/><\/p>\n\n\t\t\t\t<\/div>\n\t\t\t\n\t\t\t\t\n\t\t\t\t<div class=\"cell\" style=\"\">\n\n\t\t\t\t\t\n\n\n\t\t\t\t\t<h3>Sistem de jaluzele pentru fa\u021bad\u0103 NEVA<\/h3>\n<p>Montajul jaluzelei pe fa\u021bad\u0103 \u2013 <a href=\"https:\/\/nevask.eu\/ro\/jaluzele-exterioare-neva\/jaluzele-fatada-neva\/\">sistemul de fa\u021bad\u0103 NEVA<\/a>.<\/p>\n<p><img loading=\"lazy\" decoding=\"async\" class=\"alignnone wp-image-4813\" src=\"https:\/\/nevask.eu\/wp-content\/uploads\/2025\/07\/Zaluzie-NEVA-Z-90-fasadny-system-WMm-717x1024.jpg\" alt=\"Fas\u00e1dny \u017eal\u00faziov\u00fd syst\u00e9m NEVA\" width=\"400\" height=\"571\" srcset=\"https:\/\/nevask.eu\/wp-content\/uploads\/2025\/07\/Zaluzie-NEVA-Z-90-fasadny-system-WMm-717x1024.jpg.webp 717w, https:\/\/nevask.eu\/wp-content\/uploads\/2025\/07\/Zaluzie-NEVA-Z-90-fasadny-system-WMm-210x300.jpg.webp 210w, https:\/\/nevask.eu\/wp-content\/uploads\/2025\/07\/Zaluzie-NEVA-Z-90-fasadny-system-WMm-768x1097.jpg.webp 768w, https:\/\/nevask.eu\/wp-content\/uploads\/2025\/07\/Zaluzie-NEVA-Z-90-fasadny-system-WMm-1075x1536.jpg.webp 1075w, https:\/\/nevask.eu\/wp-content\/uploads\/2025\/07\/Zaluzie-NEVA-Z-90-fasadny-system-WMm-1434x2048.jpg.webp 1434w, https:\/\/nevask.eu\/wp-content\/uploads\/2025\/07\/Zaluzie-NEVA-Z-90-fasadny-system-WMm-scaled.jpg.webp 1792w\" sizes=\"auto, (max-width: 400px) 100vw, 400px\" \/><\/p>\n<p>&nbsp;<\/p>\n\n\t\t\t\t<\/div>\n\t\t\t\n\t\t\t\t\n\t\t\t\t<div class=\"cell\" style=\"\">\n\n\t\t\t\t\t\n\n\n\t\t\t\t\t<h3>Montaj \u00eencastrat \u2013<br \/>\nsistem autoportant STF2<\/h3>\n<p>Sistemul <a href=\"https:\/\/nevask.eu\/ro\/jaluzele-exterioare-neva\/sisteme-autoportante\/sistem-autoportant-stf\/\">autoportant NEVA STF2<\/a> cu extensie.<\/p>\n<p><img loading=\"lazy\" decoding=\"async\" class=\"alignnone wp-image-4817\" src=\"https:\/\/nevask.eu\/wp-content\/uploads\/2025\/07\/Zaluzie-NEVA-Z-90_pod-omietku-STF2-WMm-717x1024.jpg\" alt=\"Podomietkov\u00e1 mont\u00e1\u017e \u017eal\u00fazi\u00ed - samonosn\u00fd syst\u00e9m NEVA STF2\" width=\"400\" height=\"571\" srcset=\"https:\/\/nevask.eu\/wp-content\/uploads\/2025\/07\/Zaluzie-NEVA-Z-90_pod-omietku-STF2-WMm-717x1024.jpg.webp 717w, https:\/\/nevask.eu\/wp-content\/uploads\/2025\/07\/Zaluzie-NEVA-Z-90_pod-omietku-STF2-WMm-210x300.jpg.webp 210w, https:\/\/nevask.eu\/wp-content\/uploads\/2025\/07\/Zaluzie-NEVA-Z-90_pod-omietku-STF2-WMm-768x1097.jpg.webp 768w, https:\/\/nevask.eu\/wp-content\/uploads\/2025\/07\/Zaluzie-NEVA-Z-90_pod-omietku-STF2-WMm-1075x1536.jpg.webp 1075w, https:\/\/nevask.eu\/wp-content\/uploads\/2025\/07\/Zaluzie-NEVA-Z-90_pod-omietku-STF2-WMm-1434x2048.jpg.webp 1434w, https:\/\/nevask.eu\/wp-content\/uploads\/2025\/07\/Zaluzie-NEVA-Z-90_pod-omietku-STF2-WMm-scaled.jpg.webp 1792w\" sizes=\"auto, (max-width: 400px) 100vw, 400px\" \/><\/p>\n\n\t\t\t\t<\/div>\n\t\t\t\n\t\t\t\t\n\t\t\t\t<div class=\"cell\" style=\"\">\n\n\t\t\t\t\t\n\n\n\t\t\t\t\t<h3>Montaj \u00eencastrat \u2013<br \/>\nISO-KASTL f\u0103r\u0103 izola\u021bie<\/h3>\n<p class=\"p1\">Montajul jaluzelei sub tencuial\u0103 cu sistemul <a href=\"https:\/\/nevask.eu\/ro\/jaluzele-exterioare-neva\/caseta-iso-kastl\/\">ISO-KASTL<\/a>.<\/p>\n<p><img loading=\"lazy\" decoding=\"async\" class=\"alignnone wp-image-4823\" src=\"https:\/\/nevask.eu\/wp-content\/uploads\/2025\/07\/Zaluzie-NEVA-Z-90_ISO-KASTL-bez-zateplenia-WMm-717x1024.jpg\" alt=\"Mont\u00e1\u017e \u017eal\u00fazi\u00ed pod omietku s ISO-KASTL bez zateplenia\" width=\"400\" height=\"571\" \/><\/p>\n<p>&nbsp;<\/p>\n<p>&nbsp;<\/p>\n\n\t\t\t\t<\/div>\n\t\t\t\n\t\t\t\t\n\t\t\t\t<div class=\"cell\" style=\"\">\n\n\t\t\t\t\t\n\n\n\t\t\t\t\t<h3>Montaj \u00eencastrat \u2013<br \/>\nISO-KASTL cu izola\u021bie<\/h3>\n<p>Montajul jaluzelei sub tencuial\u0103 cu sistemul <a href=\"https:\/\/nevask.eu\/ro\/jaluzele-exterioare-neva\/caseta-iso-kastl\/\">ISO-KASTL<\/a>.<\/p>\n<p><img loading=\"lazy\" decoding=\"async\" class=\"alignnone wp-image-4826\" src=\"https:\/\/nevask.eu\/wp-content\/uploads\/2025\/07\/Zaluzie-NEVA-Z-90_ISO-KASTL-WMm-717x1024.jpg\" alt=\"Mont\u00e1\u017e \u017eal\u00fazi\u00ed NEVA pod omietku s ISO-KASTL so zateplen\u00edm\" width=\"400\" height=\"571\" srcset=\"https:\/\/nevask.eu\/wp-content\/uploads\/2025\/07\/Zaluzie-NEVA-Z-90_ISO-KASTL-WMm-717x1024.jpg.webp 717w, https:\/\/nevask.eu\/wp-content\/uploads\/2025\/07\/Zaluzie-NEVA-Z-90_ISO-KASTL-WMm-210x300.jpg.webp 210w, https:\/\/nevask.eu\/wp-content\/uploads\/2025\/07\/Zaluzie-NEVA-Z-90_ISO-KASTL-WMm-768x1097.jpg.webp 768w, https:\/\/nevask.eu\/wp-content\/uploads\/2025\/07\/Zaluzie-NEVA-Z-90_ISO-KASTL-WMm-1075x1536.jpg.webp 1075w, https:\/\/nevask.eu\/wp-content\/uploads\/2025\/07\/Zaluzie-NEVA-Z-90_ISO-KASTL-WMm-1434x2048.jpg.webp 1434w, https:\/\/nevask.eu\/wp-content\/uploads\/2025\/07\/Zaluzie-NEVA-Z-90_ISO-KASTL-WMm-scaled.jpg.webp 1792w\" sizes=\"auto, (max-width: 400px) 100vw, 400px\" \/><\/p>\n\n\t\t\t\t<\/div>\n\t\t\t\n\t\t\t\t\n\t\t\t\t<div class=\"cell\" style=\"\">\n\n\t\t\t\t\t\n\n\n\t\t\t\t\t<h3>Montaj \u00eencastrat \u2013<br \/>\nCaset\u0103 din aluminiu<\/h3>\n<p>Montajul jaluzelei sub tencuial\u0103 cu caset\u0103 din aluminiu.<\/p>\n<p><img loading=\"lazy\" decoding=\"async\" class=\"alignnone wp-image-4829\" src=\"https:\/\/nevask.eu\/wp-content\/uploads\/2025\/07\/Zaluzie-NEVA-Z-90_pod-omietku-WMm-717x1024.jpg\" alt=\"Mont\u00e1\u017e \u017eal\u00fazi\u00ed NEVA pod omietku. Hlin\u00edkov\u00fd kastl\u00edk.\" width=\"400\" height=\"571\" srcset=\"https:\/\/nevask.eu\/wp-content\/uploads\/2025\/07\/Zaluzie-NEVA-Z-90_pod-omietku-WMm-717x1024.jpg.webp 717w, https:\/\/nevask.eu\/wp-content\/uploads\/2025\/07\/Zaluzie-NEVA-Z-90_pod-omietku-WMm-210x300.jpg.webp 210w, https:\/\/nevask.eu\/wp-content\/uploads\/2025\/07\/Zaluzie-NEVA-Z-90_pod-omietku-WMm-768x1097.jpg.webp 768w, https:\/\/nevask.eu\/wp-content\/uploads\/2025\/07\/Zaluzie-NEVA-Z-90_pod-omietku-WMm-1075x1536.jpg.webp 1075w, https:\/\/nevask.eu\/wp-content\/uploads\/2025\/07\/Zaluzie-NEVA-Z-90_pod-omietku-WMm-1434x2048.jpg.webp 1434w, https:\/\/nevask.eu\/wp-content\/uploads\/2025\/07\/Zaluzie-NEVA-Z-90_pod-omietku-WMm-scaled.jpg.webp 1792w\" sizes=\"auto, (max-width: 400px) 100vw, 400px\" \/><\/p>\n<p>&nbsp;<\/p>\n\n\t\t\t\t<\/div>\n\t\t\t\n\t\t\n\t<\/div>\n\n\n\n\t\n<\/div>\n\n\n\n\n\n<div  class=\"section dark\">\n\t<div class=\"container full left\">\n\t\t<div class=\"cell\">\n\t\t\t<p><img loading=\"lazy\" decoding=\"async\" class=\"alignnone wp-image-2093\" src=\"https:\/\/nevask.eu\/wp-content\/uploads\/2025\/07\/hash-nevapartner_4-300x61.png\" alt=\"hashtag nevapartner - modr\u00e9 na bielom\" width=\"220\" height=\"44\" srcset=\"https:\/\/nevask.eu\/wp-content\/uploads\/2025\/07\/hash-nevapartner_4-300x61.png 300w, https:\/\/nevask.eu\/wp-content\/uploads\/2025\/07\/hash-nevapartner_4.png 689w\" sizes=\"auto, (max-width: 220px) 100vw, 220px\" \/><\/p>\n<p class=\"p-large\"><a href=\"https:\/\/nevask.eu\/ro\/dealeri-neva\/\">Partenerii no\u0219tri comerciali \u0219i de montaj<\/a>\u00a0v\u0103 vor prezenta cu pl\u0103cere avantajele jaluzelelor exterioare NEVA. Pute\u021bi consulta cu ei solu\u021biile optime pentru proiectul dumneavoastr\u0103 sau pute\u021bi solicita o\u00a0<a href=\"https:\/\/nevask.eu\/ro\/oferta-de-pret\/oferta-jaluzele-neva\/\">ofert\u0103 de pre\u021b<\/a>\u00a0f\u0103r\u0103 obliga\u021bii.<\/p>\n\t\t<\/div>\n\t<\/div>\n<\/div>\n","protected":false},"excerpt":{"rendered":"","protected":false},"author":52,"featured_media":0,"parent":8214,"menu_order":0,"comment_status":"closed","ping_status":"closed","template":"","meta":{"_acf_changed":false,"inline_featured_image":false,"footnotes":""},"class_list":["post-9088","page","type-page","status-publish","hentry"],"acf":[],"yoast_head":"<!-- This site is optimized with the Yoast SEO plugin v27.5 - https:\/\/yoast.com\/product\/yoast-seo-wordpress\/ -->\n<title>Modalit\u0103\u021bi de montaj pentru jaluzelele exterioare | NEVA<\/title>\n<meta name=\"description\" content=\"Mul\u021bumit\u0103 celor 9 imagini ilustrative, ve\u021bi afla care tip de montaj este cel mai potrivit pentru casa sau apartamentul dumneavoastr\u0103. De la jaluzele \u00eencastrate p\u00e2n\u0103 la cele montate \u00een fa\u021ba fa\u021badei.\" \/>\n<meta name=\"robots\" content=\"index, follow, max-snippet:-1, max-image-preview:large, max-video-preview:-1\" \/>\n<link rel=\"canonical\" href=\"https:\/\/nevask.eu\/ro\/jaluzele-exterioare-neva\/metode-de-instalare-a-jaluzelelor-exterioare\/\" \/>\n<meta property=\"og:locale\" content=\"ro_RO\" \/>\n<meta property=\"og:type\" content=\"article\" \/>\n<meta property=\"og:title\" content=\"Modalit\u0103\u021bi de montaj pentru jaluzelele exterioare | NEVA\" \/>\n<meta property=\"og:description\" content=\"Mul\u021bumit\u0103 celor 9 imagini ilustrative, ve\u021bi afla care tip de montaj este cel mai potrivit pentru casa sau apartamentul dumneavoastr\u0103. De la jaluzele \u00eencastrate p\u00e2n\u0103 la cele montate \u00een fa\u021ba fa\u021badei.\" \/>\n<meta property=\"og:url\" content=\"https:\/\/nevask.eu\/ro\/jaluzele-exterioare-neva\/metode-de-instalare-a-jaluzelelor-exterioare\/\" \/>\n<meta property=\"og:site_name\" content=\"NEVA\" \/>\n<meta property=\"article:modified_time\" content=\"2025-09-08T18:08:45+00:00\" \/>\n<meta name=\"twitter:card\" content=\"summary_large_image\" \/>\n<meta name=\"twitter:label1\" content=\"Timp estimat pentru citire\" \/>\n\t<meta name=\"twitter:data1\" content=\"4 minute\" \/>\n<!-- \/ Yoast SEO plugin. -->","yoast_head_json":{"title":"Modalit\u0103\u021bi de montaj pentru jaluzelele exterioare | NEVA","description":"Mul\u021bumit\u0103 celor 9 imagini ilustrative, ve\u021bi afla care tip de montaj este cel mai potrivit pentru casa sau apartamentul dumneavoastr\u0103. De la jaluzele \u00eencastrate p\u00e2n\u0103 la cele montate \u00een fa\u021ba fa\u021badei.","robots":{"index":"index","follow":"follow","max-snippet":"max-snippet:-1","max-image-preview":"max-image-preview:large","max-video-preview":"max-video-preview:-1"},"canonical":"https:\/\/nevask.eu\/ro\/jaluzele-exterioare-neva\/metode-de-instalare-a-jaluzelelor-exterioare\/","og_locale":"ro_RO","og_type":"article","og_title":"Modalit\u0103\u021bi de montaj pentru jaluzelele exterioare | NEVA","og_description":"Mul\u021bumit\u0103 celor 9 imagini ilustrative, ve\u021bi afla care tip de montaj este cel mai potrivit pentru casa sau apartamentul dumneavoastr\u0103. De la jaluzele \u00eencastrate p\u00e2n\u0103 la cele montate \u00een fa\u021ba fa\u021badei.","og_url":"https:\/\/nevask.eu\/ro\/jaluzele-exterioare-neva\/metode-de-instalare-a-jaluzelelor-exterioare\/","og_site_name":"NEVA","article_modified_time":"2025-09-08T18:08:45+00:00","twitter_card":"summary_large_image","twitter_misc":{"Timp estimat pentru citire":"4 minute"},"schema":{"@context":"https:\/\/schema.org","@graph":[{"@type":"WebPage","@id":"https:\/\/nevask.eu\/ro\/jaluzele-exterioare-neva\/metode-de-instalare-a-jaluzelelor-exterioare\/","url":"https:\/\/nevask.eu\/ro\/jaluzele-exterioare-neva\/metode-de-instalare-a-jaluzelelor-exterioare\/","name":"Modalit\u0103\u021bi de montaj pentru jaluzelele exterioare | NEVA","isPartOf":{"@id":"https:\/\/nevask.eu\/ro\/#website"},"datePublished":"2025-07-10T07:47:07+00:00","dateModified":"2025-09-08T18:08:45+00:00","description":"Mul\u021bumit\u0103 celor 9 imagini ilustrative, ve\u021bi afla care tip de montaj este cel mai potrivit pentru casa sau apartamentul dumneavoastr\u0103. De la jaluzele \u00eencastrate p\u00e2n\u0103 la cele montate \u00een fa\u021ba fa\u021badei.","breadcrumb":{"@id":"https:\/\/nevask.eu\/ro\/jaluzele-exterioare-neva\/metode-de-instalare-a-jaluzelelor-exterioare\/#breadcrumb"},"inLanguage":"ro-RO","potentialAction":[{"@type":"ReadAction","target":["https:\/\/nevask.eu\/ro\/jaluzele-exterioare-neva\/metode-de-instalare-a-jaluzelelor-exterioare\/"]}]},{"@type":"BreadcrumbList","@id":"https:\/\/nevask.eu\/ro\/jaluzele-exterioare-neva\/metode-de-instalare-a-jaluzelelor-exterioare\/#breadcrumb","itemListElement":[{"@type":"ListItem","position":1,"name":"Home","item":"https:\/\/nevask.eu\/ro\/"},{"@type":"ListItem","position":2,"name":"Jaluzele exterioare NEVA","item":"https:\/\/nevask.eu\/ro\/jaluzele-exterioare-neva\/"},{"@type":"ListItem","position":3,"name":"Modalit\u0103\u021bi de montaj pentru jaluzelele exterioare"}]},{"@type":"WebSite","@id":"https:\/\/nevask.eu\/ro\/#website","url":"https:\/\/nevask.eu\/ro\/","name":"NEVA","description":"Vonkaj\u0161ie \u017eal\u00fazie a screenov\u00e9 rolety","potentialAction":[{"@type":"SearchAction","target":{"@type":"EntryPoint","urlTemplate":"https:\/\/nevask.eu\/ro\/?s={search_term_string}"},"query-input":{"@type":"PropertyValueSpecification","valueRequired":true,"valueName":"search_term_string"}}],"inLanguage":"ro-RO"}]}},"_links":{"self":[{"href":"https:\/\/nevask.eu\/ro\/wp-json\/wp\/v2\/pages\/9088","targetHints":{"allow":["GET"]}}],"collection":[{"href":"https:\/\/nevask.eu\/ro\/wp-json\/wp\/v2\/pages"}],"about":[{"href":"https:\/\/nevask.eu\/ro\/wp-json\/wp\/v2\/types\/page"}],"author":[{"embeddable":true,"href":"https:\/\/nevask.eu\/ro\/wp-json\/wp\/v2\/users\/52"}],"replies":[{"embeddable":true,"href":"https:\/\/nevask.eu\/ro\/wp-json\/wp\/v2\/comments?post=9088"}],"version-history":[{"count":2,"href":"https:\/\/nevask.eu\/ro\/wp-json\/wp\/v2\/pages\/9088\/revisions"}],"predecessor-version":[{"id":10101,"href":"https:\/\/nevask.eu\/ro\/wp-json\/wp\/v2\/pages\/9088\/revisions\/10101"}],"up":[{"embeddable":true,"href":"https:\/\/nevask.eu\/ro\/wp-json\/wp\/v2\/pages\/8214"}],"wp:attachment":[{"href":"https:\/\/nevask.eu\/ro\/wp-json\/wp\/v2\/media?parent=9088"}],"curies":[{"name":"wp","href":"https:\/\/api.w.org\/{rel}","templated":true}]}}