{"id":9222,"date":"2025-08-11T14:22:54","date_gmt":"2025-08-11T12:22:54","guid":{"rendered":"https:\/\/nevask.eu\/?page_id=9222"},"modified":"2025-09-09T11:18:03","modified_gmt":"2025-09-09T09:18:03","slug":"culorile-rulourilor-screen","status":"publish","type":"page","link":"https:\/\/nevask.eu\/ro\/rulouri-screen-neva\/culorile-rulourilor-screen\/","title":{"rendered":"Culorile rulourilor screen"},"content":{"rendered":"\n\n\n\n\n\n<div class=\"section narrow white\">\n\t<div class=\"container\">\n\t\t<div class=\"cell\">\n\t\t\t<ul class=\"breadcrumbs\">\n\t\t\t\t<li><a href=\"https:\/\/nevask.eu\/ro\/\">Home<\/a><\/li>\n\n\t\t\t\t\n\t\t\t<\/ul>\n\t\t<\/div>\n\t<\/div>\n<\/div>\n\n\n\n\n\n<div  class=\"section full-image\">\n\t<div class=\"container\">\n\t\t<div class=\"cell image h420\">\n\n\t\t\t\t\t\t\t<img decoding=\"async\" src=\"https:\/\/nevask.eu\/wp-content\/uploads\/2025\/08\/farby-latok-pre-screenove-rolety-2.jpg.webp\" alt=\"V\u00fdber l\u00e1tok screenov\u00fdch roliet NEVA\">\n\t\t\t\n\t\t<\/div>\n\t<\/div>\n<\/div>\n\n\n\n\n\n<div  class=\"section white\">\n\n\t\n\t\t<div class=\"container intro\">\n\t\t\t<div class=\"cell\">\n\t\t\t\t<h1>Culorile materialelor pentru rulourile screen<\/h1>\n<p class=\"p-large\">Ave\u021bi la dispozi\u021bie 21 de materiale standard, disponibile \u00een diferite grade de opacitate.<\/p>\n\t\t\t<\/div>\n\t\t<\/div>\n\n\t\n\n\n\t\n\t\t<div class=\"container\">\n\t\t\t<div class=\"cell\">\n\n\t\t\t\t\n\t\t\t\t\t\t\t\t\t\t\t<h3>\u021aes\u0103turi SERG\u00c9 3 %<\/h3>\n\t\t\t\t\t\n\n\n\t\t\t\t\t\n\t\t\t\t\t\t<div class=\"colors-grid\">\n\n\t\t\t\t\t\t\t\n\t\t\t\t\t\t\t\t<div class=\"color\">\n\n\t\t\t\t\t\t\t\t\t\t\t\t\t\t\t\t\t\t\t<a href=\"https:\/\/nevask.eu\/wp-content\/uploads\/2025\/08\/Serge-3-siva-biela-108101.jpg.webp\" title=\"108101 Gri \/ Alb\">\n\t\t\t\t\t\t\t\t\t\t\t<img decoding=\"async\" src=\"https:\/\/nevask.eu\/wp-content\/uploads\/2025\/08\/Serge-3-siva-biela-108101.jpg.webp\" alt=\"Farba l\u00e1tky Siv\u00e1-biela 108101 NEVA\">\n\t\t\t\t\t\t\t\t\t\t<\/a>\n\t\t\t\t\t\t\t\t\t\n\t\t\t\t\t\t\t\t\t\t\t\t\t\t\t\t\t\t\t<p><strong>108101<\/strong><br>Gri \/ Alb<\/p>\n\t\t\t\t\t\t\t\t\t\n\t\t\t\t\t\t\t\t<\/div>\n\n\t\t\t\t\t\t\t\n\t\t\t\t\t\t\t\t<div class=\"color\">\n\n\t\t\t\t\t\t\t\t\t\t\t\t\t\t\t\t\t\t\t<a href=\"https:\/\/nevask.eu\/wp-content\/uploads\/2025\/08\/Serge-3-siva-108108.jpg.webp\" title=\"108108 Gri\">\n\t\t\t\t\t\t\t\t\t\t\t<img decoding=\"async\" src=\"https:\/\/nevask.eu\/wp-content\/uploads\/2025\/08\/Serge-3-siva-108108.jpg.webp\" alt=\"Farba l\u00e1tky Siv\u00e1 108108 NEVA\">\n\t\t\t\t\t\t\t\t\t\t<\/a>\n\t\t\t\t\t\t\t\t\t\n\t\t\t\t\t\t\t\t\t\t\t\t\t\t\t\t\t\t\t<p><strong>108108<\/strong><br>Gri<\/p>\n\t\t\t\t\t\t\t\t\t\n\t\t\t\t\t\t\t\t<\/div>\n\n\t\t\t\t\t\t\t\n\t\t\t\t\t\t\t\t<div class=\"color\">\n\n\t\t\t\t\t\t\t\t\t\t\t\t\t\t\t\t\t\t\t<a href=\"https:\/\/nevask.eu\/wp-content\/uploads\/2025\/08\/Serge-3-siva-pieskova-108112.jpg.webp\" title=\"108112 Gri \/ Bej\">\n\t\t\t\t\t\t\t\t\t\t\t<img decoding=\"async\" src=\"https:\/\/nevask.eu\/wp-content\/uploads\/2025\/08\/Serge-3-siva-pieskova-108112.jpg.webp\" alt=\"Farba l\u00e1tky Siv\u00e1-Pieskov\u00e1 108112 NEVA\">\n\t\t\t\t\t\t\t\t\t\t<\/a>\n\t\t\t\t\t\t\t\t\t\n\t\t\t\t\t\t\t\t\t\t\t\t\t\t\t\t\t\t\t<p><strong>108112<\/strong><br>Gri \/ Bej<\/p>\n\t\t\t\t\t\t\t\t\t\n\t\t\t\t\t\t\t\t<\/div>\n\n\t\t\t\t\t\t\t\n\t\t\t\t\t\t\t\t<div class=\"color\">\n\n\t\t\t\t\t\t\t\t\t\t\t\t\t\t\t\t\t\t\t<a href=\"https:\/\/nevask.eu\/wp-content\/uploads\/2025\/08\/Serge-3-siva-cierna-108118.jpg.webp\" title=\"108118 Gri \/ Negru\">\n\t\t\t\t\t\t\t\t\t\t\t<img decoding=\"async\" src=\"https:\/\/nevask.eu\/wp-content\/uploads\/2025\/08\/Serge-3-siva-cierna-108118.jpg.webp\" alt=\"Farba l\u00e1tky Siv\u00e1-\u010cierna 108118 NEVA\">\n\t\t\t\t\t\t\t\t\t\t<\/a>\n\t\t\t\t\t\t\t\t\t\n\t\t\t\t\t\t\t\t\t\t\t\t\t\t\t\t\t\t\t<p><strong>108118<\/strong><br>Gri \/ Negru<\/p>\n\t\t\t\t\t\t\t\t\t\n\t\t\t\t\t\t\t\t<\/div>\n\n\t\t\t\t\t\t\t\n\t\t\t\t\t\t\t\t<div class=\"color\">\n\n\t\t\t\t\t\t\t\t\t\t\t\t\t\t\t\t\t\t\t<a href=\"https:\/\/nevask.eu\/wp-content\/uploads\/2025\/08\/Serge-3-biela-pieskova-112101.jpg.webp\" title=\"112101 Bej \/ Alb\">\n\t\t\t\t\t\t\t\t\t\t\t<img decoding=\"async\" src=\"https:\/\/nevask.eu\/wp-content\/uploads\/2025\/08\/Serge-3-biela-pieskova-112101.jpg.webp\" alt=\"Farba l\u00e1tky Pieskov\u00e1-Biela 112101 NEVA\">\n\t\t\t\t\t\t\t\t\t\t<\/a>\n\t\t\t\t\t\t\t\t\t\n\t\t\t\t\t\t\t\t\t\t\t\t\t\t\t\t\t\t\t<p><strong>112101<\/strong><br>Bej \/ Alb<\/p>\n\t\t\t\t\t\t\t\t\t\n\t\t\t\t\t\t\t\t<\/div>\n\n\t\t\t\t\t\t\t\n\t\t\t\t\t\t\t\t<div class=\"color\">\n\n\t\t\t\t\t\t\t\t\t\t\t\t\t\t\t\t\t\t\t<a href=\"https:\/\/nevask.eu\/wp-content\/uploads\/2025\/08\/Serge-3-pieskova-bronzova-112113.jpg.webp\" title=\"112113 Bej \/ Bronz\">\n\t\t\t\t\t\t\t\t\t\t\t<img decoding=\"async\" src=\"https:\/\/nevask.eu\/wp-content\/uploads\/2025\/08\/Serge-3-pieskova-bronzova-112113.jpg.webp\" alt=\"Farba l\u00e1tky Pieskov\u00e1 - bronzov\u00e1 112113 NEVA\">\n\t\t\t\t\t\t\t\t\t\t<\/a>\n\t\t\t\t\t\t\t\t\t\n\t\t\t\t\t\t\t\t\t\t\t\t\t\t\t\t\t\t\t<p><strong>112113<\/strong><br>Bej \/ Bronz<\/p>\n\t\t\t\t\t\t\t\t\t\n\t\t\t\t\t\t\t\t<\/div>\n\n\t\t\t\t\t\t\t\n\t\t\t\t\t\t\t\t<div class=\"color\">\n\n\t\t\t\t\t\t\t\t\t\t\t\t\t\t\t\t\t\t\t<a href=\"https:\/\/nevask.eu\/wp-content\/uploads\/2025\/08\/Serge-3-perlova-biela-117101.jpg.webp\" title=\"117101 Perlat\u0103 \/ Alb\">\n\t\t\t\t\t\t\t\t\t\t\t<img decoding=\"async\" src=\"https:\/\/nevask.eu\/wp-content\/uploads\/2025\/08\/Serge-3-perlova-biela-117101.jpg.webp\" alt=\"Farba l\u00e1tky Perlov\u00e1 - Biela 117101 NEVA\">\n\t\t\t\t\t\t\t\t\t\t<\/a>\n\t\t\t\t\t\t\t\t\t\n\t\t\t\t\t\t\t\t\t\t\t\t\t\t\t\t\t\t\t<p><strong>117101<\/strong><br>Perlat\u0103 \/ Alb<\/p>\n\t\t\t\t\t\t\t\t\t\n\t\t\t\t\t\t\t\t<\/div>\n\n\t\t\t\t\t\t\t\n\t\t\t\t\t\t\t\t<div class=\"color\">\n\n\t\t\t\t\t\t\t\t\t\t\t\t\t\t\t\t\t\t\t<a href=\"https:\/\/nevask.eu\/wp-content\/uploads\/2025\/08\/Serge-3-perlova-siva-117108.jpg.webp\" title=\"117108 Perlat\u0103 \/ Gri\">\n\t\t\t\t\t\t\t\t\t\t\t<img decoding=\"async\" src=\"https:\/\/nevask.eu\/wp-content\/uploads\/2025\/08\/Serge-3-perlova-siva-117108.jpg.webp\" alt=\"Farba l\u00e1tky Perlov\u00e1-Siv\u00e1 117108 NEVA\">\n\t\t\t\t\t\t\t\t\t\t<\/a>\n\t\t\t\t\t\t\t\t\t\n\t\t\t\t\t\t\t\t\t\t\t\t\t\t\t\t\t\t\t<p><strong>117108<\/strong><br>Perlat\u0103 \/ Gri<\/p>\n\t\t\t\t\t\t\t\t\t\n\t\t\t\t\t\t\t\t<\/div>\n\n\t\t\t\t\t\t\t\n\t\t\t\t\t\t\t\t<div class=\"color\">\n\n\t\t\t\t\t\t\t\t\t\t\t\t\t\t\t\t\t\t\t<a href=\"https:\/\/nevask.eu\/wp-content\/uploads\/2025\/08\/Serge-3-perlova-117117.jpg.webp\" title=\"117117 Perlat\u0103\">\n\t\t\t\t\t\t\t\t\t\t\t<img decoding=\"async\" src=\"https:\/\/nevask.eu\/wp-content\/uploads\/2025\/08\/Serge-3-perlova-117117.jpg.webp\" alt=\"Farba l\u00e1tky Perlov\u00e1 117117 NEVA\">\n\t\t\t\t\t\t\t\t\t\t<\/a>\n\t\t\t\t\t\t\t\t\t\n\t\t\t\t\t\t\t\t\t\t\t\t\t\t\t\t\t\t\t<p><strong>117117<\/strong><br>Perlat\u0103<\/p>\n\t\t\t\t\t\t\t\t\t\n\t\t\t\t\t\t\t\t<\/div>\n\n\t\t\t\t\t\t\t\n\t\t\t\t\t\t\t\t<div class=\"color\">\n\n\t\t\t\t\t\t\t\t\t\t\t\t\t\t\t\t\t\t\t<a href=\"https:\/\/nevask.eu\/wp-content\/uploads\/2025\/08\/Serge-3-cierna-bronzova-118113.jpg.webp\" title=\"118113 Negru \/ Bronz\">\n\t\t\t\t\t\t\t\t\t\t\t<img decoding=\"async\" src=\"https:\/\/nevask.eu\/wp-content\/uploads\/2025\/08\/Serge-3-cierna-bronzova-118113.jpg.webp\" alt=\"Farba l\u00e1tky \u010cierna - Bronzov\u00e1 118113 NEVA\">\n\t\t\t\t\t\t\t\t\t\t<\/a>\n\t\t\t\t\t\t\t\t\t\n\t\t\t\t\t\t\t\t\t\t\t\t\t\t\t\t\t\t\t<p><strong>118113<\/strong><br>Negru \/ Bronz<\/p>\n\t\t\t\t\t\t\t\t\t\n\t\t\t\t\t\t\t\t<\/div>\n\n\t\t\t\t\t\t\t\n\t\t\t\t\t\t\t\t<div class=\"color\">\n\n\t\t\t\t\t\t\t\t\t\t\t\t\t\t\t\t\t\t\t<a href=\"https:\/\/nevask.eu\/wp-content\/uploads\/2025\/08\/Serge-3-118118-cierna-combo.png.webp\" title=\"118118 Negru\">\n\t\t\t\t\t\t\t\t\t\t\t<img decoding=\"async\" src=\"https:\/\/nevask.eu\/wp-content\/uploads\/2025\/08\/Serge-3-118118-cierna-combo.png.webp\" alt=\"Farba l\u00e1tky \u010cierna - \u010cierna 118118 NEVA\">\n\t\t\t\t\t\t\t\t\t\t<\/a>\n\t\t\t\t\t\t\t\t\t\n\t\t\t\t\t\t\t\t\t\t\t\t\t\t\t\t\t\t\t<p><strong>118118<\/strong><br>Negru<\/p>\n\t\t\t\t\t\t\t\t\t\n\t\t\t\t\t\t\t\t<\/div>\n\n\t\t\t\t\t\t\t\n\t\t\t\t\t\t<\/div>\n\n\t\t\t\t\t\n\t\t\t\t\n\t\t\t<\/div>\n\t\t<\/div>\n\n\t\n<\/div>\n\n\n\n\n\n<div  class=\"section white\">\n\t<div class=\"container full left\">\n\t\t<div class=\"cell\">\n\t\t\t<p>\u021aes\u0103turile SERG\u00c9 3% sunt fabricate din fibr\u0103 de sticl\u0103 acoperit\u0103 cu un strat de PVC. Deoarece fibrele sunt acoperite \u00eenainte de \u021besut, \u00een material se observ\u0103 ochiuri regulate, iar \u021bes\u0103tura seam\u0103n\u0103 cu o plas\u0103. Factorul de deschidere este de 3%, ceea ce asigur\u0103 o umbrire suficient\u0103, dar permite \u00een acela\u0219i timp vizibilitate spre exterior.<\/p>\n<p>\u00cen cazul \u021bes\u0103turilor bicolore, pute\u021bi alege care parte s\u0103 fie orientat\u0103 spre interior \u0219i care spre exterior.<\/p>\n\t\t<\/div>\n\t<\/div>\n<\/div>\n\n\n\n\n\n<div  class=\"section white\">\n\n\t\n\n\n\t\n\t\t<div class=\"container\">\n\t\t\t<div class=\"cell\">\n\n\t\t\t\t\n\t\t\t\t\t\t\t\t\t\t\t<h3>\u021aes\u0103turi SOLTIS Perform 92<\/h3>\n\t\t\t\t\t\n\n\n\t\t\t\t\t\n\t\t\t\t\t\t<div class=\"colors-grid\">\n\n\t\t\t\t\t\t\t\n\t\t\t\t\t\t\t\t<div class=\"color\">\n\n\t\t\t\t\t\t\t\t\t\t\t\t\t\t\t\t\t\t\t<a href=\"https:\/\/nevask.eu\/wp-content\/uploads\/2025\/08\/soltis-perform-92-2043-bronze.png.webp\" title=\"92-2043 Bronz\">\n\t\t\t\t\t\t\t\t\t\t\t<img decoding=\"async\" src=\"https:\/\/nevask.eu\/wp-content\/uploads\/2025\/08\/soltis-perform-92-2043-bronze.png.webp\" alt=\"Soltis Perform 92 Bronzov\u00e1\">\n\t\t\t\t\t\t\t\t\t\t<\/a>\n\t\t\t\t\t\t\t\t\t\n\t\t\t\t\t\t\t\t\t\t\t\t\t\t\t\t\t\t\t<p><strong>92-2043<\/strong><br>Bronz<\/p>\n\t\t\t\t\t\t\t\t\t\n\t\t\t\t\t\t\t\t<\/div>\n\n\t\t\t\t\t\t\t\n\t\t\t\t\t\t\t\t<div class=\"color\">\n\n\t\t\t\t\t\t\t\t\t\t\t\t\t\t\t\t\t\t\t<a href=\"https:\/\/nevask.eu\/wp-content\/uploads\/2025\/08\/soltis-perform-92-2044-white.png.webp\" title=\"92-2044 Alb\">\n\t\t\t\t\t\t\t\t\t\t\t<img decoding=\"async\" src=\"https:\/\/nevask.eu\/wp-content\/uploads\/2025\/08\/soltis-perform-92-2044-white.png.webp\" alt=\"Solti\">\n\t\t\t\t\t\t\t\t\t\t<\/a>\n\t\t\t\t\t\t\t\t\t\n\t\t\t\t\t\t\t\t\t\t\t\t\t\t\t\t\t\t\t<p><strong>92-2044<\/strong><br>Alb<\/p>\n\t\t\t\t\t\t\t\t\t\n\t\t\t\t\t\t\t\t<\/div>\n\n\t\t\t\t\t\t\t\n\t\t\t\t\t\t\t\t<div class=\"color\">\n\n\t\t\t\t\t\t\t\t\t\t\t\t\t\t\t\t\t\t\t<a href=\"https:\/\/nevask.eu\/wp-content\/uploads\/2025\/08\/soltis-perform-92-2047-anthracite.png.webp\" title=\"92-2047 Antracit\">\n\t\t\t\t\t\t\t\t\t\t\t<img decoding=\"async\" src=\"https:\/\/nevask.eu\/wp-content\/uploads\/2025\/08\/soltis-perform-92-2047-anthracite.png.webp\" alt=\"Soltis Perform 92-2047 Antracitov\u00e1\">\n\t\t\t\t\t\t\t\t\t\t<\/a>\n\t\t\t\t\t\t\t\t\t\n\t\t\t\t\t\t\t\t\t\t\t\t\t\t\t\t\t\t\t<p><strong>92-2047<\/strong><br>Antracit<\/p>\n\t\t\t\t\t\t\t\t\t\n\t\t\t\t\t\t\t\t<\/div>\n\n\t\t\t\t\t\t\t\n\t\t\t\t\t\t\t\t<div class=\"color\">\n\n\t\t\t\t\t\t\t\t\t\t\t\t\t\t\t\t\t\t\t<a href=\"https:\/\/nevask.eu\/wp-content\/uploads\/2025\/08\/soltis-perform-92-2048-alu.png.webp\" title=\"92-2048 ALU \/ ALU\">\n\t\t\t\t\t\t\t\t\t\t\t<img decoding=\"async\" src=\"https:\/\/nevask.eu\/wp-content\/uploads\/2025\/08\/soltis-perform-92-2048-alu.png.webp\" alt=\"Soltis Perform 92-2048 ALU\/ALU\">\n\t\t\t\t\t\t\t\t\t\t<\/a>\n\t\t\t\t\t\t\t\t\t\n\t\t\t\t\t\t\t\t\t\t\t\t\t\t\t\t\t\t\t<p><strong>92-2048<\/strong><br>ALU \/ ALU<\/p>\n\t\t\t\t\t\t\t\t\t\n\t\t\t\t\t\t\t\t<\/div>\n\n\t\t\t\t\t\t\t\n\t\t\t\t\t\t\t\t<div class=\"color\">\n\n\t\t\t\t\t\t\t\t\t\t\t\t\t\t\t\t\t\t\t<a href=\"https:\/\/nevask.eu\/wp-content\/uploads\/2025\/08\/soltis-perform-92-2171-boulder.png.webp\" title=\"92-2171 Boulder\">\n\t\t\t\t\t\t\t\t\t\t\t<img decoding=\"async\" src=\"https:\/\/nevask.eu\/wp-content\/uploads\/2025\/08\/soltis-perform-92-2171-boulder.png.webp\" alt=\"Soltis Perform 92-2171 Boulder\">\n\t\t\t\t\t\t\t\t\t\t<\/a>\n\t\t\t\t\t\t\t\t\t\n\t\t\t\t\t\t\t\t\t\t\t\t\t\t\t\t\t\t\t<p><strong>92-2171<\/strong><br>Boulder<\/p>\n\t\t\t\t\t\t\t\t\t\n\t\t\t\t\t\t\t\t<\/div>\n\n\t\t\t\t\t\t\t\n\t\t\t\t\t\t<\/div>\n\n\t\t\t\t\t\n\t\t\t\t\n\t\t\t<\/div>\n\t\t<\/div>\n\n\t\n<\/div>\n\n\n\n\n\n<div  class=\"section white\">\n\t<div class=\"container full left\">\n\t\t<div class=\"cell\">\n\t\t\t<p>\u021aes\u0103turile Soltis Perform 92 sunt fabricate din fibr\u0103 de poliester acoperit\u0103 cu un strat de PVC. La prima vedere, materialul pare o suprafa\u021b\u0103 uniform\u0103, deoarece fibrele sunt mai \u00eent\u00e2i \u021besute \u00een stare natural\u0103 \u0219i abia apoi acoperite complet cu un strat protector.<\/p>\n<p>Cu un factor de deschidere de 4%, ofer\u0103 un nivel de umbrire foarte asem\u0103n\u0103tor cu cel al \u021bes\u0103turii Serg\u00e9 3%.<\/p>\n\t\t<\/div>\n\t<\/div>\n<\/div>\n\n\n\n\n\n<div  class=\"section white\">\n\n\t\n\n\n\t\n\t\t<div class=\"container\">\n\t\t\t<div class=\"cell\">\n\n\t\t\t\t\n\t\t\t\t\t\t\t\t\t\t\t<h3>\u021aes\u0103turi SERG\u00c9 XINIX 0% Blackout<\/h3>\n\t\t\t\t\t\n\n\n\t\t\t\t\t\n\t\t\t\t\t\t<div class=\"colors-grid\">\n\n\t\t\t\t\t\t\t\n\t\t\t\t\t\t\t\t<div class=\"color\">\n\n\t\t\t\t\t\t\t\t\t\t\t\t\t\t\t\t\t\t\t<a href=\"https:\/\/nevask.eu\/wp-content\/uploads\/2025\/08\/Serge-Xinix-0-Grey-White-108101.png.webp\" title=\"108101 B Gri \/ Alb\">\n\t\t\t\t\t\t\t\t\t\t\t<img decoding=\"async\" src=\"https:\/\/nevask.eu\/wp-content\/uploads\/2025\/08\/Serge-Xinix-0-Grey-White-108101.png.webp\" alt=\"Blackout Serg\u00e9 0% Siv\u00e1-Biela\">\n\t\t\t\t\t\t\t\t\t\t<\/a>\n\t\t\t\t\t\t\t\t\t\n\t\t\t\t\t\t\t\t\t\t\t\t\t\t\t\t\t\t\t<p><strong>108101 B<\/strong><br>Gri \/ Alb<\/p>\n\t\t\t\t\t\t\t\t\t\n\t\t\t\t\t\t\t\t<\/div>\n\n\t\t\t\t\t\t\t\n\t\t\t\t\t\t\t\t<div class=\"color\">\n\n\t\t\t\t\t\t\t\t\t\t\t\t\t\t\t\t\t\t\t<a href=\"https:\/\/nevask.eu\/wp-content\/uploads\/2025\/08\/Serge-Xinix-0-Grey-Siva-108108.png.webp\" title=\"108108 B Gri\">\n\t\t\t\t\t\t\t\t\t\t\t<img decoding=\"async\" src=\"https:\/\/nevask.eu\/wp-content\/uploads\/2025\/08\/Serge-Xinix-0-Grey-Siva-108108.png.webp\" alt=\"Blackout Serg\u00e9 0% Siv\u00e1\">\n\t\t\t\t\t\t\t\t\t\t<\/a>\n\t\t\t\t\t\t\t\t\t\n\t\t\t\t\t\t\t\t\t\t\t\t\t\t\t\t\t\t\t<p><strong>108108 B<\/strong><br>Gri<\/p>\n\t\t\t\t\t\t\t\t\t\n\t\t\t\t\t\t\t\t<\/div>\n\n\t\t\t\t\t\t\t\n\t\t\t\t\t\t\t\t<div class=\"color\">\n\n\t\t\t\t\t\t\t\t\t\t\t\t\t\t\t\t\t\t\t<a href=\"https:\/\/nevask.eu\/wp-content\/uploads\/2025\/08\/Serge-Xinix-0-Grey-Sand-108112.png.webp\" title=\"108112 B Gri \/ Bej\">\n\t\t\t\t\t\t\t\t\t\t\t<img decoding=\"async\" src=\"https:\/\/nevask.eu\/wp-content\/uploads\/2025\/08\/Serge-Xinix-0-Grey-Sand-108112.png.webp\" alt=\"Blackout Serg\u00e9 0% Siv\u00e1-Piesok\">\n\t\t\t\t\t\t\t\t\t\t<\/a>\n\t\t\t\t\t\t\t\t\t\n\t\t\t\t\t\t\t\t\t\t\t\t\t\t\t\t\t\t\t<p><strong>108112 B<\/strong><br>Gri \/ Bej<\/p>\n\t\t\t\t\t\t\t\t\t\n\t\t\t\t\t\t\t\t<\/div>\n\n\t\t\t\t\t\t\t\n\t\t\t\t\t\t\t\t<div class=\"color\">\n\n\t\t\t\t\t\t\t\t\t\t\t\t\t\t\t\t\t\t\t<a href=\"https:\/\/nevask.eu\/wp-content\/uploads\/2025\/08\/Serge-Xinix-0-Grey-Black-108118.png.webp\" title=\"108118 B Gri \/ Negru\">\n\t\t\t\t\t\t\t\t\t\t\t<img decoding=\"async\" src=\"https:\/\/nevask.eu\/wp-content\/uploads\/2025\/08\/Serge-Xinix-0-Grey-Black-108118.png.webp\" alt=\"Blackout Serg\u00e9 0% Siv\u00e1-\u010cierna\">\n\t\t\t\t\t\t\t\t\t\t<\/a>\n\t\t\t\t\t\t\t\t\t\n\t\t\t\t\t\t\t\t\t\t\t\t\t\t\t\t\t\t\t<p><strong>108118 B<\/strong><br>Gri \/ Negru<\/p>\n\t\t\t\t\t\t\t\t\t\n\t\t\t\t\t\t\t\t<\/div>\n\n\t\t\t\t\t\t\t\n\t\t\t\t\t\t\t\t<div class=\"color\">\n\n\t\t\t\t\t\t\t\t\t\t\t\t\t\t\t\t\t\t\t<a href=\"https:\/\/nevask.eu\/wp-content\/uploads\/2025\/08\/Serge-Xinix-0-Black-118118.png.webp\" title=\"118118 B Negru\">\n\t\t\t\t\t\t\t\t\t\t\t<img decoding=\"async\" src=\"https:\/\/nevask.eu\/wp-content\/uploads\/2025\/08\/Serge-Xinix-0-Black-118118.png.webp\" alt=\"Blackout Serg\u00e9 0% \u010cierna\">\n\t\t\t\t\t\t\t\t\t\t<\/a>\n\t\t\t\t\t\t\t\t\t\n\t\t\t\t\t\t\t\t\t\t\t\t\t\t\t\t\t\t\t<p><strong>118118 B<\/strong><br>Negru<\/p>\n\t\t\t\t\t\t\t\t\t\n\t\t\t\t\t\t\t\t<\/div>\n\n\t\t\t\t\t\t\t\n\t\t\t\t\t\t<\/div>\n\n\t\t\t\t\t\n\t\t\t\t\n\t\t\t<\/div>\n\t\t<\/div>\n\n\t\n<\/div>\n\n\n\n\n\n<div  class=\"section white\">\n\t<div class=\"container full left\">\n\t\t<div class=\"cell\">\n\t\t\t<p>\u021aes\u0103turile blackout Serg\u00e9 Xinix 0% ofer\u0103 \u00eentunecare total\u0103 a \u00eenc\u0103perii, protej\u00e2nd-o eficient de razele solare. Sunt ideale \u00een special pentru dormitoare \u0219i camerele copiilor.<\/p>\n\t\t<\/div>\n\t<\/div>\n<\/div>\n\n\n\n\n\n<div  class=\"section white\">\n\t<div class=\"container full left\">\n\t\t<div class=\"cell\">\n\t\t\t<h2>Finisajul casetelor \u0219i accesoriilor<\/h2>\n\t\t<\/div>\n\t<\/div>\n<\/div>\n\n\n\n\n\n\n\n\n<div  class=\"section white\">\n\t<div class=\"container cols-60p-40p\">\n\n\t\t\n\t\t\t<div class=\"cell center top\">\n\t\t\t\t<img decoding=\"async\" src=\"https:\/\/nevask.eu\/wp-content\/uploads\/2025\/08\/tri-varianty-lakovania-komponentov-L-1024x1024.jpg\" alt=\"Plechy v 3 povrchov\u00fdch \u00faprav\u00e1ch\">\n\t\t\t<\/div>\n\n\t\t\n\n\n\t\t<div class=\"cell\">\n\n\t\t\t<p>Pentru culoarea \u0219i textura materialului ales, pute\u021bi alege orice nuan\u021b\u0103 RAL \u00een care vom vopsi caseta superioar\u0103 \u0219i accesoriile. Astfel, ve\u021bi putea potrivi cu u\u0219urin\u021b\u0103 noile jaluzele screen cu nuan\u021bele ferestrelor \u0219i ale fa\u021badei.<\/p>\n<p>\u00cen func\u021bie de culoarea aleas\u0103, pute\u021bi opta pentru unul dintre cele trei finisaje disponibile:<\/p>\n<ul>\n<li class=\"p3\">semi-lucios,<\/li>\n<li>structur\u0103 fin\u0103,<\/li>\n<li>mat neted.<\/li>\n<\/ul>\n<p>Culorile standard RAL, disponibile \u00een toate cele trei variante de finisaj \u0219i f\u0103r\u0103 costuri suplimentare, sunt: RAL 9003, RAL 9005, RAL 9006, RAL 9007, RAL 7016, RAL 7021, RAL 7022, RAL 7035, RAL 7037, RAL 7038 \u0219i RAL 7039.<\/p>\n<p>&nbsp;<\/p>\n\n\t\t\t\t\t\t\t<a href=\"https:\/\/nevask.eu\/ro\/oferta-de-pret\/oferta-screen-neva\/\" target=\"\" class=\"button\">Oferta de pre\u021b \u2192<\/a>\n\t\t\t\n\t\t<\/div>\n\n\n\n\t\t\n\t<\/div>\n<\/div>\n\n\n\n\n\n<div  class=\"section dark\">\n\t<div class=\"container full left\">\n\t\t<div class=\"cell\">\n\t\t\t<p><img loading=\"lazy\" decoding=\"async\" class=\"alignnone wp-image-8254 size-full\" src=\"https:\/\/nevask.eu\/wp-content\/uploads\/2025\/07\/zaruka-skusenosti-neva-1.png\" alt=\"\" width=\"300\" height=\"105\" \/><\/p>\n\t\t<\/div>\n\t<\/div>\n<\/div>\n","protected":false},"excerpt":{"rendered":"","protected":false},"author":53,"featured_media":0,"parent":8231,"menu_order":0,"comment_status":"closed","ping_status":"closed","template":"","meta":{"_acf_changed":false,"inline_featured_image":false,"footnotes":""},"class_list":["post-9222","page","type-page","status-publish","hentry"],"acf":[],"yoast_head":"<!-- This site is optimized with the Yoast SEO plugin v27.5 - https:\/\/yoast.com\/product\/yoast-seo-wordpress\/ -->\n<title>Culorile materialelor pentru rulourile screen NEVA | nevask.eu<\/title>\n<meta name=\"description\" content=\"Prezentare general\u0103 a celor 21 de \u021bes\u0103turi standard pentru rulourile textile screen NEVA \u0219i op\u021biunile de finisare a accesoriilor.\" \/>\n<meta name=\"robots\" content=\"index, follow, max-snippet:-1, max-image-preview:large, max-video-preview:-1\" \/>\n<link rel=\"canonical\" href=\"https:\/\/nevask.eu\/ro\/rulouri-screen-neva\/culorile-rulourilor-screen\/\" \/>\n<meta property=\"og:locale\" content=\"ro_RO\" \/>\n<meta property=\"og:type\" content=\"article\" \/>\n<meta property=\"og:title\" content=\"Culorile materialelor pentru rulourile screen NEVA | nevask.eu\" \/>\n<meta property=\"og:description\" content=\"Prezentare general\u0103 a celor 21 de \u021bes\u0103turi standard pentru rulourile textile screen NEVA \u0219i op\u021biunile de finisare a accesoriilor.\" \/>\n<meta property=\"og:url\" content=\"https:\/\/nevask.eu\/ro\/rulouri-screen-neva\/culorile-rulourilor-screen\/\" \/>\n<meta property=\"og:site_name\" content=\"NEVA\" \/>\n<meta property=\"article:modified_time\" content=\"2025-09-09T09:18:03+00:00\" \/>\n<meta property=\"og:image\" content=\"https:\/\/nevask.eu\/wp-content\/uploads\/2025\/08\/farby-latok-pre-screenove-rolety-2.jpg\" \/>\n\t<meta property=\"og:image:width\" content=\"2000\" \/>\n\t<meta property=\"og:image:height\" content=\"1428\" \/>\n\t<meta property=\"og:image:type\" content=\"image\/jpeg\" \/>\n<meta name=\"twitter:card\" content=\"summary_large_image\" \/>\n<meta name=\"twitter:label1\" content=\"Timp estimat pentru citire\" \/>\n\t<meta name=\"twitter:data1\" content=\"7 minute\" \/>\n<!-- \/ Yoast SEO plugin. -->","yoast_head_json":{"title":"Culorile materialelor pentru rulourile screen NEVA | nevask.eu","description":"Prezentare general\u0103 a celor 21 de \u021bes\u0103turi standard pentru rulourile textile screen NEVA \u0219i op\u021biunile de finisare a accesoriilor.","robots":{"index":"index","follow":"follow","max-snippet":"max-snippet:-1","max-image-preview":"max-image-preview:large","max-video-preview":"max-video-preview:-1"},"canonical":"https:\/\/nevask.eu\/ro\/rulouri-screen-neva\/culorile-rulourilor-screen\/","og_locale":"ro_RO","og_type":"article","og_title":"Culorile materialelor pentru rulourile screen NEVA | nevask.eu","og_description":"Prezentare general\u0103 a celor 21 de \u021bes\u0103turi standard pentru rulourile textile screen NEVA \u0219i op\u021biunile de finisare a accesoriilor.","og_url":"https:\/\/nevask.eu\/ro\/rulouri-screen-neva\/culorile-rulourilor-screen\/","og_site_name":"NEVA","article_modified_time":"2025-09-09T09:18:03+00:00","og_image":[{"width":2000,"height":1428,"url":"https:\/\/nevask.eu\/wp-content\/uploads\/2025\/08\/farby-latok-pre-screenove-rolety-2.jpg","type":"image\/jpeg"}],"twitter_card":"summary_large_image","twitter_misc":{"Timp estimat pentru citire":"7 minute"},"schema":{"@context":"https:\/\/schema.org","@graph":[{"@type":"WebPage","@id":"https:\/\/nevask.eu\/ro\/rulouri-screen-neva\/culorile-rulourilor-screen\/","url":"https:\/\/nevask.eu\/ro\/rulouri-screen-neva\/culorile-rulourilor-screen\/","name":"Culorile materialelor pentru rulourile screen NEVA | nevask.eu","isPartOf":{"@id":"https:\/\/nevask.eu\/ro\/#website"},"datePublished":"2025-08-11T12:22:54+00:00","dateModified":"2025-09-09T09:18:03+00:00","description":"Prezentare general\u0103 a celor 21 de \u021bes\u0103turi standard pentru rulourile textile screen NEVA \u0219i op\u021biunile de finisare a accesoriilor.","breadcrumb":{"@id":"https:\/\/nevask.eu\/ro\/rulouri-screen-neva\/culorile-rulourilor-screen\/#breadcrumb"},"inLanguage":"ro-RO","potentialAction":[{"@type":"ReadAction","target":["https:\/\/nevask.eu\/ro\/rulouri-screen-neva\/culorile-rulourilor-screen\/"]}]},{"@type":"BreadcrumbList","@id":"https:\/\/nevask.eu\/ro\/rulouri-screen-neva\/culorile-rulourilor-screen\/#breadcrumb","itemListElement":[{"@type":"ListItem","position":1,"name":"Home","item":"https:\/\/nevask.eu\/ro\/"},{"@type":"ListItem","position":2,"name":"Rulouri Screen NEVA","item":"https:\/\/nevask.eu\/ro\/rulouri-screen-neva\/"},{"@type":"ListItem","position":3,"name":"Culorile rulourilor screen"}]},{"@type":"WebSite","@id":"https:\/\/nevask.eu\/ro\/#website","url":"https:\/\/nevask.eu\/ro\/","name":"NEVA","description":"Vonkaj\u0161ie \u017eal\u00fazie a screenov\u00e9 rolety","potentialAction":[{"@type":"SearchAction","target":{"@type":"EntryPoint","urlTemplate":"https:\/\/nevask.eu\/ro\/?s={search_term_string}"},"query-input":{"@type":"PropertyValueSpecification","valueRequired":true,"valueName":"search_term_string"}}],"inLanguage":"ro-RO"}]}},"_links":{"self":[{"href":"https:\/\/nevask.eu\/ro\/wp-json\/wp\/v2\/pages\/9222","targetHints":{"allow":["GET"]}}],"collection":[{"href":"https:\/\/nevask.eu\/ro\/wp-json\/wp\/v2\/pages"}],"about":[{"href":"https:\/\/nevask.eu\/ro\/wp-json\/wp\/v2\/types\/page"}],"author":[{"embeddable":true,"href":"https:\/\/nevask.eu\/ro\/wp-json\/wp\/v2\/users\/53"}],"replies":[{"embeddable":true,"href":"https:\/\/nevask.eu\/ro\/wp-json\/wp\/v2\/comments?post=9222"}],"version-history":[{"count":8,"href":"https:\/\/nevask.eu\/ro\/wp-json\/wp\/v2\/pages\/9222\/revisions"}],"predecessor-version":[{"id":10127,"href":"https:\/\/nevask.eu\/ro\/wp-json\/wp\/v2\/pages\/9222\/revisions\/10127"}],"up":[{"embeddable":true,"href":"https:\/\/nevask.eu\/ro\/wp-json\/wp\/v2\/pages\/8231"}],"wp:attachment":[{"href":"https:\/\/nevask.eu\/ro\/wp-json\/wp\/v2\/media?parent=9222"}],"curies":[{"name":"wp","href":"https:\/\/api.w.org\/{rel}","templated":true}]}}