{"id":9861,"date":"2025-04-29T07:26:22","date_gmt":"2025-04-29T05:26:22","guid":{"rendered":"https:\/\/nevask.eu\/stante-sa-partnerom\/"},"modified":"2025-09-12T10:20:15","modified_gmt":"2025-09-12T08:20:15","slug":"deveniti-partenerul-nostru-forma","status":"publish","type":"page","link":"https:\/\/nevask.eu\/ro\/deveniti-partenerul-nostru-forma\/","title":{"rendered":"Deveni\u021bi partenerul nostru &#8211; form\u0103"},"content":{"rendered":"\n\n\n\n\n\n<div class=\"section narrow white\">\n\t<div class=\"container\">\n\t\t<div class=\"cell\">\n\t\t\t<ul class=\"breadcrumbs\">\n\t\t\t\t<li><a href=\"https:\/\/nevask.eu\/ro\/\">Home<\/a><\/li>\n\n\t\t\t\t\n\t\t\t<\/ul>\n\t\t<\/div>\n\t<\/div>\n<\/div>\n\n\n\n\n\n<div  class=\"section tint\">\n\t<div class=\"container full left\">\n\t\t<div class=\"cell\">\n\t\t\t<h2>Deveni\u021bi partenerul nostru<\/h2>\n<p class=\"p-large\">Vre\u021bi s\u0103 le oferi\u021bi clien\u021bilor dumneavoastr\u0103 jaluzele exterioare de calitate superioar\u0103? Cu marca NEVA\u00ae, sunte\u021bi pe m\u00e2ini sigure.<\/p>\n<p class=\"p-large\">Al\u0103tura\u021bi-v\u0103 re\u021belei noastre de parteneri \u0219i bucura\u021bi-v\u0103 de toate beneficiile pe care vi le ofer\u0103 jaluzelele<\/p>\n\t\t<\/div>\n\t<\/div>\n<\/div>\n\n\n\n\n\n<div  class=\"section white\">\n\t<div class=\"container col-70p-center\">\n\t\t<div class=\"cell\">\n\n\t\t\t\n<div class=\"neva-quotation-form partner-form\">\n    <form id=\"neva-partner-form\" class=\"quotation\" action=\"\" method=\"post\">\n        <div class=\"step\">\n            <h3>Detalii despre companie<\/h3>\n\n            <div class=\"form-row form-group\">\n                <label for=\"name_company\" class=\"required\">Nume \/ Nume firm\u0103<\/label>\n                <input type=\"text\" id=\"name_company\" name=\"name_company\" required>\n            <\/div>\n\n            <div class=\"form-row cols-50p\">\n                <div class=\"form-group\">\n                    <label for=\"ico\">Num\u0103r de \u00eenregistrare<\/label>\n                    <input type=\"text\" id=\"ico\" name=\"ico\">\n                <\/div>\n\n                <div class=\"form-group\">\n                    <label for=\"dic\">Cod fiscal Eu<\/label>\n                    <input type=\"text\" id=\"dic\" name=\"dic\">\n                <\/div>\n            <\/div>\n\n            <div class=\"form-row form-group\">\n                <label for=\"office_address\" class=\"required\">Sediu<\/label>\n                <input type=\"text\" id=\"office_address\" name=\"office_address\" required>\n            <\/div>\n\n            <div class=\"form-row form-group\">\n                <label for=\"operation_address\">Adres\u0103 depozit<\/label>\n                <input type=\"text\" id=\"operation_address\" name=\"operation_address\">\n            <\/div>\n        <\/div>\n\n\n\n        <div class=\"step\">\n            <h3>Date de afaceri<\/h3>\n\n            <div class=\"form-row cols-50p\">\n                <div class=\"form-group\">\n                    <label for=\"principal_activity\" class=\"required\">Activitatea principal\u0103<\/label>\n                    <input type=\"text\" id=\"principal_activity\" name=\"principal_activity\" required>\n                <\/div>\n\n                <div class=\"form-group\">\n                    <label for=\"area_of_activity\" class=\"required\">Teritoriul de activitate<\/label>\n                    <select id=\"area_of_activity\" name=\"area_of_activity\" required>\n                        <option value=\"\">Alege\u021bi regiunea<\/option>\n                                                    <option value=\"bucuressti\">\n                                Bucures\u0327ti                            <\/option>\n                                                    <option value=\"centru\">\n                                Centru                            <\/option>\n                                                    <option value=\"nord_est\">\n                                Nord-Est                            <\/option>\n                                                    <option value=\"nord_vest\">\n                                Nord-Vest                            <\/option>\n                                                    <option value=\"sud\">\n                                Sud                            <\/option>\n                                                    <option value=\"sud_est\">\n                                Sud-Est                            <\/option>\n                                                    <option value=\"sud_vest\">\n                                Sud-Vest                            <\/option>\n                                                    <option value=\"vest\">\n                                Vest                            <\/option>\n                                            <\/select>\n                <\/div>\n            <\/div>\n        <\/div>\n\n\n\n        <div class=\"step\">\n            <h3>Date de contact<\/h3>\n\n            <div class=\"form-row cols-50p\">\n                <div class=\"form-group\">\n                    <label for=\"contact_person\" class=\"required\">Persoan\u0103 de contact<\/label>\n                    <input type=\"text\" id=\"contact_person\" name=\"contact_person\" required>\n                <\/div>\n\n                <div class=\"form-group\">\n                    <label for=\"phone\" class=\"required\">Telefon<\/label>\n                    <input type=\"tel\" id=\"phone\" name=\"phone\" required>\n                <\/div>\n            <\/div>\n\n            <div class=\"form-row cols-50p\">\n                <div class=\"form-group\">\n                    <label for=\"email\" class=\"required\">E-mail<\/label>\n                    <input type=\"email\" id=\"email\" name=\"email\" required>\n                <\/div>\n\n                <div class=\"form-group\">\n                    <label for=\"website\">Website<\/label>\n                    <input type=\"url\" id=\"website\" name=\"website\">\n                <\/div>\n            <\/div>\n        <\/div>\n\n\n\n        <div class=\"step\">\n            <h3>Alte informa\u021bii<\/h3>\n\n            <div class=\"form-row form-group\">\n                <label for=\"message\">Mesaj<\/label>\n                <textarea id=\"message\" name=\"message\" rows=\"4\"><\/textarea>\n            <\/div>\n        <\/div>\n\n\n\n        <div class=\"form-submit center\">\n            <input type=\"hidden\" id=\"nonce\" name=\"nonce\" value=\"3a168b7925\" \/><input type=\"hidden\" name=\"_wp_http_referer\" value=\"\/ro\/wp-json\/wp\/v2\/pages\/9861\" \/>            <input type=\"hidden\" name=\"form_type\" value=\"partner\">\n            <input type=\"hidden\" name=\"language_code\" value=\"ro\">\n\n            <input class=\"button button-large submit-button\" type=\"submit\" value=\"Trimite\">\n        <\/div>\n\n\n\n        <div class=\"form-messages\"><\/div>\n    <\/form>\n<\/div>\n\n\t\t<\/div>\n\t<\/div>\n<\/div>\n","protected":false},"excerpt":{"rendered":"","protected":false},"author":1,"featured_media":0,"parent":0,"menu_order":0,"comment_status":"closed","ping_status":"closed","template":"","meta":{"_acf_changed":false,"inline_featured_image":false,"footnotes":""},"class_list":["post-9861","page","type-page","status-publish","hentry"],"acf":[],"yoast_head":"<!-- This site is optimized with the Yoast SEO plugin v27.5 - https:\/\/yoast.com\/product\/yoast-seo-wordpress\/ -->\n<title>Deveni\u021bi partener NEVA | Formular<\/title>\n<meta name=\"description\" content=\"Vre\u021bi s\u0103 le oferi\u021bi clien\u021bilor dumneavoastr\u0103 jaluzele exterioare de calitate superioar\u0103? Cu marca NEVA\u00ae, sunte\u021bi pe m\u00e2ini sigure.Al\u0103tura\u021bi-v\u0103 re\u021belei noastre de parteneri \u0219i bucura\u021bi-v\u0103 de toate beneficiile pe care vi le ofer\u0103 jaluzelele\" \/>\n<meta name=\"robots\" content=\"index, follow, max-snippet:-1, max-image-preview:large, max-video-preview:-1\" \/>\n<link rel=\"canonical\" href=\"https:\/\/nevask.eu\/ro\/deveniti-partenerul-nostru-forma\/\" \/>\n<meta property=\"og:locale\" content=\"ro_RO\" \/>\n<meta property=\"og:type\" content=\"article\" \/>\n<meta property=\"og:title\" content=\"Deveni\u021bi partener NEVA | Formular\" \/>\n<meta property=\"og:description\" content=\"Vre\u021bi s\u0103 le oferi\u021bi clien\u021bilor dumneavoastr\u0103 jaluzele exterioare de calitate superioar\u0103? Cu marca NEVA\u00ae, sunte\u021bi pe m\u00e2ini sigure.Al\u0103tura\u021bi-v\u0103 re\u021belei noastre de parteneri \u0219i bucura\u021bi-v\u0103 de toate beneficiile pe care vi le ofer\u0103 jaluzelele\" \/>\n<meta property=\"og:url\" content=\"https:\/\/nevask.eu\/ro\/deveniti-partenerul-nostru-forma\/\" \/>\n<meta property=\"og:site_name\" content=\"NEVA\" \/>\n<meta property=\"article:modified_time\" content=\"2025-09-12T08:20:15+00:00\" \/>\n<meta name=\"twitter:card\" content=\"summary_large_image\" \/>\n<meta name=\"twitter:label1\" content=\"Timp estimat pentru citire\" \/>\n\t<meta name=\"twitter:data1\" content=\"1 minut\" \/>\n<!-- \/ Yoast SEO plugin. -->","yoast_head_json":{"title":"Deveni\u021bi partener NEVA | Formular","description":"Vre\u021bi s\u0103 le oferi\u021bi clien\u021bilor dumneavoastr\u0103 jaluzele exterioare de calitate superioar\u0103? Cu marca NEVA\u00ae, sunte\u021bi pe m\u00e2ini sigure.Al\u0103tura\u021bi-v\u0103 re\u021belei noastre de parteneri \u0219i bucura\u021bi-v\u0103 de toate beneficiile pe care vi le ofer\u0103 jaluzelele","robots":{"index":"index","follow":"follow","max-snippet":"max-snippet:-1","max-image-preview":"max-image-preview:large","max-video-preview":"max-video-preview:-1"},"canonical":"https:\/\/nevask.eu\/ro\/deveniti-partenerul-nostru-forma\/","og_locale":"ro_RO","og_type":"article","og_title":"Deveni\u021bi partener NEVA | Formular","og_description":"Vre\u021bi s\u0103 le oferi\u021bi clien\u021bilor dumneavoastr\u0103 jaluzele exterioare de calitate superioar\u0103? Cu marca NEVA\u00ae, sunte\u021bi pe m\u00e2ini sigure.Al\u0103tura\u021bi-v\u0103 re\u021belei noastre de parteneri \u0219i bucura\u021bi-v\u0103 de toate beneficiile pe care vi le ofer\u0103 jaluzelele","og_url":"https:\/\/nevask.eu\/ro\/deveniti-partenerul-nostru-forma\/","og_site_name":"NEVA","article_modified_time":"2025-09-12T08:20:15+00:00","twitter_card":"summary_large_image","twitter_misc":{"Timp estimat pentru citire":"1 minut"},"schema":{"@context":"https:\/\/schema.org","@graph":[{"@type":"WebPage","@id":"https:\/\/nevask.eu\/ro\/deveniti-partenerul-nostru-forma\/","url":"https:\/\/nevask.eu\/ro\/deveniti-partenerul-nostru-forma\/","name":"Deveni\u021bi partener NEVA | Formular","isPartOf":{"@id":"https:\/\/nevask.eu\/ro\/#website"},"datePublished":"2025-04-29T05:26:22+00:00","dateModified":"2025-09-12T08:20:15+00:00","description":"Vre\u021bi s\u0103 le oferi\u021bi clien\u021bilor dumneavoastr\u0103 jaluzele exterioare de calitate superioar\u0103? Cu marca NEVA\u00ae, sunte\u021bi pe m\u00e2ini sigure.Al\u0103tura\u021bi-v\u0103 re\u021belei noastre de parteneri \u0219i bucura\u021bi-v\u0103 de toate beneficiile pe care vi le ofer\u0103 jaluzelele","breadcrumb":{"@id":"https:\/\/nevask.eu\/ro\/deveniti-partenerul-nostru-forma\/#breadcrumb"},"inLanguage":"ro-RO","potentialAction":[{"@type":"ReadAction","target":["https:\/\/nevask.eu\/ro\/deveniti-partenerul-nostru-forma\/"]}]},{"@type":"BreadcrumbList","@id":"https:\/\/nevask.eu\/ro\/deveniti-partenerul-nostru-forma\/#breadcrumb","itemListElement":[{"@type":"ListItem","position":1,"name":"Home","item":"https:\/\/nevask.eu\/ro\/"},{"@type":"ListItem","position":2,"name":"Deveni\u021bi partenerul nostru &#8211; form\u0103"}]},{"@type":"WebSite","@id":"https:\/\/nevask.eu\/ro\/#website","url":"https:\/\/nevask.eu\/ro\/","name":"NEVA","description":"Vonkaj\u0161ie \u017eal\u00fazie a screenov\u00e9 rolety","potentialAction":[{"@type":"SearchAction","target":{"@type":"EntryPoint","urlTemplate":"https:\/\/nevask.eu\/ro\/?s={search_term_string}"},"query-input":{"@type":"PropertyValueSpecification","valueRequired":true,"valueName":"search_term_string"}}],"inLanguage":"ro-RO"}]}},"_links":{"self":[{"href":"https:\/\/nevask.eu\/ro\/wp-json\/wp\/v2\/pages\/9861","targetHints":{"allow":["GET"]}}],"collection":[{"href":"https:\/\/nevask.eu\/ro\/wp-json\/wp\/v2\/pages"}],"about":[{"href":"https:\/\/nevask.eu\/ro\/wp-json\/wp\/v2\/types\/page"}],"author":[{"embeddable":true,"href":"https:\/\/nevask.eu\/ro\/wp-json\/wp\/v2\/users\/1"}],"replies":[{"embeddable":true,"href":"https:\/\/nevask.eu\/ro\/wp-json\/wp\/v2\/comments?post=9861"}],"version-history":[{"count":6,"href":"https:\/\/nevask.eu\/ro\/wp-json\/wp\/v2\/pages\/9861\/revisions"}],"predecessor-version":[{"id":10849,"href":"https:\/\/nevask.eu\/ro\/wp-json\/wp\/v2\/pages\/9861\/revisions\/10849"}],"wp:attachment":[{"href":"https:\/\/nevask.eu\/ro\/wp-json\/wp\/v2\/media?parent=9861"}],"curies":[{"name":"wp","href":"https:\/\/api.w.org\/{rel}","templated":true}]}}